{"id":11490,"date":"2015-03-20T15:25:46","date_gmt":"2015-03-20T14:25:46","guid":{"rendered":"https:\/\/educemold.arrova.net\/contacte-2-2\/"},"modified":"2023-09-01T08:22:03","modified_gmt":"2023-09-01T06:22:03","slug":"donde-estamos","status":"publish","type":"page","link":"https:\/\/educemold.arrova.net\/es\/informate\/donde-estamos\/","title":{"rendered":"D\u00f3nde estamos"},"content":{"rendered":"<p><div class=\"fusion-fullwidth fullwidth-box fusion-builder-row-1 nonhundred-percent-fullwidth non-hundred-percent-height-scrolling\"  style='background-color: rgba(255,255,255,0);background-position: left top;background-repeat: no-repeat;padding-top:20px;padding-right:0px;padding-bottom:0px;padding-left:0px;border-top-width:0px;border-bottom-width:0px;border-color:#eae9e9;border-top-style:solid;border-bottom-style:solid;'><div class=\"fusion-builder-row fusion-row \"><div  class=\"fusion-layout-column fusion_builder_column fusion_builder_column_1_3 fusion-builder-column-0 fusion-one-third fusion-column-first 1_3\"  style='margin-top:0px;margin-bottom:20px;width:30.6666%; margin-right: 4%;'><div class=\"fusion-column-wrapper\" style=\"padding: 0px 0px 0px 0px;background-position:left top;background-repeat:no-repeat;-webkit-background-size:cover;-moz-background-size:cover;-o-background-size:cover;background-size:cover;\"   data-bg-url=\"\"><div class=\"fusion-text\"><h3 style=\"text-align: center;\"><span style=\"color: #1d2967;\"><strong>INFANTIL, PRIMARIA y SECUNDARIA<\/strong><\/span><\/h3>\n<p style=\"text-align: center;\">C\/ Joan Prim, 59-63<br \/>\nT. 93 840 0701<br \/>\n<strong>secretariajoanprim@educem.com<\/strong><\/p>\n<\/div><div class=\"fusion-clearfix\"><\/div><\/div><\/div><div  class=\"fusion-layout-column fusion_builder_column fusion_builder_column_1_3 fusion-builder-column-1 fusion-one-third 1_3\"  style='margin-top:0px;margin-bottom:20px;width:30.6666%; margin-right: 4%;'><div class=\"fusion-column-wrapper\" style=\"padding: 0px 0px 0px 0px;background-position:left top;background-repeat:no-repeat;-webkit-background-size:cover;-moz-background-size:cover;-o-background-size:cover;background-size:cover;\"   data-bg-url=\"\"><div class=\"fusion-text\"><h3 style=\"text-align: center;\"><span style=\"color: #1d2967;\"><strong>BACHILLERATO<\/strong><\/span><\/h3>\n<p style=\"text-align: center;\">C\/ Rafael Casanova, 40-42<br \/>\nT. 93 840 2461<br \/>\n<strong>batxillerat@educem.com<\/strong><\/p>\n<\/div><div class=\"fusion-clearfix\"><\/div><\/div><\/div><div  class=\"fusion-layout-column fusion_builder_column fusion_builder_column_1_3 fusion-builder-column-2 fusion-one-third fusion-column-last 1_3\"  style='margin-top:0px;margin-bottom:20px;width:30.6666%'><div class=\"fusion-column-wrapper\" style=\"padding: 0px 0px 0px 0px;background-position:left top;background-repeat:no-repeat;-webkit-background-size:cover;-moz-background-size:cover;-o-background-size:cover;background-size:cover;\"   data-bg-url=\"\"><div class=\"fusion-text\"><h3 style=\"text-align: center;\"><span style=\"color: #1d2967;\"><strong>CICLOS FORMATIVOS y ESCUELA DE ADULTOS<\/strong><\/span><\/h3>\n<p style=\"text-align: center;\">Pl. Maluquer i Salvador, 19<br \/>\nT. 93 879 1875<br \/>\n<strong>centres@educem.com<\/strong><\/p>\n<\/div><div class=\"fusion-clearfix\"><\/div><\/div><\/div><\/div><\/div><div class=\"fusion-fullwidth fullwidth-box fusion-builder-row-2 hundred-percent-fullwidth non-hundred-percent-height-scrolling\"  style='background-color: rgba(255,255,255,0);background-position: left top;background-repeat: no-repeat;padding-top:0px;padding-right:30px;padding-bottom:0px;padding-left:30px;border-top-width:0px;border-bottom-width:0px;border-color:#eae9e9;border-top-style:solid;border-bottom-style:solid;'><div class=\"fusion-builder-row fusion-row \"><div  class=\"fusion-layout-column fusion_builder_column fusion_builder_column_1_1 fusion-builder-column-3 fusion-one-full fusion-column-first fusion-column-last fusion-column-no-min-height 1_1\"  style='margin-top:0px;margin-bottom:0px;'><div class=\"fusion-column-wrapper\" style=\"padding: 0px 0px 0px 0px;background-position:left top;background-repeat:no-repeat;-webkit-background-size:cover;-moz-background-size:cover;-o-background-size:cover;background-size:cover;\"   data-bg-url=\"\">\t\t\t\t\t<script type=\"text\/javascript\">\n\t\t\t\t\t\tvar map_fusion_map_69ddcb667eca9;\n\t\t\t\t\t\tvar markers = [];\n\t\t\t\t\t\tvar counter = 0;\n\t\t\t\t\t\t\t\t\t\t\t\t\t\t\t\t\t\t\t\tvar fusionMapNonce = '4e7cda9bed';\n\t\t\t\t\t\t\t\t\t\t\t\tfunction fusion_run_map_fusion_map_69ddcb667eca9() {\n\t\t\t\t\t\t\tjQuery('#fusion_map_69ddcb667eca9').fusion_maps({\n\t\t\t\t\t\t\t\taddresses: [{\"address\":\"C\\\/ Joan Prim, 59-63, Granollers, Barcelona, Spain \",\"infobox_content\":\"Educaci\\u00f3 Infantil, Prim\\u00e0ria i Secund\\u00e0ria \",\"marker\":\"https:\\\/\\\/educemold.arrova.net\\\/wp-content\\\/uploads\\\/2015\\\/02\\\/contacte-educem-icone-01-01.png \",\"coordinates\":false,\"cache\":true,\"latitude\":\"41.6114824\",\"longitude\":\"2.2896765000000414\"},{\"address\":\" calle Rafael de Casanovas, 40-42, Granollers, Barcelona, Spain, 08401 \",\"infobox_content\":\" Batxillerat \",\"marker\":\" https:\\\/\\\/educemold.arrova.net\\\/wp-content\\\/uploads\\\/2015\\\/02\\\/contacte-educem-icone-01-01.png \",\"coordinates\":false,\"cache\":true,\"latitude\":\"41.6115794\",\"longitude\":\"2.2858699999999317\"},{\"address\":\" plaza Maluquer i Salvador, 19, Granollers, Barcelona, Spain\",\"infobox_content\":\" Cicles Formatius i Escola d'Adults\",\"marker\":\" https:\\\/\\\/educemold.arrova.net\\\/wp-content\\\/uploads\\\/2015\\\/02\\\/contacte-educem-icone-01-01.png\",\"coordinates\":false,\"cache\":true,\"latitude\":\"41.60895\",\"longitude\":\"2.2892799999999625\"}],\n\t\t\t\t\t\t\t\tanimations: false,\n\t\t\t\t\t\t\t\tinfobox_background_color: '',\n\t\t\t\t\t\t\t\tinfobox_styling: 'default',\n\t\t\t\t\t\t\t\tinfobox_text_color: '',\n\t\t\t\t\t\t\t\tmap_style: 'custom',\n\t\t\t\t\t\t\t\tmap_type: 'roadmap',\n\t\t\t\t\t\t\t\tmarker_icon: 'https:\/\/educemold.arrova.net\/wp-content\/uploads\/2015\/02\/contacte-educem-icone-01-01.png | https:\/\/educemold.arrova.net\/wp-content\/uploads\/2015\/02\/contacte-educem-icone-01-01.png | https:\/\/educemold.arrova.net\/wp-content\/uploads\/2015\/02\/contacte-educem-icone-01-01.png',\n\t\t\t\t\t\t\t\toverlay_color: '',\n\t\t\t\t\t\t\t\toverlay_color_hsl: {\"hue\":0,\"sat\":0,\"lum\":100},\n\t\t\t\t\t\t\t\tpan_control: true,\n\t\t\t\t\t\t\t\tshow_address: true,\n\t\t\t\t\t\t\t\tscale_control: true,\n\t\t\t\t\t\t\t\tscrollwheel: true,\n\t\t\t\t\t\t\t\tzoom: 16,\n\t\t\t\t\t\t\t\tzoom_control: true,\n\t\t\t\t\t\t\t});\n\t\t\t\t\t\t}\n\n\t\t\t\t\t\tgoogle.maps.event.addDomListener(window, 'load', fusion_run_map_fusion_map_69ddcb667eca9);\n\t\t\t\t\t<\/script>\n\t\t\t\t\t<div class=\"shortcode-map fusion-google-map fusion-maps-js-type\" id=\"fusion_map_69ddcb667eca9\" style=\"height:400px;width:100%;\"><\/div><div class=\"fusion-clearfix\"><\/div><\/div><\/div><\/div><\/div><div class=\"fusion-fullwidth fullwidth-box fusion-builder-row-3 nonhundred-percent-fullwidth non-hundred-percent-height-scrolling\"  style='background-color: rgba(255,255,255,0);background-position: left top;background-repeat: no-repeat;padding-top:20px;padding-right:0px;padding-bottom:20px;padding-left:0px;border-top-width:0px;border-bottom-width:0px;border-color:#eae9e9;border-top-style:solid;border-bottom-style:solid;'><div class=\"fusion-builder-row fusion-row \"><div  class=\"fusion-layout-column fusion_builder_column fusion_builder_column_2_5 fusion-builder-column-4 fusion-two-fifth fusion-column-first 2_5\"  style='margin-top:0px;margin-bottom:20px;width:37.6%; margin-right: 4%;'><div class=\"fusion-column-wrapper\" style=\"padding: 0px 0px 0px 0px;background-position:left top;background-repeat:no-repeat;-webkit-background-size:cover;-moz-background-size:cover;-o-background-size:cover;background-size:cover;\"   data-bg-url=\"\"><div class=\"fusion-text\"><h2 style=\"text-align: center;\">EDUCEM Centros de Ense\u00f1anza<\/h2>\n<p style=\"text-align: center;\">Si tiene cualquier duda ll\u00e1menos o rellene el siguiente formulario de contacto:<\/p>\n<\/div><div class=\"fusion-clearfix\"><\/div><\/div><\/div><div  class=\"fusion-layout-column fusion_builder_column fusion_builder_column_3_5 fusion-builder-column-5 fusion-three-fifth fusion-column-last 3_5\"  style='margin-top:0px;margin-bottom:20px;width:58.4%'><div class=\"fusion-column-wrapper\" style=\"background-color:#1d2967;border:20px solid #1d2967;padding: 15px 15px 15px 15px;background-position:left top;background-repeat:no-repeat;-webkit-background-size:cover;-moz-background-size:cover;-o-background-size:cover;background-size:cover;\"   data-bg-url=\"\"><div class=\"fusion-text\"><div role=\"form\" class=\"wpcf7\" id=\"wpcf7-f20200-o1\" lang=\"es-ES\" dir=\"ltr\">\n<div class=\"screen-reader-response\"><p role=\"status\" aria-live=\"polite\" aria-atomic=\"true\"><\/p> <ul><\/ul><\/div>\n<form action=\"\/es\/wp-json\/wp\/v2\/pages\/11490#wpcf7-f20200-o1\" method=\"post\" class=\"wpcf7-form init\" novalidate=\"novalidate\" data-status=\"init\">\n<div style=\"display: none;\">\n<input type=\"hidden\" name=\"_wpcf7\" value=\"20200\" \/>\n<input type=\"hidden\" name=\"_wpcf7_version\" value=\"5.4.1\" \/>\n<input type=\"hidden\" name=\"_wpcf7_locale\" value=\"es_ES\" \/>\n<input type=\"hidden\" name=\"_wpcf7_unit_tag\" value=\"wpcf7-f20200-o1\" \/>\n<input type=\"hidden\" name=\"_wpcf7_container_post\" value=\"0\" \/>\n<input type=\"hidden\" name=\"_wpcf7_posted_data_hash\" value=\"\" \/>\n<\/div>\n<p style=\"color: #ffffff;\">Nombre y apellidos (necesario)<br \/>\n    <span class=\"wpcf7-form-control-wrap your-name\"><input type=\"text\" name=\"your-name\" value=\"\" size=\"40\" class=\"wpcf7-form-control wpcf7-text wpcf7-validates-as-required\" aria-required=\"true\" aria-invalid=\"false\" \/><\/span> <\/p>\n<p style=\"color: #ffffff;\">Correo electr\u00f3nico (necesario)<br \/>\n    <span class=\"wpcf7-form-control-wrap your-email\"><input type=\"email\" name=\"your-email\" value=\"\" size=\"40\" class=\"wpcf7-form-control wpcf7-text wpcf7-email wpcf7-validates-as-required wpcf7-validates-as-email\" aria-required=\"true\" aria-invalid=\"false\" \/><\/span> <\/p>\n<p style=\"color: #ffffff;\">Tema (necesario)<br \/>\n    <span class=\"wpcf7-form-control-wrap your-subject\"><input type=\"text\" name=\"your-subject\" value=\"\" size=\"40\" class=\"wpcf7-form-control wpcf7-text wpcf7-validates-as-required\" aria-required=\"true\" aria-invalid=\"false\" \/><\/span> <\/p>\n<p style=\"color: #ffffff;\">Escribe aqu\u00ed tu mensaje<br \/>\n    <span class=\"wpcf7-form-control-wrap your-message\"><textarea name=\"your-message\" cols=\"40\" rows=\"10\" class=\"wpcf7-form-control wpcf7-textarea\" aria-invalid=\"false\"><\/textarea><\/span> <\/p>\n<p style=\"color: #ffffff;\"><span class=\"wpcf7-form-control-wrap accept-this-1\"><span class=\"wpcf7-form-control wpcf7-acceptance\"><span class=\"wpcf7-list-item\"><label><input type=\"checkbox\" name=\"accept-this-1\" value=\"1\" aria-invalid=\"false\" \/><span class=\"wpcf7-list-item-label\"><a href=\"https:\/\/educemold.arrova.net\/wp-content\/uploads\/2021\/02\/1.b-Avis_legal.pdf\">Aviso legal<\/a> para el formulario de contacto.<\/span><\/label><\/span><\/span><\/span> <\/p>\n<p style=\"color: #ffffff;\"><span class=\"wpcf7-form-control-wrap acceptance-803\"><span class=\"wpcf7-form-control wpcf7-acceptance optional\"><span class=\"wpcf7-list-item\"><label><input type=\"checkbox\" name=\"acceptance-803\" value=\"1\" aria-invalid=\"false\" \/><span class=\"wpcf7-list-item-label\">Accepto rebre butlletins informatius sobre les activitats de: EDUCEM<\/span><\/label><\/span><\/span><\/span><\/p>\n<div class=\"info-basica-prot-dades-content\">\n<table>\n<tr>\n<th colspan=\"2\">INFORMACI\u00d3N B\u00c1SICA SOBRE PROTECCI\u00d3N DE DATOS<\/th>\n<\/tr>\n<tr>\n<td>Responsable<\/td>\n<td>EDUCEM<\/td>\n<\/tr>\n<tr>\n<td>Finalidad<\/td>\n<td>Responder a las consultas que realizan los usuarios<\/td>\n<\/tr>\n<tr>\n<td>Legitimaci\u00f3n<\/td>\n<td>Consentimiento del interesado.<\/td>\n<\/tr>\n<tr>\n<td>Destinatarios<\/td>\n<td>No se ceder\u00e1n datos a terceros, salvo obligaci\u00f3n legal.<\/td>\n<\/tr>\n<tr>\n<td>Derechos<\/td>\n<td>Acceder, rectificar y suprimir datos, as\u00ed como otros derechos, como se explica en la informaci\u00f3n adicional.<\/td>\n<\/tr>\n<tr>\n<td>Informaci\u00f3n Adicional<\/td>\n<td>Puede consultar la informaci\u00f3n adicional y detallada sobre protecci\u00f3n de datos en nuestra web: <a href=\"https:\/\/educemold.arrova.net\/\">educem.com<\/a><\/td>\n<\/tr>\n<\/table>\n<\/div>\n<p style=\"color: #ffffff;\"><input type=\"submit\" value=\"Enviar\" class=\"wpcf7-form-control wpcf7-submit\" \/><\/p>\n<div class=\"fusion-alert alert custom alert-custom fusion-alert-center wpcf7-response-output fusion-alert-capitalize alert-dismissable\" style=\"border-width:1px;\"><button type=\"button\" class=\"close toggle-alert\" data-dismiss=\"alert\" aria-hidden=\"true\">&times;<\/button><div class=\"fusion-alert-content-wrapper\"><span class=\"fusion-alert-content\"><\/span><\/div><\/div><\/form><\/div>\n<\/div><div class=\"fusion-clearfix\"><\/div><\/div><\/div><\/div><\/div><\/p>\n","protected":false},"excerpt":{"rendered":"","protected":false},"author":1,"featured_media":0,"parent":13898,"menu_order":0,"comment_status":"closed","ping_status":"closed","template":"100-width.php","meta":[],"aioseo_notices":[],"_links":{"self":[{"href":"https:\/\/educemold.arrova.net\/es\/wp-json\/wp\/v2\/pages\/11490"}],"collection":[{"href":"https:\/\/educemold.arrova.net\/es\/wp-json\/wp\/v2\/pages"}],"about":[{"href":"https:\/\/educemold.arrova.net\/es\/wp-json\/wp\/v2\/types\/page"}],"author":[{"embeddable":true,"href":"https:\/\/educemold.arrova.net\/es\/wp-json\/wp\/v2\/users\/1"}],"replies":[{"embeddable":true,"href":"https:\/\/educemold.arrova.net\/es\/wp-json\/wp\/v2\/comments?post=11490"}],"version-history":[{"count":15,"href":"https:\/\/educemold.arrova.net\/es\/wp-json\/wp\/v2\/pages\/11490\/revisions"}],"predecessor-version":[{"id":23671,"href":"https:\/\/educemold.arrova.net\/es\/wp-json\/wp\/v2\/pages\/11490\/revisions\/23671"}],"up":[{"embeddable":true,"href":"https:\/\/educemold.arrova.net\/es\/wp-json\/wp\/v2\/pages\/13898"}],"wp:attachment":[{"href":"https:\/\/educemold.arrova.net\/es\/wp-json\/wp\/v2\/media?parent=11490"}],"curies":[{"name":"wp","href":"https:\/\/api.w.org\/{rel}","templated":true}]}}