{"id":13760,"date":"2015-05-25T18:46:04","date_gmt":"2015-05-25T16:46:04","guid":{"rendered":"https:\/\/educemold.arrova.net\/documentacio-2-2\/"},"modified":"2023-09-05T09:40:13","modified_gmt":"2023-09-05T07:40:13","slug":"documentacion-primaria","status":"publish","type":"page","link":"https:\/\/educemold.arrova.net\/es\/documentacion-primaria\/","title":{"rendered":"Documentaci\u00f3n &#8211; Educaci\u00f3n Primaria"},"content":{"rendered":"<p><div class=\"fusion-fullwidth fullwidth-box fusion-builder-row-1 nonhundred-percent-fullwidth non-hundred-percent-height-scrolling\"  style='background-color: rgba(255,255,255,0);background-position: left top;background-repeat: no-repeat;padding-top:20px;padding-right:0px;padding-bottom:20px;padding-left:0px;border-top-width:0px;border-bottom-width:0px;border-color:#eae9e9;border-top-style:solid;border-bottom-style:solid;'><div class=\"fusion-builder-row fusion-row \"><div  class=\"fusion-layout-column fusion_builder_column fusion_builder_column_1_1 fusion-builder-column-0 fusion-one-full fusion-column-first fusion-column-last fusion-column-no-min-height 1_1\"  style='margin-top:0px;margin-bottom:0px;'><div class=\"fusion-column-wrapper\" style=\"padding: 0px 0px 0px 0px;background-position:left top;background-repeat:no-repeat;-webkit-background-size:cover;-moz-background-size:cover;-o-background-size:cover;background-size:cover;\"   data-bg-url=\"\"><span class=\"fusion-imageframe imageframe-none imageframe-1 hover-type-none\"><img loading=\"lazy\" src=\"https:\/\/educemold.arrova.net\/wp-content\/uploads\/2015\/05\/20140218_EDUCEM-092_Fulleto_2.jpg\" width=\"2402\" height=\"767\" alt=\"\" title=\"20140218_EDUCEM-092_Fulleto_2\" class=\"img-responsive wp-image-12642\"\/><\/span><div class=\"fusion-clearfix\"><\/div><\/div><\/div><\/div><\/div><div class=\"fusion-fullwidth fullwidth-box fusion-builder-row-2 hundred-percent-fullwidth non-hundred-percent-height-scrolling\"  style='background-color: rgba(255,255,255,0);background-position: center center;background-repeat: no-repeat;padding-top:0px;padding-right:0px;padding-bottom:0px;padding-left:0px;'><div class=\"fusion-builder-row fusion-row \"><div  class=\"fusion-layout-column fusion_builder_column fusion_builder_column_1_4 fusion-builder-column-1 fusion-one-fourth fusion-column-first 1_4\"  style='margin-top:0px;margin-bottom:20px;width:22%; margin-right: 4%;'><div class=\"fusion-column-wrapper\" style=\"padding: 0px 0px 0px 0px;background-position:left top;background-repeat:no-repeat;-webkit-background-size:cover;-moz-background-size:cover;-o-background-size:cover;background-size:cover;\"   data-bg-url=\"\"><div class=\"fusion-text\"><h3>DOCUMENTACI\u00d3N EDUCACI\u00d3N PRIMARIA CURSO 2023 &#8211; 24<\/h3>\n<p>Aqu\u00ed encontrar\u00e1 toda la documentaci\u00f3n referente a esta etapa educativa.<\/p>\n<p>En caso de necesitar alguna informaci\u00f3n adicional, contactar con el centro de educaci\u00f3n primaria (pesta\u00f1a &#8220;DONDE ESTAMOS&#8221; del men\u00fa principal )<\/p>\n<\/div><div class=\"fusion-clearfix\"><\/div><\/div><\/div><div  class=\"fusion-layout-column fusion_builder_column fusion_builder_column_3_4 fusion-builder-column-2 fusion-three-fourth fusion-column-last 3_4\"  style='margin-top:0px;margin-bottom:20px;width:74%'><div class=\"fusion-column-wrapper\" style=\"padding: 0px 0px 0px 0px;background-position:left top;background-repeat:no-repeat;-webkit-background-size:cover;-moz-background-size:cover;-o-background-size:cover;background-size:cover;\"   data-bg-url=\"\"><div class=\"fusion-column-content-centered\"><div class=\"fusion-column-content\"><div class=\"fusion-tabs fusion-tabs-1 classic horizontal-tabs icon-position-left\"><style type=\"text\/css\">.fusion-tabs.fusion-tabs-1 .nav-tabs li a.tab-link{border-top-color:#ffffff;background-color:#ffffff;}.fusion-tabs.fusion-tabs-1 .nav-tabs{background-color:#fde7d1;}.fusion-tabs.fusion-tabs-1 .nav-tabs li.active a.tab-link,.fusion-tabs.fusion-tabs-1 .nav-tabs li.active a.tab-link:hover,.fusion-tabs.fusion-tabs-1 .nav-tabs li.active a.tab-link:focus{border-right-color:#fde7d1;}.fusion-tabs.fusion-tabs-1 .nav-tabs li.active a.tab-link,.fusion-tabs.fusion-tabs-1 .nav-tabs li.active a.tab-link:hover,.fusion-tabs.fusion-tabs-1 .nav-tabs li.active a.tab-link:focus{background-color:#fde7d1;}.fusion-tabs.fusion-tabs-1 .nav-tabs li a:hover{background-color:#fde7d1;border-top-color:#fde7d1;}.fusion-tabs.fusion-tabs-1 .tab-pane{background-color:#fde7d1;}.fusion-tabs.fusion-tabs-1 .nav,.fusion-tabs.fusion-tabs-1 .nav-tabs,.fusion-tabs.fusion-tabs-1 .tab-content .tab-pane{border-color:#fde7d1;}<\/style><div class=\"nav\"><ul class=\"nav-tabs nav-justified\"><li class=\"active\"><a class=\"tab-link\" data-toggle=\"tab\" id=\"fusion-tab-normativadelcentro\" href=\"#tab-145c84583882f1459db\"><h4 class=\"fusion-tab-heading\">NORMATIVA DEL CENTRO<\/h4><\/a><\/li><li><a class=\"tab-link\" data-toggle=\"tab\" id=\"fusion-tab-documentaci\u00d3niniciodecurso\/autorizaciones\" href=\"#tab-4b4a1b0cb8e0f99dc2d\"><h4 class=\"fusion-tab-heading\">DOCUMENTACI\u00d3N INICIO DE CURSO \/ AUTORIZACIONES<\/h4><\/a><\/li><li><a class=\"tab-link\" data-toggle=\"tab\" id=\"fusion-tab-circulares\" href=\"#tab-85aeef1fdee80bcff44\"><h4 class=\"fusion-tab-heading\">CIRCULARES<\/h4><\/a><\/li><li><a class=\"tab-link\" data-toggle=\"tab\" id=\"fusion-tab-salidas\" href=\"#tab-d0a760a6ad5d890cb1c\"><h4 class=\"fusion-tab-heading\">SALIDAS<\/h4><\/a><\/li><li><a class=\"tab-link\" data-toggle=\"tab\" id=\"fusion-tab-doc.m\u00c9dica\" href=\"#tab-47ea1742e788b677d77\"><h4 class=\"fusion-tab-heading\">DOC. M\u00c9DICA<\/h4><\/a><\/li><li><a class=\"tab-link\" data-toggle=\"tab\" id=\"fusion-tab-horarios\" href=\"#tab-ff39d2fa16e3aba9c3f\"><h4 class=\"fusion-tab-heading\">HORARIOS<\/h4><\/a><\/li><li><a class=\"tab-link\" data-toggle=\"tab\" id=\"fusion-tab-internet\/im\u00c1gen\" href=\"#tab-dd916d12df20904d221\"><h4 class=\"fusion-tab-heading\">INTERNET\/IM\u00c1GEN<\/h4><\/a><\/li><li><a class=\"tab-link\" data-toggle=\"tab\" id=\"fusion-tab-extraescolar\" href=\"#tab-dcaa439c3720a91d000\"><h4 class=\"fusion-tab-heading\">EXTRAESCOLAR<\/h4><\/a><\/li><li><a class=\"tab-link\" data-toggle=\"tab\" id=\"fusion-tab-aprendemos\" href=\"#tab-cc9cd4ec69e19aeb9cf\"><h4 class=\"fusion-tab-heading\">APRENDEMOS<\/h4><\/a><\/li><li><a class=\"tab-link\" data-toggle=\"tab\" id=\"fusion-tab-deberesverano\" href=\"#tab-7a730e9ce04ac94094a\"><h4 class=\"fusion-tab-heading\">DEBERES VERANO<\/h4><\/a><\/li><\/ul><\/div><div class=\"tab-content\"><div class=\"nav fusion-mobile-tab-nav\"><ul class=\"nav-tabs nav-justified\"><li class=\"active\"><a class=\"tab-link\" data-toggle=\"tab\" id=\"mobile-fusion-tab-normativadelcentro\" href=\"#tab-145c84583882f1459db\"><h4 class=\"fusion-tab-heading\">NORMATIVA DEL CENTRO<\/h4><\/a><\/li><\/ul><\/div><div class=\"tab-pane fade fusion-clearfix in active\" id=\"tab-145c84583882f1459db\">* Normativa de la Etapa Obligatoria 2023-24\u2026\u2026\u2026\u2026\u2026\u2026\u2026.\u2026\u2026..\u2026\u2026\u2026.\u2026\u2026..\u2026\u2026&#8230;<a href=\"https:\/\/educemold.arrova.net\/wp-content\/uploads\/2023\/09\/Normativa-curs-23-24-EI-EP-i-ESO.pdf\" target=\"_blank\" rel=\"noopener noreferrer\">DESCARGAR <\/a><\/p>\n<p>* Calendario Escolar 2023-24 &#8230;&#8230;&#8230;&#8230;&#8230;..\u2026\u2026\u2026\u2026\u2026\u2026\u2026.\u2026\u2026..\u2026\u2026\u2026.\u2026\u2026.\u2026\u2026&#8230;..\u2026&#8230;.<a href=\"https:\/\/educemold.arrova.net\/wp-content\/uploads\/2023\/07\/calendari-Escolar-23-24-Etapa-obligatoria.pdf\" target=\"_blank\" rel=\"noopener noreferrer\">DESCARGAR<\/a><\/div><div class=\"nav fusion-mobile-tab-nav\"><ul class=\"nav-tabs nav-justified\"><li><a class=\"tab-link\" data-toggle=\"tab\" id=\"mobile-fusion-tab-documentaci\u00d3niniciodecurso\/autorizaciones\" href=\"#tab-4b4a1b0cb8e0f99dc2d\"><h4 class=\"fusion-tab-heading\">DOCUMENTACI\u00d3N INICIO DE CURSO \/ AUTORIZACIONES<\/h4><\/a><\/li><\/ul><\/div><div class=\"tab-pane fade fusion-clearfix\" id=\"tab-4b4a1b0cb8e0f99dc2d\">* Documentaci\u00f3n junta a entregar al inicio de curso 23-24\u2026\u2026\u2026\u2026\u2026\u2026\u2026.\u2026\u2026..\u2026\u2026\u2026.\u2026&#8230;.<a href=\"https:\/\/educemold.arrova.net\/wp-content\/uploads\/2023\/09\/Autoritzacions-EPRIM-inici-de-curs.pdf\" target=\"_blank\" rel=\"noopener noreferrer\">DESCARGAR<\/a><\/p>\n<p>* Autorizaci\u00f3n salidas Granollers y normativa\u2026\u2026\u2026\u2026\u2026\u2026\u2026.\u2026\u2026..\u2026\u2026\u2026.\u2026\u2026.\u2026\u2026&#8230;&#8230;&#8230;&#8230;..<a href=\"https:\/\/educemold.arrova.net\/wp-content\/uploads\/2023\/09\/Autoritzacio-sortides-per-Granollers-i-normativa.pdf\" target=\"_blank\" rel=\"noopener noreferrer\">DESCARGAR<\/a><\/p>\n<p>* Autorizaci\u00f3n intervenci\u00f3n DOT, Servicios externos y derivaci\u00f3n a la EAP\u2026\u2026\u2026\u2026\u2026\u2026&#8230;<a href=\"https:\/\/educemold.arrova.net\/wp-content\/uploads\/2023\/09\/Autoritzacio-intervencio-DOT-Serveis-externs-i-derivacio-a-lEAP.pdf\" target=\"_blank\" rel=\"noopener noreferrer\">DESCARGAR<\/a><\/p>\n<p>* Autorizaci\u00f3n volver a casa solo mediod\u00eda y tarde\u2026\u2026\u2026\u2026\u2026\u2026\u2026.\u2026\u2026..\u2026\u2026\u2026.\u2026\u2026.\u2026\u2026&#8230;&#8230;..<a href=\"https:\/\/educemold.arrova.net\/wp-content\/uploads\/2023\/09\/autoritzacio-sortir-sols-a-casa.pdf\" target=\"_blank\" rel=\"noopener noreferrer\">DESCARGAR <\/a><\/p>\n<p>* Autorizaci\u00f3n para recoger a los alumnos\u2026\u2026\u2026\u2026\u2026\u2026\u2026.\u2026\u2026..\u2026\u2026\u2026.\u2026\u2026.\u2026\u2026&#8230;&#8230;&#8230;&#8230;&#8230;&#8230;&#8230;<a href=\"https:\/\/educemold.arrova.net\/wp-content\/uploads\/2023\/09\/autoritzacio-per-a-recollir-als-alumnes.pdf\" target=\"_blank\" rel=\"noopener noreferrer\">DESCARGAR <\/a><\/div><div class=\"nav fusion-mobile-tab-nav\"><ul class=\"nav-tabs nav-justified\"><li><a class=\"tab-link\" data-toggle=\"tab\" id=\"mobile-fusion-tab-circulares\" href=\"#tab-85aeef1fdee80bcff44\"><h4 class=\"fusion-tab-heading\">CIRCULARES<\/h4><\/a><\/li><\/ul><\/div><div class=\"tab-pane fade fusion-clearfix\" id=\"tab-85aeef1fdee80bcff44\">\n<p>* Circular Informativa inicio de curso septiembre curso 2023-24\u2026\u2026\u2026\u2026\u2026\u2026\u2026\u2026\u2026&#8230;.<a href=\"https:\/\/educemold.arrova.net\/wp-content\/uploads\/2023\/09\/Informacio-General-pel-curs-2023-24.pdf\" target=\"_blank\" rel=\"noopener noreferrer\">DESCARGAR <\/a><\/p>\n<p>* Inscripci\u00f3n Acogida Educaci\u00f3n Infantil y Primaria\u2026\u2026\u2026\u2026\u2026&#8230;&#8230;&#8230;&#8230;&#8230;&#8230;&#8230;&#8230;&#8230;&#8230;&#8230;&#8230;<a href=\"https:\/\/educemold.arrova.net\/wp-content\/uploads\/2023\/09\/Inscripcio-Acollida-Educacio-Infantil-i-Primaria-23-24.pdf\" target=\"_blank\" rel=\"noopener noreferrer\">DESCARGAR <\/a><\/p>\n<p>* Carta de compromiso educativo\u2026\u2026\u2026\u2026\u2026&#8230;&#8230;&#8230;&#8230;&#8230;&#8230;&#8230;&#8230;&#8230;&#8230;&#8230;&#8230;&#8230;&#8230;&#8230;&#8230;&#8230;&#8230;&#8230;&#8230;&#8230;&#8230;<a href=\"https:\/\/educemold.arrova.net\/wp-content\/uploads\/2023\/09\/Carta-de-compromis-educatiu-1.pdf\" target=\"_blank\" rel=\"noopener noreferrer\">DESCARGAR <\/a><\/p>\n<\/div><div class=\"nav fusion-mobile-tab-nav\"><ul class=\"nav-tabs nav-justified\"><li><a class=\"tab-link\" data-toggle=\"tab\" id=\"mobile-fusion-tab-salidas\" href=\"#tab-d0a760a6ad5d890cb1c\"><h4 class=\"fusion-tab-heading\">SALIDAS<\/h4><\/a><\/li><\/ul><\/div><div class=\"tab-pane fade fusion-clearfix\" id=\"tab-d0a760a6ad5d890cb1c\">\n<p>* Circular excursi\u00f3n octubre Educaci\u00f3n Primaria\u2026\u2026\u2026\u2026\u2026\u2026\u2026&#8230;&#8230;&#8230;.<a target=\"_blank\" rel=\"noopener noreferrer\">DESCARGAR <\/a><\/p>\n<p>* Circular colonias CM y CS curso\u2026\u2026\u2026\u2026\u2026\u2026\u2026\u2026\u2026\u2026\u2026\u2026\u2026\u2026\u2026&#8230;&#8230;&#8230;..<a target=\"_blank\" rel=\"noopener noreferrer\">DESCARGAR <\/a><\/p>\n<p>* Circular colonias EI i CI curso\u2026\u2026\u2026\u2026\u2026\u2026\u2026\u2026\u2026\u2026\u2026\u2026\u2026\u2026\u2026&#8230;\u2026\u2026&#8230;..<a target=\"_blank\" rel=\"noopener noreferrer\">DESCARGAR <\/a><\/p>\n<p>* Circular Excursi\u00f3n 1T curso\u2026\u2026\u2026\u2026\u2026&#8230;&#8230;&#8230;&#8230;&#8230;&#8230;&#8230;&#8230;&#8230;&#8230;&#8230;&#8230;&#8230;&#8230;&#8230;&#8230;<a target=\"_blank\" rel=\"noopener noreferrer\">DESCARGAR <\/a><\/p>\n<\/div><div class=\"nav fusion-mobile-tab-nav\"><ul class=\"nav-tabs nav-justified\"><li><a class=\"tab-link\" data-toggle=\"tab\" id=\"mobile-fusion-tab-doc.m\u00c9dica\" href=\"#tab-47ea1742e788b677d77\"><h4 class=\"fusion-tab-heading\">DOC. M\u00c9DICA<\/h4><\/a><\/li><\/ul><\/div><div class=\"tab-pane fade fusion-clearfix\" id=\"tab-47ea1742e788b677d77\">* Ficha m\u00e9dica\u2026\u2026\u2026\u2026\u2026\u2026\u2026\u2026&#8230;.\u2026\u2026\u2026\u2026\u2026\u2026\u2026\u2026\u2026\u2026&#8230;\u2026..\u2026\u2026..\u2026\u2026.\u2026\u2026\u2026\u2026\u2026\u2026\u2026<a href=\"https:\/\/educemold.arrova.net\/wp-content\/uploads\/2023\/09\/Fitxa-medica-EP-i-ESO.pdf\" target=\"_blank\" rel=\"noopener noreferrer\">DESCARGAR <\/a><\/p>\n<p>* Autorizaci\u00f3n medicamentos\u2026\u2026\u2026\u2026\u2026\u2026\u2026\u2026\u2026\u2026\u2026\u2026\u2026\u2026\u2026\u2026\u2026\u2026\u2026\u2026\u2026\u2026\u2026\u2026\u2026\u2026<a href=\"https:\/\/educemold.arrova.net\/wp-content\/uploads\/2017\/09\/Autorritzaci\u00f3-medicaments.pdf\" target=\"_blank\" rel=\"noopener noreferrer\">DESCARGAR <\/a><\/div><div class=\"nav fusion-mobile-tab-nav\"><ul class=\"nav-tabs nav-justified\"><li><a class=\"tab-link\" data-toggle=\"tab\" id=\"mobile-fusion-tab-horarios\" href=\"#tab-ff39d2fa16e3aba9c3f\"><h4 class=\"fusion-tab-heading\">HORARIOS<\/h4><\/a><\/li><\/ul><\/div><div class=\"tab-pane fade fusion-clearfix\" id=\"tab-ff39d2fa16e3aba9c3f\">\n<p>* Horario 1r d&#8217;EP 2023-24\u2026\u2026\u2026\u2026\u2026\u2026\u2026\u2026\u2026&#8230;..\u2026\u2026\u2026\u2026.<a href=\"https:\/\/educemold.arrova.net\/wp-content\/uploads\/2023\/09\/Horari-1r-dEP.pdf\" target=\"_blank\" rel=\"noopener noreferrer\">DESCARGAR <\/a><\/p>\n<p>* Horario 2n d&#8217;EP 2023-24\u2026\u2026\u2026\u2026\u2026\u2026\u2026\u2026\u2026&#8230;..\u2026\u2026\u2026\u2026.<a href=\"https:\/\/educemold.arrova.net\/wp-content\/uploads\/2023\/09\/Horari-2n-dEP.pdf\" target=\"_blank\" rel=\"noopener noreferrer\">DESCARGAR <\/a><\/p>\n<p>* Horario 3r d&#8217;EP 2023-24\u2026\u2026\u2026\u2026\u2026\u2026\u2026\u2026\u2026&#8230;..\u2026\u2026\u2026\u2026.<a href=\"https:\/\/educemold.arrova.net\/wp-content\/uploads\/2023\/09\/Horari-3r-dEP.pdf\" target=\"_blank\" rel=\"noopener noreferrer\">DESCARGAR <\/a><\/p>\n<p>* Horario 4t d&#8217;EP 2023-24\u2026\u2026\u2026\u2026\u2026\u2026\u2026\u2026\u2026&#8230;..\u2026\u2026\u2026\u2026.<a href=\"https:\/\/educemold.arrova.net\/wp-content\/uploads\/2023\/09\/Horari-4t-dEP.pdf\" target=\"_blank\" rel=\"noopener noreferrer\">DESCARGAR <\/a><\/p>\n<p>* Horario 5\u00e8 d&#8217;EP 2023-24\u2026\u2026\u2026\u2026\u2026\u2026\u2026\u2026\u2026&#8230;..\u2026\u2026\u2026\u2026.<a href=\"https:\/\/educemold.arrova.net\/wp-content\/uploads\/2023\/09\/Horari-5e-dEP.pdf\" target=\"_blank\" rel=\"noopener noreferrer\">DESCARGAR <\/a><\/p>\n<p>* Horario 6\u00e8 d&#8217;EP 2023-24\u2026\u2026\u2026\u2026\u2026\u2026\u2026\u2026\u2026&#8230;..\u2026\u2026\u2026\u2026.<a href=\"https:\/\/educemold.arrova.net\/wp-content\/uploads\/2023\/09\/Horari-6e-dEP.pdf\" target=\"_blank\" rel=\"noopener noreferrer\">DESCARGAR <\/a><\/p>\n<\/div><div class=\"nav fusion-mobile-tab-nav\"><ul class=\"nav-tabs nav-justified\"><li><a class=\"tab-link\" data-toggle=\"tab\" id=\"mobile-fusion-tab-internet\/im\u00c1gen\" href=\"#tab-dd916d12df20904d221\"><h4 class=\"fusion-tab-heading\">INTERNET\/IM\u00c1GEN<\/h4><\/a><\/li><\/ul><\/div><div class=\"tab-pane fade fusion-clearfix\" id=\"tab-dd916d12df20904d221\">* Autorizaci\u00f3n imagen menor de 14 a\u00f1os\u2026\u2026\u2026\u2026\u2026\u2026\u2026\u2026\u2026&#8230;..\u2026\u2026..\u2026\u2026\u2026&#8230;&#8230;&#8230;.<a href=\"https:\/\/educemold.arrova.net\/wp-content\/uploads\/2023\/09\/Autoritzacio-us-internet-menors-14-anys.pdf\" target=\"_blank\" rel=\"noopener noreferrer\">DESCARGAR <\/a><\/p>\n<p>* Autorizaci\u00f3n menores de 14 a\u00f1os uso internet\u2026\u2026\u2026\u2026\u2026\u2026\u2026\u2026\u2026&#8230;..\u2026\u2026..\u2026\u2026&#8230;<a href=\"https:\/\/educemold.arrova.net\/wp-content\/uploads\/2023\/09\/Autoritzacio-us-internet-majors-14-anys.pdf\" target=\"_blank\" rel=\"noopener noreferrer\">DESCARGAR <\/a><\/div><div class=\"nav fusion-mobile-tab-nav\"><ul class=\"nav-tabs nav-justified\"><li><a class=\"tab-link\" data-toggle=\"tab\" id=\"mobile-fusion-tab-extraescolar\" href=\"#tab-dcaa439c3720a91d000\"><h4 class=\"fusion-tab-heading\">EXTRAESCOLAR<\/h4><\/a><\/li><\/ul><\/div><div class=\"tab-pane fade fusion-clearfix\" id=\"tab-dcaa439c3720a91d000\">\n<p>* Primaria Extraescolares curso 2022-23\u2026\u2026\u2026\u2026\u2026\u2026&#8230;..\u2026\u2026&#8230;.\u2026\u2026&#8230;..\u2026..\u2026\u2026\u2026<a href=\"https:\/\/educemold.arrova.net\/wp-content\/uploads\/2023\/09\/Extraescolars-EP-2023-2024.pdf\" target=\"_blank\" rel=\"noopener noreferrer\">DESCARGAR <\/a><\/p>\n<p>* Inscripci\u00f3n extraescolar PRIMARIA 2022-23\u2026\u2026\u2026\u2026\u2026\u2026\u2026\u2026\u2026\u2026\u2026\u2026&#8230;&#8230;&#8230;.\u2026<a href=\"https:\/\/educemold.arrova.net\/wp-content\/uploads\/2023\/09\/inscripcio-extraescolars-primaria-23-24.pdf\" target=\"_blank\" rel=\"noopener noreferrer\">DESCARGAR <\/a><\/p>\n<\/div><div class=\"nav fusion-mobile-tab-nav\"><ul class=\"nav-tabs nav-justified\"><li><a class=\"tab-link\" data-toggle=\"tab\" id=\"mobile-fusion-tab-aprendemos\" href=\"#tab-cc9cd4ec69e19aeb9cf\"><h4 class=\"fusion-tab-heading\">APRENDEMOS<\/h4><\/a><\/li><\/ul><\/div><div class=\"tab-pane fade fusion-clearfix\" id=\"tab-cc9cd4ec69e19aeb9cf\">\n<p>* Cant\u00e0nia 2023\u2026\u2026\u2026\u2026\u2026\u2026\u2026\u2026\u2026&#8230;..\u2026\u2026\u2026\u2026.\u2026..\u2026\u2026&#8230;&#8230;&#8230;&#8230;&#8230;&#8230;&#8230;&#8230;&#8230;&#8230;&#8230;&#8230;&#8230;&#8230;&#8230;&#8230;&#8230;&#8230;&#8230;&#8230;&#8230;&#8230;.<a target=\"_blank\" rel=\"noopener noreferrer\">DESCARGAR <\/a><\/p>\n<\/div><div class=\"nav fusion-mobile-tab-nav\"><ul class=\"nav-tabs nav-justified\"><li><a class=\"tab-link\" data-toggle=\"tab\" id=\"mobile-fusion-tab-deberesverano\" href=\"#tab-7a730e9ce04ac94094a\"><h4 class=\"fusion-tab-heading\">DEBERES VERANO<\/h4><\/a><\/li><\/ul><\/div><div class=\"tab-pane fade fusion-clearfix\" id=\"tab-7a730e9ce04ac94094a\">* 1er EP\u2026\u2026\u2026\u2026\u2026\u2026\u2026\u2026\u2026\u2026\u2026\u2026\u2026\u2026\u2026\u2026\u2026<a href=\"https:\/\/educemold.arrova.net\/wp-content\/uploads\/2023\/06\/1r-EP.pdf\" target=\"_blank\" rel=\"noopener noreferrer\">DESCARGAR<\/a><\/p>\n<p>* 2n EP\u2026\u2026\u2026\u2026\u2026\u2026\u2026\u2026\u2026\u2026\u2026\u2026\u2026\u2026\u2026\u2026\u2026\u2026<a href=\"https:\/\/educemold.arrova.net\/wp-content\/uploads\/2023\/06\/2n-EP.pdf\" target=\"_blank\" rel=\"noopener noreferrer\">DESCARGAR<\/a><\/p>\n<p>* 3r EP\u2026\u2026\u2026\u2026\u2026\u2026\u2026\u2026\u2026\u2026\u2026\u2026\u2026\u2026\u2026\u2026\u2026\u2026<a href=\"https:\/\/educemold.arrova.net\/wp-content\/uploads\/2023\/06\/3r-EP.pdf\" target=\"_blank\" rel=\"noopener noreferrer\">DESCARGAR<\/a><\/p>\n<p>* 4t EP\u2026\u2026\u2026\u2026\u2026\u2026\u2026\u2026\u2026\u2026\u2026\u2026\u2026\u2026\u2026\u2026\u2026\u2026<a href=\"https:\/\/educemold.arrova.net\/wp-content\/uploads\/2023\/06\/4t-EP.pdf\" target=\"_blank\" rel=\"noopener noreferrer\">DESCARGAR<\/a><\/p>\n<p>* 5e EP\u2026\u2026\u2026\u2026\u2026\u2026\u2026\u2026\u2026\u2026\u2026\u2026\u2026\u2026\u2026\u2026\u2026\u2026<a href=\"https:\/\/educemold.arrova.net\/wp-content\/uploads\/2023\/06\/5e-EP.pdf\" target=\"_blank\" rel=\"noopener noreferrer\">DESCARGAR<\/a><\/p>\n<p>* 6e EP\u2026\u2026\u2026\u2026\u2026\u2026\u2026\u2026\u2026\u2026\u2026\u2026\u2026\u2026\u2026\u2026\u2026\u2026<a href=\"https:\/\/educemold.arrova.net\/wp-content\/uploads\/2023\/06\/6e-EP.pdf\" target=\"_blank\" rel=\"noopener noreferrer\">DESCARGAR<\/a><\/p>\n<p>* Trabajo sobre la lectura de un libro CM y CS\u2026\u2026\u2026\u2026\u2026\u2026\u2026\u2026\u2026\u2026\u2026\u2026\u2026\u2026\u2026\u2026\u2026\u2026<a href=\"https:\/\/educemold.arrova.net\/wp-content\/uploads\/2023\/06\/Treball-sobre-la-lectura-dun-llibre-CM-i-CS.pdf\" target=\"_blank\" rel=\"noopener noreferrer\">DESCARGAR<\/a><\/div><\/div><\/div><\/div><\/div><div class=\"fusion-clearfix\"><\/div><\/div><\/div><div  class=\"fusion-layout-column fusion_builder_column fusion_builder_column_1_1 fusion-builder-column-3 fusion-one-full fusion-column-first fusion-column-last fusion-column-no-min-height 1_1\"  style='margin-top:0px;margin-bottom:0px;'><div class=\"fusion-column-wrapper\" style=\"padding: 0px 0px 0px 0px;background-position:left top;background-repeat:no-repeat;-webkit-background-size:cover;-moz-background-size:cover;-o-background-size:cover;background-size:cover;\"   data-bg-url=\"\"><div class=\"fusion-sep-clear\"><\/div><div class=\"fusion-separator fusion-full-width-sep sep-single sep-solid\" style=\"border-color:#e0dede;border-top-width:1px;margin-left: auto;margin-right: auto;margin-top:;margin-bottom:60px;\"><\/div><div class=\"fusion-clearfix\"><\/div><\/div><\/div><\/div><\/div><\/p>\n","protected":false},"excerpt":{"rendered":"","protected":false},"author":5,"featured_media":0,"parent":0,"menu_order":0,"comment_status":"open","ping_status":"closed","template":"","meta":[],"aioseo_notices":[],"_links":{"self":[{"href":"https:\/\/educemold.arrova.net\/es\/wp-json\/wp\/v2\/pages\/13760"}],"collection":[{"href":"https:\/\/educemold.arrova.net\/es\/wp-json\/wp\/v2\/pages"}],"about":[{"href":"https:\/\/educemold.arrova.net\/es\/wp-json\/wp\/v2\/types\/page"}],"author":[{"embeddable":true,"href":"https:\/\/educemold.arrova.net\/es\/wp-json\/wp\/v2\/users\/5"}],"replies":[{"embeddable":true,"href":"https:\/\/educemold.arrova.net\/es\/wp-json\/wp\/v2\/comments?post=13760"}],"version-history":[{"count":111,"href":"https:\/\/educemold.arrova.net\/es\/wp-json\/wp\/v2\/pages\/13760\/revisions"}],"predecessor-version":[{"id":23738,"href":"https:\/\/educemold.arrova.net\/es\/wp-json\/wp\/v2\/pages\/13760\/revisions\/23738"}],"wp:attachment":[{"href":"https:\/\/educemold.arrova.net\/es\/wp-json\/wp\/v2\/media?parent=13760"}],"curies":[{"name":"wp","href":"https:\/\/api.w.org\/{rel}","templated":true}]}}