{"id":13767,"date":"2015-04-23T22:17:56","date_gmt":"2015-04-23T20:17:56","guid":{"rendered":"https:\/\/educemold.arrova.net\/?page_id=13767"},"modified":"2017-03-07T10:00:27","modified_gmt":"2017-03-07T10:00:27","slug":"historia","status":"publish","type":"page","link":"https:\/\/educemold.arrova.net\/es\/oferta-formativa\/ciclos-formativos-2\/grado-superior-cfgs\/historia\/","title":{"rendered":"Historia"},"content":{"rendered":"<p><div class=\"fusion-fullwidth fullwidth-box fusion-builder-row-1 nonhundred-percent-fullwidth non-hundred-percent-height-scrolling\"  style='background-color: rgba(255,255,255,0);background-position: left top;background-repeat: no-repeat;padding-top:20px;padding-right:0px;padding-bottom:20px;padding-left:0px;border-top-width:0px;border-bottom-width:0px;border-color:#eae9e9;border-top-style:solid;border-bottom-style:solid;'><div class=\"fusion-builder-row fusion-row \"><div  class=\"fusion-layout-column fusion_builder_column fusion_builder_column_1_1 fusion-builder-column-0 fusion-one-full fusion-column-first fusion-column-last fusion-column-no-min-height 1_1\"  style='margin-top:0px;margin-bottom:0px;'><div class=\"fusion-column-wrapper\" style=\"background-position:left top;background-repeat:no-repeat;-webkit-background-size:cover;-moz-background-size:cover;-o-background-size:cover;background-size:cover;\"   data-bg-url=\"\"><div class=\"fusion-text\"><p><img loading=\"lazy\" class=\"  wp-image-12211 aligncenter\" src=\"https:\/\/educemold.arrova.net\/wp-content\/uploads\/2015\/04\/EDUCEM-19421.jpg\" alt=\"EDUCEM 1942(1)\" width=\"667\" height=\"677\" srcset=\"https:\/\/educemold.arrova.net\/wp-content\/uploads\/2015\/04\/EDUCEM-19421-66x66.jpg 66w, https:\/\/educemold.arrova.net\/wp-content\/uploads\/2015\/04\/EDUCEM-19421-296x300.jpg 296w, https:\/\/educemold.arrova.net\/wp-content\/uploads\/2015\/04\/EDUCEM-19421.jpg 730w\" sizes=\"(max-width: 667px) 100vw, 667px\" \/><\/p>\n<\/div><div class=\"fusion-sep-clear\"><\/div><div class=\"fusion-separator fusion-full-width-sep sep-none\" style=\"margin-left: auto;margin-right: auto;margin-top:15px;margin-bottom:15px;\"><\/div><div class=\"fusion-clearfix\"><\/div><\/div><\/div><div  class=\"fusion-layout-column fusion_builder_column fusion_builder_column_1_2 fusion-builder-column-1 fusion-one-half fusion-column-first 1_2\"  style='margin-top:0px;margin-bottom:20px;width:48%; margin-right: 4%;'><div class=\"fusion-column-wrapper\" style=\"background-position:left top;background-repeat:no-repeat;-webkit-background-size:cover;-moz-background-size:cover;-o-background-size:cover;background-size:cover;\"   data-bg-url=\"\"><div class=\"fusion-text\"><p>El jueves d\u00eda 1 de octubre de 1942 bajo la direcci\u00f3n de Esteve Duran Serra, y la colaboraci\u00f3n de Elena Mediano Calle y Miquel Castenyer Neto se impulsa la creaci\u00f3n en la ciudad de Granollers del \u201cCentro de Ense\u00f1anza Mercantil\u201d agregado pedag\u00f3gicamente a la \u201cAcademia Cots\u201d de Barcelona, que comenz\u00f3 a impartir los cursos &#8220;Peritaje Mercantil Oficial y los estudios de T\u00e9cnico Comercial y Jefe de Contabilidad, y que pronto se convirti\u00f3 en un centro de referencia en la ciudad, ya que llenaba un vac\u00edo en la vida docente de la ciudad. Tanto es as\u00ed que el centro, conocido popularmente con el nombre de Academia Cots, tuvo 103 alumnos el primer curso.<\/p>\n<p>En los a\u00f1os setenta entra en vigor la Ley 14\/1970 de 4 de agosto, General de Educaci\u00f3n y Financiaci\u00f3n de la Reforma Educativa (LGE), que reestructuraba el Sistema Educativo, conocida principalmente por la obligatoriedad de estar escolarizado hasta los 14 a\u00f1os y la implantaci\u00f3n de la Ense\u00f1anza General B\u00e1sica &#8220;EGB&#8221;. Esta Ley, tambi\u00e9n obligaba a los centros ofrecer completa la etapa educativa de 6 a 14 a\u00f1os.<\/p>\n<p>En Granollers la aplicaci\u00f3n de esta ley produjo la fusi\u00f3n de tres centros de la ciudad para dar lugar a EDUCEM. As\u00ed, el Centro de Ense\u00f1anza Mercantil, por su continuidad se fusion\u00f3 con los otros dos centros, tambi\u00e9n incompletos seg\u00fan la nueva ley:<\/p>\n<ul>\n<li>el Centro de Ense\u00f1anza Mercantil, que ten\u00eda tres aulas para ni\u00f1os y ni\u00f1as de 10 a 14 a\u00f1os, repartidos en dos grupos: uno de 10 a 12 a\u00f1os de educaci\u00f3n primaria y un segundo grupo de 13 a 14 a\u00f1os como curso &#8220;preparatorio&#8221; los estudios posteriores de comercio.<\/li>\n<li>el Parvulario Ni\u00f1o Jes\u00fas, que dispon\u00eda de un aula<\/li>\n<li>y el Colegio Educem, que dispon\u00eda de tres aulas.<\/li>\n<\/ul>\n<\/div><div class=\"fusion-clearfix\"><\/div><\/div><\/div><div  class=\"fusion-layout-column fusion_builder_column fusion_builder_column_1_2 fusion-builder-column-2 fusion-one-half fusion-column-last 1_2\"  style='margin-top:0px;margin-bottom:20px;width:48%'><div class=\"fusion-column-wrapper\" style=\"background-position:left top;background-repeat:no-repeat;-webkit-background-size:cover;-moz-background-size:cover;-o-background-size:cover;background-size:cover;\"   data-bg-url=\"\"><div class=\"fusion-text\"><p>Este &#8220;nuevo&#8221; centro educativo (fusi\u00f3n del Centro de Ense\u00f1anza Mercantil con Educator y el Parvulario Ni\u00f1o Jes\u00fas) se repart\u00eda entre los tres edificios procedentes de la fusi\u00f3n.<\/p>\n<p>EDUCEM consigui\u00f3 el objetivo de ofrecer a la ciudad la ense\u00f1anza preescolar, la Ense\u00f1anza General B\u00e1sica (EGB) y Formaci\u00f3n Profesional de primer grado (FP1) de la rama administrativa, y m\u00e1s tarde, tambi\u00e9n de la sanitaria.<\/p>\n<p>Hacia el final de los ochenta EDUCEM explor\u00f3 la rama de la formaci\u00f3n empresarial, con el nacimiento de la sociedad Educem Business.<\/p>\n<p>Hacia los noventa, EDUCEM fue pionero en los cursos de Formaci\u00f3n Profesional Ocupacional para parados y reciclaje para trabajadores, y m\u00e1s tarde nacieron otras ramas de ense\u00f1anza del centro: EDUCEM tecnol\u00f3gico, EDUCEM salud, EDUCEM calidad y EDUCEM estrategia Pymes.<\/p>\n<p>Con la nueva reforma educativa de los noventa, el centro de formaci\u00f3n ampli\u00f3 y reestructur\u00f3 sus ofertas de ense\u00f1anza, consiguiendo el centro un car\u00e1cter globalizador, ya que <strong>se convirti\u00f3 en el \u00fanico centro de la ciudad con todas las etapas educativas: educaci\u00f3n infantil, educaci\u00f3n primaria, educaci\u00f3n secundaria obligatoria (ESO), ciclos formativos de grado medio y ciclos formativos de grado superior y bachillerato pas\u00e1ndose a denominarse <span style=\"text-decoration: underline;\">EDUCEM<\/span>.<\/strong><\/p>\n<p>Con el paso de los a\u00f1os, y despu\u00e9s de un relevo generacional, su funcionamiento ha ido adapt\u00e1ndose a las diferentes reformas educativas y novedades tecnol\u00f3gicas.<\/p>\n<\/div><div class=\"fusion-clearfix\"><\/div><\/div><\/div><\/div><\/div><div class=\"fusion-fullwidth fullwidth-box fusion-builder-row-2 nonhundred-percent-fullwidth non-hundred-percent-height-scrolling\"  style='background-color: rgba(255,255,255,0);background-position: left top;background-repeat: no-repeat;padding-top:0px;padding-right:0px;padding-bottom:0px;padding-left:0px;border-top-width:0px;border-bottom-width:0px;border-color:#eae9e9;border-top-style:solid;border-bottom-style:solid;'><div class=\"fusion-builder-row fusion-row \"><div  class=\"fusion-layout-column fusion_builder_column fusion_builder_column_1_1 fusion-builder-column-3 fusion-one-full fusion-column-first fusion-column-last fusion-column-no-min-height 1_1\"  style='margin-top:0px;margin-bottom:0px;'><div class=\"fusion-column-wrapper\" style=\"background-position:left top;background-repeat:no-repeat;-webkit-background-size:cover;-moz-background-size:cover;-o-background-size:cover;background-size:cover;\"   data-bg-url=\"\"><div class=\"fusion-sep-clear\"><\/div><div class=\"fusion-separator fusion-full-width-sep sep-single sep-solid\" style=\"border-color:#e65a0c;border-top-width:1px;margin-left: auto;margin-right: auto;margin-top:;margin-bottom:20px;\"><\/div><div class=\"fusion-clearfix\"><\/div><\/div><\/div><\/div><\/div><\/p>\n","protected":false},"excerpt":{"rendered":"","protected":false},"author":1,"featured_media":0,"parent":13908,"menu_order":0,"comment_status":"closed","ping_status":"closed","template":"100-width.php","meta":[],"aioseo_notices":[],"_links":{"self":[{"href":"https:\/\/educemold.arrova.net\/es\/wp-json\/wp\/v2\/pages\/13767"}],"collection":[{"href":"https:\/\/educemold.arrova.net\/es\/wp-json\/wp\/v2\/pages"}],"about":[{"href":"https:\/\/educemold.arrova.net\/es\/wp-json\/wp\/v2\/types\/page"}],"author":[{"embeddable":true,"href":"https:\/\/educemold.arrova.net\/es\/wp-json\/wp\/v2\/users\/1"}],"replies":[{"embeddable":true,"href":"https:\/\/educemold.arrova.net\/es\/wp-json\/wp\/v2\/comments?post=13767"}],"version-history":[{"count":8,"href":"https:\/\/educemold.arrova.net\/es\/wp-json\/wp\/v2\/pages\/13767\/revisions"}],"predecessor-version":[{"id":16102,"href":"https:\/\/educemold.arrova.net\/es\/wp-json\/wp\/v2\/pages\/13767\/revisions\/16102"}],"up":[{"embeddable":true,"href":"https:\/\/educemold.arrova.net\/es\/wp-json\/wp\/v2\/pages\/13908"}],"wp:attachment":[{"href":"https:\/\/educemold.arrova.net\/es\/wp-json\/wp\/v2\/media?parent=13767"}],"curies":[{"name":"wp","href":"https:\/\/api.w.org\/{rel}","templated":true}]}}