{"id":13772,"date":"2015-04-23T21:59:44","date_gmt":"2015-04-23T19:59:44","guid":{"rendered":"https:\/\/educemold.arrova.net\/?page_id=13772"},"modified":"2017-03-07T09:57:25","modified_gmt":"2017-03-07T09:57:25","slug":"educacion-internacional","status":"publish","type":"page","link":"https:\/\/educemold.arrova.net\/es\/oferta-formativa\/ciclos-formativos-2\/grado-superior-cfgs\/educacion-internacional\/","title":{"rendered":"Educaci\u00f3n Internacional"},"content":{"rendered":"<p><div class=\"fusion-fullwidth fullwidth-box fusion-builder-row-1 nonhundred-percent-fullwidth non-hundred-percent-height-scrolling\"  style='background-color: rgba(255,255,255,0);background-position: left top;background-repeat: no-repeat;padding-top:20px;padding-right:0px;padding-bottom:20px;padding-left:0px;border-top-width:0px;border-bottom-width:0px;border-color:#eae9e9;border-top-style:solid;border-bottom-style:solid;'><div class=\"fusion-builder-row fusion-row \"><div  class=\"fusion-layout-column fusion_builder_column fusion_builder_column_1_2 fusion-builder-column-0 fusion-one-half fusion-column-first 1_2\"  style='margin-top:0px;margin-bottom:20px;width:48%; margin-right: 4%;'><div class=\"fusion-column-wrapper\" style=\"background-position:left top;background-repeat:no-repeat;-webkit-background-size:cover;-moz-background-size:cover;-o-background-size:cover;background-size:cover;\"   data-bg-url=\"\"><div class=\"fusion-sep-clear\"><\/div><div class=\"fusion-separator fusion-full-width-sep sep-none\" style=\"margin-left: auto;margin-right: auto;margin-top:0px;margin-bottom:20px;\"><\/div><div class=\"fusion-text\"><h2 style=\"text-align: center;\"><strong>EDUCACI\u00d3N INTERNACIONAL<\/strong><b><\/b><\/h2>\n<\/div><div class=\"fusion-sep-clear\"><\/div><div class=\"fusion-separator fusion-full-width-sep sep-none\" style=\"margin-left: auto;margin-right: auto;margin-top:0px;margin-bottom:20px;\"><\/div><div class=\"fusion-text\"><div style=\"text-align: justify;\">El sector internacional contribuye notablemente al crecimiento de nuestro pa\u00eds , existiendo una relaci\u00f3n directa entre comercio exterior y desarrollo. Durante los \u00faltimos a\u00f1os se ha producido un significativo incremento de empresas e instituciones que han iniciado un proceso de internacionalizaci\u00f3n , que se ha generalizado en pr\u00e1cticamente todos los sectores productivos , provocando as\u00ed una mayor demanda de personas con una adecuada formaci\u00f3n en el \u00e1mbito internacional. En los pr\u00f3ximos a\u00f1os las organizaciones se enfrentar\u00e1n al reto de una globalizaci\u00f3n econ\u00f3mica, que dar\u00e1 como resultado la demanda nuevas capacidades en todos los \u00e1mbitos de actividad.<\/div>\n<div style=\"text-align: justify;\"><\/div>\n<\/div><div class=\"fusion-sep-clear\"><\/div><div class=\"fusion-separator fusion-full-width-sep sep-none\" style=\"margin-left: auto;margin-right: auto;margin-top:0px;margin-bottom:20px;\"><\/div><div class=\"fusion-text\"><div style=\"text-align: justify;\">A EDUCEM Centros de ense\u00f1anza procuramos evolucionar con las demandas de nuestra sociedad, introduciendo progresivamente en la formaci\u00f3n contenidos internacionales: por ejemplo, el ciclo formativo de grado superior de Administraci\u00f3n y Finanzas de educar que da respuesta a las nuevas exigencias de globalizaci\u00f3n de la econom\u00eda, y los procesos de internacionalizaci\u00f3n de las empresas, desde la ense\u00f1anza del ingl\u00e9s empresarial hasta asignaturas con contenidos espec\u00edficos de tem\u00e1tica internacional. O el ciclo formativo de grado medio de Farmacia y parafarmacia (entre otros), en el que dise\u00f1amos actividades de ense\u00f1anza-aprendizaje que incorporan la utilizaci\u00f3n de la lengua inglesa, as\u00ed como el m\u00f3dulo espec\u00edfico.<\/div>\n<div style=\"text-align: justify;\"><\/div>\n<\/div><div class=\"fusion-sep-clear\"><\/div><div class=\"fusion-separator fusion-full-width-sep sep-none\" style=\"margin-left: auto;margin-right: auto;margin-top:0px;margin-bottom:20px;\"><\/div><div class=\"fusion-text\"><div style=\"text-align: justify;\">Para m\u00e1s informaci\u00f3n:<\/div>\n<div style=\"text-align: justify;\"><a href=\"https:\/\/administracioifinanceseducem.wordpress.com\" target=\"_blank\">https:\/\/administracioifinanceseducem.wordpress.com<\/a><\/div>\n<div style=\"text-align: justify;\"><\/div>\n<div style=\"text-align: justify;\"><a href=\"https:\/\/educemold.arrova.net\/oferta-formativa\/cicles-formatius\/grau-mitja\/cfgm-farmacia-i-parafarmacia\/?preview=true&amp;preview_id=11522&amp;preview_nonce=2e86bda20d\" target=\"_blank\">https:\/\/educemold.arrova.net\/oferta-formativa\/cicles-formatius\/grau-mitja\/cfgm-farmacia-i-parafarmacia\/?preview=true&amp;preview_id=11522&amp;preview_nonce=2e86bda20d<\/a><\/div>\n<\/div><div class=\"fusion-clearfix\"><\/div><\/div><\/div><div  class=\"fusion-layout-column fusion_builder_column fusion_builder_column_1_2 fusion-builder-column-1 fusion-one-half fusion-column-last 1_2\"  style='margin-top:0px;margin-bottom:20px;width:48%'><div class=\"fusion-column-wrapper\" style=\"padding: 100px;background-position:left top;background-repeat:no-repeat;-webkit-background-size:cover;-moz-background-size:cover;-o-background-size:cover;background-size:cover;\"   data-bg-url=\"\"><div class=\"fusion-text\"><div id=\"attachment_12552\" style=\"width: 1561px\" class=\"wp-caption aligncenter\"><a href=\"https:\/\/educemold.arrova.net\/wp-content\/uploads\/2015\/04\/internacionalizaci\u00f3n-pymes7.jpg\"><img aria-describedby=\"caption-attachment-12552\" loading=\"lazy\" class=\"size-full wp-image-12552\" src=\"https:\/\/educemold.arrova.net\/wp-content\/uploads\/2015\/04\/internacionalizaci\u00f3n-pymes7.jpg\" alt=\"EDUCEM ofereix el cicle formatiu de grau superior d\u2019ADMINISTRACI\u00d3 I FINANCES amb l\u2019especialitzaci\u00f3 en COMER\u00c7 INTERNACIONAL, que d\u00f3na la possibilitat de formar-se en les diferents \u00e0rees de l\u2019empresa: amb aquest nou enfocament es potencia la formaci\u00f3 espec\u00edfica en una \u00e0rea important\u00edssima per l\u2019economia actual i per les empreses del nostre entorn.\" width=\"1551\" height=\"1225\" srcset=\"https:\/\/educemold.arrova.net\/wp-content\/uploads\/2015\/04\/internacionalizaci\u00f3n-pymes7-300x237.jpg 300w, https:\/\/educemold.arrova.net\/wp-content\/uploads\/2015\/04\/internacionalizaci\u00f3n-pymes7-1024x809.jpg 1024w, https:\/\/educemold.arrova.net\/wp-content\/uploads\/2015\/04\/internacionalizaci\u00f3n-pymes7.jpg 1551w\" sizes=\"(max-width: 1551px) 100vw, 1551px\" \/><\/a><p id=\"caption-attachment-12552\" class=\"wp-caption-text\"><\/h4>\n<h4>EDUCEM ofrece el ciclo formativo de grado superior de ADMINISTRACI\u00d3N Y FINANZAS con la especializaci\u00f3n en COMERCIO INTERNACIONAL, que da la posibilidad de formarse en las diferentes \u00e1reas de la empresa: con este nuevo enfoque se potencia la formaci\u00f3n espec\u00edfica en un \u00e1rea important\u00edsima para la econom\u00eda actual y para las empresas de nuestro entorno.<\/h4>\n<p><\/p><\/div>\n<\/div><div class=\"fusion-clearfix\"><\/div><\/div><\/div><\/div><\/div><div class=\"fusion-fullwidth fullwidth-box fusion-builder-row-2 nonhundred-percent-fullwidth non-hundred-percent-height-scrolling\"  style='background-color: rgba(255,255,255,0);background-position: left top;background-repeat: no-repeat;padding-top:20px;padding-right:0px;padding-bottom:20px;padding-left:0px;border-top-width:0px;border-bottom-width:0px;border-color:#eae9e9;border-top-style:solid;border-bottom-style:solid;'><div class=\"fusion-builder-row fusion-row \"><div  class=\"fusion-layout-column fusion_builder_column fusion_builder_column_1_2 fusion-builder-column-2 fusion-one-half fusion-column-first 1_2\"  style='margin-top:0px;margin-bottom:20px;width:48%; margin-right: 4%;'><div class=\"fusion-column-wrapper\" style=\"background-position:left top;background-repeat:no-repeat;-webkit-background-size:cover;-moz-background-size:cover;-o-background-size:cover;background-size:cover;\"   data-bg-url=\"\"><div class=\"fusion-text\"><h2 style=\"text-align: center;\"><strong>CARTA ERAMUS UNIVERSITARIA<\/strong><b><\/b><\/h2>\n<\/div><div class=\"fusion-sep-clear\"><\/div><div class=\"fusion-separator fusion-full-width-sep sep-none\" style=\"margin-left: auto;margin-right: auto;margin-top:0px;margin-bottom:20px;\"><\/div><div class=\"fusion-text\"><div style=\"text-align: justify;\">La escuela EDUCEM ha conseguido la <strong>Carta Erasmus Universitaria,<\/strong> que tiene como finalidad que el alumnado de ciclos formativos de grado superior pueda <strong>realizar pr\u00e1cticas en una empresa u organizaci\u00f3n de otro pa\u00eds europeo.<\/strong> Esta estancia en un pa\u00eds extranjero permitir\u00e1 al alumno \/ a adaptarse a las exigencias del mercado laboral a nivel europeo , adquirir\u00e1 aptitudes espec\u00edficas , experiencia laboral y mejorar\u00e1 la comprensi\u00f3n del entorno econ\u00f3mico y social del pa\u00eds en cuesti\u00f3n.<\/div>\n<div style=\"text-align: justify;\">Podr\u00e1n participar los estudiantes de los ciclos formativos de grado superior que el Claustro de profesorado haya valorado positivamente por sus resultados acad\u00e9micos y por su actitud. La estancia tiene un periodo m\u00ednimo de 2 meses.<\/div>\n<\/div><div class=\"fusion-text\"><p>Para m\u00e1s informaci\u00f3n consultad:<\/p>\n<div style=\"text-align: justify;\"><\/div>\n<div style=\"text-align: justify;\"><a href=\"http:\/\/sepie.es\/formacion-profesional\/index.html\">http:\/\/sepie.es\/formacion-profesional\/index.html<\/a><\/div>\n<div style=\"text-align: justify;\"><\/div>\n<div style=\"text-align: justify;\"><a href=\"https:\/\/educemold.arrova.net\/wp-content\/uploads\/2015\/04\/Erasmus.pdf\" target=\"_blank\">&#8211; Llegir la Carta ERASMUS otorgada a EDUCEM.<\/a><\/div>\n<div style=\"text-align: justify;\"><\/div>\n<div style=\"text-align: justify;\"><a href=\"http:\/\/www.educem.com\/web_original\/userfiles\/Circular%20ERasmus.pdf\" target=\"_blank\">&#8211; Llegir l&#8217;Article: &#8220;L&#8217;escola EDUCEM obt\u00e9 la Carta Erasmus Universit\u00e0ria&#8221;<\/a><\/div>\n<div style=\"text-align: justify;\"><\/div>\n<div style=\"text-align: justify;\"><\/div>\n<div style=\"text-align: justify;\"><\/div>\n<div style=\"text-align: justify;\"><\/div>\n<\/div><div class=\"fusion-sep-clear\"><\/div><div class=\"fusion-separator fusion-full-width-sep sep-none\" style=\"margin-left: auto;margin-right: auto;margin-top:0px;margin-bottom:20px;\"><\/div><div class=\"fusion-text\"><p>Educem Centres d&#8217;Ensenyament es titular de la Carta Erasmus +, y para dar a conocer nuestra pol\u00edtica de internacionalizaci\u00f3n publicamos la Declaraci\u00f3n de Pol\u00edtica Erasmus del Centro:<\/p>\n<div style=\"text-align: justify;\"><\/div>\n<div style=\"text-align: justify;\"><\/div>\n<div style=\"text-align: justify;\">&#8211; <a href=\"https:\/\/educemold.arrova.net\/wp-content\/uploads\/2015\/04\/Declaraci\u00f3-pol\u00edtica-Erasmus-EDUCEM-2014.pdf\">Declaraci\u00f3 pol\u00edtica Erasmus EDUCEM 2014<\/a><\/div>\n<div style=\"text-align: justify;\"><\/div>\n<div style=\"text-align: justify;\"><\/div>\n<\/div><div class=\"fusion-clearfix\"><\/div><\/div><\/div><div  class=\"fusion-layout-column fusion_builder_column fusion_builder_column_1_2 fusion-builder-column-3 fusion-one-half fusion-column-last 1_2\"  style='margin-top:0px;margin-bottom:20px;width:48%'><div class=\"fusion-column-wrapper\" style=\"background-position:left top;background-repeat:no-repeat;-webkit-background-size:cover;-moz-background-size:cover;-o-background-size:cover;background-size:cover;\"   data-bg-url=\"\"><div class=\"fusion-text\"><div id=\"attachment_12550\" style=\"width: 610px\" class=\"wp-caption aligncenter\"><a href=\"https:\/\/educemold.arrova.net\/wp-content\/uploads\/2015\/04\/erasmus_logo.jpg\"><img aria-describedby=\"caption-attachment-12550\" loading=\"lazy\" class=\"size-full wp-image-12550\" src=\"https:\/\/educemold.arrova.net\/wp-content\/uploads\/2015\/04\/erasmus_logo.jpg\" alt=\"EDUCEM Centres d'Ensenyament ha aconseguit la Carta Erasmus Universit\u00e0ria, que t\u00e9 com a finalitat que l\u2019alumnat de cicles formatius de grau superior pugui realitzar pr\u00e0ctiques en una empresa o organitzaci\u00f3 d\u2019un altre pa\u00eds europeu.\" width=\"600\" height=\"295\" srcset=\"https:\/\/educemold.arrova.net\/wp-content\/uploads\/2015\/04\/erasmus_logo-300x148.jpg 300w, https:\/\/educemold.arrova.net\/wp-content\/uploads\/2015\/04\/erasmus_logo.jpg 600w\" sizes=\"(max-width: 600px) 100vw, 600px\" \/><\/a><p id=\"caption-attachment-12550\" class=\"wp-caption-text\"><\/p>\n<h4>EDUCEM Centres d&#8217;Ensenyament ha conseguido la Carta Erasmus Universitaria, que tiene como finalidad que el alumnado de ciclos formativos de grado superior pueda realizar pr\u00e1cticas en una empresa u organizaci\u00f3n de otro pa\u00eds europeo.<\/h4>\n<p><\/p><\/div>\n<\/div><div class=\"fusion-clearfix\"><\/div><\/div><\/div><\/div><\/div><div class=\"fusion-fullwidth fullwidth-box fusion-builder-row-3 hundred-percent-fullwidth non-hundred-percent-height-scrolling\"  style='background-color: rgba(255,255,255,0);background-position: center center;background-repeat: no-repeat;padding-top:0px;padding-right:30px;padding-bottom:0px;padding-left:30px;'><div class=\"fusion-builder-row fusion-row \"><div  class=\"fusion-layout-column fusion_builder_column fusion_builder_column_1_1 fusion-builder-column-4 fusion-one-full fusion-column-first fusion-column-last fusion-column-no-min-height 1_1\"  style='margin-top:0px;margin-bottom:0px;'><div class=\"fusion-column-wrapper\" style=\"background-position:left top;background-repeat:no-repeat;-webkit-background-size:cover;-moz-background-size:cover;-o-background-size:cover;background-size:cover;\"   data-bg-url=\"\"><div class=\"fusion-image-carousel fusion-image-carousel-fixed lightbox-enabled fusion-carousel-border\"><div class=\"fusion-carousel\" data-autoplay=\"no\" data-columns=\"5\" data-itemmargin=\"13\" data-itemwidth=\"180\" data-touchscroll=\"no\" data-imagesize=\"fixed\"><div class=\"fusion-carousel-positioner\"><ul class=\"fusion-carousel-holder\"><li class=\"fusion-carousel-item\"><div class=\"fusion-carousel-item-wrapper\"><div class=\"fusion-image-wrapper hover-type-none\"><a data-rel=\"iLightbox[image_carousel_1]\" target=\"_self\"><img src=\"\" alt=\"\"\/><\/a><\/div><\/div><\/li><\/ul><div class=\"fusion-carousel-nav\"><span class=\"fusion-nav-prev\"><\/span><span class=\"fusion-nav-next\"><\/span><\/div><\/div><\/div><\/div><div class=\"fusion-clearfix\"><\/div><\/div><\/div><\/div><\/div><\/p>\n","protected":false},"excerpt":{"rendered":"","protected":false},"author":1,"featured_media":0,"parent":13908,"menu_order":0,"comment_status":"closed","ping_status":"closed","template":"100-width.php","meta":[],"aioseo_notices":[],"_links":{"self":[{"href":"https:\/\/educemold.arrova.net\/es\/wp-json\/wp\/v2\/pages\/13772"}],"collection":[{"href":"https:\/\/educemold.arrova.net\/es\/wp-json\/wp\/v2\/pages"}],"about":[{"href":"https:\/\/educemold.arrova.net\/es\/wp-json\/wp\/v2\/types\/page"}],"author":[{"embeddable":true,"href":"https:\/\/educemold.arrova.net\/es\/wp-json\/wp\/v2\/users\/1"}],"replies":[{"embeddable":true,"href":"https:\/\/educemold.arrova.net\/es\/wp-json\/wp\/v2\/comments?post=13772"}],"version-history":[{"count":5,"href":"https:\/\/educemold.arrova.net\/es\/wp-json\/wp\/v2\/pages\/13772\/revisions"}],"predecessor-version":[{"id":16100,"href":"https:\/\/educemold.arrova.net\/es\/wp-json\/wp\/v2\/pages\/13772\/revisions\/16100"}],"up":[{"embeddable":true,"href":"https:\/\/educemold.arrova.net\/es\/wp-json\/wp\/v2\/pages\/13908"}],"wp:attachment":[{"href":"https:\/\/educemold.arrova.net\/es\/wp-json\/wp\/v2\/media?parent=13772"}],"curies":[{"name":"wp","href":"https:\/\/api.w.org\/{rel}","templated":true}]}}