{"id":13786,"date":"2015-09-09T15:32:21","date_gmt":"2015-09-09T13:32:21","guid":{"rendered":"https:\/\/educemold.arrova.net\/primaria-i-eso-menjador-2\/"},"modified":"2023-09-04T13:34:58","modified_gmt":"2023-09-04T11:34:58","slug":"primaria-y-eso-comedor-escolar","status":"publish","type":"page","link":"https:\/\/educemold.arrova.net\/es\/primaria-y-eso-comedor-escolar\/","title":{"rendered":"Primaria y ESO &#8211; Comedor Escolar"},"content":{"rendered":"<div class=\"fusion-fullwidth fullwidth-box fusion-builder-row-1 nonhundred-percent-fullwidth non-hundred-percent-height-scrolling\"  style='background-color: rgba(255,255,255,0);background-position: left top;background-repeat: no-repeat;padding-top:20px;padding-right:0px;padding-bottom:20px;padding-left:0px;border-top-width:0px;border-bottom-width:0px;border-color:#eae9e9;border-top-style:solid;border-bottom-style:solid;'><div class=\"fusion-builder-row fusion-row \"><div  class=\"fusion-layout-column fusion_builder_column fusion_builder_column_1_2 fusion-builder-column-0 fusion-one-half fusion-column-first 1_2\"  style='margin-top:0px;margin-bottom:20px;width:48%; margin-right: 4%;'><div class=\"fusion-column-wrapper\" style=\"background-color:#efefef;padding: 20px 20px 20px 20px;background-position:left top;background-repeat:no-repeat;-webkit-background-size:cover;-moz-background-size:cover;-o-background-size:cover;background-size:cover;\"   data-bg-url=\"\"><div class=\"fusion-text\"><p style=\"text-align: center;\"><a href=\"https:\/\/educemold.arrova.net\/wp-content\/uploads\/2023\/09\/Menu-1T-Escola-Educem.pdf\" target=\"_blank\" rel=\"noopener noreferrer\"><span style=\"color: #0d26c6;\">Descarga el<\/span> <strong>MEN\u00da de Primaria y ES<\/strong><strong>O<\/strong><strong> \u2013 1r Trimestre curso 2023-24 <\/strong><\/a><\/p>\n<\/div><div class=\"fusion-text\"><p><a href=\"https:\/\/educemold.arrova.net\/wp-content\/uploads\/2023\/09\/Menu-1T-Escola-Educem.pdf\" target=\"_blank\" rel=\"noopener noreferrer\"><img loading=\"lazy\" class=\"alignnone size-full wp-image-15615\" src=\"https:\/\/educemold.arrova.net\/wp-content\/uploads\/2023\/09\/portada-menu-2023.png\" alt=\"0001\" width=\"3508\" height=\"2481\" \/><\/a><\/p>\n<\/div><div class=\"fusion-sep-clear\"><\/div><div class=\"fusion-separator fusion-full-width-sep sep-none\" style=\"margin-left: auto;margin-right: auto;margin-top:20px;margin-bottom:20px;\"><\/div><div class=\"fusion-sep-clear\"><\/div><div class=\"fusion-separator fusion-full-width-sep sep-none\" style=\"margin-left: auto;margin-right: auto;margin-top:20px;margin-bottom:20px;\"><\/div><div class=\"fusion-sep-clear\"><\/div><div class=\"fusion-separator fusion-full-width-sep sep-none\" style=\"margin-left: auto;margin-right: auto;margin-top:20px;margin-bottom:20px;\"><\/div><div class=\"fusion-sep-clear\"><\/div><div class=\"fusion-separator fusion-full-width-sep sep-none\" style=\"margin-left: auto;margin-right: auto;margin-top:20px;margin-bottom:20px;\"><\/div><div class=\"fusion-sep-clear\"><\/div><div class=\"fusion-separator fusion-full-width-sep sep-none\" style=\"margin-left: auto;margin-right: auto;margin-top:20px;margin-bottom:20px;\"><\/div><div class=\"fusion-sep-clear\"><\/div><div class=\"fusion-separator fusion-full-width-sep sep-none\" style=\"margin-left: auto;margin-right: auto;margin-top:20px;margin-bottom:20px;\"><\/div><div class=\"fusion-text\"><p style=\"text-align: center;\"><strong>\u00a0<\/strong><\/p>\n<\/div><div class=\"fusion-text\"><p>&nbsp;<\/p>\n<\/div><div class=\"fusion-text\"><p style=\"text-align: center;\"><strong>\u00a0<\/strong><\/p>\n<\/div><div class=\"fusion-text\"><p>&nbsp;<\/p>\n<\/div><div class=\"fusion-text\"><\/div><div class=\"fusion-text\"><p>&nbsp;<\/p>\n<\/div><div class=\"fusion-text\"><p style=\"text-align: center;\"><strong>\u00a0<\/strong><\/p>\n<\/div><div class=\"fusion-text\"><p>&nbsp;<\/p>\n<\/div><div class=\"fusion-text\"><p style=\"text-align: center;\"><strong>\u00a0<\/strong><\/p>\n<\/div><div class=\"fusion-text\"><p>&nbsp;<\/p>\n<\/div><div class=\"fusion-clearfix\"><\/div><\/div><\/div><div  class=\"fusion-layout-column fusion_builder_column fusion_builder_column_1_2 fusion-builder-column-1 fusion-one-half fusion-column-last 1_2\"  style='margin-top:0px;margin-bottom:20px;width:48%'><div class=\"fusion-column-wrapper\" style=\"padding: 0px 0px 0px 0px;background-position:left top;background-repeat:no-repeat;-webkit-background-size:cover;-moz-background-size:cover;-o-background-size:cover;background-size:cover;\"   data-bg-url=\"\"><div class=\"fusion-text\"><h3 style=\"text-align: center;\">ASPECTOS EDUCATIVOS<\/h3>\n<\/div><div class=\"fusion-sep-clear\"><\/div><div class=\"fusion-separator fusion-full-width-sep sep-single sep-solid\" style=\"border-color:#e65a0c;border-top-width:1px;margin-left: auto;margin-right: auto;margin-top:0px;margin-bottom:10px;\"><\/div><div class=\"fusion-text\"><p>El servicio de Comedor Escolar tiene esencialmente caracter\u00edsticas educativas. Por otra parte, consideramos importante la labor asistencial que el Comedor Escolar puede ofrecer a familias.<\/p>\n<\/div><ul class=\"fusion-checklist fusion-checklist-1\" style=\"font-size:13px;line-height:22.1px;\"><li class=\"fusion-li-item\"><span style=\"height:22.1px;width:22.1px;margin-right:9.1px;\" class=\"icon-wrapper circle-no\"><i class=\"fusion-li-icon fa-circle fas\" style=\"color:#e65a0c;\"><\/i><\/span><div class=\"fusion-li-item-content\" style=\"margin-left:31.2px;\">\n<p>Inscripci\u00f3n comedor escolar <a href=\"https:\/\/educemold.arrova.net\/wp-content\/uploads\/2021\/07\/Inscripcio-Menjador-21-22-1.pdf\" target=\"_blank\" rel=\"noopener noreferrer\">DESCARGAR<\/a><\/p>\n<\/div><\/li><li class=\"fusion-li-item\"><span style=\"height:22.1px;width:22.1px;margin-right:9.1px;\" class=\"icon-wrapper circle-no\"><i class=\"fusion-li-icon fa-circle fas\" style=\"color:#e65a0c;\"><\/i><\/span><div class=\"fusion-li-item-content\" style=\"margin-left:31.2px;\">\n<p>Carta informativa alergias <a href=\"https:\/\/educemold.arrova.net\/wp-content\/uploads\/2019\/07\/carta-informativa-alergies-19-20.pdf\" target=\"_blank\" rel=\"noopener noreferrer\">DESCARGAR<\/a><\/p>\n<\/div><\/li><li class=\"fusion-li-item\"><span style=\"height:22.1px;width:22.1px;margin-right:9.1px;\" class=\"icon-wrapper circle-no\"><i class=\"fusion-li-icon fa-circle fas\" style=\"color:#e65a0c;\"><\/i><\/span><div class=\"fusion-li-item-content\" style=\"margin-left:31.2px;\">Ficha comensal educem <a href=\"https:\/\/educemold.arrova.net\/wp-content\/uploads\/2019\/07\/FITXA-COMENSAL-EDUCEM-19-20.pdf\" target=\"_blank\" rel=\"noopener noreferrer\">DESCARGAR<\/a><\/div><\/li><li class=\"fusion-li-item\"><span style=\"height:22.1px;width:22.1px;margin-right:9.1px;\" class=\"icon-wrapper circle-no\"><i class=\"fusion-li-icon fa-circle fas\" style=\"color:#e65a0c;\"><\/i><\/span><div class=\"fusion-li-item-content\" style=\"margin-left:31.2px;\">Propuesta cenas educem <a target=\"_blank\" rel=\"noopener noreferrer\">DESCARGAR<\/a><\/div><\/li><\/ul><div class=\"fusion-text\"><p><strong>OBJETIVOS:<\/strong><\/p>\n<\/div><ul class=\"fusion-checklist fusion-checklist-2\" style=\"font-size:13px;line-height:22.1px;\"><li class=\"fusion-li-item\"><span style=\"height:22.1px;width:22.1px;margin-right:9.1px;\" class=\"icon-wrapper circle-no\"><i class=\"fusion-li-icon fa fa-check-circle\" style=\"color:#e65a0c;\"><\/i><\/span><div class=\"fusion-li-item-content\" style=\"margin-left:31.2px;\">Valorar el acto de comer como una situaci\u00f3n de placer por medio de la cual podemos descubrir sensaciones nuevas y establecer relaciones sociales.<\/div><\/li><li class=\"fusion-li-item\"><span style=\"height:22.1px;width:22.1px;margin-right:9.1px;\" class=\"icon-wrapper circle-no\"><i class=\"fusion-li-icon fa fa-check-circle\" style=\"color:#e65a0c;\"><\/i><\/span><div class=\"fusion-li-item-content\" style=\"margin-left:31.2px;\">Intentar hacer del tiempo de comedor un rato tranquilo y agradable donde cada uno<br \/>\nrespecto a los derechos de los dem\u00e1s.<\/div><\/li><li class=\"fusion-li-item\"><span style=\"height:22.1px;width:22.1px;margin-right:9.1px;\" class=\"icon-wrapper circle-no\"><i class=\"fusion-li-icon fa fa-check-circle\" style=\"color:#e65a0c;\"><\/i><\/span><div class=\"fusion-li-item-content\" style=\"margin-left:31.2px;\">Participar en la elaboraci\u00f3n de pautas de comportamiento relacionadas con la comida, conociendo y aceptando las normas establecidas en nuestro medio sociocultural.<\/div><\/li><li class=\"fusion-li-item\"><span style=\"height:22.1px;width:22.1px;margin-right:9.1px;\" class=\"icon-wrapper circle-no\"><i class=\"fusion-li-icon fa fa-check-circle\" style=\"color:#e65a0c;\"><\/i><\/span><div class=\"fusion-li-item-content\" style=\"margin-left:31.2px;\">Conocer las cualidades de una alimentaci\u00f3n correcta, evitando los errores y los mitos relacionados con la alimentaci\u00f3n.<\/div><\/li><li class=\"fusion-li-item\"><span style=\"height:22.1px;width:22.1px;margin-right:9.1px;\" class=\"icon-wrapper circle-no\"><i class=\"fusion-li-icon fa fa-check-circle\" style=\"color:#e65a0c;\"><\/i><\/span><div class=\"fusion-li-item-content\" style=\"margin-left:31.2px;\">Descubrir las diferentes posibilidades de combinaci\u00f3n y presentaci\u00f3n que tienen los alimentos en nuestra cultura.<\/div><\/li><li class=\"fusion-li-item\"><span style=\"height:22.1px;width:22.1px;margin-right:9.1px;\" class=\"icon-wrapper circle-no\"><i class=\"fusion-li-icon fa fa-check-circle\" style=\"color:#e65a0c;\"><\/i><\/span><div class=\"fusion-li-item-content\" style=\"margin-left:31.2px;\">Observar la influencia de la publicidad en nuestros gustos, elecciones alimentarias y comportamientos, valorando distintas alternativas.<\/div><\/li><li class=\"fusion-li-item\"><span style=\"height:22.1px;width:22.1px;margin-right:9.1px;\" class=\"icon-wrapper circle-no\"><i class=\"fusion-li-icon fa fa-check-circle\" style=\"color:#e65a0c;\"><\/i><\/span><div class=\"fusion-li-item-content\" style=\"margin-left:31.2px;\">Extender el servicio de comedor a todos los alumnos y maestros del Centro que lo<br \/>\nsoliciten.<\/div><\/li><li class=\"fusion-li-item\"><span style=\"height:22.1px;width:22.1px;margin-right:9.1px;\" class=\"icon-wrapper circle-no\"><i class=\"fusion-li-icon fa fa-check-circle\" style=\"color:#e65a0c;\"><\/i><\/span><div class=\"fusion-li-item-content\" style=\"margin-left:31.2px;\">Establecer una coordinaci\u00f3n y una comunicaci\u00f3n entre todas las personas implicadas en las tareas de comedor y los padres de los alumnos.<\/div><\/li><li class=\"fusion-li-item\"><span style=\"height:22.1px;width:22.1px;margin-right:9.1px;\" class=\"icon-wrapper circle-no\"><i class=\"fusion-li-icon fa fa-check-circle\" style=\"color:#e65a0c;\"><\/i><\/span><div class=\"fusion-li-item-content\" style=\"margin-left:31.2px;\">Proteger y dar buen ejemplo a los m\u00e1s peque\u00f1os present\u00e1ndoles ayuda siempre que la<br \/>\nnecesiten.<\/div><\/li><\/ul><div class=\"fusion-text\"><h2 style=\"text-align: center;\">INFORMACI\u00d3N A LAS FAM\u00cdLIAS<\/h2>\n<\/div><div class=\"fusion-sep-clear\"><\/div><div class=\"fusion-separator fusion-full-width-sep sep-single sep-solid\" style=\"border-color:#e65a0c;border-top-width:1px;margin-left: auto;margin-right: auto;margin-top:0px;margin-bottom:20px;\"><\/div><div class=\"fusion-text\"><p>Mensualmente las familias pueden consultar a trav\u00e9s de nuestra p\u00e1gina Web la programaci\u00f3n de men\u00fas que se servir\u00e1n en el Centro, de este modo tienen facilidad para organizar en casa el resto de comidas de manera que puedan completar una alimentaci\u00f3n equilibrada. Las familias pueden solicitar un men\u00fa de r\u00e9gimen si su hijo \/ hija lo necesite, siempre recomendado por el m\u00e9dico. Si alg\u00fan ni\u00f1o \/ a se considera que no ha comido lo suficiente, se informa por agenda.<\/p>\n<p>Trimestralmente, los alumnos que se queden regularmente a comer, <em>se les entregar\u00e1 una valoraci\u00f3n a trav\u00e9s de una ficha de observaci\u00f3n,<\/em> para poder informar a las familias del seguimiento de su hijo \/ a.<\/p>\n<p>Los alumnos que se quedan regularmente <span style=\"text-decoration: underline;\">deben llevar un cepillo y pasta de dientes en una peque\u00f1a bolsa y con su nombre.<\/span> El importe diario de la media pensi\u00f3n <em>es de 9 euros \/ d\u00eda que incluye la comida, las horas y servicio de monitorizaci\u00f3n.<\/em> El pago se har\u00e1 preferentemente por domiciliaci\u00f3n bancaria a fin de mes, salvo los alumnos eventuales que lo realizar\u00e1n en efectivo en secretar\u00eda.<\/p>\n<\/div><div class=\"fusion-clearfix\"><\/div><\/div><\/div><div  class=\"fusion-layout-column fusion_builder_column fusion_builder_column_1_2 fusion-builder-column-2 fusion-one-half fusion-column-first 1_2\"  style='margin-top:0px;margin-bottom:20px;width:48%; margin-right: 4%;'><div class=\"fusion-column-wrapper\" style=\"background-color:#efefef;padding: 20px 20px 20px 20px;background-position:left top;background-repeat:no-repeat;-webkit-background-size:cover;-moz-background-size:cover;-o-background-size:cover;background-size:cover;\"   data-bg-url=\"\"><div class=\"fusion-clearfix\"><\/div><\/div><\/div><\/div><\/div>\n","protected":false},"excerpt":{"rendered":"","protected":false},"author":5,"featured_media":0,"parent":0,"menu_order":0,"comment_status":"open","ping_status":"open","template":"","meta":[],"aioseo_notices":[],"_links":{"self":[{"href":"https:\/\/educemold.arrova.net\/es\/wp-json\/wp\/v2\/pages\/13786"}],"collection":[{"href":"https:\/\/educemold.arrova.net\/es\/wp-json\/wp\/v2\/pages"}],"about":[{"href":"https:\/\/educemold.arrova.net\/es\/wp-json\/wp\/v2\/types\/page"}],"author":[{"embeddable":true,"href":"https:\/\/educemold.arrova.net\/es\/wp-json\/wp\/v2\/users\/5"}],"replies":[{"embeddable":true,"href":"https:\/\/educemold.arrova.net\/es\/wp-json\/wp\/v2\/comments?post=13786"}],"version-history":[{"count":80,"href":"https:\/\/educemold.arrova.net\/es\/wp-json\/wp\/v2\/pages\/13786\/revisions"}],"predecessor-version":[{"id":23705,"href":"https:\/\/educemold.arrova.net\/es\/wp-json\/wp\/v2\/pages\/13786\/revisions\/23705"}],"wp:attachment":[{"href":"https:\/\/educemold.arrova.net\/es\/wp-json\/wp\/v2\/media?parent=13786"}],"curies":[{"name":"wp","href":"https:\/\/api.w.org\/{rel}","templated":true}]}}