{"id":13792,"date":"2015-07-06T11:31:03","date_gmt":"2015-07-06T11:31:03","guid":{"rendered":"https:\/\/educemold.arrova.net\/?page_id=13792"},"modified":"2023-10-06T14:22:08","modified_gmt":"2023-10-06T12:22:08","slug":"libros-de-texto","status":"publish","type":"page","link":"https:\/\/educemold.arrova.net\/es\/comunidades\/libros-de-texto\/","title":{"rendered":"Libros de texto"},"content":{"rendered":"<p><div class=\"fusion-fullwidth fullwidth-box fusion-builder-row-1 nonhundred-percent-fullwidth non-hundred-percent-height-scrolling\"  style='background-color: rgba(255,255,255,0);background-position: left top;background-repeat: no-repeat;padding-top:20px;padding-right:0px;padding-bottom:20px;padding-left:0px;border-top-width:0px;border-bottom-width:0px;border-color:#eae9e9;border-top-style:solid;border-bottom-style:solid;'><div class=\"fusion-builder-row fusion-row \"><div  class=\"fusion-layout-column fusion_builder_column fusion_builder_column_1_1 fusion-builder-column-0 fusion-one-full fusion-column-first fusion-column-last fusion-column-no-min-height 1_1\"  style='margin-top:0px;margin-bottom:0px;'><div class=\"fusion-column-wrapper\" style=\"padding: 0px 0px 0px 0px;background-position:left top;background-repeat:no-repeat;-webkit-background-size:cover;-moz-background-size:cover;-o-background-size:cover;background-size:cover;\"   data-bg-url=\"\"><span class=\"fusion-imageframe imageframe-none imageframe-1 hover-type-none\"><img loading=\"lazy\" src=\"https:\/\/educemold.arrova.net\/wp-content\/uploads\/2015\/05\/20140218_EDUCEM-092_Fulleto_2.jpg\" width=\"2402\" height=\"767\" alt=\"\" title=\"20140218_EDUCEM-092_Fulleto_2\" class=\"img-responsive wp-image-12642\"\/><\/span><div class=\"fusion-clearfix\"><\/div><\/div><\/div><\/div><\/div><div class=\"fusion-fullwidth fullwidth-box fusion-builder-row-2 nonhundred-percent-fullwidth non-hundred-percent-height-scrolling\"  style='background-color: rgba(255,255,255,0);background-position: left top;background-repeat: no-repeat;padding-top:20px;padding-right:0px;padding-bottom:20px;padding-left:0px;border-top-width:0px;border-bottom-width:0px;border-color:#eae9e9;border-top-style:solid;border-bottom-style:solid;'><div class=\"fusion-builder-row fusion-row \"><div  class=\"fusion-layout-column fusion_builder_column fusion_builder_column_1_4 fusion-builder-column-1 fusion-one-fourth fusion-column-first 1_4\"  style='margin-top:0px;margin-bottom:20px;width:22%; margin-right: 4%;'><div class=\"fusion-column-wrapper\" style=\"padding: 0px 0px 0px 0px;background-position:left top;background-repeat:no-repeat;-webkit-background-size:cover;-moz-background-size:cover;-o-background-size:cover;background-size:cover;\"   data-bg-url=\"\"><div class=\"fusion-text\"><h3>INFORMACI\u00d3N SOBRE LIBROS DE TEXTO, CURSO 2023 &#8211; 2024<\/h3>\n<p>Aqu\u00ed encontrar\u00e9is archivos descargables con las referencias de los libros de texto de cada etapa educativa.<\/p>\n<p>En caso de necesitar alguna informaci\u00f3n adicional, contactad con el centro de educaci\u00f3n primaria (pesta\u00f1a &#8220;D\u00d3NDE ESTAMOS&#8221; del men\u00fa principal).<\/p>\n<\/div><div class=\"fusion-clearfix\"><\/div><\/div><\/div><div  class=\"fusion-layout-column fusion_builder_column fusion_builder_column_3_4 fusion-builder-column-2 fusion-three-fourth fusion-column-last 3_4\"  style='margin-top:0px;margin-bottom:20px;width:74%'><div class=\"fusion-column-wrapper\" style=\"padding: 0px 0px 0px 0px;background-position:left top;background-repeat:no-repeat;-webkit-background-size:cover;-moz-background-size:cover;-o-background-size:cover;background-size:cover;\"   data-bg-url=\"\"><div class=\"fusion-tabs fusion-tabs-1 classic horizontal-tabs icon-position-left\"><style type=\"text\/css\">.fusion-tabs.fusion-tabs-1 .nav-tabs li a.tab-link{border-top-color:#ffffff;background-color:#ffffff;}.fusion-tabs.fusion-tabs-1 .nav-tabs{background-color:#fde7d1;}.fusion-tabs.fusion-tabs-1 .nav-tabs li.active a.tab-link,.fusion-tabs.fusion-tabs-1 .nav-tabs li.active a.tab-link:hover,.fusion-tabs.fusion-tabs-1 .nav-tabs li.active a.tab-link:focus{border-right-color:#fde7d1;}.fusion-tabs.fusion-tabs-1 .nav-tabs li.active a.tab-link,.fusion-tabs.fusion-tabs-1 .nav-tabs li.active a.tab-link:hover,.fusion-tabs.fusion-tabs-1 .nav-tabs li.active a.tab-link:focus{background-color:#fde7d1;}.fusion-tabs.fusion-tabs-1 .nav-tabs li a:hover{background-color:#fde7d1;border-top-color:#fde7d1;}.fusion-tabs.fusion-tabs-1 .tab-pane{background-color:#fde7d1;}.fusion-tabs.fusion-tabs-1 .nav,.fusion-tabs.fusion-tabs-1 .nav-tabs,.fusion-tabs.fusion-tabs-1 .tab-content .tab-pane{border-color:#fde7d1;}<\/style><div class=\"nav\"><ul class=\"nav-tabs nav-justified\"><li class=\"active\"><a class=\"tab-link\" data-toggle=\"tab\" id=\"fusion-tab-educaci\u00d3ninfantil\" href=\"#tab-d92ec2587d3ae9666f1\"><h4 class=\"fusion-tab-heading\">EDUCACI\u00d3N INFANTIL <\/h4><\/a><\/li><li><a class=\"tab-link\" data-toggle=\"tab\" id=\"fusion-tab-educaci\u00d3nprimaria\" href=\"#tab-956721237e8a8f17139\"><h4 class=\"fusion-tab-heading\">EDUCACI\u00d3N PRIMARIA<\/h4><\/a><\/li><li><a class=\"tab-link\" data-toggle=\"tab\" id=\"fusion-tab-educaci\u00d3nsecundariaobligatoria(eso)\" href=\"#tab-5c2cc323ae01622813a\"><h4 class=\"fusion-tab-heading\">EDUCACI\u00d3N SECUNDARIA OBLIGATORIA (ESO)<\/h4><\/a><\/li><li><a class=\"tab-link\" data-toggle=\"tab\" id=\"fusion-tab-bachillerato\" href=\"#tab-6e60e7a2b6f3721e053\"><h4 class=\"fusion-tab-heading\">BACHILLERATO<\/h4><\/a><\/li><li><a class=\"tab-link\" data-toggle=\"tab\" id=\"fusion-tab-ciclosformativos\" href=\"#tab-fef898c10398541176a\"><h4 class=\"fusion-tab-heading\">CICLOS FORMATIVOS<\/h4><\/a><\/li><li><a class=\"tab-link\" data-toggle=\"tab\" id=\"fusion-tab-escueladeadultos(ges,ppasycas)\" href=\"#tab-636c4c06e47ad9fb934\"><h4 class=\"fusion-tab-heading\">ESCUELA DE ADULTOS(GES,PPAS y CAS)<\/h4><\/a><\/li><\/ul><\/div><div class=\"tab-content\"><div class=\"nav fusion-mobile-tab-nav\"><ul class=\"nav-tabs nav-justified\"><li class=\"active\"><a class=\"tab-link\" data-toggle=\"tab\" id=\"mobile-fusion-tab-educaci\u00d3ninfantil\" href=\"#tab-d92ec2587d3ae9666f1\"><h4 class=\"fusion-tab-heading\">EDUCACI\u00d3N INFANTIL <\/h4><\/a><\/li><\/ul><\/div><div class=\"tab-pane fade fusion-clearfix in active\" id=\"tab-d92ec2587d3ae9666f1\"><strong>* P-3<\/strong><br \/>\n&gt;&gt;&gt; Listado de libros de texto para el curso 2023-2024&#8230;&#8230;&#8230;&#8230;&#8230;&#8230;&#8230;<a href=\"https:\/\/educemold.arrova.net\/wp-content\/uploads\/2023\/07\/EDUCACIO\u0301-INFANTIL-2023-24-I3.pdf\" target=\"_blank\" rel=\"noopener noreferrer\">DESCARGAR <\/a><\/p>\n<p><strong>* P-4<\/strong><br \/>\n&gt;&gt;&gt; Listado de libros de texto para el curso 2023-2024&#8230;&#8230;&#8230;&#8230;&#8230;&#8230;&#8230;<a href=\"https:\/\/educemold.arrova.net\/wp-content\/uploads\/2023\/07\/EDUCACIO\u0301-INFANTIL-2023-24-I4.pdf\" target=\"_blank\" rel=\"noopener noreferrer\">DESCARGAR <\/a><\/p>\n<p><strong>* P-5<\/strong><br \/>\n&gt;&gt;&gt; Listado de libros de texto para el curso 2023-2024&#8230;&#8230;&#8230;&#8230;&#8230;&#8230;&#8230;<a href=\"https:\/\/educemold.arrova.net\/wp-content\/uploads\/2023\/07\/EDUCACIO\u0301-INFANTIL-2023-24-I5.pdf\" target=\"_blank\" rel=\"noopener noreferrer\">DESCARGAR <\/a><\/div><div class=\"nav fusion-mobile-tab-nav\"><ul class=\"nav-tabs nav-justified\"><li><a class=\"tab-link\" data-toggle=\"tab\" id=\"mobile-fusion-tab-educaci\u00d3nprimaria\" href=\"#tab-956721237e8a8f17139\"><h4 class=\"fusion-tab-heading\">EDUCACI\u00d3N PRIMARIA<\/h4><\/a><\/li><\/ul><\/div><div class=\"tab-pane fade fusion-clearfix\" id=\"tab-956721237e8a8f17139\"><strong>* CICLO INICIAL 1\u00ba<\/strong><br \/>\n&gt;&gt;&gt; Listado de libros de texto para el curso 2023-2024&#8230;&#8230;&#8230;&#8230;&#8230;&#8230;&#8230;&#8230;&#8230;&#8230;&#8230;<a href=\"https:\/\/educemold.arrova.net\/wp-content\/uploads\/2023\/07\/Llibres-i-material-1r-dEP.pdf\" target=\"_blank\" rel=\"noopener noreferrer\">DESCARGAR <\/a><\/p>\n<p><strong>* CICLO INICIAL 2\u00ba<\/strong><br \/>\n&gt;&gt;&gt; Listado de libros de texto para el curso 2023-2024&#8230;&#8230;&#8230;&#8230;&#8230;&#8230;&#8230;&#8230;&#8230;&#8230;&#8230;<a href=\"https:\/\/educemold.arrova.net\/wp-content\/uploads\/2023\/07\/Llibres-i-material-2n-dEP.pdf\" target=\"_blank\" rel=\"noopener noreferrer\">DESCARGAR <\/a><\/p>\n<p><strong>* CICLO MEDIO 3\u00ba<\/strong><br \/>\n&gt;&gt;&gt; Listado de libros de texto para el curso 2023-2024&#8230;&#8230;&#8230;&#8230;&#8230;&#8230;&#8230;&#8230;&#8230;&#8230;&#8230;<a href=\"https:\/\/educemold.arrova.net\/wp-content\/uploads\/2023\/07\/Llibres-i-material-3r-dEP.pdf\" target=\"_blank\" rel=\"noopener noreferrer\">DESCARGAR <\/a><\/p>\n<p><strong>* CICLO MEDIO 4\u00ba<\/strong><br \/>\n&gt;&gt;&gt; Listado de libros de texto para el curso 2023-2024&#8230;&#8230;&#8230;&#8230;&#8230;&#8230;&#8230;&#8230;&#8230;&#8230;&#8230;<a href=\"https:\/\/educemold.arrova.net\/wp-content\/uploads\/2023\/07\/Llibres-i-material-4t-dEP.pdf\" target=\"_blank\" rel=\"noopener noreferrer\">DESCARGAR <\/a><\/p>\n<p><strong>* CICLO SUPERIOR 5\u00ba<\/strong><br \/>\n&gt;&gt;&gt; Listado de libros de texto para el curso 2023-2024&#8230;&#8230;&#8230;&#8230;&#8230;&#8230;&#8230;&#8230;&#8230;&#8230;&#8230;<a href=\"https:\/\/educemold.arrova.net\/wp-content\/uploads\/2023\/07\/Llibres-i-material-5e-dEP.pdf\" target=\"_blank\" rel=\"noopener noreferrer\">DESCARGAR <\/a><\/p>\n<p><strong>* CICLO SUPERIOR 6\u00ba<\/strong><br \/>\n&gt;&gt;&gt; Listado de libros de texto para el curso 2023-2024&#8230;&#8230;&#8230;&#8230;&#8230;&#8230;&#8230;&#8230;&#8230;&#8230;&#8230;<a href=\"https:\/\/educemold.arrova.net\/wp-content\/uploads\/2023\/07\/Llibres-i-material-6e-dEP.pdf\" target=\"_blank\" rel=\"noopener noreferrer\">DESCARGAR <\/a><\/div><div class=\"nav fusion-mobile-tab-nav\"><ul class=\"nav-tabs nav-justified\"><li><a class=\"tab-link\" data-toggle=\"tab\" id=\"mobile-fusion-tab-educaci\u00d3nsecundariaobligatoria(eso)\" href=\"#tab-5c2cc323ae01622813a\"><h4 class=\"fusion-tab-heading\">EDUCACI\u00d3N SECUNDARIA OBLIGATORIA (ESO)<\/h4><\/a><\/li><\/ul><\/div><div class=\"tab-pane fade fusion-clearfix\" id=\"tab-5c2cc323ae01622813a\">\n<p><strong>* 1\u00ba ESO<\/strong><br \/>\n&gt;&gt;&gt; Listado de libros de texto para el curso 2023-2024&#8230;&#8230;&#8230;&#8230;&#8230;&#8230;&#8230;&#8230;&#8230;&#8230;&#8230;<a href=\"https:\/\/educemold.arrova.net\/wp-content\/uploads\/2023\/07\/ESO-1r-2023-2024-1-1.pdf\" target=\"_blank\" rel=\"noopener noreferrer\">DESCARGAR <\/a><\/p>\n<p><strong>* 2\u00ba ESO<\/strong><br \/>\n&gt;&gt;&gt; Listado de libros de texto para el curso 2023-2024&#8230;&#8230;&#8230;&#8230;&#8230;&#8230;&#8230;&#8230;&#8230;&#8230;&#8230;<a href=\"https:\/\/educemold.arrova.net\/wp-content\/uploads\/2023\/07\/ESO-2n-2023-2024-1.pdf\" target=\"_blank\" rel=\"noopener noreferrer\">DESCARGAR <\/a><\/p>\n<p><strong>* 3\u00ba ESO<\/strong><br \/>\n&gt;&gt;&gt; Listado de libros de texto para el curso 2023-2024&#8230;&#8230;&#8230;&#8230;&#8230;&#8230;&#8230;&#8230;&#8230;&#8230;&#8230;<a href=\"https:\/\/educemold.arrova.net\/wp-content\/uploads\/2023\/07\/ESO-3r-2023-2024-1.pdf\" target=\"_blank\" rel=\"noopener noreferrer\">DESCARGAR <\/a><\/p>\n<p><strong>* 4\u00ba ESO<\/strong><br \/>\n&gt;&gt;&gt; Listado de libros de texto para el curso 2023-2024&#8230;&#8230;&#8230;&#8230;&#8230;&#8230;&#8230;&#8230;&#8230;&#8230;&#8230;<a href=\"https:\/\/educemold.arrova.net\/wp-content\/uploads\/2023\/07\/ESO-4t-2023-2024-1.pdf\" target=\"_blank\" rel=\"noopener noreferrer\">DESCARGAR <\/a><\/p>\n<\/div><div class=\"nav fusion-mobile-tab-nav\"><ul class=\"nav-tabs nav-justified\"><li><a class=\"tab-link\" data-toggle=\"tab\" id=\"mobile-fusion-tab-bachillerato\" href=\"#tab-6e60e7a2b6f3721e053\"><h4 class=\"fusion-tab-heading\">BACHILLERATO<\/h4><\/a><\/li><\/ul><\/div><div class=\"tab-pane fade fusion-clearfix\" id=\"tab-6e60e7a2b6f3721e053\">\n<p><strong>* 1\u00ba de Bachillerato y 2\u00ba de Bachillerato<\/strong><br \/>\n&gt;&gt;&gt; Listado de libros de texto para el curso 2023-2024&#8230;&#8230;&#8230;&#8230;&#8230;&#8230;&#8230;&#8230;&#8230;&#8230;&#8230;<a href=\"https:\/\/educemold.arrova.net\/wp-content\/uploads\/2023\/07\/BATXILLERAT-2023-2024.pdf\" target=\"_blank\" rel=\"noopener noreferrer\">DESCARGAR <\/a><\/p>\n<\/div><div class=\"nav fusion-mobile-tab-nav\"><ul class=\"nav-tabs nav-justified\"><li><a class=\"tab-link\" data-toggle=\"tab\" id=\"mobile-fusion-tab-ciclosformativos\" href=\"#tab-fef898c10398541176a\"><h4 class=\"fusion-tab-heading\">CICLOS FORMATIVOS<\/h4><\/a><\/li><\/ul><\/div><div class=\"tab-pane fade fusion-clearfix\" id=\"tab-fef898c10398541176a\">\n<p>&gt;&gt;&gt; <strong>Listado de libros de texto para el curso 2023-2024<\/strong>&#8230;&#8230;&#8230;&#8230;&#8230;&#8230;&#8230;&#8230;&#8230;&#8230;&#8230;<a href=\"https:\/\/educemold.arrova.net\/wp-content\/uploads\/2023\/10\/CICLES-FORMATIUS-2023-2024_0510.pdf\" target=\"_blank\" rel=\"noopener noreferrer\">DESCARGAR <\/a><\/p>\n<\/div><div class=\"nav fusion-mobile-tab-nav\"><ul class=\"nav-tabs nav-justified\"><li><a class=\"tab-link\" data-toggle=\"tab\" id=\"mobile-fusion-tab-escueladeadultos(ges,ppasycas)\" href=\"#tab-636c4c06e47ad9fb934\"><h4 class=\"fusion-tab-heading\">ESCUELA DE ADULTOS(GES,PPAS y CAS)<\/h4><\/a><\/li><\/ul><\/div><div class=\"tab-pane fade fusion-clearfix\" id=\"tab-636c4c06e47ad9fb934\">\n<p>&gt;&gt;&gt; <strong>Listado de libros de texto para el curso 2023-2024<\/strong>&#8230;&#8230;&#8230;&#8230;&#8230;&#8230;&#8230;&#8230;&#8230;&#8230;&#8230;<a href=\"https:\/\/educemold.arrova.net\/wp-content\/uploads\/2023\/07\/GES-CAS-PPAS-2023-2024.pdf\" target=\"_blank\" rel=\"noopener noreferrer\">DESCARGAR <\/a><\/p>\n<\/div><\/div><\/div><div class=\"fusion-clearfix\"><\/div><\/div><\/div><\/div><\/div><div class=\"fusion-fullwidth fullwidth-box fusion-builder-row-3 hundred-percent-fullwidth non-hundred-percent-height-scrolling\"  style='background-color: rgba(255,255,255,0);background-position: center center;background-repeat: no-repeat;padding-top:0px;padding-right:0px;padding-bottom:0px;padding-left:0px;margin-bottom: 60px;'><div class=\"fusion-builder-row fusion-row \"><div  class=\"fusion-layout-column fusion_builder_column fusion_builder_column_1_1 fusion-builder-column-3 fusion-one-full fusion-column-first fusion-column-last fusion-column-no-min-height 1_1\"  style='margin-top:0px;margin-bottom:0px;'><div class=\"fusion-column-wrapper\" style=\"padding: 0px 0px 0px 0px;background-position:left top;background-repeat:no-repeat;-webkit-background-size:cover;-moz-background-size:cover;-o-background-size:cover;background-size:cover;\"   data-bg-url=\"\"><div class=\"fusion-sep-clear\"><\/div><div class=\"fusion-separator fusion-full-width-sep sep-single sep-solid\" style=\"border-color:#e0dede;border-top-width:1px;margin-left: auto;margin-right: auto;margin-top:;\"><\/div><div class=\"fusion-clearfix\"><\/div><\/div><\/div><\/div><\/div><\/p>\n","protected":false},"excerpt":{"rendered":"","protected":false},"author":1,"featured_media":0,"parent":13872,"menu_order":0,"comment_status":"open","ping_status":"closed","template":"","meta":[],"aioseo_notices":[],"_links":{"self":[{"href":"https:\/\/educemold.arrova.net\/es\/wp-json\/wp\/v2\/pages\/13792"}],"collection":[{"href":"https:\/\/educemold.arrova.net\/es\/wp-json\/wp\/v2\/pages"}],"about":[{"href":"https:\/\/educemold.arrova.net\/es\/wp-json\/wp\/v2\/types\/page"}],"author":[{"embeddable":true,"href":"https:\/\/educemold.arrova.net\/es\/wp-json\/wp\/v2\/users\/1"}],"replies":[{"embeddable":true,"href":"https:\/\/educemold.arrova.net\/es\/wp-json\/wp\/v2\/comments?post=13792"}],"version-history":[{"count":89,"href":"https:\/\/educemold.arrova.net\/es\/wp-json\/wp\/v2\/pages\/13792\/revisions"}],"predecessor-version":[{"id":23845,"href":"https:\/\/educemold.arrova.net\/es\/wp-json\/wp\/v2\/pages\/13792\/revisions\/23845"}],"up":[{"embeddable":true,"href":"https:\/\/educemold.arrova.net\/es\/wp-json\/wp\/v2\/pages\/13872"}],"wp:attachment":[{"href":"https:\/\/educemold.arrova.net\/es\/wp-json\/wp\/v2\/media?parent=13792"}],"curies":[{"name":"wp","href":"https:\/\/api.w.org\/{rel}","templated":true}]}}