{"id":13869,"date":"2015-05-31T14:59:21","date_gmt":"2015-05-31T12:59:21","guid":{"rendered":"https:\/\/educemold.arrova.net\/documentacio-eso-2-2\/"},"modified":"2023-09-08T10:23:59","modified_gmt":"2023-09-08T08:23:59","slug":"documentacion-eso","status":"publish","type":"page","link":"https:\/\/educemold.arrova.net\/es\/documentacion-eso\/","title":{"rendered":"Documentaci\u00f3n &#8211; ESO"},"content":{"rendered":"<p><div class=\"fusion-fullwidth fullwidth-box fusion-builder-row-1 nonhundred-percent-fullwidth non-hundred-percent-height-scrolling\"  style='background-color: rgba(255,255,255,0);background-position: left top;background-repeat: no-repeat;padding-top:20px;padding-right:0px;padding-bottom:20px;padding-left:0px;border-top-width:0px;border-bottom-width:0px;border-color:#eae9e9;border-top-style:solid;border-bottom-style:solid;'><div class=\"fusion-builder-row fusion-row \"><div  class=\"fusion-layout-column fusion_builder_column fusion_builder_column_1_1 fusion-builder-column-0 fusion-one-full fusion-column-first fusion-column-last fusion-column-no-min-height 1_1\"  style='margin-top:0px;margin-bottom:0px;'><div class=\"fusion-column-wrapper\" style=\"padding: 0px 0px 0px 0px;background-position:left top;background-repeat:no-repeat;-webkit-background-size:cover;-moz-background-size:cover;-o-background-size:cover;background-size:cover;\"   data-bg-url=\"\"><span class=\"fusion-imageframe imageframe-none imageframe-1 hover-type-none\"><img loading=\"lazy\" src=\"https:\/\/educemold.arrova.net\/wp-content\/uploads\/2015\/05\/20140218_EDUCEM-092_Fulleto_2.jpg\" width=\"2402\" height=\"767\" alt=\"\" title=\"20140218_EDUCEM-092_Fulleto_2\" class=\"img-responsive wp-image-12642\"\/><\/span><div class=\"fusion-clearfix\"><\/div><\/div><\/div><\/div><\/div><div class=\"fusion-fullwidth fullwidth-box fusion-builder-row-2 hundred-percent-fullwidth non-hundred-percent-height-scrolling\"  style='background-color: rgba(255,255,255,0);background-position: center center;background-repeat: no-repeat;padding-top:0px;padding-right:0px;padding-bottom:0px;padding-left:0px;'><div class=\"fusion-builder-row fusion-row \"><div  class=\"fusion-layout-column fusion_builder_column fusion_builder_column_1_4 fusion-builder-column-1 fusion-one-fourth fusion-column-first 1_4\"  style='margin-top:0px;margin-bottom:20px;width:22%; margin-right: 4%;'><div class=\"fusion-column-wrapper\" style=\"padding: 0px 0px 0px 0px;background-position:left top;background-repeat:no-repeat;-webkit-background-size:cover;-moz-background-size:cover;-o-background-size:cover;background-size:cover;\"   data-bg-url=\"\"><div class=\"fusion-text\"><h3>DOCUMENTACI\u00d3N EDUCACI\u00d3N SECUNDARIA CURSO 2023 &#8211; 24<\/h3>\n<h3>Aqu\u00ed encontrar\u00e9is toda la documentaci\u00f3n en lo referente a esta etapa educativa.<\/h3>\n<p>En caso de necesitar alguna informaci\u00f3n adicional , contact\u00e1is con el centro de Educaci\u00f3n Secundaria (pesta\u00f1a &#8220;QUIEN SOMOS&#8221; del men\u00fa principal).<\/p>\n<\/div><div class=\"fusion-clearfix\"><\/div><\/div><\/div><div  class=\"fusion-layout-column fusion_builder_column fusion_builder_column_3_4 fusion-builder-column-2 fusion-three-fourth fusion-column-last 3_4\"  style='margin-top:0px;margin-bottom:20px;width:74%'><div class=\"fusion-column-wrapper\" style=\"padding: 0px 0px 0px 0px;background-position:left top;background-repeat:no-repeat;-webkit-background-size:cover;-moz-background-size:cover;-o-background-size:cover;background-size:cover;\"   data-bg-url=\"\"><div class=\"fusion-tabs fusion-tabs-1 classic horizontal-tabs icon-position-left\"><style type=\"text\/css\">.fusion-tabs.fusion-tabs-1 .nav-tabs li a.tab-link{border-top-color:#ffffff;background-color:#ffffff;}.fusion-tabs.fusion-tabs-1 .nav-tabs{background-color:#fde7d1;}.fusion-tabs.fusion-tabs-1 .nav-tabs li.active a.tab-link,.fusion-tabs.fusion-tabs-1 .nav-tabs li.active a.tab-link:hover,.fusion-tabs.fusion-tabs-1 .nav-tabs li.active a.tab-link:focus{border-right-color:#fde7d1;}.fusion-tabs.fusion-tabs-1 .nav-tabs li.active a.tab-link,.fusion-tabs.fusion-tabs-1 .nav-tabs li.active a.tab-link:hover,.fusion-tabs.fusion-tabs-1 .nav-tabs li.active a.tab-link:focus{background-color:#fde7d1;}.fusion-tabs.fusion-tabs-1 .nav-tabs li a:hover{background-color:#fde7d1;border-top-color:#fde7d1;}.fusion-tabs.fusion-tabs-1 .tab-pane{background-color:#fde7d1;}.fusion-tabs.fusion-tabs-1 .nav,.fusion-tabs.fusion-tabs-1 .nav-tabs,.fusion-tabs.fusion-tabs-1 .tab-content .tab-pane{border-color:#fde7d1;}<\/style><div class=\"nav\"><ul class=\"nav-tabs nav-justified\"><li class=\"active\"><a class=\"tab-link\" data-toggle=\"tab\" id=\"fusion-tab-normativadelcentro\" href=\"#tab-4066e6ee88ee2ffc7a2\"><h4 class=\"fusion-tab-heading\">NORMATIVA DEL CENTRO<\/h4><\/a><\/li><li><a class=\"tab-link\" data-toggle=\"tab\" id=\"fusion-tab-documentaci\u00d3niniciodecurso\/autorizaciones\" href=\"#tab-6dc670113c4828768d6\"><h4 class=\"fusion-tab-heading\">DOCUMENTACI\u00d3N INICIO DE CURSO \/ AUTORIZACIONES<\/h4><\/a><\/li><li><a class=\"tab-link\" data-toggle=\"tab\" id=\"fusion-tab-circulares\" href=\"#tab-66fb6fb57610157f204\"><h4 class=\"fusion-tab-heading\">CIRCULARES<\/h4><\/a><\/li><li><a class=\"tab-link\" data-toggle=\"tab\" id=\"fusion-tab-salidas\" href=\"#tab-79185c754f5ede19e5f\"><h4 class=\"fusion-tab-heading\">SALIDAS<\/h4><\/a><\/li><li><a class=\"tab-link\" data-toggle=\"tab\" id=\"fusion-tab-doc.m\u00c8dica\" href=\"#tab-5c30b901411e73afac0\"><h4 class=\"fusion-tab-heading\">DOC. M\u00c8DICA<\/h4><\/a><\/li><li><a class=\"tab-link\" data-toggle=\"tab\" id=\"fusion-tab-horarios\" href=\"#tab-ac9b321d0ce65563639\"><h4 class=\"fusion-tab-heading\">HORARIOS<\/h4><\/a><\/li><li><a class=\"tab-link\" data-toggle=\"tab\" id=\"fusion-tab-internet\/im\u00c1genes\" href=\"#tab-0261e469a18201291e9\"><h4 class=\"fusion-tab-heading\">INTERNET\/IM\u00c1GENES<\/h4><\/a><\/li><li><a class=\"tab-link\" data-toggle=\"tab\" id=\"fusion-tab-optativas\" href=\"#tab-f3362338838b16bce31\"><h4 class=\"fusion-tab-heading\">OPTATIVAS<\/h4><\/a><\/li><li><a class=\"tab-link\" data-toggle=\"tab\" id=\"fusion-tab-proyectos\" href=\"#tab-460d3be3f469c20525c\"><h4 class=\"fusion-tab-heading\">PROYECTOS<\/h4><\/a><\/li><\/ul><\/div><div class=\"tab-content\"><div class=\"nav fusion-mobile-tab-nav\"><ul class=\"nav-tabs nav-justified\"><li class=\"active\"><a class=\"tab-link\" data-toggle=\"tab\" id=\"mobile-fusion-tab-normativadelcentro\" href=\"#tab-4066e6ee88ee2ffc7a2\"><h4 class=\"fusion-tab-heading\">NORMATIVA DEL CENTRO<\/h4><\/a><\/li><\/ul><\/div><div class=\"tab-pane fade fusion-clearfix in active\" id=\"tab-4066e6ee88ee2ffc7a2\">\n<p>* Normativa de la Etapa Obligatoria 2023-24\u2026\u2026\u2026\u2026\u2026\u2026.\u2026..\u2026\u2026\u2026.\u2026\u2026..<a href=\"https:\/\/educemold.arrova.net\/wp-content\/uploads\/2023\/09\/Normativa-curs-23-24-EI-EP-i-ESO.pdf\" target=\"_blank\" rel=\"noopener noreferrer\">DESCARGAR <\/a><\/p>\n<p>* Calendario Escolar 2023-24 EDUCEM\u2026\u2026\u2026\u2026\u2026\u2026\u2026.\u2026\u2026..\u2026\u2026\u2026.\u2026\u2026.\u2026.<a href=\"https:\/\/educemold.arrova.net\/wp-content\/uploads\/2023\/07\/calendari-Escolar-23-24-Etapa-obligatoria.pdf\" target=\"_blank\" rel=\"noopener noreferrer\">DESCARGAR <\/a><\/p>\n<\/div><div class=\"nav fusion-mobile-tab-nav\"><ul class=\"nav-tabs nav-justified\"><li><a class=\"tab-link\" data-toggle=\"tab\" id=\"mobile-fusion-tab-documentaci\u00d3niniciodecurso\/autorizaciones\" href=\"#tab-6dc670113c4828768d6\"><h4 class=\"fusion-tab-heading\">DOCUMENTACI\u00d3N INICIO DE CURSO \/ AUTORIZACIONES<\/h4><\/a><\/li><\/ul><\/div><div class=\"tab-pane fade fusion-clearfix\" id=\"tab-6dc670113c4828768d6\">\n<p>* Documentaci\u00f3n a entregar al inicio de curso 23-24 para 1r i 2n ESO\u2026\u2026\u2026\u2026\u2026\u2026\u2026.\u2026\u2026..\u2026\u2026\u2026.\u2026\u2026&#8230;..<a href=\"https:\/\/educemold.arrova.net\/wp-content\/uploads\/2023\/09\/Autoritzacions-inici-de-curs-1r-i-2n-ESO.pdf\" target=\"_blank\" rel=\"noopener noreferrer\">DESCARGAR<\/a><\/p>\n<p>* Documentaci\u00f3n a entregar al inicio de curso 23-24 para 3r i 4t ESO\u2026\u2026\u2026\u2026\u2026\u2026\u2026.\u2026\u2026..\u2026\u2026\u2026.\u2026\u2026&#8230;..<a href=\"https:\/\/educemold.arrova.net\/wp-content\/uploads\/2023\/09\/Autoritzacions-inici-de-curs-3r-i-4tESO.pdf\" target=\"_blank\" rel=\"noopener noreferrer\">DESCARGAR<\/a><\/p>\n<p>* Autorizaci\u00f3n salidas Granollers y normativa\u2026\u2026\u2026\u2026\u2026\u2026\u2026.\u2026\u2026..\u2026\u2026\u2026.\u2026\u2026.\u2026\u2026&#8230;&#8230;&#8230;<a href=\"https:\/\/educemold.arrova.net\/wp-content\/uploads\/2023\/09\/Autoritzacio-sortides-per-Granollers-i-normativa.pdf\" target=\"_blank\" rel=\"noopener noreferrer\">DESCARGAR<\/a><\/p>\n<p>* Autorizaci\u00f3n intervenci\u00f3n DOT, Servicios externos y derivaci\u00f3n a la EAP\u2026\u2026\u2026\u2026&#8230;.<a href=\"https:\/\/educemold.arrova.net\/wp-content\/uploads\/2023\/09\/Autoritzacio-intervencio-DOT-Serveis-externs-i-derivacio-a-lEAP-1.pdf\" target=\"_blank\" rel=\"noopener noreferrer\">DESCARGAR<\/a><\/p>\n<\/div><div class=\"nav fusion-mobile-tab-nav\"><ul class=\"nav-tabs nav-justified\"><li><a class=\"tab-link\" data-toggle=\"tab\" id=\"mobile-fusion-tab-circulares\" href=\"#tab-66fb6fb57610157f204\"><h4 class=\"fusion-tab-heading\">CIRCULARES<\/h4><\/a><\/li><\/ul><\/div><div class=\"tab-pane fade fusion-clearfix\" id=\"tab-66fb6fb57610157f204\">\n<p>* Circular Informativa inicio de curso septiembre curso 2023-24\u2026\u2026\u2026\u2026\u2026\u2026\u2026\u2026\u2026&#8230;<a href=\"https:\/\/educemold.arrova.net\/wp-content\/uploads\/2023\/09\/Informacio-General-pel-curs-2023-24.pdf\" target=\"_blank\" rel=\"noopener noreferrer\">DESCARGAR <\/a><\/p>\n<p>* Carta de compromiso educativo\u2026\u2026\u2026\u2026\u2026&#8230;&#8230;&#8230;&#8230;&#8230;&#8230;&#8230;&#8230;&#8230;&#8230;&#8230;&#8230;&#8230;&#8230;&#8230;&#8230;&#8230;&#8230;&#8230;&#8230;&#8230;..<a href=\"https:\/\/educemold.arrova.net\/wp-content\/uploads\/2023\/09\/Carta-de-compromis-educatiu-2.pdf\" target=\"_blank\" rel=\"noopener noreferrer\">DESCARGAR <\/a><\/p>\n<\/div><div class=\"nav fusion-mobile-tab-nav\"><ul class=\"nav-tabs nav-justified\"><li><a class=\"tab-link\" data-toggle=\"tab\" id=\"mobile-fusion-tab-salidas\" href=\"#tab-79185c754f5ede19e5f\"><h4 class=\"fusion-tab-heading\">SALIDAS<\/h4><\/a><\/li><\/ul><\/div><div class=\"tab-pane fade fusion-clearfix\" id=\"tab-79185c754f5ede19e5f\">\n<p>* Cr\u00e9dito de s\u00edntesis ESO curso 2022-23\u2026\u2026\u2026\u2026\u2026\u2026&#8230;&#8230;..\u2026\u2026\u2026<a target=\"_blank\" rel=\"noopener noreferrer\">DESCARGAR <\/a><\/p>\n<\/div><div class=\"nav fusion-mobile-tab-nav\"><ul class=\"nav-tabs nav-justified\"><li><a class=\"tab-link\" data-toggle=\"tab\" id=\"mobile-fusion-tab-doc.m\u00c8dica\" href=\"#tab-5c30b901411e73afac0\"><h4 class=\"fusion-tab-heading\">DOC. M\u00c8DICA<\/h4><\/a><\/li><\/ul><\/div><div class=\"tab-pane fade fusion-clearfix\" id=\"tab-5c30b901411e73afac0\">* Ficha m\u00e9dica\u2026\u2026\u2026\u2026\u2026\u2026\u2026\u2026&#8230;.\u2026&#8230;&#8230;&#8230;&#8230;&#8230;&#8230;&#8230;&#8230;&#8230;&#8230;&#8230;&#8230;&#8230;&#8230;&#8230;&#8230;&#8230;&#8230;&#8230;&#8230;\u2026\u2026\u2026.<a href=\"https:\/\/educemold.arrova.net\/wp-content\/uploads\/2023\/09\/FITXA-MEDICA.pdf\" target=\"_blank\" rel=\"noopener noreferrer\">DESCARGAR <\/a><\/p>\n<p>* Autorizaci\u00f3n medicamentos\u2026\u2026\u2026\u2026&#8230;\u2026&#8230;&#8230;&#8230;&#8230;&#8230;&#8230;&#8230;&#8230;..\u2026\u2026&#8230;&#8230;&#8230;&#8230;\u2026\u2026\u2026\u2026\u2026<a href=\"https:\/\/educemold.arrova.net\/wp-content\/uploads\/2023\/09\/AUTORITZACIO-MEDICAMENT.pdf\" target=\"_blank\" rel=\"noopener noreferrer\">DESCARGAR <\/a><\/div><div class=\"nav fusion-mobile-tab-nav\"><ul class=\"nav-tabs nav-justified\"><li><a class=\"tab-link\" data-toggle=\"tab\" id=\"mobile-fusion-tab-horarios\" href=\"#tab-ac9b321d0ce65563639\"><h4 class=\"fusion-tab-heading\">HORARIOS<\/h4><\/a><\/li><\/ul><\/div><div class=\"tab-pane fade fusion-clearfix\" id=\"tab-ac9b321d0ce65563639\">\n<p>* Horario 1r. ESO 2023-24\u2026\u2026\u2026\u2026\u2026\u2026&#8230;&#8230;&#8230;&#8230;&#8230;&#8230;&#8230;&#8230;&#8230;..\u2026\u2026\u2026\u2026<a href=\"https:\/\/educemold.arrova.net\/wp-content\/uploads\/2023\/09\/Horari-1r.ESO-2023-24.pdf\" target=\"_blank\" rel=\"noopener noreferrer\">DESCARGAR <\/a><\/p>\n<p>* Horario 2n. ESO 2023-24\u2026\u2026\u2026\u2026\u2026\u2026&#8230;&#8230;&#8230;&#8230;&#8230;&#8230;&#8230;&#8230;&#8230;..\u2026..\u2026\u2026<a href=\"https:\/\/educemold.arrova.net\/wp-content\/uploads\/2023\/09\/Horari-2n.ESO-2023-24.pdf\" target=\"_blank\" rel=\"noopener noreferrer\">DESCARGAR <\/a><\/p>\n<p>* Horario 3r. ESO 2023-24\u2026\u2026\u2026\u2026\u2026\u2026&#8230;&#8230;&#8230;&#8230;&#8230;&#8230;&#8230;&#8230;&#8230;..\u2026\u2026\u2026\u2026<a href=\"https:\/\/educemold.arrova.net\/wp-content\/uploads\/2023\/09\/Horari-3r.ESO-2023-24.doc.pdf\" target=\"_blank\" rel=\"noopener noreferrer\">DESCARGAR <\/a><\/p>\n<p>* Horario 4t. ESO 2023-24\u2026\u2026\u2026\u2026\u2026\u2026&#8230;&#8230;&#8230;&#8230;&#8230;&#8230;&#8230;&#8230;&#8230;..\u2026\u2026\u2026\u2026<a href=\"https:\/\/educemold.arrova.net\/wp-content\/uploads\/2023\/09\/Horari-4t.ESO-2023-24-.pdf\" target=\"_blank\" rel=\"noopener noreferrer\">DESCARGAR <\/a><\/p>\n<\/div><div class=\"nav fusion-mobile-tab-nav\"><ul class=\"nav-tabs nav-justified\"><li><a class=\"tab-link\" data-toggle=\"tab\" id=\"mobile-fusion-tab-internet\/im\u00c1genes\" href=\"#tab-0261e469a18201291e9\"><h4 class=\"fusion-tab-heading\">INTERNET\/IM\u00c1GENES<\/h4><\/a><\/li><\/ul><\/div><div class=\"tab-pane fade fusion-clearfix\" id=\"tab-0261e469a18201291e9\">\n<p>* Autorizaci\u00f3n mayores de 14 a\u00f1os uso internet\u2026\u2026\u2026\u2026\u2026\u2026\u2026\u2026\u2026&#8230;..\u2026&#8230;&#8230;&#8230;&#8230;&#8230;&#8230;&#8230;..<a href=\"https:\/\/educemold.arrova.net\/wp-content\/uploads\/2023\/09\/Autoritzacio-us-internet-majors-14-anys-1.pdf\" target=\"_blank\" rel=\"noopener noreferrer\">DESCARREGAR <\/a><\/p>\n<\/div><div class=\"nav fusion-mobile-tab-nav\"><ul class=\"nav-tabs nav-justified\"><li><a class=\"tab-link\" data-toggle=\"tab\" id=\"mobile-fusion-tab-optativas\" href=\"#tab-f3362338838b16bce31\"><h4 class=\"fusion-tab-heading\">OPTATIVAS<\/h4><\/a><\/li><\/ul><\/div><div class=\"tab-pane fade fusion-clearfix\" id=\"tab-f3362338838b16bce31\">\n<p>* Optativas 1r. ESO 2023-24\u2026\u2026\u2026\u2026\u2026\u2026&#8230;&#8230;&#8230;&#8230;&#8230;&#8230;&#8230;&#8230;&#8230;..\u2026\u2026\u2026\u2026<a href=\"https:\/\/educemold.arrova.net\/wp-content\/uploads\/2023\/09\/Optatives-1r-ESO-2023-24.pdf\" target=\"_blank\" rel=\"noopener noreferrer\">DESCARGAR <\/a><\/p>\n<p>* Optativas 2n. ESO 2023-24\u2026\u2026\u2026\u2026\u2026\u2026&#8230;&#8230;&#8230;&#8230;&#8230;&#8230;&#8230;&#8230;&#8230;..\u2026\u2026..\u2026<a href=\"https:\/\/educemold.arrova.net\/wp-content\/uploads\/2023\/09\/Optatives-2n-ESO-2023-24.pdf\" target=\"_blank\" rel=\"noopener noreferrer\">DESCARGAR <\/a><\/p>\n<p>* Optativas 3r. ESO 2023-24\u2026\u2026\u2026\u2026\u2026\u2026&#8230;&#8230;&#8230;&#8230;&#8230;&#8230;&#8230;&#8230;&#8230;..\u2026\u2026&#8211;\u2026<a href=\"https:\/\/educemold.arrova.net\/wp-content\/uploads\/2023\/09\/Optatives-3r.-ESO-2023-24.pdf\" target=\"_blank\" rel=\"noopener noreferrer\">DESCARGAR <\/a><\/p>\n<p>* Optativas 4t. ESO 2023-24\u2026\u2026\u2026\u2026\u2026\u2026&#8230;&#8230;&#8230;&#8230;&#8230;&#8230;&#8230;&#8230;&#8230;..\u2026\u2026\u2026\u2026<a href=\"https:\/\/educemold.arrova.net\/wp-content\/uploads\/2023\/09\/Optatives-4t-ESO-2023.24.pdf\" target=\"_blank\" rel=\"noopener noreferrer\">DESCARGAR <\/a><\/p>\n<\/div><div class=\"nav fusion-mobile-tab-nav\"><ul class=\"nav-tabs nav-justified\"><li><a class=\"tab-link\" data-toggle=\"tab\" id=\"mobile-fusion-tab-proyectos\" href=\"#tab-460d3be3f469c20525c\"><h4 class=\"fusion-tab-heading\">PROYECTOS<\/h4><\/a><\/li><\/ul><\/div><div class=\"tab-pane fade fusion-clearfix\" id=\"tab-460d3be3f469c20525c\">\n<p>* Proyecto 1r. ESO 2023-24\u2026\u2026\u2026\u2026\u2026\u2026&#8230;&#8230;&#8230;&#8230;&#8230;&#8230;&#8230;&#8230;&#8230;..\u2026\u2026\u2026\u2026<a href=\"https:\/\/educemold.arrova.net\/wp-content\/uploads\/2023\/09\/Projectes-1r-ESO-2023-24.pdf\" target=\"_blank\" rel=\"noopener noreferrer\">DESCARGAR <\/a><\/p>\n<p>* Proyecto 2n. ESO 2023-24\u2026\u2026\u2026\u2026\u2026\u2026&#8230;&#8230;&#8230;&#8230;&#8230;&#8230;&#8230;&#8230;&#8230;..\u2026\u2026..\u2026<a href=\"https:\/\/educemold.arrova.net\/wp-content\/uploads\/2023\/09\/Projectes-2n-ESO-2023-24.pdf\" target=\"_blank\" rel=\"noopener noreferrer\">DESCARGAR <\/a><\/p>\n<p>* Proyecto 3r. ESO 2023-24\u2026\u2026\u2026\u2026\u2026\u2026&#8230;&#8230;&#8230;&#8230;&#8230;&#8230;&#8230;&#8230;&#8230;..\u2026\u2026&#8230;\u2026<a href=\"https:\/\/educemold.arrova.net\/wp-content\/uploads\/2023\/09\/Projectes-3r.-ESO-2023-24.pdf\" target=\"_blank\" rel=\"noopener noreferrer\">DESCARGAR <\/a><\/p>\n<p>* Proyecto 4t. ESO 2023-24\u2026\u2026\u2026\u2026\u2026\u2026&#8230;&#8230;&#8230;&#8230;&#8230;&#8230;&#8230;&#8230;&#8230;..\u2026\u2026\u2026\u2026<a href=\"https:\/\/educemold.arrova.net\/wp-content\/uploads\/2023\/09\/Projectes-4t-ESO-2023-24.pdf\" target=\"_blank\" rel=\"noopener noreferrer\">DESCARGAR <\/a><\/p>\n<\/div><\/div><\/div><div class=\"fusion-clearfix\"><\/div><\/div><\/div><div  class=\"fusion-layout-column fusion_builder_column fusion_builder_column_1_1 fusion-builder-column-3 fusion-one-full fusion-column-first fusion-column-last fusion-column-no-min-height 1_1\"  style='margin-top:0px;margin-bottom:0px;'><div class=\"fusion-column-wrapper\" style=\"padding: 0px 0px 0px 0px;background-position:left top;background-repeat:no-repeat;-webkit-background-size:cover;-moz-background-size:cover;-o-background-size:cover;background-size:cover;\"   data-bg-url=\"\"><div class=\"fusion-sep-clear\"><\/div><div class=\"fusion-separator fusion-full-width-sep sep-single sep-solid\" style=\"border-color:#e0dede;border-top-width:1px;margin-left: auto;margin-right: auto;margin-top:;margin-bottom:60px;\"><\/div><div class=\"fusion-clearfix\"><\/div><\/div><\/div><\/div><\/div><\/p>\n","protected":false},"excerpt":{"rendered":"","protected":false},"author":5,"featured_media":0,"parent":0,"menu_order":0,"comment_status":"open","ping_status":"closed","template":"","meta":[],"aioseo_notices":[],"_links":{"self":[{"href":"https:\/\/educemold.arrova.net\/es\/wp-json\/wp\/v2\/pages\/13869"}],"collection":[{"href":"https:\/\/educemold.arrova.net\/es\/wp-json\/wp\/v2\/pages"}],"about":[{"href":"https:\/\/educemold.arrova.net\/es\/wp-json\/wp\/v2\/types\/page"}],"author":[{"embeddable":true,"href":"https:\/\/educemold.arrova.net\/es\/wp-json\/wp\/v2\/users\/5"}],"replies":[{"embeddable":true,"href":"https:\/\/educemold.arrova.net\/es\/wp-json\/wp\/v2\/comments?post=13869"}],"version-history":[{"count":64,"href":"https:\/\/educemold.arrova.net\/es\/wp-json\/wp\/v2\/pages\/13869\/revisions"}],"predecessor-version":[{"id":23802,"href":"https:\/\/educemold.arrova.net\/es\/wp-json\/wp\/v2\/pages\/13869\/revisions\/23802"}],"wp:attachment":[{"href":"https:\/\/educemold.arrova.net\/es\/wp-json\/wp\/v2\/media?parent=13869"}],"curies":[{"name":"wp","href":"https:\/\/api.w.org\/{rel}","templated":true}]}}