{"id":13890,"date":"2015-04-22T16:37:58","date_gmt":"2015-04-22T14:37:58","guid":{"rendered":"https:\/\/educemold.arrova.net\/empreses\/fp-dual\/"},"modified":"2019-02-19T14:12:52","modified_gmt":"2019-02-19T14:12:52","slug":"fp-dual","status":"publish","type":"page","link":"https:\/\/educemold.arrova.net\/es\/empresas\/fp-dual\/","title":{"rendered":"FP Dual"},"content":{"rendered":"<div class=\"fusion-fullwidth fullwidth-box fusion-builder-row-1 nonhundred-percent-fullwidth non-hundred-percent-height-scrolling\"  style='background-color: rgba(255,255,255,0);background-position: left top;background-repeat: no-repeat;padding-top:20px;padding-right:0px;padding-bottom:20px;padding-left:0px;border-top-width:0px;border-bottom-width:0px;border-color:#eae9e9;border-top-style:solid;border-bottom-style:solid;'><div class=\"fusion-builder-row fusion-row \"><div  class=\"fusion-layout-column fusion_builder_column fusion_builder_column_1_2 fusion-builder-column-0 fusion-one-half fusion-column-first 1_2\"  style='margin-top:0px;margin-bottom:20px;width:48%; margin-right: 4%;'><div class=\"fusion-column-wrapper\" style=\"padding: 0px 0px 0px 0px;background-position:left top;background-repeat:no-repeat;-webkit-background-size:cover;-moz-background-size:cover;-o-background-size:cover;background-size:cover;\"   data-bg-url=\"\"><div class=\"fusion-text\"><p class=\"a-c-x-Ha\">Amb l&#8217;objectiu de donar resposta a les necessitats del mercat laboral, la <strong>formaci\u00f3 professional dual<\/strong> aposta per augmentar la col\u00b7laboraci\u00f3 entre els centres de formaci\u00f3 professional i les empreses, en el proc\u00e9s formatiu dels alumnes.<\/p>\n<p class=\"a-c-x-Ha\">Des de fa temps moltes empreses ens han reivindicat la necessitat de recuperar el model laboral de <strong>l&#8217;aprenent<\/strong>. Aquest nou model de <strong>col\u00b7laboraci\u00f3 entre empresa i escola<\/strong> permet recuperar aquesta figura amb molts avantatges i valor afegit doncs l&#8217;alumne s&#8217;incorpora al treball amb un bagatge de coneixements adquirits, directament relacionats amb el perfil professional de l&#8217;empresa que abans no tenia. Actualment un nombre significatiu d&#8217;empreses participen en el nou model de formaci\u00f3 professional dual, fent possible que <strong>els alumnes puguin compatibilitzar la formaci\u00f3 als centres educatius amb la formaci\u00f3 en entorns laborals reals. <\/strong><\/p>\n<p>\u00a0<\/p>\n<\/div><div class=\"fusion-clearfix\"><\/div><\/div><\/div><div  class=\"fusion-layout-column fusion_builder_column fusion_builder_column_1_2 fusion-builder-column-1 fusion-one-half fusion-column-last 1_2\"  style='margin-top:0px;margin-bottom:20px;width:48%'><div class=\"fusion-column-wrapper\" style=\"padding: 0px 0px 0px 0px;background-position:left top;background-repeat:no-repeat;-webkit-background-size:cover;-moz-background-size:cover;-o-background-size:cover;background-size:cover;\"   data-bg-url=\"\"><div class=\"fusion-text\"><p class=\"a-c-x-Ha\">EDUCEM Centres d\u2019Ensenyament ofereix en Formaci\u00f3 Professional Dual els cicles de grau superior:<\/p>\n<ul>\n<li class=\"a-c-x-Ha\"><strong>\u00a0CFGS Administraci\u00f3 i Finances<\/strong><\/li>\n<li class=\"a-c-x-Ha\"><strong>CFGS Desenvolupament Aplicacions Multiplataforma<\/strong><\/li>\n<li class=\"a-c-x-Ha\"><strong>CFGS Administraci\u00f3 Sistemes Inform\u00e0tics i Xarxes<\/strong><\/li>\n<\/ul>\n<p class=\"a-c-x-Ha\">En el seg\u00fcent arxiu trobareu informaci\u00f3 m\u00e9s detallada sobre els avantatges que ofereix a les empreses aquesta modalitat de formaci\u00f3.<\/p>\n<p class=\"a-c-x-Ha\"><a href=\"https:\/\/educemold.arrova.net\/wp-content\/uploads\/2015\/04\/20141211-Dossier-FPDual.pdf\">&#8220;Dossier FP Dual&#8221;<\/a><\/p>\n<\/div><div class=\"fusion-text\"><p class=\"a-c-x-Ha\">Si voleu m\u00e9s dades, una entrevista o qualsevol altra informaci\u00f3 ens podeu trobar a:<\/p>\n<p class=\"a-c-x-Ha\">EDUCEM Centres d&#8217;Ensenyament &#8211;<\/p>\n<p class=\"a-c-x-Ha\">Centre C Pl. Maluquer i Salvador, 19 &#8211;<\/p>\n<p class=\"a-c-x-Ha\">Granollers 08401 93 8791875 &#8211;<\/p>\n<p class=\"a-c-x-Ha\">De 8.00 a 14.00 i de 15.00 a 19.30 de dilluns a divendres.<\/p>\n<p class=\"a-c-x-Ha\">http:\/\/www.educem.com centres@educem.com<\/p>\n<p class=\"a-c-x-Ha\">https:\/\/administracioifinanceseducem.wordpress.com<\/p>\n<p class=\"a-c-x-Ha\">https:\/\/www.facebook.com\/pages\/Educem-Centres-densenyament\/214721498650381<\/p>\n<p class=\"a-c-x-Ha\">Personas de contacte:<\/p>\n<p class=\"a-c-x-Ha\">Robert Ma\u00f1\u00e9 i Velilla: rmane@educem.com<\/p>\n<p class=\"a-c-x-Ha\">Merc\u00e8 Comas i Dur\u00e0n: \u00a0mercecomas@educem.com<\/p>\n<\/div><div class=\"fusion-clearfix\"><\/div><\/div><\/div><\/div><\/div>\n","protected":false},"excerpt":{"rendered":"","protected":false},"author":1,"featured_media":0,"parent":13889,"menu_order":0,"comment_status":"closed","ping_status":"closed","template":"","meta":[],"aioseo_notices":[],"_links":{"self":[{"href":"https:\/\/educemold.arrova.net\/es\/wp-json\/wp\/v2\/pages\/13890"}],"collection":[{"href":"https:\/\/educemold.arrova.net\/es\/wp-json\/wp\/v2\/pages"}],"about":[{"href":"https:\/\/educemold.arrova.net\/es\/wp-json\/wp\/v2\/types\/page"}],"author":[{"embeddable":true,"href":"https:\/\/educemold.arrova.net\/es\/wp-json\/wp\/v2\/users\/1"}],"replies":[{"embeddable":true,"href":"https:\/\/educemold.arrova.net\/es\/wp-json\/wp\/v2\/comments?post=13890"}],"version-history":[{"count":3,"href":"https:\/\/educemold.arrova.net\/es\/wp-json\/wp\/v2\/pages\/13890\/revisions"}],"predecessor-version":[{"id":17704,"href":"https:\/\/educemold.arrova.net\/es\/wp-json\/wp\/v2\/pages\/13890\/revisions\/17704"}],"up":[{"embeddable":true,"href":"https:\/\/educemold.arrova.net\/es\/wp-json\/wp\/v2\/pages\/13889"}],"wp:attachment":[{"href":"https:\/\/educemold.arrova.net\/es\/wp-json\/wp\/v2\/media?parent=13890"}],"curies":[{"name":"wp","href":"https:\/\/api.w.org\/{rel}","templated":true}]}}