{"id":13895,"date":"2015-04-22T16:39:03","date_gmt":"2015-04-22T14:39:03","guid":{"rendered":"https:\/\/educemold.arrova.net\/empresas\/formacio-en-centres-de-treball-fct\/"},"modified":"2019-02-18T11:50:23","modified_gmt":"2019-02-18T11:50:23","slug":"formacion-en-centros-de-trabajo-fct","status":"publish","type":"page","link":"https:\/\/educemold.arrova.net\/es\/empresas\/formacion-en-centros-de-trabajo-fct\/","title":{"rendered":"Formaci\u00f3 en Centres de Treball \u2013 FCT"},"content":{"rendered":"<div class=\"fusion-fullwidth fullwidth-box fusion-builder-row-1 nonhundred-percent-fullwidth non-hundred-percent-height-scrolling\"  style='background-color: rgba(255,255,255,0);background-position: left top;background-repeat: no-repeat;padding-top:20px;padding-right:0px;padding-bottom:20px;padding-left:0px;border-top-width:0px;border-bottom-width:0px;border-color:#eae9e9;border-top-style:solid;border-bottom-style:solid;'><div class=\"fusion-builder-row fusion-row \"><div  class=\"fusion-layout-column fusion_builder_column fusion_builder_column_1_1 fusion-builder-column-0 fusion-one-full fusion-column-first fusion-column-last fusion-column-no-min-height 1_1\"  style='margin-top:0px;margin-bottom:0px;'><div class=\"fusion-column-wrapper\" style=\"padding: 0px 0px 0px 0px;background-position:left top;background-repeat:no-repeat;-webkit-background-size:cover;-moz-background-size:cover;-o-background-size:cover;background-size:cover;\"   data-bg-url=\"\"><div class=\"fusion-text\"><h2 style=\"text-align: center;\">FORMACI\u00d3 EN CENTRES DE TREBALL \u2013 FCT<\/h2>\n<\/div><div class=\"fusion-sep-clear\"><\/div><div class=\"fusion-separator fusion-full-width-sep sep-single sep-solid\" style=\"border-color:#e65a0c;border-top-width:1px;margin-left: auto;margin-right: auto;margin-top:0px;margin-bottom:10px;\"><\/div><div class=\"fusion-clearfix\"><\/div><\/div><\/div><div  class=\"fusion-layout-column fusion_builder_column fusion_builder_column_1_2 fusion-builder-column-1 fusion-one-half fusion-column-first 1_2\"  style='margin-top:0px;margin-bottom:20px;width:48%; margin-right: 4%;'><div class=\"fusion-column-wrapper\" style=\"padding: 0px 0px 0px 0px;background-position:left top;background-repeat:no-repeat;-webkit-background-size:cover;-moz-background-size:cover;-o-background-size:cover;background-size:cover;\"   data-bg-url=\"\"><div class=\"fusion-text\"><p>La Formaci\u00f3 en Centres de Treball (FCT) \u00e9s un m\u00f2dul professional de formaci\u00f3 obligatori que es cursa en tots els cicles tant de grau mitj\u00e0 com de grau superior i que es desenvolupa en l\u2019empresa. <b>La FCT \u00e9s el que normalment es diu pr\u00e0ctiques en empreses.<\/b> \u00c9s el m\u00f2dul professional que permet:<\/p>\n<\/div><ul class=\"fusion-checklist fusion-checklist-1\" style=\"font-size:13px;line-height:22.1px;\"><li class=\"fusion-li-item\"><span style=\"background-color:#e65a0c;font-size:11.44px;height:22.1px;width:22.1px;margin-right:9.1px;\" class=\"icon-wrapper circle-yes\"><i class=\"fusion-li-icon fa fa-check\" style=\"color:#ffffff;\"><\/i><\/span><div class=\"fusion-li-item-content\" style=\"margin-left:31.2px;\">Complementar l\u2019adquisici\u00f3 pels alumnes de la compet\u00e8ncia professional aconseguida en el centre educatiu, mitjan\u00e7ant la realitzaci\u00f3 d\u2019un conjunt d\u2019activitats de formaci\u00f3 identificades entre les activitats productives del centre de treball.<\/div><\/li><li class=\"fusion-li-item\"><span style=\"background-color:#e65a0c;font-size:11.44px;height:22.1px;width:22.1px;margin-right:9.1px;\" class=\"icon-wrapper circle-yes\"><i class=\"fusion-li-icon fa fa-check\" style=\"color:#ffffff;\"><\/i><\/span><div class=\"fusion-li-item-content\" style=\"margin-left:31.2px;\">Contribuir a l\u2019assoliment de les finalitats generals de la formaci\u00f3 professional (adquirir la compet\u00e8ncia professional caracter\u00edstica de cada t\u00edtol i una identitat i maduresa professional motivadora de futurs aprenentatges i adaptacions al canvi de qualificacions).<\/div><\/li><li class=\"fusion-li-item\"><span style=\"background-color:#e65a0c;font-size:11.44px;height:22.1px;width:22.1px;margin-right:9.1px;\" class=\"icon-wrapper circle-yes\"><i class=\"fusion-li-icon fa fa-check\" style=\"color:#ffffff;\"><\/i><\/span><div class=\"fusion-li-item-content\" style=\"margin-left:31.2px;\">Avaluar els aspectes m\u00e9s rellevants de la compet\u00e8ncia professional adquirida per l\u2019alumnat i, en particular, acreditar aquells aspectes de la compet\u00e8ncia requerida en l\u2019ocupaci\u00f3 (expressada en el perfil de cada t\u00edtol) que no pot comprovar-se en el centre docent per exigir situacions reals de producci\u00f3.<\/div><\/li><li class=\"fusion-li-item\"><span style=\"background-color:#e65a0c;font-size:11.44px;height:22.1px;width:22.1px;margin-right:9.1px;\" class=\"icon-wrapper circle-yes\"><i class=\"fusion-li-icon fa fa-check\" style=\"color:#ffffff;\"><\/i><\/span><div class=\"fusion-li-item-content\" style=\"margin-left:31.2px;\">Adquirir el coneixement de l\u2019organitzaci\u00f3 productiva corresponent al perfil professional i el sistema de relacions sociolaborals del centre de treball, a fi de facilitar la seva futura inserci\u00f3 professional.<\/div><\/li><\/ul><div class=\"fusion-clearfix\"><\/div><\/div><\/div><div  class=\"fusion-layout-column fusion_builder_column fusion_builder_column_1_2 fusion-builder-column-2 fusion-one-half fusion-column-last 1_2\"  style='margin-top:0px;margin-bottom:20px;width:48%'><div class=\"fusion-column-wrapper\" style=\"padding: 0px 0px 0px 0px;background-position:left top;background-repeat:no-repeat;-webkit-background-size:cover;-moz-background-size:cover;-o-background-size:cover;background-size:cover;\"   data-bg-url=\"\"><div class=\"fusion-text\"><p>Per aquest motiu \u00e9s un m\u00f2dul cabdal dins del Cicle. La FCT \u00e9s una primera iniciaci\u00f3 al m\u00f3n laboral, ja que es desenvolupa exclusivament en l\u2019empresa. Aix\u00ed els alumnes tenen l\u2019oportunitat de posar en pr\u00e0ctica tots els coneixements, capacitats i destreses que han adquirit en el centre educatiu.<\/p>\n<p>Actualment un nombre significatiu d&#8217;empreses participen facilitant pr\u00e0ctiques a estudiants en el model de FCT, fent possible que els alumnes puguin compatibilitzar la formaci\u00f3 ais centres educatius amb la formaci\u00f3 en entorns laborals reals.<br \/>\nSi voleu m\u00e9s dades, una entrevista o qualsevol altra informaci\u00f3 ens podeu trobar a:<\/p>\n<\/div><div class=\"fusion-text\"><p>EDUCEM Centres d&#8217;Ensenyament &#8211; <strong>Centre C<\/strong><\/p>\n<p>Pl. Maluquer i Salvador, 19 &#8211; Granollers 08401<\/p>\n<p>93 8791875 &#8211; De 8.00 a 14.00 i de 15.00 a 19.30 de dilluns a divendres.<\/p>\n<p><a href=\"http:\/\/www.educem.com\">http:\/\/www.educem.com<\/a><\/p>\n<p>centres@educem.com<\/p>\n<p><a href=\"https:\/\/administracioifinanceseducem.wordpress.com\" target=\"_blank\" rel=\"noopener\">https:\/\/administracioifinanceseducem.wordpress.com<\/a><\/p>\n<p><a href=\"https:\/\/www.facebook.com\/pages\/Educem-Centres-densenyament\/214721498650381\" target=\"_blank\" rel=\"noopener\">https:\/\/www.facebook.com\/pages\/Educem-Centres-densenyament\/214721498650381<\/a><\/p>\n<p>Persones de contacte:<\/p>\n<p><strong>Laura Valencia i Rocasalbas:<\/strong> \u00a0lvalencia@educem.com<\/p>\n<p><strong>Merc\u00e8 Comas i Dur\u00e0n:<\/strong> mercecomas@educem.com<\/p>\n<\/div><div class=\"fusion-clearfix\"><\/div><\/div><\/div><\/div><\/div>\n","protected":false},"excerpt":{"rendered":"","protected":false},"author":1,"featured_media":0,"parent":13889,"menu_order":0,"comment_status":"closed","ping_status":"closed","template":"","meta":[],"aioseo_notices":[],"_links":{"self":[{"href":"https:\/\/educemold.arrova.net\/es\/wp-json\/wp\/v2\/pages\/13895"}],"collection":[{"href":"https:\/\/educemold.arrova.net\/es\/wp-json\/wp\/v2\/pages"}],"about":[{"href":"https:\/\/educemold.arrova.net\/es\/wp-json\/wp\/v2\/types\/page"}],"author":[{"embeddable":true,"href":"https:\/\/educemold.arrova.net\/es\/wp-json\/wp\/v2\/users\/1"}],"replies":[{"embeddable":true,"href":"https:\/\/educemold.arrova.net\/es\/wp-json\/wp\/v2\/comments?post=13895"}],"version-history":[{"count":3,"href":"https:\/\/educemold.arrova.net\/es\/wp-json\/wp\/v2\/pages\/13895\/revisions"}],"predecessor-version":[{"id":17700,"href":"https:\/\/educemold.arrova.net\/es\/wp-json\/wp\/v2\/pages\/13895\/revisions\/17700"}],"up":[{"embeddable":true,"href":"https:\/\/educemold.arrova.net\/es\/wp-json\/wp\/v2\/pages\/13889"}],"wp:attachment":[{"href":"https:\/\/educemold.arrova.net\/es\/wp-json\/wp\/v2\/media?parent=13895"}],"curies":[{"name":"wp","href":"https:\/\/api.w.org\/{rel}","templated":true}]}}