{"id":13903,"date":"2015-10-02T12:16:11","date_gmt":"2015-10-02T10:16:11","guid":{"rendered":"https:\/\/educemold.arrova.net\/oferta-formativa\/ciclos-formativos\/documentacio-cicles-formatius\/"},"modified":"2023-09-22T14:44:59","modified_gmt":"2023-09-22T12:44:59","slug":"documentacion-ciclos-formativos","status":"publish","type":"page","link":"https:\/\/educemold.arrova.net\/es\/oferta-formativa\/ciclos-formativos-2\/documentacion-ciclos-formativos\/","title":{"rendered":"Documentaci\u00f3n &#8211; Ciclos Formativos"},"content":{"rendered":"<p><div class=\"fusion-fullwidth fullwidth-box fusion-builder-row-1 nonhundred-percent-fullwidth non-hundred-percent-height-scrolling\"  style='background-color: rgba(255,255,255,0);background-position: left top;background-repeat: no-repeat;padding-top:20px;padding-right:0px;padding-bottom:20px;padding-left:0px;border-top-width:0px;border-bottom-width:0px;border-color:#eae9e9;border-top-style:solid;border-bottom-style:solid;'><div class=\"fusion-builder-row fusion-row \"><div  class=\"fusion-layout-column fusion_builder_column fusion_builder_column_1_1 fusion-builder-column-0 fusion-one-full fusion-column-first fusion-column-last fusion-column-no-min-height 1_1\"  style='margin-top:0px;margin-bottom:0px;'><div class=\"fusion-column-wrapper\" style=\"padding: 0px 0px 0px 0px;background-position:left top;background-repeat:no-repeat;-webkit-background-size:cover;-moz-background-size:cover;-o-background-size:cover;background-size:cover;\"   data-bg-url=\"\"><span class=\"fusion-imageframe imageframe-none imageframe-1 hover-type-none\"><img loading=\"lazy\" src=\"https:\/\/educemold.arrova.net\/wp-content\/uploads\/2015\/05\/20140218_EDUCEM-092_Fulleto_2.jpg\" width=\"2402\" height=\"767\" alt=\"\" title=\"20140218_EDUCEM-092_Fulleto_2\" class=\"img-responsive wp-image-12642\"\/><\/span><div class=\"fusion-clearfix\"><\/div><\/div><\/div><\/div><\/div><div class=\"fusion-fullwidth fullwidth-box fusion-builder-row-2 hundred-percent-fullwidth non-hundred-percent-height-scrolling\"  style='background-color: rgba(255,255,255,0);background-position: center center;background-repeat: no-repeat;padding-top:0px;padding-right:0px;padding-bottom:0px;padding-left:0px;'><div class=\"fusion-builder-row fusion-row \"><div  class=\"fusion-layout-column fusion_builder_column fusion_builder_column_1_4 fusion-builder-column-1 fusion-one-fourth fusion-column-first 1_4\"  style='margin-top:0px;margin-bottom:20px;width:22%; margin-right: 4%;'><div class=\"fusion-column-wrapper\" style=\"padding: 0px 0px 0px 0px;background-position:left top;background-repeat:no-repeat;-webkit-background-size:cover;-moz-background-size:cover;-o-background-size:cover;background-size:cover;\"   data-bg-url=\"\"><div class=\"fusion-text\"><h3>DOCUMENTACI\u00d3N CICLOS FORMATIVOS CURSO 2023 &#8211; 24<\/h3>\n<p>Aqu\u00ed encontrar\u00e9is toda la documentaci\u00f3n referente a esta etapa educativa.<\/p>\n<p>En caso de necesitar alguna informaci\u00f3n adicional , contactad con el centro de Educaci\u00f3n Secundaria ( pesta\u00f1a &#8221; D\u00d3NDE ESTAMOS\u00a0&#8221; del men\u00fa principal ) .<\/p>\n<\/div><div class=\"fusion-clearfix\"><\/div><\/div><\/div><div  class=\"fusion-layout-column fusion_builder_column fusion_builder_column_3_4 fusion-builder-column-2 fusion-three-fourth fusion-column-last 3_4\"  style='margin-top:0px;margin-bottom:20px;width:74%'><div class=\"fusion-column-wrapper\" style=\"padding: 0px 0px 0px 0px;background-position:left top;background-repeat:no-repeat;-webkit-background-size:cover;-moz-background-size:cover;-o-background-size:cover;background-size:cover;\"   data-bg-url=\"\"><div class=\"fusion-tabs fusion-tabs-1 classic horizontal-tabs icon-position-left\"><style type=\"text\/css\">.fusion-tabs.fusion-tabs-1 .nav-tabs li a.tab-link{border-top-color:#ffffff;background-color:#ffffff;}.fusion-tabs.fusion-tabs-1 .nav-tabs{background-color:#fde7d1;}.fusion-tabs.fusion-tabs-1 .nav-tabs li.active a.tab-link,.fusion-tabs.fusion-tabs-1 .nav-tabs li.active a.tab-link:hover,.fusion-tabs.fusion-tabs-1 .nav-tabs li.active a.tab-link:focus{border-right-color:#fde7d1;}.fusion-tabs.fusion-tabs-1 .nav-tabs li.active a.tab-link,.fusion-tabs.fusion-tabs-1 .nav-tabs li.active a.tab-link:hover,.fusion-tabs.fusion-tabs-1 .nav-tabs li.active a.tab-link:focus{background-color:#fde7d1;}.fusion-tabs.fusion-tabs-1 .nav-tabs li a:hover{background-color:#fde7d1;border-top-color:#fde7d1;}.fusion-tabs.fusion-tabs-1 .tab-pane{background-color:#fde7d1;}.fusion-tabs.fusion-tabs-1 .nav,.fusion-tabs.fusion-tabs-1 .nav-tabs,.fusion-tabs.fusion-tabs-1 .tab-content .tab-pane{border-color:#fde7d1;}<\/style><div class=\"nav\"><ul class=\"nav-tabs nav-justified\"><li class=\"active\"><a class=\"tab-link\" data-toggle=\"tab\" id=\"fusion-tab-normativadelcentro\" href=\"#tab-f2ec82e737d3b3f8fd7\"><h4 class=\"fusion-tab-heading\">NORMATIVA DEL CENTRO<\/h4><\/a><\/li><li><a class=\"tab-link\" data-toggle=\"tab\" id=\"fusion-tab-circulares\" href=\"#tab-d4d426581520d05df1d\"><h4 class=\"fusion-tab-heading\">CIRCULARES <\/h4><\/a><\/li><li><a class=\"tab-link\" data-toggle=\"tab\" id=\"fusion-tab-horarios\" href=\"#tab-a3f99ce65852cc0b77b\"><h4 class=\"fusion-tab-heading\">HORARIOS<\/h4><\/a><\/li><li><a class=\"tab-link\" data-toggle=\"tab\" id=\"fusion-tab-reunionesconpadres\" href=\"#tab-dc6ef69db49157507ff\"><h4 class=\"fusion-tab-heading\">REUNIONES CON PADRES<\/h4><\/a><\/li><\/ul><\/div><div class=\"tab-content\"><div class=\"nav fusion-mobile-tab-nav\"><ul class=\"nav-tabs nav-justified\"><li class=\"active\"><a class=\"tab-link\" data-toggle=\"tab\" id=\"mobile-fusion-tab-normativadelcentro\" href=\"#tab-f2ec82e737d3b3f8fd7\"><h4 class=\"fusion-tab-heading\">NORMATIVA DEL CENTRO<\/h4><\/a><\/li><\/ul><\/div><div class=\"tab-pane fade fusion-clearfix in active\" id=\"tab-f2ec82e737d3b3f8fd7\">\n<p>* Normativa de la Etapa Postobligatoria curs 2023-24\u2026\u2026\u2026\u2026\u2026\u2026.\u2026&#8230;&#8230;&#8230;&#8230;&#8230;&#8230;&#8230;&#8230;&#8230;&#8230;&#8230;\u2026.\u2026<a href=\"https:\/\/educemold.arrova.net\/wp-content\/uploads\/2023\/09\/Normativa-Post-obligatoria-curs-2023-24_02.pdf\" target=\"_blank\" rel=\"noopener noreferrer\">DESCARGAR <\/a><\/p>\n<p>* Normativa digital\u2026\u2026\u2026\u2026\u2026\u2026.\u2026&#8230;&#8230;&#8230;&#8230;&#8230;&#8230;&#8230;&#8230;&#8230;&#8230;&#8230;&#8230;&#8230;&#8230;..\u2026\u2026.\u2026\u2026.\u2026\u2026&#8230;..\u2026&#8230;&#8230;&#8230;&#8230;&#8230;&#8230;&#8230;&#8230;.<a href=\"https:\/\/educemold.arrova.net\/wp-content\/uploads\/2023\/09\/NORMATIVA-DIGITAL-2324-uv.pdf\" target=\"_blank\" rel=\"noopener noreferrer\">DESCARGAR <\/a><\/p>\n<p>* Normativa de Drogas\u2026\u2026\u2026.\u2026&#8230;&#8230;.\u2026\u2026\u2026\u2026.\u2026\u2026\u2026\u2026&#8230;&#8230;&#8230;&#8230;&#8230;&#8230;&#8230;&#8230;&#8230;&#8230;..\u2026\u2026\u2026.\u2026\u2026\u2026\u2026.\u2026&#8230;\u2026\u2026.<a href=\"https:\/\/educemold.arrova.net\/wp-content\/uploads\/2023\/09\/Normativa-drogues-23-24.pdf\" target=\"_blank\" rel=\"noopener noreferrer\">DESCARGAR <\/a><\/p>\n<p>* Normativa de Redes sociales\u2026\u2026\u2026.\u2026&#8230;&#8230;.\u2026\u2026\u2026\u2026.\u2026\u2026\u2026\u2026&#8230;&#8230;&#8230;&#8230;&#8230;&#8230;&#8230;&#8230;.\u2026\u2026\u2026\u2026\u2026.\u2026\u2026\u2026\u2026&#8230;<a href=\"https:\/\/educemold.arrova.net\/wp-content\/uploads\/2023\/09\/Normativa-xarxes-socials-2324.pdf\" target=\"_blank\" rel=\"noopener noreferrer\">DESCARGAR <\/a><\/p>\n<p>* Protocolo para el uso de pantallas\u2026\u2026\u2026.\u2026&#8230;&#8230;.\u2026&#8230;..\u2026&#8230;&#8230;&#8230;&#8230;&#8230;&#8230;&#8230;&#8230;&#8230;&#8230;&#8230;&#8230;&#8230;.\u2026\u2026.\u2026\u2026\u2026\u2026&#8230;<a href=\"#\" target=\"_blank\" rel=\"noopener noreferrer\">DESCARGAR <\/a><\/p>\n<\/div><div class=\"nav fusion-mobile-tab-nav\"><ul class=\"nav-tabs nav-justified\"><li><a class=\"tab-link\" data-toggle=\"tab\" id=\"mobile-fusion-tab-circulares\" href=\"#tab-d4d426581520d05df1d\"><h4 class=\"fusion-tab-heading\">CIRCULARES <\/h4><\/a><\/li><\/ul><\/div><div class=\"tab-pane fade fusion-clearfix\" id=\"tab-d4d426581520d05df1d\">\n<p>* Circular Ciclos curso 2023-2024\u2026\u2026\u2026\u2026\u2026\u2026.\u2026&#8230;\u2026\u2026&#8230;&#8230;.\u2026&#8230;..\u2026.\u2026<a href=\"https:\/\/educemold.arrova.net\/wp-content\/uploads\/2023\/06\/Circular-curs-23-24-Cicles-Formatius_w.pdf\" target=\"_blank\" rel=\"noopener noreferrer\">DESCARGAR <\/a><\/p>\n<\/div><div class=\"nav fusion-mobile-tab-nav\"><ul class=\"nav-tabs nav-justified\"><li><a class=\"tab-link\" data-toggle=\"tab\" id=\"mobile-fusion-tab-horarios\" href=\"#tab-a3f99ce65852cc0b77b\"><h4 class=\"fusion-tab-heading\">HORARIOS<\/h4><\/a><\/li><\/ul><\/div><div class=\"tab-pane fade fusion-clearfix\" id=\"tab-a3f99ce65852cc0b77b\">* Horario CFGM Gesti\u00f3n Administrativa GA\u2026\u2026.\u2026\u2026\u2026\u2026.\u2026\u2026\u2026\u2026\u2026\u2026&#8230;&#8230;&#8230;&#8230;&#8230;&#8230;&#8230;\u2026\u2026\u2026<a href=\"https:\/\/educemold.arrova.net\/wp-content\/uploads\/2023\/09\/Horari-Gestio-Administrativa-23-24.pdf\" target=\"_blank\" rel=\"noopener noreferrer\">DESCARREGAR <\/a><\/p>\n<p>* Horario CFGM Farmacia i Parafarmacia FAR matins\u2026\u2026.\u2026\u2026\u2026\u2026.\u2026&#8230;&#8230;&#8230;&#8230;&#8230;&#8230;&#8230;&#8230;&#8230;&#8230;..\u2026\u2026\u2026<a href=\"https:\/\/educemold.arrova.net\/wp-content\/uploads\/2023\/09\/Horari-FAR-matins-23-24.pdf\" target=\"_blank\" rel=\"noopener noreferrer\">DESCARREGAR <\/a><\/p>\n<p>* Horario CFGM Farmacia i Parafarmacia FAR tarda\u2026\u2026.\u2026\u2026\u2026\u2026.\u2026&#8230;&#8230;&#8230;&#8230;&#8230;&#8230;&#8230;&#8230;&#8230;&#8230;..\u2026\u2026\u2026<a href=\"https:\/\/educemold.arrova.net\/wp-content\/uploads\/2023\/09\/Horari-Farmacia-tarda.pdf\" target=\"_blank\" rel=\"noopener noreferrer\">DESCARREGAR <\/a><\/p>\n<p>* Horario CFGM Sistemas Microinform\u00e1ticos y Redes SMX&#8230;&#8230;&#8230;&#8230;&#8230;&#8230;&#8230;&#8230;&#8230;&#8230;&#8230;\u2026\u2026\u2026..<a href=\"#\" target=\"_blank\" rel=\"noopener noreferrer\">DESCARREGAR <\/a><\/p>\n<p>* Horario CFGS Administraci\u00f3n y Finanzas AIF\u2026\u2026.\u2026\u2026\u2026\u2026.\u2026\u2026\u2026&#8230;&#8230;&#8230;&#8230;&#8230;&#8230;&#8230;&#8230;\u2026\u2026\u2026.<a href=\"#\" target=\"_blank\" rel=\"noopener noreferrer\">DESCARREGAR <\/a><\/p>\n<p>* Horario CFGS Educaci\u00f3n Infantil TEI\u2026\u2026.\u2026\u2026\u2026\u2026.\u2026\u2026\u2026\u2026\u2026\u2026\u2026&#8230;.\u2026&#8230;&#8230;&#8230;&#8230;&#8230;&#8230;..\u2026\u2026\u2026<a href=\"https:\/\/educemold.arrova.net\/wp-content\/uploads\/2023\/09\/Horari-grup-TEI-23-24.pdf\" target=\"_blank\" rel=\"noopener noreferrer\">DESCARREGAR <\/a><\/p>\n<p>* Horario CFGS Desarrollo de Aplicaciones Multiplataforma DAM&#8230;&#8230;&#8230;&#8230;..\u2026&#8230;&#8230;&#8230;&#8230;&#8230;.<a href=\"#\" target=\"_blank\" rel=\"noopener noreferrer\">DESCARREGAR <\/a><\/p>\n<p>* Horario CFGS Administraci\u00f3n de Sistemas Inform\u00e1ticos en Red ASIX&#8230;&#8230;&#8230;&#8230;&#8230;&#8230;&#8230;&#8230;<a href=\"#\" target=\"_blank\" rel=\"noopener noreferrer\">DESCARREGAR <\/a><\/div><div class=\"nav fusion-mobile-tab-nav\"><ul class=\"nav-tabs nav-justified\"><li><a class=\"tab-link\" data-toggle=\"tab\" id=\"mobile-fusion-tab-reunionesconpadres\" href=\"#tab-dc6ef69db49157507ff\"><h4 class=\"fusion-tab-heading\">REUNIONES CON PADRES<\/h4><\/a><\/li><\/ul><\/div><div class=\"tab-pane fade fusion-clearfix\" id=\"tab-dc6ef69db49157507ff\">\n<p>* Presentaci\u00f3n reuni\u00f3n CFGM Farmacia i Parafarmacia 1.er curso 2022-23&#8230;&#8230;&#8230;&#8230;&#8230;&#8230;&#8230;..\u2026\u2026<a href=\"https:\/\/educemold.arrova.net\/wp-content\/uploads\/2022\/09\/Reunio\u0301-pares-farma\u0300cia-FAR1-22-23.pdf\" target=\"_blank\" rel=\"noopener noreferrer\">DESCARGAR<\/a><\/p>\n<\/div><\/div><\/div><div class=\"fusion-clearfix\"><\/div><\/div><\/div><div  class=\"fusion-layout-column fusion_builder_column fusion_builder_column_1_1 fusion-builder-column-3 fusion-one-full fusion-column-first fusion-column-last fusion-column-no-min-height 1_1\"  style='margin-top:0px;margin-bottom:0px;'><div class=\"fusion-column-wrapper\" style=\"padding: 0px 0px 0px 0px;background-position:left top;background-repeat:no-repeat;-webkit-background-size:cover;-moz-background-size:cover;-o-background-size:cover;background-size:cover;\"   data-bg-url=\"\"><div class=\"fusion-sep-clear\"><\/div><div class=\"fusion-separator fusion-full-width-sep sep-single sep-solid\" style=\"border-color:#e0dede;border-top-width:1px;margin-left: auto;margin-right: auto;margin-top:;margin-bottom:60px;\"><\/div><div class=\"fusion-clearfix\"><\/div><\/div><\/div><\/div><\/div><\/p>\n","protected":false},"excerpt":{"rendered":"","protected":false},"author":5,"featured_media":0,"parent":13900,"menu_order":0,"comment_status":"open","ping_status":"closed","template":"","meta":[],"aioseo_notices":[],"_links":{"self":[{"href":"https:\/\/educemold.arrova.net\/es\/wp-json\/wp\/v2\/pages\/13903"}],"collection":[{"href":"https:\/\/educemold.arrova.net\/es\/wp-json\/wp\/v2\/pages"}],"about":[{"href":"https:\/\/educemold.arrova.net\/es\/wp-json\/wp\/v2\/types\/page"}],"author":[{"embeddable":true,"href":"https:\/\/educemold.arrova.net\/es\/wp-json\/wp\/v2\/users\/5"}],"replies":[{"embeddable":true,"href":"https:\/\/educemold.arrova.net\/es\/wp-json\/wp\/v2\/comments?post=13903"}],"version-history":[{"count":123,"href":"https:\/\/educemold.arrova.net\/es\/wp-json\/wp\/v2\/pages\/13903\/revisions"}],"predecessor-version":[{"id":23825,"href":"https:\/\/educemold.arrova.net\/es\/wp-json\/wp\/v2\/pages\/13903\/revisions\/23825"}],"up":[{"embeddable":true,"href":"https:\/\/educemold.arrova.net\/es\/wp-json\/wp\/v2\/pages\/13900"}],"wp:attachment":[{"href":"https:\/\/educemold.arrova.net\/es\/wp-json\/wp\/v2\/media?parent=13903"}],"curies":[{"name":"wp","href":"https:\/\/api.w.org\/{rel}","templated":true}]}}