{"id":13913,"date":"2015-04-25T05:40:03","date_gmt":"2015-04-25T05:40:03","guid":{"rendered":"https:\/\/educemold.arrova.net\/oferta-formativa\/ciclos-formativos\/grado-superior-cfgs\/fp-dual\/"},"modified":"2017-03-07T08:50:08","modified_gmt":"2017-03-07T08:50:08","slug":"fp-dual","status":"publish","type":"page","link":"https:\/\/educemold.arrova.net\/es\/oferta-formativa\/ciclos-formativos-2\/grado-superior-cfgs\/fp-dual\/","title":{"rendered":"FP Dual"},"content":{"rendered":"<p><div class=\"fusion-fullwidth fullwidth-box fusion-builder-row-1 nonhundred-percent-fullwidth non-hundred-percent-height-scrolling\"  style='background-color: rgba(255,255,255,0);background-position: center center;background-repeat: no-repeat;padding-top:20px;padding-right:0px;padding-bottom:20px;padding-left:0px;'><div class=\"fusion-builder-row fusion-row \"><div  class=\"fusion-layout-column fusion_builder_column fusion_builder_column_1_1 fusion-builder-column-0 fusion-one-full fusion-column-first fusion-column-last 1_1\"  style='margin-top:0px;margin-bottom:20px;'><div class=\"fusion-column-wrapper\" style=\"background-position:left top;background-repeat:no-repeat;-webkit-background-size:cover;-moz-background-size:cover;-o-background-size:cover;background-size:cover;\"   data-bg-url=\"\"><div class=\"fusion-text\"><p>[dzs_videogallery id=&#8221;FP_videos&#8221; db=&#8221;main&#8221;]<\/p>\n<\/div><div class=\"fusion-clearfix\"><\/div><\/div><\/div><\/div><\/div><div class=\"fusion-fullwidth fullwidth-box fusion-builder-row-2 nonhundred-percent-fullwidth non-hundred-percent-height-scrolling\"  style='background-color: rgba(255,255,255,0);background-position: left top;background-repeat: no-repeat;padding-top:20px;padding-right:0px;padding-bottom:20px;padding-left:0px;border-top-width:0px;border-bottom-width:0px;border-color:#eae9e9;border-top-style:solid;border-bottom-style:solid;'><div class=\"fusion-builder-row fusion-row \"><div  class=\"fusion-layout-column fusion_builder_column fusion_builder_column_1_2 fusion-builder-column-1 fusion-one-half fusion-column-first 1_2\"  style='margin-top:0px;margin-bottom:20px;width:48%; margin-right: 4%;'><div class=\"fusion-column-wrapper\" style=\"background-position:left top;background-repeat:no-repeat;-webkit-background-size:cover;-moz-background-size:cover;-o-background-size:cover;background-size:cover;\"   data-bg-url=\"\"><div class=\"fusion-text\"><p>La FP Dual implica compaginar la formaci\u00f3 al centre i en una empresa del sector amb un contracte o beca per tant \u00e9s una gran ajuda:<\/p>\n<\/div><div class=\"fusion-text\"><p>Mentre que fins ara els continguts de la formaci\u00f3 professional es donaven \u00edntegrament a l\u2019escola, en la formaci\u00f3 dual l&#8217;empresa pot participar en ells de forma activa impartint-los a les seves instal\u00b7lacions i pel personal escollit. Aquest nou escenari aconsegueix que l&#8217;empresa faci arribar el seu coneixement als alumnes que ja formen part de la seva plantilla.<\/p>\n<\/div><ul class=\"fusion-checklist fusion-checklist-1\" style=\"font-size:13px;line-height:22.1px;\"><li class=\"fusion-li-item\"><span style=\"background-color:#e65a0c;font-size:11.44px;height:22.1px;width:22.1px;margin-right:9.1px;\" class=\"icon-wrapper circle-yes\"><i class=\"fusion-li-icon fa fa-check\" style=\"color:#ffffff;\"><\/i><\/span><div class=\"fusion-li-item-content\" style=\"margin-left:31.2px;\">a l\u2019hora de desenvolupar el potencial professional<\/div><\/li><li class=\"fusion-li-item\"><span style=\"background-color:#e65a0c;font-size:11.44px;height:22.1px;width:22.1px;margin-right:9.1px;\" class=\"icon-wrapper circle-yes\"><i class=\"fusion-li-icon fa fa-check\" style=\"color:#ffffff;\"><\/i><\/span><div class=\"fusion-li-item-content\" style=\"margin-left:31.2px;\">per aprendre en situacions reals de treball<\/div><\/li><li class=\"fusion-li-item\"><span style=\"background-color:#e65a0c;font-size:11.44px;height:22.1px;width:22.1px;margin-right:9.1px;\" class=\"icon-wrapper circle-yes\"><i class=\"fusion-li-icon fa fa-check\" style=\"color:#ffffff;\"><\/i><\/span><div class=\"fusion-li-item-content\" style=\"margin-left:31.2px;\">i per adquirir experi\u00e8ncia professional, i millorar l&#8217;ocupabilitat.<\/div><\/li><\/ul><div class=\"fusion-clearfix\"><\/div><\/div><\/div><div  class=\"fusion-layout-column fusion_builder_column fusion_builder_column_1_2 fusion-builder-column-2 fusion-one-half fusion-column-last 1_2\"  style='margin-top:0px;margin-bottom:20px;width:48%'><div class=\"fusion-column-wrapper\" style=\"background-position:left top;background-repeat:no-repeat;-webkit-background-size:cover;-moz-background-size:cover;-o-background-size:cover;background-size:cover;\"   data-bg-url=\"\"><div class=\"fusion-text\"><p>Aquest proc\u00e9s d&#8217;aprenentatge sempre <strong>\u00e9s com a m\u00ednim un ter\u00e7 del total de continguts de cada cicle,<\/strong> i garanteix un m\u00ednim de <strong>970 hores d&#8217;estada de l&#8217;alumne a l&#8217;empresa<\/strong>, en qualitat de treballador, amb tots els drets i deures que aix\u00f2 comporta per les parts. El centre i l&#8217;empresa pacten els continguts que l&#8217;alumne aprendr\u00e0 en el centre de treball ajustant-los a les necessitats i perfils del lloc de treball pel que es forma i que ocupar\u00e0 en el futur. Al mateix temps es continua assistint a classe per\u00f2 en jornada redu\u00efda segons l\u2019assist\u00e8ncia a l\u2019empresa.<\/p>\n<p>En format de Formaci\u00f3 Professional Dual a EDUCEM Centres d\u2019Ensenyament oferim els seg\u00fcents ensenyaments:<\/p>\n<\/div><ul class=\"fusion-checklist fusion-checklist-2\" style=\"font-size:13px;line-height:22.1px;\"><li class=\"fusion-li-item\"><span style=\"height:22.1px;width:22.1px;margin-right:9.1px;\" class=\"icon-wrapper circle-no\"><i class=\"fusion-li-icon fa fa-bookmark\" style=\"color:#e65a0c;\"><\/i><\/span><div class=\"fusion-li-item-content\" style=\"margin-left:31.2px;\"><a href=\"https:\/\/educemold.arrova.net\/es\/oferta-formativa\/ciclos-formativos-2\/grado-superior-cfgs\/administracio-i-finances\/\">CFGS Administraci\u00f3 i Finances<\/a><\/div><\/li><li class=\"fusion-li-item\"><span style=\"height:22.1px;width:22.1px;margin-right:9.1px;\" class=\"icon-wrapper circle-no\"><i class=\"fusion-li-icon fa fa-bookmark\" style=\"color:#e65a0c;\"><\/i><\/span><div class=\"fusion-li-item-content\" style=\"margin-left:31.2px;\"><a href=\"https:\/\/educemold.arrova.net\/es\/oferta-formativa\/ciclos-formativos-2\/grado-superior-cfgs\/desenvolupament-daplicacions-multiplataforma-administracio-de-sistemes-informatics-i-xarxes_3\/\">CFGS Administraci\u00f3 Sistemes Inform\u00e0tics i Xarxes<\/a><\/div><\/li><\/ul><div class=\"fusion-clearfix\"><\/div><\/div><\/div><\/div><\/div><\/p>\n","protected":false},"excerpt":{"rendered":"","protected":false},"author":1,"featured_media":0,"parent":13908,"menu_order":0,"comment_status":"closed","ping_status":"closed","template":"","meta":[],"aioseo_notices":[],"_links":{"self":[{"href":"https:\/\/educemold.arrova.net\/es\/wp-json\/wp\/v2\/pages\/13913"}],"collection":[{"href":"https:\/\/educemold.arrova.net\/es\/wp-json\/wp\/v2\/pages"}],"about":[{"href":"https:\/\/educemold.arrova.net\/es\/wp-json\/wp\/v2\/types\/page"}],"author":[{"embeddable":true,"href":"https:\/\/educemold.arrova.net\/es\/wp-json\/wp\/v2\/users\/1"}],"replies":[{"embeddable":true,"href":"https:\/\/educemold.arrova.net\/es\/wp-json\/wp\/v2\/comments?post=13913"}],"version-history":[{"count":5,"href":"https:\/\/educemold.arrova.net\/es\/wp-json\/wp\/v2\/pages\/13913\/revisions"}],"predecessor-version":[{"id":16070,"href":"https:\/\/educemold.arrova.net\/es\/wp-json\/wp\/v2\/pages\/13913\/revisions\/16070"}],"up":[{"embeddable":true,"href":"https:\/\/educemold.arrova.net\/es\/wp-json\/wp\/v2\/pages\/13908"}],"wp:attachment":[{"href":"https:\/\/educemold.arrova.net\/es\/wp-json\/wp\/v2\/media?parent=13913"}],"curies":[{"name":"wp","href":"https:\/\/api.w.org\/{rel}","templated":true}]}}