{"id":13922,"date":"2015-04-16T16:14:58","date_gmt":"2015-04-16T16:14:58","guid":{"rendered":"https:\/\/educemold.arrova.net\/oferta-formativa\/erasmus\/"},"modified":"2017-03-07T08:47:35","modified_gmt":"2017-03-07T08:47:35","slug":"erasmus","status":"publish","type":"page","link":"https:\/\/educemold.arrova.net\/es\/oferta-formativa\/erasmus\/","title":{"rendered":"Erasmus"},"content":{"rendered":"<div class=\"fusion-fullwidth fullwidth-box fusion-builder-row-1 nonhundred-percent-fullwidth non-hundred-percent-height-scrolling\"  style='background-color: rgba(255,255,255,0);background-position: left top;background-repeat: no-repeat;padding-top:20px;padding-right:0px;padding-bottom:20px;padding-left:0px;border-top-width:0px;border-bottom-width:0px;border-color:#eae9e9;border-top-style:solid;border-bottom-style:solid;'><div class=\"fusion-builder-row fusion-row \"><div  class=\"fusion-layout-column fusion_builder_column fusion_builder_column_1_2 fusion-builder-column-0 fusion-one-half fusion-column-first 1_2\"  style='margin-top:0px;margin-bottom:20px;width:48%; margin-right: 4%;'><div class=\"fusion-column-wrapper\" style=\"background-position:left top;background-repeat:no-repeat;-webkit-background-size:cover;-moz-background-size:cover;-o-background-size:cover;background-size:cover;\"   data-bg-url=\"\"><div class=\"fusion-sep-clear\"><\/div><div class=\"fusion-separator fusion-full-width-sep sep-none\" style=\"margin-left: auto;margin-right: auto;margin-top:0px;margin-bottom:20px;\"><\/div><div class=\"fusion-text\"><h2 style=\"text-align: center;\">CARTA ERAMUS UNIVERSIT\u00c0RIA<b><\/b><\/h2>\n<\/div><div class=\"fusion-sep-clear\"><\/div><div class=\"fusion-separator fusion-full-width-sep sep-none\" style=\"margin-left: auto;margin-right: auto;margin-top:0px;margin-bottom:20px;\"><\/div><div class=\"fusion-text\"><div style=\"text-align: justify;\">L\u2019escola EDUCEM ha aconseguit la <strong>Carta Erasmus Universit\u00e0ria,<\/strong> que t\u00e9 com a finalitat que l\u2019alumnat de cicles formatius de grau superior pugui <strong>realitzar pr\u00e0ctiques en una empresa o organitzaci\u00f3 d\u2019un altre pa\u00eds europeu.<\/strong> Aquesta estada en un pa\u00eds estranger permetr\u00e0 a l\u2019alumne\/a adaptar-se a les exig\u00e8ncies del mercat laboral a nivell europeu, adquirir\u00e0 aptituds espec\u00edfiques, experi\u00e8ncia laboral i millorar\u00e0 la comprensi\u00f3 de l\u2019entorn econ\u00f2mic i social del pa\u00eds en q\u00fcesti\u00f3.<\/div>\n<div style=\"text-align: justify;\">Podran participar els estudiants dels cicles formatius de grau superior que el Claustre de professorat hagi valorat positivament pels seus resultats acad\u00e8mics i per la seva actitud. L\u2019estada t\u00e9 un per\u00edode m\u00ednim de 2 mesos.<\/div>\n<\/div><div class=\"fusion-text\"><p>Per a m\u00e9s informaci\u00f3 consulteu:<\/p>\n<div style=\"text-align: justify;\"><\/div>\n<div style=\"text-align: justify;\"><a href=\"http:\/\/www.sepie.es\/formacion-profesional\/index.html\">http:\/\/www.sepie.es\/formacion-profesional\/index.html<\/a><\/div>\n<div style=\"text-align: justify;\"><\/div>\n<div style=\"text-align: justify;\"><a href=\"https:\/\/educemold.arrova.net\/wp-content\/uploads\/2015\/04\/Erasmus.pdf\" target=\"_blank\">Llegir la Carta ERASMUS otorgada a EDUCEM.<\/a><\/div>\n<div style=\"text-align: justify;\"><\/div>\n<div style=\"text-align: justify;\"><a href=\"http:\/\/www.educem.com\/web_original\/userfiles\/Circular%20ERasmus.pdf\" target=\"_blank\">Llegir l&#8217;Article: &#8220;L&#8217;escola EDUCEM obt\u00e9 la Carta Erasmus Universit\u00e0ria&#8221;<\/a><\/div>\n<\/div><div class=\"fusion-clearfix\"><\/div><\/div><\/div><div  class=\"fusion-layout-column fusion_builder_column fusion_builder_column_1_2 fusion-builder-column-1 fusion-one-half fusion-column-last 1_2\"  style='margin-top:0px;margin-bottom:20px;width:48%'><div class=\"fusion-column-wrapper\" style=\"background-position:left top;background-repeat:no-repeat;-webkit-background-size:cover;-moz-background-size:cover;-o-background-size:cover;background-size:cover;\"   data-bg-url=\"\"><div class=\"fusion-text\"><div id=\"attachment_12550\" style=\"width: 610px\" class=\"wp-caption aligncenter\"><a href=\"https:\/\/educemold.arrova.net\/wp-content\/uploads\/2015\/04\/erasmus_logo.jpg\"><img aria-describedby=\"caption-attachment-12550\" loading=\"lazy\" class=\"size-full wp-image-12550\" src=\"https:\/\/educemold.arrova.net\/wp-content\/uploads\/2015\/04\/erasmus_logo.jpg\" alt=\"EDUCEM Centres d'Ensenyament ha aconseguit la Carta Erasmus Universit\u00e0ria, que t\u00e9 com a finalitat que l\u2019alumnat de cicles formatius de grau superior pugui realitzar pr\u00e0ctiques en una empresa o organitzaci\u00f3 d\u2019un altre pa\u00eds europeu.\" width=\"600\" height=\"295\" srcset=\"https:\/\/educemold.arrova.net\/wp-content\/uploads\/2015\/04\/erasmus_logo-300x148.jpg 300w, https:\/\/educemold.arrova.net\/wp-content\/uploads\/2015\/04\/erasmus_logo.jpg 600w\" sizes=\"(max-width: 600px) 100vw, 600px\" \/><\/a><p id=\"caption-attachment-12550\" class=\"wp-caption-text\"><\/p>\n<h4>EDUCEM Centres d&#8217;Ensenyament ha aconseguit la Carta Erasmus Universit\u00e0ria, que t\u00e9 com a finalitat que l\u2019alumnat de cicles formatius de grau superior pugui realitzar pr\u00e0ctiques en una empresa o organitzaci\u00f3 d\u2019un altre pa\u00eds europeu.<\/h4>\n<p><\/p><\/div>\n<\/div><div class=\"fusion-clearfix\"><\/div><\/div><\/div><\/div><\/div>\n","protected":false},"excerpt":{"rendered":"","protected":false},"author":1,"featured_media":0,"parent":13752,"menu_order":0,"comment_status":"open","ping_status":"closed","template":"100-width.php","meta":[],"aioseo_notices":[],"_links":{"self":[{"href":"https:\/\/educemold.arrova.net\/es\/wp-json\/wp\/v2\/pages\/13922"}],"collection":[{"href":"https:\/\/educemold.arrova.net\/es\/wp-json\/wp\/v2\/pages"}],"about":[{"href":"https:\/\/educemold.arrova.net\/es\/wp-json\/wp\/v2\/types\/page"}],"author":[{"embeddable":true,"href":"https:\/\/educemold.arrova.net\/es\/wp-json\/wp\/v2\/users\/1"}],"replies":[{"embeddable":true,"href":"https:\/\/educemold.arrova.net\/es\/wp-json\/wp\/v2\/comments?post=13922"}],"version-history":[{"count":3,"href":"https:\/\/educemold.arrova.net\/es\/wp-json\/wp\/v2\/pages\/13922\/revisions"}],"predecessor-version":[{"id":16069,"href":"https:\/\/educemold.arrova.net\/es\/wp-json\/wp\/v2\/pages\/13922\/revisions\/16069"}],"up":[{"embeddable":true,"href":"https:\/\/educemold.arrova.net\/es\/wp-json\/wp\/v2\/pages\/13752"}],"wp:attachment":[{"href":"https:\/\/educemold.arrova.net\/es\/wp-json\/wp\/v2\/media?parent=13922"}],"curies":[{"name":"wp","href":"https:\/\/api.w.org\/{rel}","templated":true}]}}