{"id":13926,"date":"2015-04-21T12:37:28","date_gmt":"2015-04-21T10:37:28","guid":{"rendered":"https:\/\/educemold.arrova.net\/oferta-formativa\/formacio-dadults\/curs-dacces-a-grau-mitja-cas\/"},"modified":"2023-05-02T19:43:14","modified_gmt":"2023-05-02T17:43:14","slug":"curso-acceso-a-grado-medio-cas","status":"publish","type":"page","link":"https:\/\/educemold.arrova.net\/es\/oferta-formativa\/formacion-para-adultos\/curso-acceso-a-grado-medio-cas\/","title":{"rendered":"CAM"},"content":{"rendered":"<p><div class=\"fusion-fullwidth fullwidth-box fusion-builder-row-1 nonhundred-percent-fullwidth non-hundred-percent-height-scrolling\"  style='background-color: rgba(255,255,255,0);background-position: left top;background-repeat: no-repeat;padding-top:40px;padding-right:0px;padding-bottom:0px;padding-left:0px;border-top-width:0px;border-bottom-width:0px;border-color:#eae9e9;border-top-style:solid;border-bottom-style:solid;'><div class=\"fusion-builder-row fusion-row \"><div  class=\"fusion-layout-column fusion_builder_column fusion_builder_column_1_2 fusion-builder-column-0 fusion-one-half fusion-column-first 1_2\"  style='margin-top:0px;margin-bottom:20px;width:48%; margin-right: 4%;'><div class=\"fusion-column-wrapper\" style=\"padding: 0px 0px 0px 0px;background-position:left top;background-repeat:no-repeat;-webkit-background-size:cover;-moz-background-size:cover;-o-background-size:cover;background-size:cover;\"   data-bg-url=\"\"><div class=\"fusion-video fusion-youtube fusion-aligncenter\" style=\"max-width:600px;max-height:360px; width:100%\"><div class=\"video-shortcode\"><iframe title=\"YouTube video player\" src=\"https:\/\/www.youtube.com\/embed\/OMyrg-0zbrw?wmode=transparent&autoplay=0\" width=\"600\" height=\"360\" allowfullscreen allow=\"autoplay; fullscreen\"><\/iframe><\/div><\/div><div class=\"fusion-clearfix\"><\/div><\/div><\/div><div  class=\"fusion-layout-column fusion_builder_column fusion_builder_column_1_2 fusion-builder-column-1 fusion-one-half fusion-column-last 1_2\"  style='margin-top:0px;margin-bottom:20px;width:48%'><div class=\"fusion-column-wrapper\" style=\"padding: 0px 0px 0px 0px;background-position:left top;background-repeat:no-repeat;-webkit-background-size:cover;-moz-background-size:cover;-o-background-size:cover;background-size:cover;\"   data-bg-url=\"\"><div class=\"fusion-text\"><p style=\"text-align: justify;\">Estos estudios permiten a las personas que los superan el <strong>acceso directo a los ciclos formativos de grado mediode formaci\u00f3n profesional inicial; e<\/strong>n el caso de las ense\u00f1anzas profesionales de artes pl\u00e1sticas y dise\u00f1o, permite la exenci\u00f3n de la parte com\u00fan de la prueba de acceso, y en el caso de las ense\u00f1anzas deportivas, la exenci\u00f3n de la prueba de acceso de car\u00e1cter general.<\/p>\n<\/div><div class=\"fusion-sep-clear\"><\/div><div class=\"fusion-separator fusion-full-width-sep sep-none\" style=\"margin-left: auto;margin-right: auto;margin-top:20px;\"><\/div><div class=\"fusion-text\"><h2 style=\"text-align: center;\"><strong>DOCUMENTACI\u00d3N<br \/>\n<\/strong><\/h2>\n<\/div><div class=\"fusion-sep-clear\"><\/div><div class=\"fusion-separator fusion-full-width-sep sep-single sep-solid\" style=\"border-color:#ef7c00;border-top-width:1px;margin-left: auto;margin-right: auto;margin-top:0px;margin-bottom:20px;\"><\/div><div class=\"fusion-button-wrapper fusion-aligncenter\"><style type=\"text\/css\">.fusion-button.button-1 .fusion-button-text, .fusion-button.button-1 i {color:#fff;}.fusion-button.button-1 .fusion-button-icon-divider{border-color:#fff;}.fusion-button.button-1:hover .fusion-button-text, .fusion-button.button-1:hover i,.fusion-button.button-1:focus .fusion-button-text, .fusion-button.button-1:focus i,.fusion-button.button-1:active .fusion-button-text, .fusion-button.button-1:active{color:#fff;}.fusion-button.button-1:hover .fusion-button-icon-divider, .fusion-button.button-1:hover .fusion-button-icon-divider, .fusion-button.button-1:active .fusion-button-icon-divider{border-color:#fff;}.fusion-button.button-1:hover, .fusion-button.button-1:focus, .fusion-button.button-1:active{border-color:#fff;border-width:1px;}.fusion-button.button-1 {border-color:#fff;border-width:1px;border-radius:2px;}.fusion-button.button-1{background: #e65a0c;\n\t\t\t\t\t\t\tbackground-image: -webkit-gradient( linear, left bottom, left top, from( #f2a643 ), to( #e65a0c ) );\n\t\t\t\t\t\t\tbackground-image: -webkit-linear-gradient( bottom, #f2a643, #e65a0c );\n\t\t\t\t\t\t\tbackground-image:   -moz-linear-gradient( bottom, #f2a643, #e65a0c );\n\t\t\t\t\t\t\tbackground-image:     -o-linear-gradient( bottom, #f2a643, #e65a0c );\n\t\t\t\t\t\t\tbackground-image: linear-gradient( to top, #f2a643, #e65a0c );}.fusion-button.button-1:hover,.button-1:focus,.fusion-button.button-1:active{background: #fcae5f;\n\t\t\t\t\t\t\tbackground-image: -webkit-gradient( linear, left bottom, left top, from( #fde7d1 ), to( #fcae5f ) );\n\t\t\t\t\t\t\tbackground-image: -webkit-linear-gradient( bottom, #fde7d1, #fcae5f );\n\t\t\t\t\t\t\tbackground-image:   -moz-linear-gradient( bottom, #fde7d1, #fcae5f );\n\t\t\t\t\t\t\tbackground-image:     -o-linear-gradient( bottom, #fde7d1, #fcae5f );\n\t\t\t\t\t\t\tbackground-image: linear-gradient( to top, #fde7d1, #fcae5f );}<\/style><a class=\"fusion-button button-flat button-large button-custom button-1 fusion-button-default-span \" target=\"_blank\" rel=\"noopener noreferrer\" href=\"https:\/\/educemold.arrova.net\/wp-content\/uploads\/2023\/05\/CAM_23_24_CAT.pdf\"><i class=\"fa-file-alt far button-icon-left\"><\/i><span class=\"fusion-button-text\">Descargar el Dossier CAM 2023-24<\/span><\/a><\/div><div class=\"fusion-clearfix\"><\/div><\/div><\/div><\/div><\/div><div class=\"fusion-fullwidth fullwidth-box fusion-builder-row-2 nonhundred-percent-fullwidth non-hundred-percent-height-scrolling\"  style='background-color: #f4f4f4;background-position: left top;background-repeat: no-repeat;padding-top:20px;padding-right:0px;padding-bottom:20px;padding-left:0px;border-top-width:0px;border-bottom-width:0px;border-color:#eae9e9;border-top-style:solid;border-bottom-style:solid;'><div class=\"fusion-builder-row fusion-row \"><div  class=\"fusion-layout-column fusion_builder_column fusion_builder_column_1_3 fusion-builder-column-2 fusion-one-third fusion-column-first 1_3\"  style='margin-top:0px;margin-bottom:20px;width:30.6666%; margin-right: 4%;'><div class=\"fusion-column-wrapper\" style=\"padding: 0px 0px 0px 0px;background-position:left top;background-repeat:no-repeat;-webkit-background-size:cover;-moz-background-size:cover;-o-background-size:cover;background-size:cover;\"   data-bg-url=\"\"><div class=\"fusion-text\"><h3 style=\"text-align: center;\"><strong>REQUISITOS Y ACCESO AL CURSO<\/strong><\/h3>\n<\/div><div class=\"fusion-sep-clear\"><\/div><div class=\"fusion-separator fusion-full-width-sep sep-single sep-solid\" style=\"border-color:#ef7c00;border-top-width:1px;margin-left: auto;margin-right: auto;margin-top:0px;margin-bottom:20px;\"><\/div><div class=\"fusion-text\"><div style=\"text-align: justify;\">Este curso va dirigido a chicos\/as que <strong>quieran acceder directamente a los ciclos formativos de grado medio<\/strong> sin tener que superar la prueba de acceso a grado medio.<\/div>\n<div><\/div>\n<div style=\"text-align: justify;\">El curso est\u00e1 reservado a las personas que no tienen el t\u00edtulo de graduado en Educaci\u00f3n Secundaria Obligatoria o equivalente acad\u00e9mico y que el a\u00f1o en que se matriculan del curso cumplen, como m\u00ednimo, 17 a\u00f1os.<\/div>\n<\/div><div class=\"fusion-sep-clear\"><\/div><div class=\"fusion-separator fusion-full-width-sep sep-none\" style=\"margin-left: auto;margin-right: auto;margin-top:20px;\"><\/div><div class=\"fusion-text\"><h3 style=\"text-align: center;\">SALIDAS ACAD\u00c9MICAS<\/h3>\n<\/div><div class=\"fusion-sep-clear\"><\/div><div class=\"fusion-separator fusion-full-width-sep sep-single sep-solid\" style=\"border-color:#ef7c00;border-top-width:1px;margin-left: auto;margin-right: auto;margin-top:0px;margin-bottom:20px;\"><\/div><div class=\"fusion-text\"><div style=\"text-align: justify;\">Graduado en Educaci\u00f3n Secundaria (ESO).<\/div>\n<p>&nbsp;<\/p>\n<div style=\"text-align: justify;\">Cualquier ciclo de grado medio de formaci\u00f3n profesional inicial.<\/div>\n<\/div><div class=\"fusion-clearfix\"><\/div><\/div><\/div><div  class=\"fusion-layout-column fusion_builder_column fusion_builder_column_1_3 fusion-builder-column-3 fusion-one-third 1_3\"  style='margin-top:0px;margin-bottom:20px;width:30.6666%; margin-right: 4%;'><div class=\"fusion-column-wrapper\" style=\"padding: 0px 0px 0px 0px;background-position:left top;background-repeat:no-repeat;-webkit-background-size:cover;-moz-background-size:cover;-o-background-size:cover;background-size:cover;\"   data-bg-url=\"\"><div class=\"fusion-text\"><h3 style=\"text-align: center;\"><strong><span lang=\"ca-ES\">DESCRIPCI\u00d3N DEL CURSO<\/span><\/strong><\/h3>\n<\/div><div class=\"fusion-sep-clear\"><\/div><div class=\"fusion-separator fusion-full-width-sep sep-single sep-solid\" style=\"border-color:#ef7c00;border-top-width:1px;margin-left: auto;margin-right: auto;margin-top:0px;margin-bottom:20px;\"><\/div><div class=\"fusion-text\"><div>El curso se estructura en <strong>tres \u00e1mbitos<\/strong>:<\/div>\n<div>&#8211; \u00e1mbito de la comunicaci\u00f3n (COM)<\/div>\n<div>&#8211; \u00e1mbito social (SOC)<\/div>\n<div>&#8211; y \u00e1mbito cient\u00edficotecnol\u00f2gico (CTE).<\/div>\n<p>&nbsp;<\/p>\n<div>La distribuci\u00f3n de las <strong>materias por \u00e1mbitos<\/strong> es la siguiente:<\/div>\n<\/div><div class=\"fusion-sep-clear\"><\/div><div class=\"fusion-separator fusion-full-width-sep sep-none\" style=\"margin-left: auto;margin-right: auto;margin-top:20px;\"><\/div><div class=\"fusion-text\"><div><strong>Materias obligatorias<\/strong><\/div>\n<\/div><ul class=\"fusion-checklist fusion-checklist-1\" style=\"font-size:13px;line-height:22.1px;\"><li class=\"fusion-li-item\"><span style=\"height:22.1px;width:22.1px;margin-right:9.1px;\" class=\"icon-wrapper circle-no\"><i class=\"fusion-li-icon fa-asterisk fas\" style=\"color:#ea5a0b;\"><\/i><\/span><div class=\"fusion-li-item-content\" style=\"margin-left:31.2px;\">Comunicaci\u00f3n en lengua catalana y lengua castellana (COM)<\/div><\/li><li class=\"fusion-li-item\"><span style=\"height:22.1px;width:22.1px;margin-right:9.1px;\" class=\"icon-wrapper circle-no\"><i class=\"fusion-li-icon fa-asterisk fas\" style=\"color:#ea5a0b;\"><\/i><\/span><div class=\"fusion-li-item-content\" style=\"margin-left:31.2px;\">\n<p>Lengua catalana\u00a0(COM)<\/p>\n<\/div><\/li><li class=\"fusion-li-item\"><span style=\"height:22.1px;width:22.1px;margin-right:9.1px;\" class=\"icon-wrapper circle-no\"><i class=\"fusion-li-icon fa-asterisk fas\" style=\"color:#ea5a0b;\"><\/i><\/span><div class=\"fusion-li-item-content\" style=\"margin-left:31.2px;\">\n<p>Lengua castellana\u00a0(COM)<\/p>\n<\/div><\/li><li class=\"fusion-li-item\"><span style=\"height:22.1px;width:22.1px;margin-right:9.1px;\" class=\"icon-wrapper circle-no\"><i class=\"fusion-li-icon fa-asterisk fas\" style=\"color:#ea5a0b;\"><\/i><\/span><div class=\"fusion-li-item-content\" style=\"margin-left:31.2px;\">\n<p>Estructuras ling\u00fc\u00edsticas comunes a las dos lenguas\u00a0(COM)<\/p>\n<\/div><\/li><li class=\"fusion-li-item\"><span style=\"height:22.1px;width:22.1px;margin-right:9.1px;\" class=\"icon-wrapper circle-no\"><i class=\"fusion-li-icon fa-asterisk fas\" style=\"color:#ea5a0b;\"><\/i><\/span><div class=\"fusion-li-item-content\" style=\"margin-left:31.2px;\">Lengua inglesa (COM)<\/div><\/li><li class=\"fusion-li-item\"><span style=\"height:22.1px;width:22.1px;margin-right:9.1px;\" class=\"icon-wrapper circle-no\"><i class=\"fusion-li-icon fa-asterisk fas\" style=\"color:#ea5a0b;\"><\/i><\/span><div class=\"fusion-li-item-content\" style=\"margin-left:31.2px;\">Ciencias sociales y ciudadan\u00eda (SOC)<\/div><\/li><li class=\"fusion-li-item\"><span style=\"height:22.1px;width:22.1px;margin-right:9.1px;\" class=\"icon-wrapper circle-no\"><i class=\"fusion-li-icon fa-asterisk fas\" style=\"color:#ea5a0b;\"><\/i><\/span><div class=\"fusion-li-item-content\" style=\"margin-left:31.2px;\">Tutor\u00eda y orientaci\u00f3n (SOC)<\/div><\/li><li class=\"fusion-li-item\"><span style=\"height:22.1px;width:22.1px;margin-right:9.1px;\" class=\"icon-wrapper circle-no\"><i class=\"fusion-li-icon fa-asterisk fas\" style=\"color:#ea5a0b;\"><\/i><\/span><div class=\"fusion-li-item-content\" style=\"margin-left:31.2px;\">Matem\u00e1ticas (CTE)<\/div><\/li><\/ul><div class=\"fusion-sep-clear\"><\/div><div class=\"fusion-separator fusion-full-width-sep sep-none\" style=\"margin-left: auto;margin-right: auto;margin-top:20px;\"><\/div><div class=\"fusion-text\"><div><strong>Materia opcional<\/strong><\/div>\n<\/div><ul class=\"fusion-checklist fusion-checklist-2\" style=\"font-size:13px;line-height:22.1px;\"><li class=\"fusion-li-item\"><span style=\"height:22.1px;width:22.1px;margin-right:9.1px;\" class=\"icon-wrapper circle-no\"><i class=\"fusion-li-icon fa-asterisk fas\" style=\"color:#ea5a0b;\"><\/i><\/span><div class=\"fusion-li-item-content\" style=\"margin-left:31.2px;\">\n<p>Ciencias de la naturaleza (CTE)<\/p>\n<\/div><\/li><\/ul><div class=\"fusion-clearfix\"><\/div><\/div><\/div><div  class=\"fusion-layout-column fusion_builder_column fusion_builder_column_1_3 fusion-builder-column-4 fusion-one-third fusion-column-last 1_3\"  style='margin-top:0px;margin-bottom:20px;width:30.6666%'><div class=\"fusion-column-wrapper\" style=\"padding: 0px 0px 0px 0px;background-position:left top;background-repeat:no-repeat;-webkit-background-size:cover;-moz-background-size:cover;-o-background-size:cover;background-size:cover;\"   data-bg-url=\"\"><div class=\"fusion-text\"><h3 style=\"text-align: center;\"><strong>HORARIO Y FECHAS<br \/>\n<\/strong><\/h3>\n<\/div><div class=\"fusion-sep-clear\"><\/div><div class=\"fusion-separator fusion-full-width-sep sep-single sep-solid\" style=\"border-color:#ef7c00;border-top-width:1px;margin-left: auto;margin-right: auto;margin-top:0px;margin-bottom:20px;\"><\/div><div class=\"fusion-text\"><p>Inicio y fin: <strong>de septiembre a mayo<\/strong> (finalizaci\u00f3n aproximada).<\/p>\n<p><strong>Horario:<\/strong> de lunes a viernes <strong>de <b>15.00 h a 18.00 h<\/b><\/strong> (comunes y espec\u00edficas).<strong><br \/>\n<\/strong><\/p>\n<\/div><div class=\"fusion-sep-clear\"><\/div><div class=\"fusion-separator fusion-full-width-sep sep-none\" style=\"margin-left: auto;margin-right: auto;margin-top:;\"><\/div><div class=\"fusion-text\"><h3 style=\"text-align: center;\"><strong>CARACTER\u00cdSTICAS DEL CURSO EN EDUCEM<br \/>\n<\/strong><\/h3>\n<\/div><div class=\"fusion-sep-clear\"><\/div><div class=\"fusion-separator fusion-full-width-sep sep-single sep-solid\" style=\"border-color:#ef7c00;border-top-width:1px;margin-left: auto;margin-right: auto;margin-top:0px;margin-bottom:20px;\"><\/div><div class=\"fusion-text\"><p>Tutor\u00eda individual, grupal y seguimiento individualizado.<\/p>\n<p>Orientaci\u00f3n sobre los ciclos de grado medio.<\/p>\n<\/div><div class=\"fusion-clearfix\"><\/div><\/div><\/div><\/div><\/div><\/p>\n","protected":false},"excerpt":{"rendered":"","protected":false},"author":1,"featured_media":0,"parent":13923,"menu_order":0,"comment_status":"open","ping_status":"closed","template":"100-width.php","meta":[],"aioseo_notices":[],"_links":{"self":[{"href":"https:\/\/educemold.arrova.net\/es\/wp-json\/wp\/v2\/pages\/13926"}],"collection":[{"href":"https:\/\/educemold.arrova.net\/es\/wp-json\/wp\/v2\/pages"}],"about":[{"href":"https:\/\/educemold.arrova.net\/es\/wp-json\/wp\/v2\/types\/page"}],"author":[{"embeddable":true,"href":"https:\/\/educemold.arrova.net\/es\/wp-json\/wp\/v2\/users\/1"}],"replies":[{"embeddable":true,"href":"https:\/\/educemold.arrova.net\/es\/wp-json\/wp\/v2\/comments?post=13926"}],"version-history":[{"count":34,"href":"https:\/\/educemold.arrova.net\/es\/wp-json\/wp\/v2\/pages\/13926\/revisions"}],"predecessor-version":[{"id":23328,"href":"https:\/\/educemold.arrova.net\/es\/wp-json\/wp\/v2\/pages\/13926\/revisions\/23328"}],"up":[{"embeddable":true,"href":"https:\/\/educemold.arrova.net\/es\/wp-json\/wp\/v2\/pages\/13923"}],"wp:attachment":[{"href":"https:\/\/educemold.arrova.net\/es\/wp-json\/wp\/v2\/media?parent=13926"}],"curies":[{"name":"wp","href":"https:\/\/api.w.org\/{rel}","templated":true}]}}