{"id":13932,"date":"2015-04-21T14:50:49","date_gmt":"2015-04-21T12:50:49","guid":{"rendered":"https:\/\/educemold.arrova.net\/oferta-formativa\/formacion-para-adultos\/plans-iniciacio-professional-pip\/"},"modified":"2023-05-04T20:41:53","modified_gmt":"2023-05-04T18:41:53","slug":"plans-iniciacio-professional-pip","status":"publish","type":"page","link":"https:\/\/educemold.arrova.net\/es\/oferta-formativa\/formacion-para-adultos\/plans-iniciacio-professional-pip\/","title":{"rendered":"PFI"},"content":{"rendered":"<p><div class=\"fusion-fullwidth fullwidth-box fusion-builder-row-1 nonhundred-percent-fullwidth non-hundred-percent-height-scrolling\"  style='background-color: #ffffff;background-position: left top;background-repeat: no-repeat;padding-top:20px;padding-right:0px;padding-bottom:20px;padding-left:0px;border-top-width:0px;border-bottom-width:0px;border-color:#eae9e9;border-top-style:solid;border-bottom-style:solid;'><div class=\"fusion-builder-row fusion-row \"><div  class=\"fusion-layout-column fusion_builder_column fusion_builder_column_1_2 fusion-builder-column-0 fusion-one-half fusion-column-first 1_2\"  style='margin-top:0px;margin-bottom:20px;width:48%; margin-right: 4%;'><div class=\"fusion-column-wrapper\" style=\"padding: 0px 0px 0px 0px;background-position:left top;background-repeat:no-repeat;-webkit-background-size:cover;-moz-background-size:cover;-o-background-size:cover;background-size:cover;\"   data-bg-url=\"\"><div class=\"fusion-sep-clear\"><\/div><div class=\"fusion-separator fusion-full-width-sep sep-single sep-solid\" style=\"border-color:#ef7c00;border-top-width:1px;margin-left: auto;margin-right: auto;margin-top:20px;margin-bottom:0px;\"><\/div><div class=\"fusion-text\"><h3 style=\"text-align: center;\"><strong>\u00a0PROGRAMAS DE\u00a0FORMACI\u00d3N E INSERCI\u00d3N PFI<br \/>\n<\/strong><\/h3>\n<\/div><div class=\"fusion-sep-clear\"><\/div><div class=\"fusion-separator fusion-full-width-sep sep-single sep-solid\" style=\"border-color:#ef7c00;border-top-width:1px;margin-left: auto;margin-right: auto;margin-top:0px;margin-bottom:20px;\"><\/div><div class=\"fusion-text\"><p style=\"text-align: justify;\">Este programa da a los j\u00f3venes la posibilidad de volver al sistema educativo <strong>para estudiar un ciclo formativo de grado medio.<\/strong> Facilita el aprendizaje b\u00e1sico para acceder al mercado laboral con mejores posibilidades de obtener una ocupaci\u00f3n cualificada y duradera.<\/p>\n<\/div><div class=\"fusion-video fusion-youtube fusion-aligncenter\" style=\"max-width:600px;max-height:360px; width:100%\"><div class=\"video-shortcode\"><iframe title=\"YouTube video player\" src=\"https:\/\/www.youtube.com\/embed\/OMyrg-0zbrw?wmode=transparent&autoplay=0\" width=\"600\" height=\"360\" allowfullscreen allow=\"autoplay; fullscreen\"><\/iframe><\/div><\/div><div class=\"fusion-clearfix\"><\/div><\/div><\/div><div  class=\"fusion-layout-column fusion_builder_column fusion_builder_column_1_2 fusion-builder-column-1 fusion-one-half fusion-column-last 1_2\"  style='margin-top:0px;margin-bottom:20px;width:48%'><div class=\"fusion-column-wrapper\" style=\"padding: 0px 0px 0px 0px;background-position:left top;background-repeat:no-repeat;-webkit-background-size:cover;-moz-background-size:cover;-o-background-size:cover;background-size:cover;\"   data-bg-url=\"\"><div class=\"fusion-sep-clear\"><\/div><div class=\"fusion-separator fusion-full-width-sep sep-single sep-solid\" style=\"border-color:#ef7c00;border-top-width:1px;margin-left: auto;margin-right: auto;margin-top:20px;margin-bottom:0px;\"><\/div><div class=\"fusion-text\"><h3 style=\"text-align: center;\"><strong>ACCESO Y\u00a0<\/strong><strong>REQUISITOS<br \/>\n<\/strong><\/h3>\n<\/div><div class=\"fusion-sep-clear\"><\/div><div class=\"fusion-separator fusion-full-width-sep sep-single sep-solid\" style=\"border-color:#ef7c00;border-top-width:1px;margin-left: auto;margin-right: auto;margin-top:0px;margin-bottom:20px;\"><\/div><div class=\"fusion-text\"><p style=\"text-align: justify;\">El PFI est\u00e1 dirigido a los j\u00f3venes no ocupados que cumplan <strong>como m\u00ednimo 16 a\u00f1os y como m\u00e1ximo 21<\/strong> en el a\u00f1o de inicio del programa y que no hayan obtenido el graduado en ESO.<\/p>\n<p style=\"text-align: justify;\">Aquel alumno que supere el PFI, podr\u00e1 acceder a un grado medio sin necesidad de realizar la prueba de acceso.<\/p>\n<p style=\"text-align: justify;\">Tambi\u00e9n da la opci\u00f3n, a los j\u00f3venes que lo deseen, de hacer una formaci\u00f3n complementaria para obtener el t\u00edtulo de graduado\/a en ESO al acabar el PFI.<\/p>\n<p style=\"text-align: justify;\"><strong>Horario de ma\u00f1anas:<\/strong> de lunes a viernes de 9.00 h a 13.30 h. (comunes y espec\u00edficas).<\/p>\n<p style=\"text-align: justify;\"><strong>Inicio y fin:<\/strong> de septiembre a junio.<\/p>\n<\/div><div class=\"fusion-sep-clear\"><\/div><div class=\"fusion-separator fusion-full-width-sep sep-none\" style=\"margin-left: auto;margin-right: auto;margin-top:;margin-bottom:20px;\"><\/div><div class=\"fusion-text\"><h2 style=\"text-align: center;\"><strong>\u00a0DOCUMENTACI\u00d3N<br \/>\n<\/strong><\/h2>\n<\/div><div class=\"fusion-sep-clear\"><\/div><div class=\"fusion-separator fusion-full-width-sep sep-single sep-solid\" style=\"border-color:#ef7c00;border-top-width:1px;margin-left: auto;margin-right: auto;margin-top:0px;margin-bottom:20px;\"><\/div><div class=\"fusion-button-wrapper fusion-aligncenter\"><style type=\"text\/css\">.fusion-button.button-1 .fusion-button-text, .fusion-button.button-1 i {color:#fff;}.fusion-button.button-1 .fusion-button-icon-divider{border-color:#fff;}.fusion-button.button-1:hover .fusion-button-text, .fusion-button.button-1:hover i,.fusion-button.button-1:focus .fusion-button-text, .fusion-button.button-1:focus i,.fusion-button.button-1:active .fusion-button-text, .fusion-button.button-1:active{color:#fff;}.fusion-button.button-1:hover .fusion-button-icon-divider, .fusion-button.button-1:hover .fusion-button-icon-divider, .fusion-button.button-1:active .fusion-button-icon-divider{border-color:#fff;}.fusion-button.button-1:hover, .fusion-button.button-1:focus, .fusion-button.button-1:active{border-color:#fff;border-width:1px;}.fusion-button.button-1 {border-color:#fff;border-width:1px;border-radius:2px;}.fusion-button.button-1{background: #e65a0c;\n\t\t\t\t\t\t\tbackground-image: -webkit-gradient( linear, left bottom, left top, from( #f2a643 ), to( #e65a0c ) );\n\t\t\t\t\t\t\tbackground-image: -webkit-linear-gradient( bottom, #f2a643, #e65a0c );\n\t\t\t\t\t\t\tbackground-image:   -moz-linear-gradient( bottom, #f2a643, #e65a0c );\n\t\t\t\t\t\t\tbackground-image:     -o-linear-gradient( bottom, #f2a643, #e65a0c );\n\t\t\t\t\t\t\tbackground-image: linear-gradient( to top, #f2a643, #e65a0c );}.fusion-button.button-1:hover,.button-1:focus,.fusion-button.button-1:active{background: #fcae5f;\n\t\t\t\t\t\t\tbackground-image: -webkit-gradient( linear, left bottom, left top, from( #fde7d1 ), to( #fcae5f ) );\n\t\t\t\t\t\t\tbackground-image: -webkit-linear-gradient( bottom, #fde7d1, #fcae5f );\n\t\t\t\t\t\t\tbackground-image:   -moz-linear-gradient( bottom, #fde7d1, #fcae5f );\n\t\t\t\t\t\t\tbackground-image:     -o-linear-gradient( bottom, #fde7d1, #fcae5f );\n\t\t\t\t\t\t\tbackground-image: linear-gradient( to top, #fde7d1, #fcae5f );}<\/style><a class=\"fusion-button button-flat button-large button-custom button-1 fusion-button-default-span \" target=\"_blank\" rel=\"noopener noreferrer\" href=\"https:\/\/educemold.arrova.net\/wp-content\/uploads\/2023\/05\/PFI_23_24_CAT_v0.pdf\"><i class=\"fa-file-alt far button-icon-left\"><\/i><span class=\"fusion-button-text\">Descargar el Dossier PFI 2023-24<\/span><\/a><\/div><div class=\"fusion-clearfix\"><\/div><\/div><\/div><\/div><\/div><div class=\"fusion-fullwidth fullwidth-box fusion-builder-row-2 nonhundred-percent-fullwidth non-hundred-percent-height-scrolling\"  style='background-color: #f4f4f4;background-position: left top;background-repeat: no-repeat;padding-top:20px;padding-right:0px;padding-bottom:20px;padding-left:0px;border-top-width:0px;border-bottom-width:0px;border-color:#eae9e9;border-top-style:solid;border-bottom-style:solid;'><div class=\"fusion-builder-row fusion-row \"><div  class=\"fusion-layout-column fusion_builder_column fusion_builder_column_1_1 fusion-builder-column-2 fusion-one-full fusion-column-first fusion-column-last fusion-column-no-min-height 1_1\"  style='margin-top:0px;margin-bottom:0px;'><div class=\"fusion-column-wrapper\" style=\"padding: 0px 0px 0px 0px;background-position:left top;background-repeat:no-repeat;-webkit-background-size:cover;-moz-background-size:cover;-o-background-size:cover;background-size:cover;\"   data-bg-url=\"\"><div class=\"fusion-text\"><h2 style=\"text-align: center;\"><strong>CARACTER\u00cdSTICAS DEL CURSO EN EDUCEM<\/strong><\/h2>\n<\/div><div class=\"fusion-sep-clear\"><\/div><div class=\"fusion-separator fusion-full-width-sep sep-single sep-solid\" style=\"border-color:#ef7c00;border-top-width:1px;margin-left: auto;margin-right: auto;margin-top:0px;margin-bottom:20px;\"><\/div><div class=\"fusion-clearfix\"><\/div><\/div><\/div><div  class=\"fusion-layout-column fusion_builder_column fusion_builder_column_1_2 fusion-builder-column-3 fusion-one-half fusion-column-first fusion-column-no-min-height 1_2\"  style='margin-top:0px;margin-bottom:0px;width:48%; margin-right: 4%;'><div class=\"fusion-column-wrapper\" style=\"padding: 0px 0px 0px 0px;background-position:left top;background-repeat:no-repeat;-webkit-background-size:cover;-moz-background-size:cover;-o-background-size:cover;background-size:cover;\"   data-bg-url=\"\"><div class=\"fusion-text\"><p style=\"text-align: justify;\"><strong>Continuidad<\/strong> para sacarse el <strong>graduado en ESO<\/strong>: somos una escuela de adultos autorizada por el Departament d\u2019Ensenyament y el alumnado puede prepararse y examinarse en el mismo centro.<\/p>\n<p style=\"text-align: justify;\"><strong>Orientaci\u00f3n<\/strong> sobre los ciclos de grado medio y sobre las salidas laborales del PFI.<\/p>\n<\/div><div class=\"fusion-clearfix\"><\/div><\/div><\/div><div  class=\"fusion-layout-column fusion_builder_column fusion_builder_column_1_2 fusion-builder-column-4 fusion-one-half fusion-column-last fusion-column-no-min-height 1_2\"  style='margin-top:0px;margin-bottom:0px;width:48%'><div class=\"fusion-column-wrapper\" style=\"padding: 0px 0px 0px 0px;background-position:left top;background-repeat:no-repeat;-webkit-background-size:cover;-moz-background-size:cover;-o-background-size:cover;background-size:cover;\"   data-bg-url=\"\"><div class=\"fusion-text\"><p style=\"text-align: justify;\"><strong>Continuidad<\/strong> para estudiar el <strong>CFGM Sistemas Microinform\u00e1ticos y Redes<\/strong> en el caso de haber cursado el PFI de Inform\u00e1tica o el <strong>CFGM Gesti\u00f3n Administrativa<\/strong> en el caso de haber cursado el PFI de Administrativo.<\/p>\n<p style=\"text-align: justify;\"><strong>Tutor\u00eda<\/strong> individual, grupal y seguimiento individualizado.<\/p>\n<\/div><div class=\"fusion-clearfix\"><\/div><\/div><\/div><\/div><\/div><div class=\"fusion-fullwidth fullwidth-box fusion-builder-row-3 nonhundred-percent-fullwidth non-hundred-percent-height-scrolling\"  style='background-color: #ffffff;background-position: left top;background-repeat: no-repeat;padding-top:20px;padding-right:0px;padding-bottom:20px;padding-left:0px;border-top-width:0px;border-bottom-width:0px;border-color:#eae9e9;border-top-style:solid;border-bottom-style:solid;'><div class=\"fusion-builder-row fusion-row \"><div  class=\"fusion-layout-column fusion_builder_column fusion_builder_column_1_1 fusion-builder-column-5 fusion-one-full fusion-column-first fusion-column-last fusion-column-no-min-height 1_1\"  style='margin-top:0px;margin-bottom:0px;'><div class=\"fusion-column-wrapper\" style=\"padding: 0px 0px 0px 0px;background-position:left top;background-repeat:no-repeat;-webkit-background-size:cover;-moz-background-size:cover;-o-background-size:cover;background-size:cover;\"   data-bg-url=\"\"><div class=\"fusion-text\"><h2 style=\"text-align: center;\"><strong><span lang=\"ca-ES\">CONTENIDOS<br \/>\n<\/span><\/strong><\/h2>\n<\/div><div class=\"fusion-sep-clear\"><\/div><div class=\"fusion-separator fusion-full-width-sep sep-single sep-solid\" style=\"border-color:#ef7c00;border-top-width:1px;margin-left: auto;margin-right: auto;margin-top:0px;margin-bottom:10px;\"><\/div><div class=\"fusion-clearfix\"><\/div><\/div><\/div><div  class=\"fusion-layout-column fusion_builder_column fusion_builder_column_1_2 fusion-builder-column-6 fusion-one-half fusion-column-first fusion-column-no-min-height 1_2\"  style='margin-top:0px;margin-bottom:0px;width:48%; margin-right: 4%;'><div class=\"fusion-column-wrapper\" style=\"padding: 0px 0px 0px 0px;background-position:left top;background-repeat:no-repeat;-webkit-background-size:cover;-moz-background-size:cover;-o-background-size:cover;background-size:cover;\"   data-bg-url=\"\"><div class=\"fusion-text\"><h4 style=\"text-align: left;\"><strong>M\u00d3DULOS DE FORMACI\u00d3N GENERAL<\/strong><\/h4>\n<\/div><ul class=\"fusion-checklist fusion-checklist-1\" style=\"font-size:13px;line-height:22.1px;\"><li class=\"fusion-li-item\"><span style=\"height:22.1px;width:22.1px;margin-right:9.1px;\" class=\"icon-wrapper circle-no\"><i class=\"fusion-li-icon fa-asterisk fas\" style=\"color:#ea5a0b;\"><\/i><\/span><div class=\"fusion-li-item-content\" style=\"margin-left:31.2px;\">MFG1: Estrategias y herramientas de comunicaci\u00f3n.<\/div><\/li><li class=\"fusion-li-item\"><span style=\"height:22.1px;width:22.1px;margin-right:9.1px;\" class=\"icon-wrapper circle-no\"><i class=\"fusion-li-icon fa-asterisk fas\" style=\"color:#ea5a0b;\"><\/i><\/span><div class=\"fusion-li-item-content\" style=\"margin-left:31.2px;\">MFG2: Entorno social i territorial.<\/div><\/li><li class=\"fusion-li-item\"><span style=\"height:22.1px;width:22.1px;margin-right:9.1px;\" class=\"icon-wrapper circle-no\"><i class=\"fusion-li-icon fa-asterisk fas\" style=\"color:#ea5a0b;\"><\/i><\/span><div class=\"fusion-li-item-content\" style=\"margin-left:31.2px;\">MFG3: Estrategias y herramientas matem\u00e1ticas.<\/div><\/li><li class=\"fusion-li-item\"><span style=\"height:22.1px;width:22.1px;margin-right:9.1px;\" class=\"icon-wrapper circle-no\"><i class=\"fusion-li-icon fa-asterisk fas\" style=\"color:#ea5a0b;\"><\/i><\/span><div class=\"fusion-li-item-content\" style=\"margin-left:31.2px;\">MFG4: Incorporaci\u00f3n al mundo profesional.<\/div><\/li><\/ul><div class=\"fusion-sep-clear\"><\/div><div class=\"fusion-separator fusion-full-width-sep sep-single sep-solid\" style=\"border-color:#ef7c00;border-top-width:1px;margin-left: auto;margin-right: auto;margin-top:10px;margin-bottom:10px;\"><\/div><div class=\"fusion-text\"><h4><strong>TUTOR\u00cdA<\/strong><\/h4>\n<\/div><div class=\"fusion-sep-clear\"><\/div><div class=\"fusion-separator fusion-full-width-sep sep-single sep-solid\" style=\"border-color:#ef7c00;border-top-width:1px;margin-left: auto;margin-right: auto;margin-top:0px;margin-bottom:20px;\"><\/div><div class=\"fusion-clearfix\"><\/div><\/div><\/div><div  class=\"fusion-layout-column fusion_builder_column fusion_builder_column_1_2 fusion-builder-column-7 fusion-one-half fusion-column-last fusion-column-no-min-height 1_2\"  style='margin-top:0px;margin-bottom:0px;width:48%'><div class=\"fusion-column-wrapper\" style=\"padding: 0px 0px 0px 0px;background-position:left top;background-repeat:no-repeat;-webkit-background-size:cover;-moz-background-size:cover;-o-background-size:cover;background-size:cover;\"   data-bg-url=\"\"><div class=\"fusion-text\"><h4><strong>M\u00d3DULOS DE FORMACI\u00d3N PROFESIONAL COMUNES A LOS PERFILES<\/strong><\/h4>\n<\/div><ul class=\"fusion-checklist fusion-checklist-2\" style=\"font-size:13px;line-height:22.1px;\"><li class=\"fusion-li-item\"><span style=\"height:22.1px;width:22.1px;margin-right:9.1px;\" class=\"icon-wrapper circle-no\"><i class=\"fusion-li-icon fa-asterisk fas\" style=\"color:#ea5a0b;\"><\/i><\/span><div class=\"fusion-li-item-content\" style=\"margin-left:31.2px;\">\n<p>MFCT. Formaci\u00f3n en centros de trabajo.<\/p>\n<\/div><\/li><li class=\"fusion-li-item\"><span style=\"height:22.1px;width:22.1px;margin-right:9.1px;\" class=\"icon-wrapper circle-no\"><i class=\"fusion-li-icon fa-asterisk fas\" style=\"color:#ea5a0b;\"><\/i><\/span><div class=\"fusion-li-item-content\" style=\"margin-left:31.2px;\">\n<p>MPI. Proyecto integrado.<\/p>\n<\/div><\/li><li class=\"fusion-li-item\"><span style=\"height:22.1px;width:22.1px;margin-right:9.1px;\" class=\"icon-wrapper circle-no\"><i class=\"fusion-li-icon fa-asterisk fas\" style=\"color:#ea5a0b;\"><\/i><\/span><div class=\"fusion-li-item-content\" style=\"margin-left:31.2px;\">\n<p>MPRL. Formaci\u00f3n b\u00e1sica en prevenci\u00f3n de riesgos laborales.<\/p>\n<\/div><\/li><\/ul><div class=\"fusion-sep-clear\"><\/div><div class=\"fusion-separator fusion-full-width-sep sep-single sep-solid\" style=\"border-color:#ef7c00;border-top-width:1px;margin-left: auto;margin-right: auto;margin-top:23px;margin-bottom:10px;\"><\/div><div class=\"fusion-text\"><h4><strong>FORMACI\u00d3N COMPLEMENTARIA DE REFUERZO Y PROFUNDIZACI\u00d3N<\/strong><\/h4>\n<\/div><div class=\"fusion-sep-clear\"><\/div><div class=\"fusion-separator fusion-full-width-sep sep-single sep-solid\" style=\"border-color:#ef7c00;border-top-width:1px;margin-left: auto;margin-right: auto;margin-top:0px;margin-bottom:20px;\"><\/div><div class=\"fusion-clearfix\"><\/div><\/div><\/div><div  class=\"fusion-layout-column fusion_builder_column fusion_builder_column_1_2 fusion-builder-column-8 fusion-one-half fusion-column-first 1_2\"  style='margin-top:0px;margin-bottom:20px;width:48%; margin-right: 4%;'><div class=\"fusion-column-wrapper\" style=\"padding: 0px 0px 0px 0px;background-position:left top;background-repeat:no-repeat;-webkit-background-size:cover;-moz-background-size:cover;-o-background-size:cover;background-size:cover;\"   data-bg-url=\"\"><div class=\"fusion-text\"><h4 style=\"text-align: left;\"><strong>M\u00d3DULOS ESPEC\u00cdFICOS: AUX. MONTAJES Y MANTENIMIENTO DE SISTEMAS MICROINFORM\u00c1TICOS<\/strong><\/h4>\n<\/div><ul class=\"fusion-checklist fusion-checklist-3\" style=\"font-size:13px;line-height:22.1px;\"><li class=\"fusion-li-item\"><span style=\"height:22.1px;width:22.1px;margin-right:9.1px;\" class=\"icon-wrapper circle-no\"><i class=\"fusion-li-icon fa-asterisk fas\" style=\"color:#ea5a0b;\"><\/i><\/span><div class=\"fusion-li-item-content\" style=\"margin-left:31.2px;\">Montaje y mantenimiento de sistemas y componentes inform\u00e1ticos<\/div><\/li><\/ul><ul class=\"fusion-checklist fusion-checklist-4\" style=\"font-size:13px;line-height:22.1px;\"><li class=\"fusion-li-item\"><span style=\"height:22.1px;width:22.1px;margin-right:9.1px;\" class=\"icon-wrapper circle-no\"><i class=\"fusion-li-icon fa fa-check\" style=\"color:#ffffff;\"><\/i><\/span><div class=\"fusion-li-item-content\" style=\"margin-left:31.2px;\">\n<p style=\"padding-left: 40px;\">&gt; <span lang=\"CA\">Realizar operaciones auxiliares de mantenimiento de sistemas\u00a0microinform\u00e1ticos.<\/span><\/p>\n<\/div><\/li><\/ul><ul class=\"fusion-checklist fusion-checklist-5\" style=\"font-size:13px;line-height:22.1px;\"><li class=\"fusion-li-item\"><span style=\"height:22.1px;width:22.1px;margin-right:9.1px;\" class=\"icon-wrapper circle-no\"><i class=\"fusion-li-icon fa-asterisk fas\" style=\"color:#ea5a0b;\"><\/i><\/span><div class=\"fusion-li-item-content\" style=\"margin-left:31.2px;\">\n<p>Operaciones auxiliares para la configuraci\u00f3n y explotaci\u00f3n<\/p>\n<\/div><\/li><\/ul><ul class=\"fusion-checklist fusion-checklist-6\" style=\"font-size:13px;line-height:22.1px;\"><li class=\"fusion-li-item\"><span style=\"height:22.1px;width:22.1px;margin-right:9.1px;\" class=\"icon-wrapper circle-no\"><i class=\"fusion-li-icon fa fa-check\" style=\"color:#ffffff;\"><\/i><\/span><div class=\"fusion-li-item-content\" style=\"margin-left:31.2px;\">\n<p style=\"padding-left: 40px;\">&gt; <span lang=\"CA\">Realizar operaciones auxiliares con tecnolog\u00edas de la informaci\u00f3n y la comunicaci\u00f3n.<\/span><\/p>\n<\/div><\/li><\/ul><ul class=\"fusion-checklist fusion-checklist-7\" style=\"font-size:13px;line-height:22.1px;\"><li class=\"fusion-li-item\"><span style=\"height:22.1px;width:22.1px;margin-right:9.1px;\" class=\"icon-wrapper circle-no\"><i class=\"fusion-li-icon fa-asterisk fas\" style=\"color:#ea5a0b;\"><\/i><\/span><div class=\"fusion-li-item-content\" style=\"margin-left:31.2px;\">Instalaci\u00f3n y mantenimiento de redes para la transmisi\u00f3n de datos<\/div><\/li><\/ul><ul class=\"fusion-checklist fusion-checklist-8\" style=\"font-size:13px;line-height:22.1px;\"><li class=\"fusion-li-item\"><span style=\"height:22.1px;width:22.1px;margin-right:9.1px;\" class=\"icon-wrapper circle-no\"><i class=\"fusion-li-icon fa fa-check\" style=\"color:#ffffff;\"><\/i><\/span><div class=\"fusion-li-item-content\" style=\"margin-left:31.2px;\">\n<p style=\"padding-left: 40px;\">&gt; <span lang=\"CA\">Realizar operaciones auxiliares de montaje de equipos microinform\u00e1ticos.<\/span><\/p>\n<\/div><\/li><\/ul><div class=\"fusion-clearfix\"><\/div><\/div><\/div><div  class=\"fusion-layout-column fusion_builder_column fusion_builder_column_1_2 fusion-builder-column-9 fusion-one-half fusion-column-last 1_2\"  style='margin-top:0px;margin-bottom:20px;width:48%'><div class=\"fusion-column-wrapper\" style=\"padding: 0px 0px 0px 0px;background-position:left top;background-repeat:no-repeat;-webkit-background-size:cover;-moz-background-size:cover;-o-background-size:cover;background-size:cover;\"   data-bg-url=\"\"><div class=\"fusion-text\"><h4><strong>M\u00d3DULOS ESPEC\u00cdFICOS: AUX. DE ACTIVIDADES DE OFICINA Y EN SERVICIOS ADMINISTRATIVOS GENERALES<\/strong><\/h4>\n<\/div><ul class=\"fusion-checklist fusion-checklist-9\" style=\"font-size:13px;line-height:22.1px;\"><li class=\"fusion-li-item\"><span style=\"height:22.1px;width:22.1px;margin-right:9.1px;\" class=\"icon-wrapper circle-no\"><i class=\"fusion-li-icon fa-asterisk fas\" style=\"color:#ea5a0b;\"><\/i><\/span><div class=\"fusion-li-item-content\" style=\"margin-left:31.2px;\">T\u00e9cnicas administrativas b\u00e1sicas<\/div><\/li><\/ul><ul class=\"fusion-checklist fusion-checklist-10\" style=\"font-size:13px;line-height:22.1px;\"><li class=\"fusion-li-item\"><span style=\"height:22.1px;width:22.1px;margin-right:9.1px;\" class=\"icon-wrapper circle-no\"><i class=\"fusion-li-icon fa fa-check\" style=\"color:#ffffff;\"><\/i><\/span><div class=\"fusion-li-item-content\" style=\"margin-left:31.2px;\">\n<p style=\"padding-left: 40px;\">&gt; <span lang=\"CA\"> Realizar operaciones de apoyo administrativo b\u00e1sico.<\/span><\/p>\n<\/div><\/li><li class=\"fusion-li-item\"><span style=\"height:22.1px;width:22.1px;margin-right:9.1px;\" class=\"icon-wrapper circle-no\"><i class=\"fusion-li-icon fa fa-check\" style=\"color:#ffffff;\"><\/i><\/span><div class=\"fusion-li-item-content\" style=\"margin-left:31.2px;\">\n<p style=\"padding-left: 40px;\">&gt; <span lang=\"CA\"> Transmitir y recibir informaci\u00f3n operativa en gestiones rutinarias con agentes externos a la organizaci\u00f3n.<\/span><\/p>\n<\/div><\/li><\/ul><ul class=\"fusion-checklist fusion-checklist-11\" style=\"font-size:13px;line-height:22.1px;\"><li class=\"fusion-li-item\"><span style=\"height:22.1px;width:22.1px;margin-right:9.1px;\" class=\"icon-wrapper circle-no\"><i class=\"fusion-li-icon fa-asterisk fas\" style=\"color:#ea5a0b;\"><\/i><\/span><div class=\"fusion-li-item-content\" style=\"margin-left:31.2px;\">Archivo y comunicaci\u00f3n de la organizaci\u00f3n<\/div><\/li><\/ul><ul class=\"fusion-checklist fusion-checklist-12\" style=\"font-size:13px;line-height:22.1px;\"><li class=\"fusion-li-item\"><span style=\"height:22.1px;width:22.1px;margin-right:9.1px;\" class=\"icon-wrapper circle-no\"><i class=\"fusion-li-icon fa fa-check\" style=\"color:#ffffff;\"><\/i><\/span><div class=\"fusion-li-item-content\" style=\"margin-left:31.2px;\">\n<p style=\"padding-left: 40px;\">&gt; <span lang=\"CA\"> Realizar operaciones auxiliares de reproducci\u00f3n y archivo en apoyo convencional o inform\u00e1tico.<\/span><\/p>\n<\/div><\/li><li class=\"fusion-li-item\"><span style=\"height:22.1px;width:22.1px;margin-right:9.1px;\" class=\"icon-wrapper circle-no\"><i class=\"fusion-li-icon fa fa-check\" style=\"color:#ffffff;\"><\/i><\/span><div class=\"fusion-li-item-content\" style=\"margin-left:31.2px;\">\n<p style=\"padding-left: 40px;\">&gt; <span lang=\"CA\"> Ofim\u00e1tica.<\/span><\/p>\n<\/div><\/li><\/ul><div class=\"fusion-clearfix\"><\/div><\/div><\/div><div  class=\"fusion-layout-column fusion_builder_column fusion_builder_column_1_1 fusion-builder-column-10 fusion-one-full fusion-column-first fusion-column-last fusion-column-no-min-height 1_1\"  style='margin-top:0px;margin-bottom:0px;'><div class=\"fusion-column-wrapper\" style=\"padding: 0px 0px 0px 0px;background-position:left top;background-repeat:no-repeat;-webkit-background-size:cover;-moz-background-size:cover;-o-background-size:cover;background-size:cover;\"   data-bg-url=\"\"><div class=\"fusion-sep-clear\"><\/div><div class=\"fusion-separator fusion-full-width-sep sep-single sep-solid\" style=\"border-color:#ef7c00;border-top-width:1px;margin-left: auto;margin-right: auto;margin-top:0px;margin-bottom:10px;\"><\/div><div class=\"fusion-clearfix\"><\/div><\/div><\/div><\/div><\/div><\/p>\n","protected":false},"excerpt":{"rendered":"","protected":false},"author":1,"featured_media":0,"parent":13923,"menu_order":0,"comment_status":"open","ping_status":"closed","template":"100-width.php","meta":[],"aioseo_notices":[],"_links":{"self":[{"href":"https:\/\/educemold.arrova.net\/es\/wp-json\/wp\/v2\/pages\/13932"}],"collection":[{"href":"https:\/\/educemold.arrova.net\/es\/wp-json\/wp\/v2\/pages"}],"about":[{"href":"https:\/\/educemold.arrova.net\/es\/wp-json\/wp\/v2\/types\/page"}],"author":[{"embeddable":true,"href":"https:\/\/educemold.arrova.net\/es\/wp-json\/wp\/v2\/users\/1"}],"replies":[{"embeddable":true,"href":"https:\/\/educemold.arrova.net\/es\/wp-json\/wp\/v2\/comments?post=13932"}],"version-history":[{"count":31,"href":"https:\/\/educemold.arrova.net\/es\/wp-json\/wp\/v2\/pages\/13932\/revisions"}],"predecessor-version":[{"id":23389,"href":"https:\/\/educemold.arrova.net\/es\/wp-json\/wp\/v2\/pages\/13932\/revisions\/23389"}],"up":[{"embeddable":true,"href":"https:\/\/educemold.arrova.net\/es\/wp-json\/wp\/v2\/pages\/13923"}],"wp:attachment":[{"href":"https:\/\/educemold.arrova.net\/es\/wp-json\/wp\/v2\/media?parent=13932"}],"curies":[{"name":"wp","href":"https:\/\/api.w.org\/{rel}","templated":true}]}}