{"id":13933,"date":"2015-04-21T13:09:56","date_gmt":"2015-04-21T11:09:56","guid":{"rendered":"https:\/\/educemold.arrova.net\/oferta-formativa\/formacion-para-adultos\/prova-dacces-a-grau-mitja\/"},"modified":"2023-05-04T08:57:03","modified_gmt":"2023-05-04T06:57:03","slug":"prova-dacces-a-grau-mitja","status":"publish","type":"page","link":"https:\/\/educemold.arrova.net\/es\/oferta-formativa\/formacion-para-adultos\/prova-dacces-a-grau-mitja\/","title":{"rendered":"Prova d&#8217;acc\u00e9s a Grau Mitj\u00e0"},"content":{"rendered":"<p><div class=\"fusion-fullwidth fullwidth-box fusion-builder-row-1 nonhundred-percent-fullwidth non-hundred-percent-height-scrolling\"  style='background-color: rgba(255,255,255,0);background-position: left top;background-repeat: no-repeat;padding-top:20px;padding-right:0px;padding-bottom:0px;padding-left:0px;border-top-width:0px;border-bottom-width:0px;border-color:#eae9e9;border-top-style:solid;border-bottom-style:solid;'><div class=\"fusion-builder-row fusion-row \"><div  class=\"fusion-layout-column fusion_builder_column fusion_builder_column_1_2 fusion-builder-column-0 fusion-one-half fusion-column-first 1_2\"  style='margin-top:0px;margin-bottom:20px;width:48%; margin-right: 4%;'><div class=\"fusion-column-wrapper\" style=\"padding: 0px 0px 0px 0px;background-position:left top;background-repeat:no-repeat;-webkit-background-size:cover;-moz-background-size:cover;-o-background-size:cover;background-size:cover;\"   data-bg-url=\"\"><div class=\"fusion-video fusion-youtube fusion-aligncenter\" style=\"max-width:600px;max-height:360px; width:100%\"><div class=\"video-shortcode\"><iframe title=\"YouTube video player\" src=\"https:\/\/www.youtube.com\/embed\/OMyrg-0zbrw?wmode=transparent&autoplay=0\" width=\"600\" height=\"360\" allowfullscreen allow=\"autoplay; fullscreen\"><\/iframe><\/div><\/div><div class=\"fusion-clearfix\"><\/div><\/div><\/div><div  class=\"fusion-layout-column fusion_builder_column fusion_builder_column_1_2 fusion-builder-column-1 fusion-one-half fusion-column-last 1_2\"  style='margin-top:0px;margin-bottom:20px;width:48%'><div class=\"fusion-column-wrapper\" style=\"padding: 0px 0px 0px 0px;background-position:left top;background-repeat:no-repeat;-webkit-background-size:cover;-moz-background-size:cover;-o-background-size:cover;background-size:cover;\"   data-bg-url=\"\"><div class=\"fusion-text\"><h3 style=\"text-align: center;\"><strong>ACCESO Y OBJETIVO<br \/>\n<\/strong><\/h3>\n<\/div><div class=\"fusion-sep-clear\"><\/div><div class=\"fusion-separator fusion-full-width-sep sep-single sep-solid\" style=\"border-color:#ef7c00;border-top-width:1px;margin-left: auto;margin-right: auto;margin-top:0px;margin-bottom:20px;\"><\/div><div class=\"fusion-text\"><p style=\"text-align: justify;\">El curso de preparaci\u00f3n a las pruebas de acceso a ciclos formativos de grado medio tiene, en EDUCEM, un enfoque te\u00f3rico y pr\u00e1ctico, con el fin de <strong>preparar al alumnado<\/strong> que no ha obtenido el Graduado en Educaci\u00f3n Secundaria para presentarse a las <strong>pruebas de acceso a los ciclos de grado medio<\/strong> de formaci\u00f3n profesional, de artes pl\u00e1sticas\/dise\u00f1o y de ense\u00f1anza deportivos<\/p>\n<\/div><div class=\"fusion-sep-clear\"><\/div><div class=\"fusion-separator fusion-full-width-sep sep-none\" style=\"margin-left: auto;margin-right: auto;margin-top:;margin-bottom:20px;\"><\/div><div class=\"fusion-text\"><h3 style=\"text-align: center;\"><strong>DOCUMENTACI\u00d3N<br \/>\n<\/strong><\/h3>\n<\/div><div class=\"fusion-sep-clear\"><\/div><div class=\"fusion-separator fusion-full-width-sep sep-single sep-solid\" style=\"border-color:#ef7c00;border-top-width:1px;margin-left: auto;margin-right: auto;margin-top:0px;margin-bottom:20px;\"><\/div><div class=\"fusion-button-wrapper fusion-aligncenter\"><style type=\"text\/css\">.fusion-button.button-1 .fusion-button-text, .fusion-button.button-1 i {color:#fff;}.fusion-button.button-1 .fusion-button-icon-divider{border-color:#fff;}.fusion-button.button-1:hover .fusion-button-text, .fusion-button.button-1:hover i,.fusion-button.button-1:focus .fusion-button-text, .fusion-button.button-1:focus i,.fusion-button.button-1:active .fusion-button-text, .fusion-button.button-1:active{color:#fff;}.fusion-button.button-1:hover .fusion-button-icon-divider, .fusion-button.button-1:hover .fusion-button-icon-divider, .fusion-button.button-1:active .fusion-button-icon-divider{border-color:#fff;}.fusion-button.button-1:hover, .fusion-button.button-1:focus, .fusion-button.button-1:active{border-color:#fff;border-width:1px;}.fusion-button.button-1 {border-color:#fff;border-width:1px;border-radius:2px;}.fusion-button.button-1{background: #e65a0c;\n\t\t\t\t\t\t\tbackground-image: -webkit-gradient( linear, left bottom, left top, from( #f2a643 ), to( #e65a0c ) );\n\t\t\t\t\t\t\tbackground-image: -webkit-linear-gradient( bottom, #f2a643, #e65a0c );\n\t\t\t\t\t\t\tbackground-image:   -moz-linear-gradient( bottom, #f2a643, #e65a0c );\n\t\t\t\t\t\t\tbackground-image:     -o-linear-gradient( bottom, #f2a643, #e65a0c );\n\t\t\t\t\t\t\tbackground-image: linear-gradient( to top, #f2a643, #e65a0c );}.fusion-button.button-1:hover,.button-1:focus,.fusion-button.button-1:active{background: #fcae5f;\n\t\t\t\t\t\t\tbackground-image: -webkit-gradient( linear, left bottom, left top, from( #fde7d1 ), to( #fcae5f ) );\n\t\t\t\t\t\t\tbackground-image: -webkit-linear-gradient( bottom, #fde7d1, #fcae5f );\n\t\t\t\t\t\t\tbackground-image:   -moz-linear-gradient( bottom, #fde7d1, #fcae5f );\n\t\t\t\t\t\t\tbackground-image:     -o-linear-gradient( bottom, #fde7d1, #fcae5f );\n\t\t\t\t\t\t\tbackground-image: linear-gradient( to top, #fde7d1, #fcae5f );}<\/style><a class=\"fusion-button button-flat button-large button-custom button-1 fusion-button-default-span \" target=\"_blank\" rel=\"noopener noreferrer\" href=\"https:\/\/educemold.arrova.net\/wp-content\/uploads\/2023\/05\/PPAM_23_24_CAT-1.pdf\"><i class=\"fa-file-alt far button-icon-left\"><\/i><span class=\"fusion-button-text\">Descargar el Dossier PPAM 2023-24<\/span><\/a><\/div><div class=\"fusion-sep-clear\"><\/div><div class=\"fusion-separator fusion-full-width-sep sep-none\" style=\"margin-left: auto;margin-right: auto;margin-top:;margin-bottom:20px;\"><\/div><div class=\"fusion-sep-clear\"><\/div><div class=\"fusion-separator fusion-full-width-sep sep-none\" style=\"margin-left: auto;margin-right: auto;margin-top:;margin-bottom:20px;\"><\/div><div class=\"fusion-clearfix\"><\/div><\/div><\/div><\/div><\/div><div class=\"fusion-fullwidth fullwidth-box fusion-builder-row-2 nonhundred-percent-fullwidth non-hundred-percent-height-scrolling\"  style='background-color: #f4f4f4;background-position: left top;background-repeat: no-repeat;padding-top:20px;padding-right:0px;padding-bottom:20px;padding-left:0px;border-top-width:0px;border-bottom-width:0px;border-color:#eae9e9;border-top-style:solid;border-bottom-style:solid;'><div class=\"fusion-builder-row fusion-row \"><div  class=\"fusion-layout-column fusion_builder_column fusion_builder_column_1_3 fusion-builder-column-2 fusion-one-third fusion-column-first 1_3\"  style='margin-top:0px;margin-bottom:20px;width:30.6666%; margin-right: 4%;'><div class=\"fusion-column-wrapper\" style=\"padding: 0px 0px 0px 0px;background-position:left top;background-repeat:no-repeat;-webkit-background-size:cover;-moz-background-size:cover;-o-background-size:cover;background-size:cover;\"   data-bg-url=\"\"><div class=\"fusion-sep-clear\"><\/div><div class=\"fusion-separator fusion-full-width-sep sep-single sep-solid\" style=\"border-color:#ef7c00;border-top-width:1px;margin-left: auto;margin-right: auto;margin-top:0px;margin-bottom:20px;\"><\/div><div class=\"fusion-text\"><h3 style=\"text-align: center;\"><strong>REQUISITOS Y ACCESO A LA PRUEBA<br \/>\n<\/strong><\/h3>\n<\/div><div class=\"fusion-sep-clear\"><\/div><div class=\"fusion-separator fusion-full-width-sep sep-single sep-solid\" style=\"border-color:#ef7c00;border-top-width:1px;margin-left: auto;margin-right: auto;margin-top:0px;margin-bottom:20px;\"><\/div><div class=\"fusion-text\"><p>Este curso va dirigido a chicos\/as <strong>con 17 a\u00f1os cumplidos<\/strong> o que los cumplan durante el a\u00f1o natural en que se realiza la prueba.<\/p>\n<\/div><div class=\"fusion-sep-clear\"><\/div><div class=\"fusion-separator fusion-full-width-sep sep-single sep-solid\" style=\"border-color:#ef7c00;border-top-width:1px;margin-left: auto;margin-right: auto;margin-top:40px;margin-bottom:0px;\"><\/div><div class=\"fusion-text\"><h3 style=\"text-align: center;\"><strong>CARACTER\u00cdSTICAS DEL CURSO EN EDUCEM<\/strong><\/h3>\n<\/div><div class=\"fusion-sep-clear\"><\/div><div class=\"fusion-separator fusion-full-width-sep sep-single sep-solid\" style=\"border-color:#ef7c00;border-top-width:1px;margin-left: auto;margin-right: auto;margin-top:0px;margin-bottom:20px;\"><\/div><div class=\"fusion-text\"><p style=\"text-align: justify;\">EDUCEM es un centro autorizado por el Departament d\u2019Ensenyament y, por lo tanto, podemos dar al alumnado<strong> 1 o 2 puntos extras<\/strong> que se suman a la nota de la prueba de acceso, si la asistencia en el curso es del 80% y aprueba todas las asignaturas.<\/p>\n<p style=\"text-align: justify;\"><strong>Preparaci\u00f3n <\/strong>para la obtenci\u00f3n de la Educaci\u00f3n Secundaria Obligatoria para Adultos (ESA).<\/p>\n<p style=\"text-align: justify;\"><strong>Tutor\u00eda<\/strong> individual, grupal y de seguimiento personalizado. Se informar\u00e1 a los padres de todos aquellos aspectos relevantes relacionados con su rendimiento e integraci\u00f3n.<\/p>\n<p><strong>Grupos reducidos.<\/strong><\/p>\n<p><strong>Continuidad en grado medio.<\/strong> Ofrecemos tres ciclos de grado medio:<\/p>\n<ul>\n<li>Farmacia i Parafarmacia<\/li>\n<li>Gesti\u00f3n Administrativa<\/li>\n<li>Sistemas Microinform\u00e1ticos y Redes<\/li>\n<\/ul>\n<\/div><div class=\"fusion-clearfix\"><\/div><\/div><\/div><div  class=\"fusion-layout-column fusion_builder_column fusion_builder_column_1_3 fusion-builder-column-3 fusion-one-third 1_3\"  style='margin-top:0px;margin-bottom:20px;width:30.6666%; margin-right: 4%;'><div class=\"fusion-column-wrapper\" style=\"padding: 0px 0px 0px 0px;background-position:left top;background-repeat:no-repeat;-webkit-background-size:cover;-moz-background-size:cover;-o-background-size:cover;background-size:cover;\"   data-bg-url=\"\"><div class=\"fusion-sep-clear\"><\/div><div class=\"fusion-separator fusion-full-width-sep sep-single sep-solid\" style=\"border-color:#ef7c00;border-top-width:1px;margin-left: auto;margin-right: auto;margin-top:;margin-bottom:20px;\"><\/div><div class=\"fusion-text\"><h3 style=\"text-align: center;\"><strong>HORARIO Y FECHAS<br \/>\n<\/strong><\/h3>\n<\/div><div class=\"fusion-sep-clear\"><\/div><div class=\"fusion-separator fusion-full-width-sep sep-single sep-solid\" style=\"border-color:#ef7c00;border-top-width:1px;margin-left: auto;margin-right: auto;margin-top:0px;margin-bottom:20px;\"><\/div><div class=\"fusion-text\"><p>Inicio y fin: <strong>de septiembre a mayo<\/strong> (finalizaci\u00f3n aproximada que depende de la convocatoria de la prueba).<\/p>\n<p>Horario de lunes a viernes <strong>de <b>15.00 a 18.00<\/b><\/strong> h (comunes y espec\u00edficas).<strong><br \/>\n<\/strong><\/p>\n<\/div><div class=\"fusion-sep-clear\"><\/div><div class=\"fusion-separator fusion-full-width-sep sep-none\" style=\"margin-left: auto;margin-right: auto;margin-top:;margin-bottom:20px;\"><\/div><div class=\"fusion-sep-clear\"><\/div><div class=\"fusion-separator fusion-full-width-sep sep-single sep-solid\" style=\"border-color:#ef7c00;border-top-width:1px;margin-left: auto;margin-right: auto;margin-top:0px;margin-bottom:20px;\"><\/div><div class=\"fusion-text\"><h3 style=\"text-align: center;\"><strong>SALIDAS ACAD\u00c9MICAS<\/strong><\/h3>\n<\/div><div class=\"fusion-sep-clear\"><\/div><div class=\"fusion-separator fusion-full-width-sep sep-single sep-solid\" style=\"border-color:#ef7c00;border-top-width:1px;margin-left: auto;margin-right: auto;margin-top:0px;margin-bottom:20px;\"><\/div><div class=\"fusion-text\"><p style=\"text-align: justify;\">La superaci\u00f3n de la prueba da acceso a cursar un ciclo formativo de grado medio.<\/p>\n<\/div><div class=\"fusion-sep-clear\"><\/div><div class=\"fusion-separator fusion-full-width-sep sep-none\" style=\"margin-left: auto;margin-right: auto;margin-top:;margin-bottom:20px;\"><\/div><div class=\"fusion-sep-clear\"><\/div><div class=\"fusion-separator fusion-full-width-sep sep-single sep-solid\" style=\"border-color:#ef7c00;border-top-width:1px;margin-left: auto;margin-right: auto;margin-top:0px;margin-bottom:20px;\"><\/div><div class=\"fusion-text\"><h3 style=\"text-align: center;\"><strong><span lang=\"ca-ES\">CONTENIDOS<br \/>\n<\/span><\/strong><\/h3>\n<\/div><div class=\"fusion-sep-clear\"><\/div><div class=\"fusion-separator fusion-full-width-sep sep-single sep-solid\" style=\"border-color:#ef7c00;border-top-width:1px;margin-left: auto;margin-right: auto;margin-top:0px;margin-bottom:20px;\"><\/div><div class=\"fusion-text\"><p>La prueba de acceso prepara para lograr las competencias siguientes:<\/p>\n<\/div><ul class=\"fusion-checklist fusion-checklist-1\" style=\"font-size:13px;line-height:22.1px;\"><li class=\"fusion-li-item\"><span style=\"height:22.1px;width:22.1px;margin-right:9.1px;\" class=\"icon-wrapper circle-no\"><i class=\"fusion-li-icon fa-asterisk fas\" style=\"color:#ea5a0b;\"><\/i><\/span><div class=\"fusion-li-item-content\" style=\"margin-left:31.2px;\">Competencia en lengua catalana y castellana<\/div><\/li><li class=\"fusion-li-item\"><span style=\"height:22.1px;width:22.1px;margin-right:9.1px;\" class=\"icon-wrapper circle-no\"><i class=\"fusion-li-icon fa-asterisk fas\" style=\"color:#ea5a0b;\"><\/i><\/span><div class=\"fusion-li-item-content\" style=\"margin-left:31.2px;\">Competencia matem\u00e1tica<\/div><\/li><li class=\"fusion-li-item\"><span style=\"height:22.1px;width:22.1px;margin-right:9.1px;\" class=\"icon-wrapper circle-no\"><i class=\"fusion-li-icon fa-asterisk fas\" style=\"color:#ea5a0b;\"><\/i><\/span><div class=\"fusion-li-item-content\" style=\"margin-left:31.2px;\">Competencia en lengua extranjera (ingl\u00e9s)<\/div><\/li><li class=\"fusion-li-item\"><span style=\"height:22.1px;width:22.1px;margin-right:9.1px;\" class=\"icon-wrapper circle-no\"><i class=\"fusion-li-icon fa-asterisk fas\" style=\"color:#ea5a0b;\"><\/i><\/span><div class=\"fusion-li-item-content\" style=\"margin-left:31.2px;\">Competencia de interacci\u00f3n con el mundo f\u00edsico<\/div><\/li><li class=\"fusion-li-item\"><span style=\"height:22.1px;width:22.1px;margin-right:9.1px;\" class=\"icon-wrapper circle-no\"><i class=\"fusion-li-icon fa-asterisk fas\" style=\"color:#ea5a0b;\"><\/i><\/span><div class=\"fusion-li-item-content\" style=\"margin-left:31.2px;\">Competencia social y ciudadana<\/div><\/li><li class=\"fusion-li-item\"><span style=\"height:22.1px;width:22.1px;margin-right:9.1px;\" class=\"icon-wrapper circle-no\"><i class=\"fusion-li-icon fa-asterisk fas\" style=\"color:#ea5a0b;\"><\/i><\/span><div class=\"fusion-li-item-content\" style=\"margin-left:31.2px;\">Competencia en tecnolog\u00edas<\/div><\/li><\/ul><div class=\"fusion-clearfix\"><\/div><\/div><\/div><div  class=\"fusion-layout-column fusion_builder_column fusion_builder_column_1_3 fusion-builder-column-4 fusion-one-third fusion-column-last 1_3\"  style='margin-top:0px;margin-bottom:20px;width:30.6666%'><div class=\"fusion-column-wrapper\" style=\"padding: 0px 0px 0px 0px;background-position:left top;background-repeat:no-repeat;-webkit-background-size:cover;-moz-background-size:cover;-o-background-size:cover;background-size:cover;\"   data-bg-url=\"\"><div class=\"fusion-sep-clear\"><\/div><div class=\"fusion-separator fusion-full-width-sep sep-single sep-solid\" style=\"border-color:#ef7c00;border-top-width:1px;margin-left: auto;margin-right: auto;margin-top:0px;margin-bottom:20px;\"><\/div><div class=\"fusion-text\"><h3 style=\"text-align: center;\"><strong><span lang=\"ca-ES\">FAMILIAS PROFESIONALES<br \/>\n<\/span><\/strong><\/h3>\n<\/div><div class=\"fusion-sep-clear\"><\/div><div class=\"fusion-separator fusion-full-width-sep sep-single sep-solid\" style=\"border-color:#ef7c00;border-top-width:1px;margin-left: auto;margin-right: auto;margin-top:0px;margin-bottom:20px;\"><\/div><div class=\"fusion-text\"><p>Esta prueba de acceso prepara para <strong>acceder a todos los Ciclos Formativos de Grado Medio<\/strong> que pertenecen a las familias profesionales:<\/p>\n<\/div><ul class=\"fusion-checklist fusion-checklist-2\" style=\"font-size:13px;line-height:22.1px;\"><li class=\"fusion-li-item\"><span style=\"background-color:#ea5a0b;font-size:11.44px;height:22.1px;width:22.1px;margin-right:9.1px;\" class=\"icon-wrapper circle-yes\"><i class=\"fusion-li-icon fa-check fas\" style=\"color:#ffffff;\"><\/i><\/span><div class=\"fusion-li-item-content\" style=\"margin-left:31.2px;\">Actividades agrarias<\/div><\/li><li class=\"fusion-li-item\"><span style=\"background-color:#ea5a0b;font-size:11.44px;height:22.1px;width:22.1px;margin-right:9.1px;\" class=\"icon-wrapper circle-yes\"><i class=\"fusion-li-icon fa-check fas\" style=\"color:#ffffff;\"><\/i><\/span><div class=\"fusion-li-item-content\" style=\"margin-left:31.2px;\">Actividades f\u00edsicas y deportivas<\/div><\/li><li class=\"fusion-li-item\"><span style=\"background-color:#ea5a0b;font-size:11.44px;height:22.1px;width:22.1px;margin-right:9.1px;\" class=\"icon-wrapper circle-yes\"><i class=\"fusion-li-icon fa-check fas\" style=\"color:#ffffff;\"><\/i><\/span><div class=\"fusion-li-item-content\" style=\"margin-left:31.2px;\">Actividades mar\u00edtimopesqueras<\/div><\/li><li class=\"fusion-li-item\"><span style=\"background-color:#ea5a0b;font-size:11.44px;height:22.1px;width:22.1px;margin-right:9.1px;\" class=\"icon-wrapper circle-yes\"><i class=\"fusion-li-icon fa-check fas\" style=\"color:#ffffff;\"><\/i><\/span><div class=\"fusion-li-item-content\" style=\"margin-left:31.2px;\">Administraci\u00f3n<\/div><\/li><li class=\"fusion-li-item\"><span style=\"background-color:#ea5a0b;font-size:11.44px;height:22.1px;width:22.1px;margin-right:9.1px;\" class=\"icon-wrapper circle-yes\"><i class=\"fusion-li-icon fa-check fas\" style=\"color:#ffffff;\"><\/i><\/span><div class=\"fusion-li-item-content\" style=\"margin-left:31.2px;\">Artes gr\u00e1ficas<\/div><\/li><li class=\"fusion-li-item\"><span style=\"background-color:#ea5a0b;font-size:11.44px;height:22.1px;width:22.1px;margin-right:9.1px;\" class=\"icon-wrapper circle-yes\"><i class=\"fusion-li-icon fa-check fas\" style=\"color:#ffffff;\"><\/i><\/span><div class=\"fusion-li-item-content\" style=\"margin-left:31.2px;\">Comercio y marketing<\/div><\/li><li class=\"fusion-li-item\"><span style=\"background-color:#ea5a0b;font-size:11.44px;height:22.1px;width:22.1px;margin-right:9.1px;\" class=\"icon-wrapper circle-yes\"><i class=\"fusion-li-icon fa-check fas\" style=\"color:#ffffff;\"><\/i><\/span><div class=\"fusion-li-item-content\" style=\"margin-left:31.2px;\">Comunicaci\u00f3n, imagen y sonido<\/div><\/li><li class=\"fusion-li-item\"><span style=\"background-color:#ea5a0b;font-size:11.44px;height:22.1px;width:22.1px;margin-right:9.1px;\" class=\"icon-wrapper circle-yes\"><i class=\"fusion-li-icon fa-check fas\" style=\"color:#ffffff;\"><\/i><\/span><div class=\"fusion-li-item-content\" style=\"margin-left:31.2px;\">Edificaci\u00f3n y obra Civil<\/div><\/li><li class=\"fusion-li-item\"><span style=\"background-color:#ea5a0b;font-size:11.44px;height:22.1px;width:22.1px;margin-right:9.1px;\" class=\"icon-wrapper circle-yes\"><i class=\"fusion-li-icon fa-check fas\" style=\"color:#ffffff;\"><\/i><\/span><div class=\"fusion-li-item-content\" style=\"margin-left:31.2px;\">Electricidad y electr\u00f3nica<\/div><\/li><li class=\"fusion-li-item\"><span style=\"background-color:#ea5a0b;font-size:11.44px;height:22.1px;width:22.1px;margin-right:9.1px;\" class=\"icon-wrapper circle-yes\"><i class=\"fusion-li-icon fa-check fas\" style=\"color:#ffffff;\"><\/i><\/span><div class=\"fusion-li-item-content\" style=\"margin-left:31.2px;\">Fabricaci\u00f3n mec\u00e1nica<\/div><\/li><li class=\"fusion-li-item\"><span style=\"background-color:#ea5a0b;font-size:11.44px;height:22.1px;width:22.1px;margin-right:9.1px;\" class=\"icon-wrapper circle-yes\"><i class=\"fusion-li-icon fa-check fas\" style=\"color:#ffffff;\"><\/i><\/span><div class=\"fusion-li-item-content\" style=\"margin-left:31.2px;\">Madera y mueble<\/div><\/li><li class=\"fusion-li-item\"><span style=\"background-color:#ea5a0b;font-size:11.44px;height:22.1px;width:22.1px;margin-right:9.1px;\" class=\"icon-wrapper circle-yes\"><i class=\"fusion-li-icon fa-check fas\" style=\"color:#ffffff;\"><\/i><\/span><div class=\"fusion-li-item-content\" style=\"margin-left:31.2px;\">Hoteler\u00eda y turismo<\/div><\/li><li class=\"fusion-li-item\"><span style=\"background-color:#ea5a0b;font-size:11.44px;height:22.1px;width:22.1px;margin-right:9.1px;\" class=\"icon-wrapper circle-yes\"><i class=\"fusion-li-icon fa-check fas\" style=\"color:#ffffff;\"><\/i><\/span><div class=\"fusion-li-item-content\" style=\"margin-left:31.2px;\">Imagen personal<\/div><\/li><li class=\"fusion-li-item\"><span style=\"background-color:#ea5a0b;font-size:11.44px;height:22.1px;width:22.1px;margin-right:9.1px;\" class=\"icon-wrapper circle-yes\"><i class=\"fusion-li-icon fa-check fas\" style=\"color:#ffffff;\"><\/i><\/span><div class=\"fusion-li-item-content\" style=\"margin-left:31.2px;\">Industrias alimentarias<\/div><\/li><li class=\"fusion-li-item\"><span style=\"background-color:#ea5a0b;font-size:11.44px;height:22.1px;width:22.1px;margin-right:9.1px;\" class=\"icon-wrapper circle-yes\"><i class=\"fusion-li-icon fa-check fas\" style=\"color:#ffffff;\"><\/i><\/span><div class=\"fusion-li-item-content\" style=\"margin-left:31.2px;\">Inform\u00e1tica<\/div><\/li><li class=\"fusion-li-item\"><span style=\"background-color:#ea5a0b;font-size:11.44px;height:22.1px;width:22.1px;margin-right:9.1px;\" class=\"icon-wrapper circle-yes\"><i class=\"fusion-li-icon fa-check fas\" style=\"color:#ffffff;\"><\/i><\/span><div class=\"fusion-li-item-content\" style=\"margin-left:31.2px;\">Mantenimiento de veh\u00edculos autopropulsados<\/div><\/li><li class=\"fusion-li-item\"><span style=\"background-color:#ea5a0b;font-size:11.44px;height:22.1px;width:22.1px;margin-right:9.1px;\" class=\"icon-wrapper circle-yes\"><i class=\"fusion-li-icon fa-check fas\" style=\"color:#ffffff;\"><\/i><\/span><div class=\"fusion-li-item-content\" style=\"margin-left:31.2px;\">Mantenimiento y servicios a la producci\u00f3n<\/div><\/li><li class=\"fusion-li-item\"><span style=\"background-color:#ea5a0b;font-size:11.44px;height:22.1px;width:22.1px;margin-right:9.1px;\" class=\"icon-wrapper circle-yes\"><i class=\"fusion-li-icon fa-check fas\" style=\"color:#ffffff;\"><\/i><\/span><div class=\"fusion-li-item-content\" style=\"margin-left:31.2px;\">Qu\u00edmica<\/div><\/li><li class=\"fusion-li-item\"><span style=\"background-color:#ea5a0b;font-size:11.44px;height:22.1px;width:22.1px;margin-right:9.1px;\" class=\"icon-wrapper circle-yes\"><i class=\"fusion-li-icon fa-check fas\" style=\"color:#ffffff;\"><\/i><\/span><div class=\"fusion-li-item-content\" style=\"margin-left:31.2px;\">Sanidad<\/div><\/li><li class=\"fusion-li-item\"><span style=\"background-color:#ea5a0b;font-size:11.44px;height:22.1px;width:22.1px;margin-right:9.1px;\" class=\"icon-wrapper circle-yes\"><i class=\"fusion-li-icon fa-check fas\" style=\"color:#ffffff;\"><\/i><\/span><div class=\"fusion-li-item-content\" style=\"margin-left:31.2px;\">Servicios socioculturales y en la comunidad<\/div><\/li><li class=\"fusion-li-item\"><span style=\"background-color:#ea5a0b;font-size:11.44px;height:22.1px;width:22.1px;margin-right:9.1px;\" class=\"icon-wrapper circle-yes\"><i class=\"fusion-li-icon fa-check fas\" style=\"color:#ffffff;\"><\/i><\/span><div class=\"fusion-li-item-content\" style=\"margin-left:31.2px;\">Textil, Confecci\u00f3n y piel<\/div><\/li><\/ul><div class=\"fusion-clearfix\"><\/div><\/div><\/div><\/div><\/div><\/p>\n","protected":false},"excerpt":{"rendered":"","protected":false},"author":1,"featured_media":0,"parent":13923,"menu_order":0,"comment_status":"open","ping_status":"closed","template":"100-width.php","meta":[],"aioseo_notices":[],"_links":{"self":[{"href":"https:\/\/educemold.arrova.net\/es\/wp-json\/wp\/v2\/pages\/13933"}],"collection":[{"href":"https:\/\/educemold.arrova.net\/es\/wp-json\/wp\/v2\/pages"}],"about":[{"href":"https:\/\/educemold.arrova.net\/es\/wp-json\/wp\/v2\/types\/page"}],"author":[{"embeddable":true,"href":"https:\/\/educemold.arrova.net\/es\/wp-json\/wp\/v2\/users\/1"}],"replies":[{"embeddable":true,"href":"https:\/\/educemold.arrova.net\/es\/wp-json\/wp\/v2\/comments?post=13933"}],"version-history":[{"count":31,"href":"https:\/\/educemold.arrova.net\/es\/wp-json\/wp\/v2\/pages\/13933\/revisions"}],"predecessor-version":[{"id":23348,"href":"https:\/\/educemold.arrova.net\/es\/wp-json\/wp\/v2\/pages\/13933\/revisions\/23348"}],"up":[{"embeddable":true,"href":"https:\/\/educemold.arrova.net\/es\/wp-json\/wp\/v2\/pages\/13923"}],"wp:attachment":[{"href":"https:\/\/educemold.arrova.net\/es\/wp-json\/wp\/v2\/media?parent=13933"}],"curies":[{"name":"wp","href":"https:\/\/api.w.org\/{rel}","templated":true}]}}