{"id":16090,"date":"2015-06-16T13:57:55","date_gmt":"2015-06-16T13:57:55","guid":{"rendered":"https:\/\/educemold.arrova.net\/oferta-formativa\/sar-primer-nivel\/sar-procediment\/"},"modified":"2017-03-07T09:17:35","modified_gmt":"2017-03-07T09:17:35","slug":"sar-procediment","status":"publish","type":"page","link":"https:\/\/educemold.arrova.net\/es\/oferta-formativa\/sar-primer-nivel\/sar-procediment\/","title":{"rendered":"SAR &#8211; PROCEDIMIENTOS"},"content":{"rendered":"<p><div class=\"fusion-fullwidth fullwidth-box fusion-builder-row-1 nonhundred-percent-fullwidth non-hundred-percent-height-scrolling\"  style='background-color: rgba(255,255,255,0);background-position: left top;background-repeat: no-repeat;padding-top:20px;padding-right:0px;padding-bottom:0px;padding-left:0px;border-top-width:0px;border-bottom-width:0px;border-color:#eae9e9;border-top-style:solid;border-bottom-style:solid;'><div class=\"fusion-builder-row fusion-row \"><div  class=\"fusion-layout-column fusion_builder_column fusion_builder_column_1_6 fusion-builder-column-0 fusion-one-sixth fusion-column-first 1_6\"  style='margin-top:0px;margin-bottom:20px;width:13.3333%; margin-right: 4%;'><div class=\"fusion-column-wrapper\" style=\"background-position:left top;background-repeat:no-repeat;-webkit-background-size:cover;-moz-background-size:cover;-o-background-size:cover;background-size:cover;\"   data-bg-url=\"\"><div class=\"fusion-text\"><p><a href=\"https:\/\/educemold.arrova.net\/wp-content\/uploads\/2015\/06\/logofp.png\"><img loading=\"lazy\" class=\"alignleft wp-image-12921 size-full\" src=\"https:\/\/educemold.arrova.net\/wp-content\/uploads\/2015\/06\/logofp.png\" alt=\"logofp\" width=\"260\" height=\"259\" srcset=\"https:\/\/educemold.arrova.net\/wp-content\/uploads\/2015\/06\/logofp-66x66.png 66w, https:\/\/educemold.arrova.net\/wp-content\/uploads\/2015\/06\/logofp-150x150.png 150w, https:\/\/educemold.arrova.net\/wp-content\/uploads\/2015\/06\/logofp.png 260w\" sizes=\"(max-width: 260px) 100vw, 260px\" \/><\/a><\/p>\n<\/div><div class=\"fusion-clearfix\"><\/div><\/div><\/div><div  class=\"fusion-layout-column fusion_builder_column fusion_builder_column_5_6 fusion-builder-column-1 fusion-five-sixth fusion-column-last 5_6\"  style='margin-top:0px;margin-bottom:20px;width:82.6666%'><div class=\"fusion-column-wrapper\" style=\"background-position:left top;background-repeat:no-repeat;-webkit-background-size:cover;-moz-background-size:cover;-o-background-size:cover;background-size:cover;\"   data-bg-url=\"\"><div class=\"fusion-text\"><h2><strong>COM PODEU SOL\u00b7LICITAR AQUESTS SERVEIS?<\/strong><\/h2>\n<p>Cal fer una\u00a0<strong>sol\u00b7licitud telem\u00e0tica<\/strong>\u00a0escollint la fam\u00edlia professional de la que es vol rebre el servei.<\/p>\n<p>Pots omplir la sol\u00b7licitud del\u00a0<strong>servei d\u2019assessorament<\/strong>\u00a0fent click aqui<\/p>\n<div class=\"fusion-button-wrapper\"><style type=\"text\/css\">.fusion-button.button-1 .fusion-button-text, .fusion-button.button-1 i {color:#ffffff;}.fusion-button.button-1 .fusion-button-icon-divider{border-color:#ffffff;}.fusion-button.button-1:hover .fusion-button-text, .fusion-button.button-1:hover i,.fusion-button.button-1:focus .fusion-button-text, .fusion-button.button-1:focus i,.fusion-button.button-1:active .fusion-button-text, .fusion-button.button-1:active{color:#ffffff;}.fusion-button.button-1:hover .fusion-button-icon-divider, .fusion-button.button-1:hover .fusion-button-icon-divider, .fusion-button.button-1:active .fusion-button-icon-divider{border-color:#ffffff;}.fusion-button.button-1:hover, .fusion-button.button-1:focus, .fusion-button.button-1:active{border-color:#ffffff;border-width:0px;}.fusion-button.button-1 {border-color:#ffffff;border-width:0px;border-radius:4px;}.fusion-button.button-1.button-3d{-webkit-box-shadow: inset 0px 1px 0px #fff,0px 4px 0px #b76400,1px 6px 6px 3px rgba(0,0,0,0.3);-moz-box-shadow: inset 0px 1px 0px #fff,0px 4px 0px #b76400,1px 6px 6px 3px rgba(0,0,0,0.3);box-shadow: inset 0px 1px 0px #fff,0px 4px 0px #b76400,1px 6px 6px 3px rgba(0,0,0,0.3);}.button-1.button-3d:active{-webkit-box-shadow: inset 0px 1px 0px #fff,0px 4px 0px #b76400,1px 6px 6px 3px rgba(0,0,0,0.3);-moz-box-shadow: inset 0px 1px 0px #fff,0px 4px 0px #b76400,1px 6px 6px 3px rgba(0,0,0,0.3);box-shadow: inset 0px 1px 0px #fff,0px 4px 0px #b76400,1px 6px 6px 3px rgba(0,0,0,0.3);}.fusion-button.button-1{background: #e65a0c;\n\t\t\t\t\t\t\tbackground-image: -webkit-gradient( linear, left bottom, left top, from( #ff960e ), to( #e65a0c ) );\n\t\t\t\t\t\t\tbackground-image: -webkit-linear-gradient( bottom, #ff960e, #e65a0c );\n\t\t\t\t\t\t\tbackground-image:   -moz-linear-gradient( bottom, #ff960e, #e65a0c );\n\t\t\t\t\t\t\tbackground-image:     -o-linear-gradient( bottom, #ff960e, #e65a0c );\n\t\t\t\t\t\t\tbackground-image: linear-gradient( to top, #ff960e, #e65a0c );}.fusion-button.button-1:hover,.button-1:focus,.fusion-button.button-1:active{background: #ff9600;\n\t\t\t\t\t\t\tbackground-image: -webkit-gradient( linear, left bottom, left top, from( #ffca7f ), to( #ff9600 ) );\n\t\t\t\t\t\t\tbackground-image: -webkit-linear-gradient( bottom, #ffca7f, #ff9600 );\n\t\t\t\t\t\t\tbackground-image:   -moz-linear-gradient( bottom, #ffca7f, #ff9600 );\n\t\t\t\t\t\t\tbackground-image:     -o-linear-gradient( bottom, #ffca7f, #ff9600 );\n\t\t\t\t\t\t\tbackground-image: linear-gradient( to top, #ffca7f, #ff9600 );}<\/style><a class=\"fusion-button button-3d fusion-button-default-size button-custom button-1 fusion-button-default-span fusion-button-default-type\" target=\"_self\" href=\"https:\/\/educemold.arrova.net\/wp-content\/uploads\/2015\/06\/Assessorament-2013_14.doc\"><span class=\"fusion-button-text\">SOL\u00b7LICITUD DEL SERVEI D\u2019ASSESSORAMENT<\/span><\/a><\/div>\n<\/div><div class=\"fusion-clearfix\"><\/div><\/div><\/div><div  class=\"fusion-layout-column fusion_builder_column fusion_builder_column_1_6 fusion-builder-column-2 fusion-one-sixth fusion-column-first 1_6\"  style='margin-top:0px;margin-bottom:20px;width:13.3333%; margin-right: 4%;'><div class=\"fusion-column-wrapper\" style=\"background-position:left top;background-repeat:no-repeat;-webkit-background-size:cover;-moz-background-size:cover;-o-background-size:cover;background-size:cover;\"   data-bg-url=\"\"><div class=\"fusion-clearfix\"><\/div><\/div><\/div><div  class=\"fusion-layout-column fusion_builder_column fusion_builder_column_5_6 fusion-builder-column-3 fusion-five-sixth fusion-column-last 5_6\"  style='margin-top:0px;margin-bottom:20px;width:82.6666%'><div class=\"fusion-column-wrapper\" style=\"background-position:left top;background-repeat:no-repeat;-webkit-background-size:cover;-moz-background-size:cover;-o-background-size:cover;background-size:cover;\"   data-bg-url=\"\"><div class=\"fusion-text\"><p>Pots omplir la sol\u00b7licitud del\u00a0<strong>servei de reconeixement<\/strong>\u00a0fent click aqui<\/p>\n<div class=\"fusion-button-wrapper\"><style type=\"text\/css\">.fusion-button.button-2 .fusion-button-text, .fusion-button.button-2 i {color:#ffffff;}.fusion-button.button-2 .fusion-button-icon-divider{border-color:#ffffff;}.fusion-button.button-2:hover .fusion-button-text, .fusion-button.button-2:hover i,.fusion-button.button-2:focus .fusion-button-text, .fusion-button.button-2:focus i,.fusion-button.button-2:active .fusion-button-text, .fusion-button.button-2:active{color:#ffffff;}.fusion-button.button-2:hover .fusion-button-icon-divider, .fusion-button.button-2:hover .fusion-button-icon-divider, .fusion-button.button-2:active .fusion-button-icon-divider{border-color:#ffffff;}.fusion-button.button-2:hover, .fusion-button.button-2:focus, .fusion-button.button-2:active{border-color:#ffffff;border-width:0px;}.fusion-button.button-2 {border-color:#ffffff;border-width:0px;border-radius:4px;}.fusion-button.button-2.button-3d{-webkit-box-shadow: inset 0px 1px 0px #fff,0px 4px 0px #b76400,1px 6px 6px 3px rgba(0,0,0,0.3);-moz-box-shadow: inset 0px 1px 0px #fff,0px 4px 0px #b76400,1px 6px 6px 3px rgba(0,0,0,0.3);box-shadow: inset 0px 1px 0px #fff,0px 4px 0px #b76400,1px 6px 6px 3px rgba(0,0,0,0.3);}.button-2.button-3d:active{-webkit-box-shadow: inset 0px 1px 0px #fff,0px 4px 0px #b76400,1px 6px 6px 3px rgba(0,0,0,0.3);-moz-box-shadow: inset 0px 1px 0px #fff,0px 4px 0px #b76400,1px 6px 6px 3px rgba(0,0,0,0.3);box-shadow: inset 0px 1px 0px #fff,0px 4px 0px #b76400,1px 6px 6px 3px rgba(0,0,0,0.3);}.fusion-button.button-2{background: #e65a0c;\n\t\t\t\t\t\t\tbackground-image: -webkit-gradient( linear, left bottom, left top, from( #ff960e ), to( #e65a0c ) );\n\t\t\t\t\t\t\tbackground-image: -webkit-linear-gradient( bottom, #ff960e, #e65a0c );\n\t\t\t\t\t\t\tbackground-image:   -moz-linear-gradient( bottom, #ff960e, #e65a0c );\n\t\t\t\t\t\t\tbackground-image:     -o-linear-gradient( bottom, #ff960e, #e65a0c );\n\t\t\t\t\t\t\tbackground-image: linear-gradient( to top, #ff960e, #e65a0c );}.fusion-button.button-2:hover,.button-2:focus,.fusion-button.button-2:active{background: #ff9600;\n\t\t\t\t\t\t\tbackground-image: -webkit-gradient( linear, left bottom, left top, from( #ffca7f ), to( #ff9600 ) );\n\t\t\t\t\t\t\tbackground-image: -webkit-linear-gradient( bottom, #ffca7f, #ff9600 );\n\t\t\t\t\t\t\tbackground-image:   -moz-linear-gradient( bottom, #ffca7f, #ff9600 );\n\t\t\t\t\t\t\tbackground-image:     -o-linear-gradient( bottom, #ffca7f, #ff9600 );\n\t\t\t\t\t\t\tbackground-image: linear-gradient( to top, #ffca7f, #ff9600 );}<\/style><a class=\"fusion-button button-3d fusion-button-default-size button-custom button-2 fusion-button-default-span fusion-button-default-type\" target=\"_self\" href=\"https:\/\/educemold.arrova.net\/wp-content\/uploads\/2015\/06\/Reconeixement-2013_14.doc\"><span class=\"fusion-button-text\">SOL\u00b7LICITUD DEL SERVEI DE RECONEIXEMENT<\/span><\/a><\/div>\n<\/div><div class=\"fusion-clearfix\"><\/div><\/div><\/div><div  class=\"fusion-layout-column fusion_builder_column fusion_builder_column_1_6 fusion-builder-column-4 fusion-one-sixth fusion-column-first 1_6\"  style='margin-top:0px;margin-bottom:20px;width:13.3333%; margin-right: 4%;'><div class=\"fusion-column-wrapper\" style=\"background-position:left top;background-repeat:no-repeat;-webkit-background-size:cover;-moz-background-size:cover;-o-background-size:cover;background-size:cover;\"   data-bg-url=\"\"><div class=\"fusion-clearfix\"><\/div><\/div><\/div><div  class=\"fusion-layout-column fusion_builder_column fusion_builder_column_5_6 fusion-builder-column-5 fusion-five-sixth fusion-column-last 5_6\"  style='margin-top:0px;margin-bottom:20px;width:82.6666%'><div class=\"fusion-column-wrapper\" style=\"background-position:left top;background-repeat:no-repeat;-webkit-background-size:cover;-moz-background-size:cover;-o-background-size:cover;background-size:cover;\"   data-bg-url=\"\"><div class=\"fusion-text\"><p>Passos a seguir:<\/p>\n<ol>\n<li>Cal que disposis d\u2019un correu electr\u00f2nic per registrar-te.<\/li>\n<li>Omple la sol\u00b7licitud.<\/li>\n<li>Porta la sol\u00b7licitud a EDUCEM; pla\u00e7a Maluquer i Salvador, 19, Granollers<\/li>\n<\/ol>\n<p>Procediment d&#8217;<strong>admissi\u00f3 de les sol\u00b7licituds<\/strong>\u00a0pel SAR:<\/p>\n<ul>\n<li>El per\u00edode d\u2019admissi\u00f3 de les sol\u00b7licituds \u00e9s durant tot l&#8217;any, de setembre a juliol.<\/li>\n<li>L\u2019ordre d\u2019admissi\u00f3 es realitzar\u00e0 d\u2019acord amb la data de la sol\u00b7licitud i l\u2019edat dels sol\u00b7licitants.<\/li>\n<li>El dia que es faci la sol.licitud es confirmar\u00e0 la pla\u00e7a a l&#8217;usuari.<\/li>\n<\/ul>\n<\/div><div class=\"fusion-clearfix\"><\/div><\/div><\/div><div  class=\"fusion-layout-column fusion_builder_column fusion_builder_column_1_1 fusion-builder-column-6 fusion-one-full fusion-column-first fusion-column-last fusion-column-no-min-height 1_1\"  style='margin-top:0px;margin-bottom:0px;'><div class=\"fusion-column-wrapper\" style=\"background-position:left top;background-repeat:no-repeat;-webkit-background-size:cover;-moz-background-size:cover;-o-background-size:cover;background-size:cover;\"   data-bg-url=\"\"><div class=\"fusion-sep-clear\"><\/div><div class=\"fusion-separator fusion-full-width-sep sep-single sep-solid\" style=\"border-color:#ef7c00;border-top-width:1px;margin-left: auto;margin-right: auto;margin-top:5px;margin-bottom:10px;\"><\/div><div class=\"fusion-clearfix\"><\/div><\/div><\/div><\/div><\/div><div class=\"fusion-fullwidth fullwidth-box fusion-builder-row-2 nonhundred-percent-fullwidth non-hundred-percent-height-scrolling\"  style='background-color: rgba(255,255,255,0);background-position: left top;background-repeat: no-repeat;padding-top:20px;padding-right:0px;padding-bottom:20px;padding-left:0px;border-top-width:0px;border-bottom-width:0px;border-color:#eae9e9;border-top-style:solid;border-bottom-style:solid;'><div class=\"fusion-builder-row fusion-row \"><div  class=\"fusion-layout-column fusion_builder_column fusion_builder_column_1_6 fusion-builder-column-7 fusion-one-sixth fusion-column-first 1_6\"  style='margin-top:0px;margin-bottom:20px;width:13.3333%; margin-right: 4%;'><div class=\"fusion-column-wrapper\" style=\"background-position:left top;background-repeat:no-repeat;-webkit-background-size:cover;-moz-background-size:cover;-o-background-size:cover;background-size:cover;\"   data-bg-url=\"\"><div class=\"fusion-text\"><p><a href=\"https:\/\/educemold.arrova.net\/wp-content\/uploads\/2015\/06\/logofp.png\"><img loading=\"lazy\" class=\"alignleft wp-image-12921 size-full\" src=\"https:\/\/educemold.arrova.net\/wp-content\/uploads\/2015\/06\/logofp.png\" alt=\"logofp\" width=\"260\" height=\"259\" srcset=\"https:\/\/educemold.arrova.net\/wp-content\/uploads\/2015\/06\/logofp-66x66.png 66w, https:\/\/educemold.arrova.net\/wp-content\/uploads\/2015\/06\/logofp-150x150.png 150w, https:\/\/educemold.arrova.net\/wp-content\/uploads\/2015\/06\/logofp.png 260w\" sizes=\"(max-width: 260px) 100vw, 260px\" \/><\/a><\/p>\n<\/div><div class=\"fusion-clearfix\"><\/div><\/div><\/div><div  class=\"fusion-layout-column fusion_builder_column fusion_builder_column_5_6 fusion-builder-column-8 fusion-five-sixth fusion-column-last 5_6\"  style='margin-top:0px;margin-bottom:20px;width:82.6666%'><div class=\"fusion-column-wrapper\" style=\"background-position:left top;background-repeat:no-repeat;-webkit-background-size:cover;-moz-background-size:cover;-o-background-size:cover;background-size:cover;\"   data-bg-url=\"\"><div class=\"fusion-text\"><h2><strong>IMPORT DEL SERVEI D\u2019ASSESSORAMENT I RECONEIXEMENT<\/strong><\/h2>\n<p>L\u2019 import del <strong>servei d\u2019assessorament<\/strong> \u00e9s de <strong>90 \u20ac<\/strong>. El pagament del servei es realitzar\u00e0 en el moment de fer la inscripci\u00f3 al Servei<\/p>\n<p>L\u2019import del <strong>servei de reconeixement<\/strong> \u00e9s de <strong>25 \u20ac per unitat formativa (UF) reconeguda o convalidada.<\/strong> El dia que es facin les proves de reconeixement caldr\u00e0 fer efectiu el pagament de l&#8217;import per aquelles unitats que l&#8217;usuari s&#8217;examinar\u00e0. En l\u2019eventualitat que l&#8217;usuari no superi la prova d&#8217;una uniat formativa se li retornar\u00e0 la difer\u00e8ncia.<\/p>\n<\/div><div class=\"fusion-clearfix\"><\/div><\/div><\/div><div  class=\"fusion-layout-column fusion_builder_column fusion_builder_column_1_1 fusion-builder-column-9 fusion-one-full fusion-column-first fusion-column-last fusion-column-no-min-height 1_1\"  style='margin-top:0px;margin-bottom:0px;'><div class=\"fusion-column-wrapper\" style=\"background-position:left top;background-repeat:no-repeat;-webkit-background-size:cover;-moz-background-size:cover;-o-background-size:cover;background-size:cover;\"   data-bg-url=\"\"><div class=\"fusion-sep-clear\"><\/div><div class=\"fusion-separator fusion-full-width-sep sep-single sep-solid\" style=\"border-color:#ef7c00;border-top-width:1px;margin-left: auto;margin-right: auto;margin-top:5px;margin-bottom:10px;\"><\/div><div class=\"fusion-clearfix\"><\/div><\/div><\/div><\/div><\/div><div class=\"fusion-fullwidth fullwidth-box fusion-builder-row-3 nonhundred-percent-fullwidth non-hundred-percent-height-scrolling\"  style='background-color: rgba(255,255,255,0);background-position: left top;background-repeat: no-repeat;padding-top:20px;padding-right:0px;padding-bottom:20px;padding-left:0px;border-top-width:0px;border-bottom-width:0px;border-color:#eae9e9;border-top-style:solid;border-bottom-style:solid;'><div class=\"fusion-builder-row fusion-row \"><div  class=\"fusion-layout-column fusion_builder_column fusion_builder_column_1_6 fusion-builder-column-10 fusion-one-sixth fusion-column-first 1_6\"  style='margin-top:0px;margin-bottom:20px;width:13.3333%; margin-right: 4%;'><div class=\"fusion-column-wrapper\" style=\"background-position:left top;background-repeat:no-repeat;-webkit-background-size:cover;-moz-background-size:cover;-o-background-size:cover;background-size:cover;\"   data-bg-url=\"\"><div class=\"fusion-text\"><p><a href=\"https:\/\/educemold.arrova.net\/wp-content\/uploads\/2015\/06\/logofp.png\"><img loading=\"lazy\" class=\"alignleft wp-image-12921 size-full\" src=\"https:\/\/educemold.arrova.net\/wp-content\/uploads\/2015\/06\/logofp.png\" alt=\"logofp\" width=\"260\" height=\"259\" srcset=\"https:\/\/educemold.arrova.net\/wp-content\/uploads\/2015\/06\/logofp-66x66.png 66w, https:\/\/educemold.arrova.net\/wp-content\/uploads\/2015\/06\/logofp-150x150.png 150w, https:\/\/educemold.arrova.net\/wp-content\/uploads\/2015\/06\/logofp.png 260w\" sizes=\"(max-width: 260px) 100vw, 260px\" \/><\/a><\/p>\n<\/div><div class=\"fusion-clearfix\"><\/div><\/div><\/div><div  class=\"fusion-layout-column fusion_builder_column fusion_builder_column_5_6 fusion-builder-column-11 fusion-five-sixth fusion-column-last 5_6\"  style='margin-top:0px;margin-bottom:20px;width:82.6666%'><div class=\"fusion-column-wrapper\" style=\"background-position:left top;background-repeat:no-repeat;-webkit-background-size:cover;-moz-background-size:cover;-o-background-size:cover;background-size:cover;\"   data-bg-url=\"\"><div class=\"fusion-text\"><h2><strong>PRESENTACI\u00d3 DE DOCUMENTACI\u00d3<\/strong><\/h2>\n<p>Les persones admeses al <strong>servei d\u2019assessorament<\/strong> hauran de presentar la documentaci\u00f3 a la secretaria d\u2019EDUCEM II situada a la Pl. Maluquer i Salvador, 19, Granollers, el dia acordat telef\u00f2nicament. <strong>Cal presentar tota la documentaci\u00f3 original i fotocopiada<\/strong> per procedir a la seva compulsa:<\/p>\n<ul>\n<li>Full de sol\u00b7licitud impr\u00e8s amb les dades personals i la fam\u00edlia professional escollida.<\/li>\n<li>Informe de vida laboral i certificats d\u2019empresa.<\/li>\n<li>Contractes laborals i n\u00f2mines, si s\u2019escau.<\/li>\n<li>Diplomes, certificats d\u2019assist\u00e8ncia i aprofitament de tots els estudis realitzats tant si s\u00f3n reglats com no reglats. Cal aportar tots els t\u00edtols reglats (EGB, ESO, FP, batxillerat, etc.).<\/li>\n<li>Fotoc\u00f2pia del DNI, NIE o Passaport, acompanyat de l\u2019original per a la seva verificaci\u00f3.<\/li>\n<li>Resguard de pagament del preu establert.<\/li>\n<\/ul>\n<p>Les persones admeses al <strong>servei de reconeixement<\/strong> hauran de presentar la documentaci\u00f3 a la secretaria d\u2019EDUCEM II situada a la Pl. Maluquer i Salvador, 19, Granollers, el dia acordat telef\u00f2nicament:<\/p>\n<p style=\"padding-left: 30px;\">&#8211; Full de sol\u00b7licitud impr\u00e8s amb les dades personals i la fam\u00edlia professional escollida.<br \/>\n&#8211; Informe de vida laboral i certificats d\u2019empresa (original i fotoc\u00f2pia).<br \/>\n&#8211; Informe d\u2019assessorament original.<br \/>\n&#8211; Fotoc\u00f2pia del seu DNI.<br \/>\n&#8211; Resguard de pagament del preu establert.<\/p>\n<p>Si l\u2019usuari ha fet l\u2019assessorament a EDUCEM nom\u00e9s cal que porti:<\/p>\n<p style=\"padding-left: 30px;\">&#8211; Full de sol\u00b7licitud impr\u00e8s amb les dades personals i la fam\u00edlia professional escollida.<br \/>\n&#8211; Informe d\u2019assessorament original.<br \/>\n&#8211; Resguard de pagament del preu establert.<\/p>\n<\/div><div class=\"fusion-clearfix\"><\/div><\/div><\/div><div  class=\"fusion-layout-column fusion_builder_column fusion_builder_column_1_1 fusion-builder-column-12 fusion-one-full fusion-column-first fusion-column-last fusion-column-no-min-height 1_1\"  style='margin-top:0px;margin-bottom:0px;'><div class=\"fusion-column-wrapper\" style=\"background-position:left top;background-repeat:no-repeat;-webkit-background-size:cover;-moz-background-size:cover;-o-background-size:cover;background-size:cover;\"   data-bg-url=\"\"><div class=\"fusion-sep-clear\"><\/div><div class=\"fusion-separator fusion-full-width-sep sep-single sep-solid\" style=\"border-color:#ef7c00;border-top-width:1px;margin-left: auto;margin-right: auto;margin-top:5px;margin-bottom:10px;\"><\/div><div class=\"fusion-clearfix\"><\/div><\/div><\/div><\/div><\/div><div class=\"fusion-fullwidth fullwidth-box fusion-builder-row-4 nonhundred-percent-fullwidth non-hundred-percent-height-scrolling\"  style='background-color: rgba(255,255,255,0);background-position: left top;background-repeat: no-repeat;padding-top:20px;padding-right:0px;padding-bottom:20px;padding-left:0px;border-top-width:0px;border-bottom-width:0px;border-color:#eae9e9;border-top-style:solid;border-bottom-style:solid;'><div class=\"fusion-builder-row fusion-row \"><div  class=\"fusion-layout-column fusion_builder_column fusion_builder_column_1_6 fusion-builder-column-13 fusion-one-sixth fusion-column-first 1_6\"  style='margin-top:0px;margin-bottom:20px;width:13.3333%; margin-right: 4%;'><div class=\"fusion-column-wrapper\" style=\"background-position:left top;background-repeat:no-repeat;-webkit-background-size:cover;-moz-background-size:cover;-o-background-size:cover;background-size:cover;\"   data-bg-url=\"\"><div class=\"fusion-text\"><p><a href=\"https:\/\/educemold.arrova.net\/wp-content\/uploads\/2015\/06\/logofp.png\"><img loading=\"lazy\" class=\"alignleft wp-image-12921 size-full\" src=\"https:\/\/educemold.arrova.net\/wp-content\/uploads\/2015\/06\/logofp.png\" alt=\"logofp\" width=\"260\" height=\"259\" srcset=\"https:\/\/educemold.arrova.net\/wp-content\/uploads\/2015\/06\/logofp-66x66.png 66w, https:\/\/educemold.arrova.net\/wp-content\/uploads\/2015\/06\/logofp-150x150.png 150w, https:\/\/educemold.arrova.net\/wp-content\/uploads\/2015\/06\/logofp.png 260w\" sizes=\"(max-width: 260px) 100vw, 260px\" \/><\/a><\/p>\n<\/div><div class=\"fusion-clearfix\"><\/div><\/div><\/div><div  class=\"fusion-layout-column fusion_builder_column fusion_builder_column_5_6 fusion-builder-column-14 fusion-five-sixth fusion-column-last 5_6\"  style='margin-top:0px;margin-bottom:20px;width:82.6666%'><div class=\"fusion-column-wrapper\" style=\"background-position:left top;background-repeat:no-repeat;-webkit-background-size:cover;-moz-background-size:cover;-o-background-size:cover;background-size:cover;\"   data-bg-url=\"\"><div class=\"fusion-text\"><h2><strong>CALENDARI DEL SAR<\/strong><\/h2>\n<p>El mateix dia de la presentaci\u00f3 de la documentaci\u00f3 per l\u2019<strong>assessorament<\/strong>\u00a0us donarem hora per a la primera sessi\u00f3. En cas que no pugueu assistir cal que ho comuniqueu amb antelaci\u00f3 trucant al tel\u00e8fon 93 879 1875 o enviant un correu a business@educem.com.<\/p>\n<p><strong><span style=\"color: #ff9900;\">La no assist\u00e8ncia sense justificaci\u00f3 comportar\u00e0 la p\u00e8rdua dels drets a rebre l\u2019assessorament i del reemborsament del preu del servei.<\/span><\/strong><\/p>\n<p>En el cas dels usuaris dels servei de\u00a0<strong>reconeixement<\/strong>, un cop revisada la documentaci\u00f3, ens posarem en contacte per donar-vos hora per passar la Junta de Reconeixement. En cas que no pugueu assistir cal que ho comuniqueu amb antelaci\u00f3 trucant al tel\u00e8fon 93 879 1875 o enviant un correu a business@educem.com.<\/p>\n<p><strong><span style=\"color: #ff9900;\">La no assist\u00e8ncia sense justificaci\u00f3 comportar\u00e0 la p\u00e8rdua dels drets a rebre el reconeixement i del reemborsament del preu del servei.<\/span><\/strong><\/p>\n<\/div><div class=\"fusion-clearfix\"><\/div><\/div><\/div><\/div><\/div><\/p>\n","protected":false},"excerpt":{"rendered":"","protected":false},"author":5,"featured_media":0,"parent":13939,"menu_order":0,"comment_status":"closed","ping_status":"closed","template":"","meta":[],"aioseo_notices":[],"_links":{"self":[{"href":"https:\/\/educemold.arrova.net\/es\/wp-json\/wp\/v2\/pages\/16090"}],"collection":[{"href":"https:\/\/educemold.arrova.net\/es\/wp-json\/wp\/v2\/pages"}],"about":[{"href":"https:\/\/educemold.arrova.net\/es\/wp-json\/wp\/v2\/types\/page"}],"author":[{"embeddable":true,"href":"https:\/\/educemold.arrova.net\/es\/wp-json\/wp\/v2\/users\/5"}],"replies":[{"embeddable":true,"href":"https:\/\/educemold.arrova.net\/es\/wp-json\/wp\/v2\/comments?post=16090"}],"version-history":[{"count":1,"href":"https:\/\/educemold.arrova.net\/es\/wp-json\/wp\/v2\/pages\/16090\/revisions"}],"predecessor-version":[{"id":16091,"href":"https:\/\/educemold.arrova.net\/es\/wp-json\/wp\/v2\/pages\/16090\/revisions\/16091"}],"up":[{"embeddable":true,"href":"https:\/\/educemold.arrova.net\/es\/wp-json\/wp\/v2\/pages\/13939"}],"wp:attachment":[{"href":"https:\/\/educemold.arrova.net\/es\/wp-json\/wp\/v2\/media?parent=16090"}],"curies":[{"name":"wp","href":"https:\/\/api.w.org\/{rel}","templated":true}]}}