{"id":16092,"date":"2015-06-16T17:56:26","date_gmt":"2015-06-16T17:56:26","guid":{"rendered":"https:\/\/educemold.arrova.net\/oferta-formativa\/sar-primer-nivel\/sar-qualitat\/"},"modified":"2017-03-07T09:22:30","modified_gmt":"2017-03-07T09:22:30","slug":"sar-qualitat","status":"publish","type":"page","link":"https:\/\/educemold.arrova.net\/es\/oferta-formativa\/sar-primer-nivel\/sar-qualitat\/","title":{"rendered":"SAR &#8211; CALIDAD"},"content":{"rendered":"<p><div class=\"fusion-fullwidth fullwidth-box fusion-builder-row-1 nonhundred-percent-fullwidth non-hundred-percent-height-scrolling\"  style='background-color: rgba(255,255,255,0);background-position: left top;background-repeat: no-repeat;padding-top:20px;padding-right:0px;padding-bottom:0px;padding-left:0px;border-top-width:0px;border-bottom-width:0px;border-color:#eae9e9;border-top-style:solid;border-bottom-style:solid;'><div class=\"fusion-builder-row fusion-row \"><\/div><\/div><div class=\"fusion-fullwidth fullwidth-box fusion-builder-row-2 nonhundred-percent-fullwidth non-hundred-percent-height-scrolling\"  style='background-color: rgba(255,255,255,0);background-position: left top;background-repeat: no-repeat;padding-top:20px;padding-right:0px;padding-bottom:0px;padding-left:0px;border-top-width:0px;border-bottom-width:0px;border-color:#eae9e9;border-top-style:solid;border-bottom-style:solid;'><div class=\"fusion-builder-row fusion-row \"><div  class=\"fusion-layout-column fusion_builder_column fusion_builder_column_1_6 fusion-builder-column-0 fusion-one-sixth fusion-column-first 1_6\"  style='margin-top:0px;margin-bottom:20px;width:13.3333%; margin-right: 4%;'><div class=\"fusion-column-wrapper\" style=\"background-position:left top;background-repeat:no-repeat;-webkit-background-size:cover;-moz-background-size:cover;-o-background-size:cover;background-size:cover;\"   data-bg-url=\"\"><div class=\"fusion-text\"><p><a href=\"https:\/\/educemold.arrova.net\/wp-content\/uploads\/2015\/06\/logofp.png\"><img loading=\"lazy\" class=\"alignleft wp-image-12921 size-full\" src=\"https:\/\/educemold.arrova.net\/wp-content\/uploads\/2015\/06\/logofp.png\" alt=\"logofp\" width=\"260\" height=\"259\" srcset=\"https:\/\/educemold.arrova.net\/wp-content\/uploads\/2015\/06\/logofp-66x66.png 66w, https:\/\/educemold.arrova.net\/wp-content\/uploads\/2015\/06\/logofp-150x150.png 150w, https:\/\/educemold.arrova.net\/wp-content\/uploads\/2015\/06\/logofp.png 260w\" sizes=\"(max-width: 260px) 100vw, 260px\" \/><\/a><\/p>\n<\/div><div class=\"fusion-clearfix\"><\/div><\/div><\/div><div  class=\"fusion-layout-column fusion_builder_column fusion_builder_column_5_6 fusion-builder-column-1 fusion-five-sixth fusion-column-last 5_6\"  style='margin-top:0px;margin-bottom:20px;width:82.6666%'><div class=\"fusion-column-wrapper\" style=\"background-position:left top;background-repeat:no-repeat;-webkit-background-size:cover;-moz-background-size:cover;-o-background-size:cover;background-size:cover;\"   data-bg-url=\"\"><div class=\"fusion-text\"><h2><strong>CARTA DE COMPROM\u00cdS DE QUALITAT EN LA PRESTACI\u00d3 DEL SERVEI D\u2019ASSESSORAMENT EN LA FORMACI\u00d3 PROFESSIONAL DEL SISTEMA EDUCATIU<\/strong><\/h2>\n<p>El centre<em>\u00a0<\/em>d\u2019ensenyament EDUCEM es compromet a realitzar un servei d\u2019assessorament dels aprenentatges en la formaci\u00f3 professional\u00a0\u00a0d\u2019acord amb l\u2019establert a les normes i instruccions del Departament d\u2019Ensenyament, la qual cosa inclou:<\/p>\n<ol>\n<li>Realitzar i publicar \u2013al taulell d\u2019anuncis i a la web del centre- abans del 30 de setembre de cada curs:<\/li>\n<li>Les fam\u00edlies professionals per a les quals s\u2019ofereix el servei i els cicles associats.<\/li>\n<li>El nombre de places que s\u2019ofereixen per a cada fam\u00edlia professional.<\/li>\n<li>Els criteris i el procediment d\u2019admissi\u00f3 de les sol\u00b7licituds.<\/li>\n<li>Les dates del per\u00edode de sol\u00b7licitud al servei d\u2019assessorament.<\/li>\n<li>La data de publicaci\u00f3 de la llista d\u2018admesos al servei i les places de reserva en cas que hi hagi una demanda superior a les places ofertades, aix\u00ed com el preu del servei.<\/li>\n<li>El termini per presentar la documentaci\u00f3 i fer el pagament del preu del servei.<\/li>\n<li>El calendari del servei d\u2019assessorament.<\/li>\n<li>Desplegar, almenys, un proc\u00e9s anual d\u2019informaci\u00f3 d\u2019assessorament dels aprenentatges assolits mitjan\u00e7ant l\u2019experi\u00e8ncia laboral o en activitats socials.<\/li>\n<li>Prestar, almenys, un servei d\u2019assessorament anual, per a cadascuna de les fam\u00edlies de l\u2019oferta publicada.<\/li>\n<li>Ampliar el termini de sol\u00b7licitud si no s\u2019exhaureix el nombre de places assignades en la primera oferta publicada.<\/li>\n<li>Publicar les llistes d\u2019admesos al servei d\u2019assessorament en un per\u00edode m\u00e0xim de 7 dies h\u00e0bils despr\u00e9s del termini de sol\u00b7licitud.<\/li>\n<li>Assignar una persona assessora experta en orientaci\u00f3 professional de la fam\u00edlia professional corresponent.<\/li>\n<li>Assessorar a les persones usu\u00e0ries en l\u2019elaboraci\u00f3 del dossier de traject\u00f2ria professional.<\/li>\n<li>Lliurar a les persones usu\u00e0ries un informe d\u2019assessorament, on constar\u00e0 l\u2019itinerari formatiu per assolir l\u2019objectiu professional desitjat i les recomanacions per dur-lo a terme.<\/li>\n<li>Realitzar enquestes per poder recollir el grau de satisfacci\u00f3 de les persones usu\u00e0ries sobre el servei proporcionat.<\/li>\n<li>Posar a l\u2019abast de la persona usu\u00e0ria un servei\u00a0\u00a0de queixes i\/o suggeriments, les quals tindran resposta en un termini no superior a 7 dies.<\/li>\n<\/ol>\n<\/div><div class=\"fusion-clearfix\"><\/div><\/div><\/div><\/div><\/div><\/p>\n","protected":false},"excerpt":{"rendered":"","protected":false},"author":5,"featured_media":0,"parent":13939,"menu_order":0,"comment_status":"closed","ping_status":"closed","template":"","meta":[],"aioseo_notices":[],"_links":{"self":[{"href":"https:\/\/educemold.arrova.net\/es\/wp-json\/wp\/v2\/pages\/16092"}],"collection":[{"href":"https:\/\/educemold.arrova.net\/es\/wp-json\/wp\/v2\/pages"}],"about":[{"href":"https:\/\/educemold.arrova.net\/es\/wp-json\/wp\/v2\/types\/page"}],"author":[{"embeddable":true,"href":"https:\/\/educemold.arrova.net\/es\/wp-json\/wp\/v2\/users\/5"}],"replies":[{"embeddable":true,"href":"https:\/\/educemold.arrova.net\/es\/wp-json\/wp\/v2\/comments?post=16092"}],"version-history":[{"count":2,"href":"https:\/\/educemold.arrova.net\/es\/wp-json\/wp\/v2\/pages\/16092\/revisions"}],"predecessor-version":[{"id":16094,"href":"https:\/\/educemold.arrova.net\/es\/wp-json\/wp\/v2\/pages\/16092\/revisions\/16094"}],"up":[{"embeddable":true,"href":"https:\/\/educemold.arrova.net\/es\/wp-json\/wp\/v2\/pages\/13939"}],"wp:attachment":[{"href":"https:\/\/educemold.arrova.net\/es\/wp-json\/wp\/v2\/media?parent=16092"}],"curies":[{"name":"wp","href":"https:\/\/api.w.org\/{rel}","templated":true}]}}