{"id":16908,"date":"2017-10-17T13:51:38","date_gmt":"2017-10-17T13:51:38","guid":{"rendered":"https:\/\/educemold.arrova.net\/?page_id=16908\/"},"modified":"2017-11-06T15:29:08","modified_gmt":"2017-11-06T15:29:08","slug":"defensa-de-los-proyectos-cfgs-administracion-y-finanzas-aif","status":"publish","type":"page","link":"https:\/\/educemold.arrova.net\/es\/defensa-de-los-proyectos-cfgs-administracion-y-finanzas-aif\/","title":{"rendered":"DEFENSA DE LOS PROYECTOS CFGS Administraci\u00f3n y Finanzas \u2013 AIF"},"content":{"rendered":"<p><div class=\"fusion-fullwidth fullwidth-box fusion-builder-row-1 nonhundred-percent-fullwidth non-hundred-percent-height-scrolling\"  style='background-color: rgba(255,255,255,0);background-position: center center;background-repeat: no-repeat;padding-top:20px;padding-right:0px;padding-bottom:20px;padding-left:0px;'><div class=\"fusion-builder-row fusion-row \"><div  class=\"fusion-layout-column fusion_builder_column fusion_builder_column_1_1 fusion-builder-column-0 fusion-one-full fusion-column-first fusion-column-last 1_1\"  style='margin-top:0px;margin-bottom:20px;'><div class=\"fusion-column-wrapper\" style=\"background-position:left top;background-repeat:no-repeat;-webkit-background-size:cover;-moz-background-size:cover;-o-background-size:cover;background-size:cover;\"   data-bg-url=\"\"><div class=\"fusion-text\"><h1 style=\"text-align: center;\"><b>DEFENSA DE LOS PROYECTOS CFGS CURSO 16-17<\/b><\/h1>\n<h2 style=\"text-align: center;\"><b>Administraci\u00f3n y Finanzas \u2013 AIF<\/b><\/h2>\n<\/div><div class=\"fusion-sep-clear\"><\/div><div class=\"fusion-separator fusion-full-width-sep sep-single sep-solid\" style=\"border-color:#e65a0c;border-top-width:1px;margin-left: auto;margin-right: auto;margin-top:;margin-bottom:20px;\"><\/div><div class=\"fusion-clearfix\"><\/div><\/div><\/div><\/div><\/div><div class=\"fusion-fullwidth fullwidth-box fusion-builder-row-2 nonhundred-percent-fullwidth non-hundred-percent-height-scrolling\"  style='background-color: rgba(255,255,255,0);background-position: center center;background-repeat: no-repeat;padding-top:20px;padding-right:0px;padding-bottom:20px;padding-left:0px;'><div class=\"fusion-builder-row fusion-row \"><div  class=\"fusion-layout-column fusion_builder_column fusion_builder_column_1_1 fusion-builder-column-1 fusion-one-full fusion-column-first fusion-column-last 1_1\"  style='margin-top:0px;margin-bottom:20px;'><div class=\"fusion-column-wrapper\" style=\"background-position:left top;background-repeat:no-repeat;-webkit-background-size:cover;-moz-background-size:cover;-o-background-size:cover;background-size:cover;\"   data-bg-url=\"\"><div class=\"fusion-text\"><h2 style=\"text-align: left;\"><span style=\"font-size: x-large;\"><b>Good Old Days Vintage Store<\/b><\/span><\/h2>\n<\/div><div class=\"fusion-clearfix\"><\/div><\/div><\/div><\/div><\/div><div class=\"fusion-fullwidth fullwidth-box fusion-builder-row-3 nonhundred-percent-fullwidth non-hundred-percent-height-scrolling\"  style='background-color: #fde7d1;background-position: center center;background-repeat: no-repeat;padding-top:20px;padding-right:20px;padding-bottom:20px;padding-left:20px;border-top-width:1px;border-bottom-width:1px;border-color:#000000;border-top-style:solid;border-bottom-style:solid;'><div class=\"fusion-builder-row fusion-row \"><div  class=\"fusion-layout-column fusion_builder_column fusion_builder_column_1_4 fusion-builder-column-2 fusion-one-fourth fusion-column-first 1_4\"  style='margin-top:0px;margin-bottom:20px;width:25%;width:calc(25% - ( ( 4% + 4% ) * 0.25 ) );margin-right: 4%;'><div class=\"fusion-column-wrapper\" style=\"padding: 100px 0px 0px 0px;background-position:left top;background-repeat:no-repeat;-webkit-background-size:cover;-moz-background-size:cover;-o-background-size:cover;background-size:cover;\"   data-bg-url=\"\"><div class=\"fusion-text\"><p><img class=\"aligncenter\" src=\"https:\/\/educemold.arrova.net\/wp-content\/uploads\/2017\/07\/PROJECTE-AIF-GRUP-1-IMG-1.png\" \/><\/p>\n<\/div><div class=\"fusion-clearfix\"><\/div><\/div><\/div><div  class=\"fusion-layout-column fusion_builder_column fusion_builder_column_1_2 fusion-builder-column-3 fusion-one-half 1_2\"  style='margin-top:0px;margin-bottom:20px;width:50%;width:calc(50% - ( ( 4% + 4% ) * 0.5 ) );margin-right: 4%;'><div class=\"fusion-column-wrapper\" style=\"background-position:left top;background-repeat:no-repeat;-webkit-background-size:cover;-moz-background-size:cover;-o-background-size:cover;background-size:cover;\"   data-bg-url=\"\"><div class=\"fusion-text\"><p style=\"text-align: justify;\"><span style=\"font-size: medium;\"><strong>Descripci\u00f3n:<\/strong>Good Old Days ser\u00e1 un establecimiento de importaci\u00f3n y venta de ropa vintage y ropa retro situado en el coraz\u00f3n de Barcelona, entre la Ronda de Sant Antoni y la calle Sant Gil. La ubicaci\u00f3n se encuentra en el Raval de Barcelona, un barrio muy adecuado para este tipo de negocio.<\/span><\/p>\n<p style=\"text-align: justify;\"><span style=\"font-size: medium;\"><strong>Desarrollo y dificultades: <\/strong>El proyecto Good Old Days se ha ido desarrollando con normalidad a lo largo del curso, pero con particularidades propias como el hecho de ser una tienda establecida en Barcelona, por lo que gran parte del estudio de mercado, as\u00ed como los tr\u00e1mites y b\u00fasqueda de informaci\u00f3n, se han hecho en esta ciudad.<\/span><\/p>\n<p style=\"text-align: justify;\"><span style=\"font-size: medium;\">Otro hecho destacable ha sido que la ropa vintage es de importaci\u00f3n, por lo tanto, adem\u00e1s de un proyecto de Administraci\u00f3n y Finanzas y de analizar la viabilidad comercial y econ\u00f3mica, tambi\u00e9n se ha realizado una simulaci\u00f3n de una operaci\u00f3n de importaci\u00f3n de los EEUU, analizando los costes de transporte, los aranceles, etc. Este es, pues, un proyecto caracter\u00edstico y con el sello especial del enfoque de Comercio Internacional propio del ciclo que se hace en Educem.<\/span><\/p>\n<p style=\"text-align: justify;\"><span style=\"font-size: medium;\"><strong>Promotores del negocio<\/strong> Gemma Bertran, Meritxell Costa, Vanessa Reyes i Yasmine Serena.<\/span><\/p>\n<\/div><div class=\"fusion-clearfix\"><\/div><\/div><\/div><div  class=\"fusion-layout-column fusion_builder_column fusion_builder_column_1_4 fusion-builder-column-4 fusion-one-fourth fusion-column-last 1_4\"  style='margin-top:0px;margin-bottom:20px;width:25%;width:calc(25% - ( ( 4% + 4% ) * 0.25 ) );'><div class=\"fusion-column-wrapper\" style=\"padding: 100px 0px 0px 0px;background-position:left top;background-repeat:no-repeat;-webkit-background-size:cover;-moz-background-size:cover;-o-background-size:cover;background-size:cover;\"   data-bg-url=\"\"><div class=\"fusion-text\"><p><img loading=\"lazy\" class=\"\" src=\"https:\/\/educemold.arrova.net\/wp-content\/uploads\/2017\/07\/PROJECTE-AIF-GRUP-1-IMG-2.jpg\" width=\"1127\" height=\"751\" \/><\/p>\n<\/div><div class=\"fusion-sep-clear\"><\/div><div class=\"fusion-separator fusion-full-width-sep sep-none\" style=\"margin-left: auto;margin-right: auto;margin-top:;\"><\/div><div class=\"fusion-text\"><p><img src=\"https:\/\/educemold.arrova.net\/wp-content\/uploads\/2017\/07\/PROJECTE-AIF-GRUP-1-IMG-3.jpg\" \/><\/p>\n<\/div><div class=\"fusion-clearfix\"><\/div><\/div><\/div><\/div><\/div><div class=\"fusion-fullwidth fullwidth-box fusion-builder-row-4 nonhundred-percent-fullwidth non-hundred-percent-height-scrolling\"  style='background-color: rgba(255,255,255,0);background-position: center center;background-repeat: no-repeat;padding-top:20px;padding-right:0px;padding-bottom:20px;padding-left:0px;'><div class=\"fusion-builder-row fusion-row \"><div  class=\"fusion-layout-column fusion_builder_column fusion_builder_column_1_1 fusion-builder-column-5 fusion-one-full fusion-column-first fusion-column-last 1_1\"  style='margin-top:0px;margin-bottom:20px;'><div class=\"fusion-column-wrapper\" style=\"background-position:left top;background-repeat:no-repeat;-webkit-background-size:cover;-moz-background-size:cover;-o-background-size:cover;background-size:cover;\"   data-bg-url=\"\"><div class=\"fusion-text\"><h2 style=\"text-align: left;\"><span style=\"font-size: x-large;\"><b>P\u00c0DEL-ON La Garriga<\/b><\/span><\/h2>\n<\/div><div class=\"fusion-clearfix\"><\/div><\/div><\/div><\/div><\/div><div class=\"fusion-fullwidth fullwidth-box fusion-builder-row-5 hundred-percent-fullwidth non-hundred-percent-height-scrolling fusion-equal-height-columns\"  style='background-color: #fde7d1;background-position: center center;background-repeat: no-repeat;padding-top:20px;padding-right:20px;padding-bottom:20px;padding-left:20px;border-top-width:1px;border-bottom-width:1px;border-color:#000000;border-top-style:solid;border-bottom-style:solid;'><div class=\"fusion-builder-row fusion-row \"><div  class=\"fusion-layout-column fusion_builder_column fusion_builder_column_1_4 fusion-builder-column-6 fusion-one-fourth fusion-column-first 1_4\"  style='margin-top:0px;margin-bottom:20px;width:25%;width:calc(25% - ( ( 4% + 4% ) * 0.25 ) );margin-right: 4%;'><div class=\"fusion-column-wrapper\" style=\"padding: 100px 0px 0px 0px;background-position:left top;background-repeat:no-repeat;-webkit-background-size:cover;-moz-background-size:cover;-o-background-size:cover;background-size:cover;\"   data-bg-url=\"\"><div class=\"fusion-text\"><p><img class=\"aligncenter\" src=\"https:\/\/educemold.arrova.net\/wp-content\/uploads\/2017\/07\/PROJECTE-AIF-GRUP-2-IMG-1.jpg\" \/><\/p>\n<\/div><div class=\"fusion-clearfix\"><\/div><\/div><\/div><div  class=\"fusion-layout-column fusion_builder_column fusion_builder_column_1_2 fusion-builder-column-7 fusion-one-half 1_2\"  style='margin-top:0px;margin-bottom:20px;width:50%;width:calc(50% - ( ( 4% + 4% ) * 0.5 ) );margin-right: 4%;'><div class=\"fusion-column-wrapper\" style=\"background-position:left top;background-repeat:no-repeat;-webkit-background-size:cover;-moz-background-size:cover;-o-background-size:cover;background-size:cover;\"   data-bg-url=\"\"><div class=\"fusion-text\"><p style=\"text-align: justify;\"><span style=\"font-size: medium;\"><strong>Descripci\u00f3n:<\/strong>Empresa de alquiler de pistas para la pr\u00e1ctica de p\u00e1del con venta de ropa y accesorios.<\/span><\/p>\n<p style=\"text-align: justify;\"><span style=\"font-size: medium;\"><strong>Desarrollo y dificultades: <\/strong>La simulaci\u00f3n de este proyecto ha tenido como rasgo caracter\u00edstico el hecho de explotar un negocio ya existente y que no hab\u00eda funcionado.<\/span><\/p>\n<p style=\"text-align: justify;\"><span style=\"font-size: medium;\">Partiendo de este h\u00e1ndicap y negociando el derecho de traspaso del negocio, lo han adaptado a su estilo propio y en la manera en como quer\u00edan gestionarlo.<\/span><\/p>\n<p style=\"text-align: justify;\"><span style=\"font-size: medium;\">No todos los miembros del grupo eran amantes de este deporte, se han tenido que introducir tambi\u00e9n en este tema. Seguro que ahora ya son un poco m\u00e1s expertos.<\/span><\/p>\n<p style=\"text-align: justify;\"><span style=\"font-size: medium;\"><strong>Promotores del negocio:<\/strong> Eva Ciprian, Luana G\u00f3mez, Tamara Rodr\u00edguez, Jordi Sastre.<\/span><\/p>\n<\/div><div class=\"fusion-clearfix\"><\/div><\/div><\/div><div  class=\"fusion-layout-column fusion_builder_column fusion_builder_column_1_4 fusion-builder-column-8 fusion-one-fourth fusion-column-last 1_4\"  style='margin-top:0px;margin-bottom:20px;width:25%;width:calc(25% - ( ( 4% + 4% ) * 0.25 ) );'><div class=\"fusion-column-wrapper\" style=\"padding: 100px 0px 0px 0px;background-position:left top;background-repeat:no-repeat;-webkit-background-size:cover;-moz-background-size:cover;-o-background-size:cover;background-size:cover;\"   data-bg-url=\"\"><div class=\"fusion-text\"><p><img loading=\"lazy\" class=\"\" src=\"https:\/\/educemold.arrova.net\/wp-content\/uploads\/2017\/07\/PROJECTE-AIF-GRUP-2-IMG-2.jpg\" width=\"1127\" height=\"751\" \/><\/p>\n<\/div><div class=\"fusion-sep-clear\"><\/div><div class=\"fusion-separator fusion-full-width-sep sep-none\" style=\"margin-left: auto;margin-right: auto;margin-top:;\"><\/div><div class=\"fusion-text\"><p><img src=\"https:\/\/educemold.arrova.net\/wp-content\/uploads\/2017\/07\/PROJECTE-AIF-GRUP-2-IMG-3.jpg\" \/><\/p>\n<\/div><div class=\"fusion-clearfix\"><\/div><\/div><\/div><\/div><\/div><div class=\"fusion-fullwidth fullwidth-box fusion-builder-row-6 nonhundred-percent-fullwidth non-hundred-percent-height-scrolling\"  style='background-color: rgba(255,255,255,0);background-position: center center;background-repeat: no-repeat;padding-top:20px;padding-right:0px;padding-bottom:20px;padding-left:0px;'><div class=\"fusion-builder-row fusion-row \"><div  class=\"fusion-layout-column fusion_builder_column fusion_builder_column_1_1 fusion-builder-column-9 fusion-one-full fusion-column-first fusion-column-last 1_1\"  style='margin-top:0px;margin-bottom:20px;'><div class=\"fusion-column-wrapper\" style=\"background-position:left top;background-repeat:no-repeat;-webkit-background-size:cover;-moz-background-size:cover;-o-background-size:cover;background-size:cover;\"   data-bg-url=\"\"><div class=\"fusion-text\"><h2 style=\"text-align: left;\"><span style=\"font-size: x-large;\"><b>MG Rides <\/b><\/span><\/h2>\n<\/div><div class=\"fusion-clearfix\"><\/div><\/div><\/div><\/div><\/div><div class=\"fusion-fullwidth fullwidth-box fusion-builder-row-7 hundred-percent-fullwidth non-hundred-percent-height-scrolling fusion-equal-height-columns\"  style='background-color: #fde7d1;background-position: center center;background-repeat: no-repeat;padding-top:20px;padding-right:20px;padding-bottom:20px;padding-left:20px;border-top-width:1px;border-bottom-width:1px;border-color:#000000;border-top-style:solid;border-bottom-style:solid;'><div class=\"fusion-builder-row fusion-row \"><div  class=\"fusion-layout-column fusion_builder_column fusion_builder_column_1_4 fusion-builder-column-10 fusion-one-fourth fusion-column-first 1_4\"  style='margin-top:0px;margin-bottom:20px;width:25%;width:calc(25% - ( ( 4% + 4% ) * 0.25 ) );margin-right: 4%;'><div class=\"fusion-column-wrapper\" style=\"padding: 100px 0px 0px 0px;background-position:left top;background-repeat:no-repeat;-webkit-background-size:cover;-moz-background-size:cover;-o-background-size:cover;background-size:cover;\"   data-bg-url=\"\"><div class=\"fusion-text\"><p><img class=\"aligncenter\" src=\"https:\/\/educemold.arrova.net\/wp-content\/uploads\/2017\/09\/mgrides1.png\" \/><\/p>\n<\/div><div class=\"fusion-clearfix\"><\/div><\/div><\/div><div  class=\"fusion-layout-column fusion_builder_column fusion_builder_column_1_2 fusion-builder-column-11 fusion-one-half 1_2\"  style='margin-top:0px;margin-bottom:20px;width:50%;width:calc(50% - ( ( 4% + 4% ) * 0.5 ) );margin-right: 4%;'><div class=\"fusion-column-wrapper\" style=\"background-position:left top;background-repeat:no-repeat;-webkit-background-size:cover;-moz-background-size:cover;-o-background-size:cover;background-size:cover;\"   data-bg-url=\"\"><div class=\"fusion-text\"><p style=\"text-align: justify;\"><span style=\"font-size: medium;\"><strong>Descripci\u00f3n: <\/strong> Taller de reparaciones y venta de bicicletas y patinetes, situado en Granollers.<\/span><\/p>\n<p style=\"text-align: justify;\"><span style=\"font-size: medium;\"><strong>Desarrollo y dificultades: <\/strong> El punto de partida de este proyecto ha sido la afici\u00f3n a la bicicleta de los dos socios, adem\u00e1s de la preparaci\u00f3n espec\u00edfica que uno de los socios, en Maxi, tiene como mec\u00e1nico, por lo que podr\u00e1 llevar el servicio de taller.<\/span><\/p>\n<p style=\"text-align: justify;\"><span style=\"font-size: medium;\">Al principio la idea gir\u00f3 en torno a ser s\u00f3lo tienda de bicicletas, finalmente han a\u00f1adido la l\u00ednea de patinetes el\u00e9ctricos y otros art\u00edculos, eso s\u00ed, trabajando con stock reducido y aplicando sistema Kanban de aprovisionamiento..<\/span><\/p>\n<p style=\"text-align: justify;\"><span style=\"font-size: medium;\"><strong>Promotores del negocio: <\/strong> Guillem Sala i Maxi Amaro<\/span><\/p>\n<\/div><div class=\"fusion-clearfix\"><\/div><\/div><\/div><div  class=\"fusion-layout-column fusion_builder_column fusion_builder_column_1_4 fusion-builder-column-12 fusion-one-fourth fusion-column-last 1_4\"  style='margin-top:0px;margin-bottom:20px;width:25%;width:calc(25% - ( ( 4% + 4% ) * 0.25 ) );'><div class=\"fusion-column-wrapper\" style=\"padding: 100px 0px 0px 0px;background-position:left top;background-repeat:no-repeat;-webkit-background-size:cover;-moz-background-size:cover;-o-background-size:cover;background-size:cover;\"   data-bg-url=\"\"><div class=\"fusion-text\"><p><img loading=\"lazy\" class=\"\" src=\"https:\/\/educemold.arrova.net\/wp-content\/uploads\/2017\/09\/mgrides2.jpg\" width=\"1127\" height=\"751\" \/><\/p>\n<\/div><div class=\"fusion-sep-clear\"><\/div><div class=\"fusion-separator fusion-full-width-sep sep-none\" style=\"margin-left: auto;margin-right: auto;margin-top:;\"><\/div><div class=\"fusion-text\"><p><img src=\"https:\/\/educemold.arrova.net\/wp-content\/uploads\/2017\/09\/mgrides3.jpg\" \/><\/p>\n<\/div><div class=\"fusion-clearfix\"><\/div><\/div><\/div><\/div><\/div><\/p>\n","protected":false},"excerpt":{"rendered":"","protected":false},"author":8,"featured_media":0,"parent":0,"menu_order":0,"comment_status":"closed","ping_status":"closed","template":"","meta":[],"aioseo_notices":[],"_links":{"self":[{"href":"https:\/\/educemold.arrova.net\/es\/wp-json\/wp\/v2\/pages\/16908"}],"collection":[{"href":"https:\/\/educemold.arrova.net\/es\/wp-json\/wp\/v2\/pages"}],"about":[{"href":"https:\/\/educemold.arrova.net\/es\/wp-json\/wp\/v2\/types\/page"}],"author":[{"embeddable":true,"href":"https:\/\/educemold.arrova.net\/es\/wp-json\/wp\/v2\/users\/8"}],"replies":[{"embeddable":true,"href":"https:\/\/educemold.arrova.net\/es\/wp-json\/wp\/v2\/comments?post=16908"}],"version-history":[{"count":2,"href":"https:\/\/educemold.arrova.net\/es\/wp-json\/wp\/v2\/pages\/16908\/revisions"}],"predecessor-version":[{"id":16910,"href":"https:\/\/educemold.arrova.net\/es\/wp-json\/wp\/v2\/pages\/16908\/revisions\/16910"}],"wp:attachment":[{"href":"https:\/\/educemold.arrova.net\/es\/wp-json\/wp\/v2\/media?parent=16908"}],"curies":[{"name":"wp","href":"https:\/\/api.w.org\/{rel}","templated":true}]}}