{"id":17005,"date":"2018-02-02T09:17:21","date_gmt":"2018-02-02T08:17:21","guid":{"rendered":"https:\/\/educemold.arrova.net\/?page_id=17005\/"},"modified":"2018-02-02T10:42:06","modified_gmt":"2018-02-02T10:42:06","slug":"quieres-trabajar-con-nosotros","status":"publish","type":"page","link":"https:\/\/educemold.arrova.net\/es\/quieres-trabajar-con-nosotros\/","title":{"rendered":"Quieres trabajar con nosotros?"},"content":{"rendered":"<div class=\"fusion-fullwidth fullwidth-box fusion-builder-row-1 nonhundred-percent-fullwidth non-hundred-percent-height-scrolling\"  style='background-color: rgba(255,255,255,0);background-position: center center;background-repeat: no-repeat;padding-top:20px;padding-right:0px;padding-bottom:20px;padding-left:0px;'><div class=\"fusion-builder-row fusion-row \"><div  class=\"fusion-layout-column fusion_builder_column fusion_builder_column_1_1 fusion-builder-column-0 fusion-one-full fusion-column-first fusion-column-last 1_1\"  style='margin-top:0px;margin-bottom:20px;'><div class=\"fusion-column-wrapper\" style=\"background-position:left top;background-repeat:no-repeat;-webkit-background-size:cover;-moz-background-size:cover;-o-background-size:cover;background-size:cover;\"   data-bg-url=\"\"><div class=\"fusion-text\"><h1>Quieres trabajar con nosotros?<\/h1>\n<\/div><div class=\"fusion-sep-clear\"><\/div><div class=\"fusion-separator fusion-full-width-sep sep-single sep-solid\" style=\"border-color:#ff9800;border-top-width:1px;margin-left: auto;margin-right: auto;margin-top:;margin-bottom:5px;\"><\/div><div class=\"fusion-text\"><p style=\"text-align: justify;\"><span style=\"font-size: medium;\">Si quieres formar parte de nuestro equipo de profesores\/as o maestros\/as en cualquiera de las etapas de que nuestro centro dispone (Educaci\u00f3n Infantil, Primaria, Secundaria, Bachillerato, Prueba de acceso\/CAS o Ciclos Formativos) env\u00edanos un curriculum actualizado donde figure tu experiencia laboral, formaci\u00f3n, datos de contacto, etc a la direcci\u00f3n <strong>centres@educem.com.<\/strong><\/span><\/p>\n<p style=\"text-align: justify;\"><span style=\"font-size: medium;\">Buscamos personas que disfruten ense\u00f1ando, implicadas, motivadas, creativas e innovadoras. Te esperamos!<\/span><\/p>\n<\/div><div class=\"fusion-clearfix\"><\/div><\/div><\/div><\/div><\/div>\n","protected":false},"excerpt":{"rendered":"","protected":false},"author":8,"featured_media":0,"parent":0,"menu_order":0,"comment_status":"closed","ping_status":"closed","template":"","meta":[],"aioseo_notices":[],"_links":{"self":[{"href":"https:\/\/educemold.arrova.net\/es\/wp-json\/wp\/v2\/pages\/17005"}],"collection":[{"href":"https:\/\/educemold.arrova.net\/es\/wp-json\/wp\/v2\/pages"}],"about":[{"href":"https:\/\/educemold.arrova.net\/es\/wp-json\/wp\/v2\/types\/page"}],"author":[{"embeddable":true,"href":"https:\/\/educemold.arrova.net\/es\/wp-json\/wp\/v2\/users\/8"}],"replies":[{"embeddable":true,"href":"https:\/\/educemold.arrova.net\/es\/wp-json\/wp\/v2\/comments?post=17005"}],"version-history":[{"count":3,"href":"https:\/\/educemold.arrova.net\/es\/wp-json\/wp\/v2\/pages\/17005\/revisions"}],"predecessor-version":[{"id":17008,"href":"https:\/\/educemold.arrova.net\/es\/wp-json\/wp\/v2\/pages\/17005\/revisions\/17008"}],"wp:attachment":[{"href":"https:\/\/educemold.arrova.net\/es\/wp-json\/wp\/v2\/media?parent=17005"}],"curies":[{"name":"wp","href":"https:\/\/api.w.org\/{rel}","templated":true}]}}