{"id":17260,"date":"2018-06-25T10:26:45","date_gmt":"2018-06-25T08:26:45","guid":{"rendered":"https:\/\/educemold.arrova.net\/documentacio-educacio-infantil\/"},"modified":"2023-09-05T09:46:10","modified_gmt":"2023-09-05T07:46:10","slug":"documentacio-educacio-infantil","status":"publish","type":"page","link":"https:\/\/educemold.arrova.net\/es\/documentacio-educacio-infantil\/","title":{"rendered":"Documentaci\u00f3n &#8211; Educaci\u00f3n Infantil"},"content":{"rendered":"<p><div class=\"fusion-fullwidth fullwidth-box fusion-builder-row-1 nonhundred-percent-fullwidth non-hundred-percent-height-scrolling\"  style='background-color: rgba(255,255,255,0);background-position: center center;background-repeat: no-repeat;padding-top:0px;padding-right:0px;padding-bottom:0px;padding-left:0px;'><div class=\"fusion-builder-row fusion-row \"><div  class=\"fusion-layout-column fusion_builder_column fusion_builder_column_1_1 fusion-builder-column-0 fusion-one-full fusion-column-first fusion-column-last fusion-column-no-min-height 1_1\"  style='margin-top:0px;margin-bottom:20px;'><div class=\"fusion-column-wrapper\" style=\"padding: 0px 0px 0px 0px;background-position:left top;background-repeat:no-repeat;-webkit-background-size:cover;-moz-background-size:cover;-o-background-size:cover;background-size:cover;\"   data-bg-url=\"\"><div class=\"imageframe-align-center\"><span class=\"fusion-imageframe imageframe-none imageframe-1 hover-type-none\"><img loading=\"lazy\" src=\"https:\/\/educemold.arrova.net\/wp-content\/uploads\/2015\/05\/20140218_EDUCEM-092_Fulleto_2-1024x327.jpg\" width=\"1024\" height=\"327\" alt=\"\" title=\"20140218_EDUCEM-092_Fulleto_2\" class=\"img-responsive wp-image-12642\"\/><\/span><\/div><div class=\"fusion-clearfix\"><\/div><\/div><\/div><\/div><\/div><div class=\"fusion-fullwidth fullwidth-box fusion-builder-row-2 nonhundred-percent-fullwidth non-hundred-percent-height-scrolling\"  style='background-color: rgba(255,255,255,0);background-position: center center;background-repeat: no-repeat;padding-top:20px;padding-right:0px;padding-bottom:20px;padding-left:0px;'><div class=\"fusion-builder-row fusion-row \"><div  class=\"fusion-layout-column fusion_builder_column fusion_builder_column_1_4 fusion-builder-column-1 fusion-one-fourth fusion-column-first 1_4\"  style='margin-top:0px;margin-bottom:20px;width:25%;width:calc(25% - ( ( 4% ) * 0.25 ) );margin-right: 4%;'><div class=\"fusion-column-wrapper\" style=\"padding: 0px 0px 0px 0px;background-position:left top;background-repeat:no-repeat;-webkit-background-size:cover;-moz-background-size:cover;-o-background-size:cover;background-size:cover;\"   data-bg-url=\"\"><div class=\"fusion-text\"><h3>DOCUMENTACI\u00d3N EDUCACI\u00d3N INFANTIL CURSO 2023 \u2013 24<\/h3>\n<p>Aqu\u00ed encontrar\u00e1 toda la documentaci\u00f3n referente a esta etapa educativa.<\/p>\n<p>En caso de necesitar alguna informaci\u00f3n adicional, contactar con el centro de educaci\u00f3n primaria (pesta\u00f1a \u201cDONDE ESTAMOS\u201d del men\u00fa principal )<\/p>\n<\/div><div class=\"fusion-clearfix\"><\/div><\/div><\/div><div  class=\"fusion-layout-column fusion_builder_column fusion_builder_column_3_4 fusion-builder-column-2 fusion-three-fourth fusion-column-last 3_4\"  style='margin-top:0px;margin-bottom:20px;width:75%;width:calc(75% - ( ( 4% ) * 0.75 ) );'><div class=\"fusion-column-wrapper\" style=\"padding: 0px 0px 0px 0px;background-position:left top;background-repeat:no-repeat;-webkit-background-size:cover;-moz-background-size:cover;-o-background-size:cover;background-size:cover;\"   data-bg-url=\"\"><div class=\"fusion-tabs fusion-tabs-1 classic horizontal-tabs icon-position-left\"><style type=\"text\/css\">.fusion-tabs.fusion-tabs-1 .nav-tabs li a.tab-link{border-top-color:#ffffff;background-color:#ffffff;}.fusion-tabs.fusion-tabs-1 .nav-tabs{background-color:#fde7d1;}.fusion-tabs.fusion-tabs-1 .nav-tabs li.active a.tab-link,.fusion-tabs.fusion-tabs-1 .nav-tabs li.active a.tab-link:hover,.fusion-tabs.fusion-tabs-1 .nav-tabs li.active a.tab-link:focus{border-right-color:#fde7d1;}.fusion-tabs.fusion-tabs-1 .nav-tabs li.active a.tab-link,.fusion-tabs.fusion-tabs-1 .nav-tabs li.active a.tab-link:hover,.fusion-tabs.fusion-tabs-1 .nav-tabs li.active a.tab-link:focus{background-color:#fde7d1;}.fusion-tabs.fusion-tabs-1 .nav-tabs li a:hover{background-color:#fde7d1;border-top-color:#fde7d1;}.fusion-tabs.fusion-tabs-1 .tab-pane{background-color:#fde7d1;}.fusion-tabs.fusion-tabs-1 .nav,.fusion-tabs.fusion-tabs-1 .nav-tabs,.fusion-tabs.fusion-tabs-1 .tab-content .tab-pane{border-color:#fde7d1;}<\/style><div class=\"nav\"><ul class=\"nav-tabs nav-justified\"><li class=\"active\"><a class=\"tab-link\" data-toggle=\"tab\" id=\"fusion-tab-normativadelcentro\" href=\"#tab-495f1834f15d1a898fe\"><h4 class=\"fusion-tab-heading\">NORMATIVA DEL CENTRO<\/h4><\/a><\/li><li><a class=\"tab-link\" data-toggle=\"tab\" id=\"fusion-tab-documentac\u00d3niniciodecurso\/autorizaciones\" href=\"#tab-22eeb3d6744bf5926e7\"><h4 class=\"fusion-tab-heading\">DOCUMENTAC\u00d3N INICIO DE CURSO \/ AUTORIZACIONES<\/h4><\/a><\/li><li><a class=\"tab-link\" data-toggle=\"tab\" id=\"fusion-tab-circulares\" href=\"#tab-7cb6adfc26ff7695629\"><h4 class=\"fusion-tab-heading\">CIRCULARES<\/h4><\/a><\/li><li><a class=\"tab-link\" data-toggle=\"tab\" id=\"fusion-tab-salidas\" href=\"#tab-15239ff088ab01fae99\"><h4 class=\"fusion-tab-heading\">SALIDAS<\/h4><\/a><\/li><li><a class=\"tab-link\" data-toggle=\"tab\" id=\"fusion-tab-doc.m\u00c9dica\" href=\"#tab-c1f4bc5939daf938221\"><h4 class=\"fusion-tab-heading\">DOC. M\u00c9DICA<\/h4><\/a><\/li><li><a class=\"tab-link\" data-toggle=\"tab\" id=\"fusion-tab-horarios\" href=\"#tab-355b94f8d03db4ddec5\"><h4 class=\"fusion-tab-heading\">HORARIOS<\/h4><\/a><\/li><li><a class=\"tab-link\" data-toggle=\"tab\" id=\"fusion-tab-internet\/imag\u00c9nes\" href=\"#tab-919838c7cf28477ecd1\"><h4 class=\"fusion-tab-heading\">INTERNET\/IMAG\u00c9NES<\/h4><\/a><\/li><li><a class=\"tab-link\" data-toggle=\"tab\" id=\"fusion-tab-extraescolares\" href=\"#tab-ee22575e321cfd8bfe6\"><h4 class=\"fusion-tab-heading\">EXTRAESCOLARES<\/h4><\/a><\/li><li><a class=\"tab-link\" data-toggle=\"tab\" id=\"fusion-tab-deberesverano\" href=\"#tab-61a77600ca86b7de124\"><h4 class=\"fusion-tab-heading\">DEBERES VERANO<\/h4><\/a><\/li><\/ul><\/div><div class=\"tab-content\"><div class=\"nav fusion-mobile-tab-nav\"><ul class=\"nav-tabs nav-justified\"><li class=\"active\"><a class=\"tab-link\" data-toggle=\"tab\" id=\"mobile-fusion-tab-normativadelcentro\" href=\"#tab-495f1834f15d1a898fe\"><h4 class=\"fusion-tab-heading\">NORMATIVA DEL CENTRO<\/h4><\/a><\/li><\/ul><\/div><div class=\"tab-pane fade fusion-clearfix in active\" id=\"tab-495f1834f15d1a898fe\">\n<p>* Normativa de la Etapa Obligatoria 2023-2024\u2026\u2026\u2026\u2026\u2026\u2026\u2026.\u2026&#8230;\u2026&#8230;<a href=\"https:\/\/educemold.arrova.net\/wp-content\/uploads\/2023\/09\/Normativa-curs-23-24-EI-EP-i-ESO.pdf\" target=\"_blank\" rel=\"noopener noreferrer\">DESCARGAR<\/a><\/p>\n<p>* Calendario Escolar 2023-24\u2026\u2026\u2026\u2026\u2026\u2026\u2026.\u2026\u2026..\u2026\u2026\u2026.\u2026\u2026.\u2026\u2026&#8230;..\u2026&#8230;<a href=\"https:\/\/educemold.arrova.net\/wp-content\/uploads\/2023\/07\/calendari-Escolar-23-24-Etapa-obligatoria.pdf\" target=\"_blank\" rel=\"noopener noreferrer\">DESCARGAR <\/a><\/p>\n<\/div><div class=\"nav fusion-mobile-tab-nav\"><ul class=\"nav-tabs nav-justified\"><li><a class=\"tab-link\" data-toggle=\"tab\" id=\"mobile-fusion-tab-documentac\u00d3niniciodecurso\/autorizaciones\" href=\"#tab-22eeb3d6744bf5926e7\"><h4 class=\"fusion-tab-heading\">DOCUMENTAC\u00d3N INICIO DE CURSO \/ AUTORIZACIONES<\/h4><\/a><\/li><\/ul><\/div><div class=\"tab-pane fade fusion-clearfix\" id=\"tab-22eeb3d6744bf5926e7\">\n<p>* Documentaci\u00f3n a entregar al inicio de curso 23-24\u2026\u2026\u2026\u2026\u2026\u2026\u2026.\u2026\u2026..\u2026\u2026\u2026.\u2026&#8230;\u2026&#8230;<a href=\"https:\/\/educemold.arrova.net\/wp-content\/uploads\/2023\/09\/Autoritzacions-EINF-inici-de-curs.pdf\" target=\"_blank\" rel=\"noopener noreferrer\">DESCARGAR<\/a><\/p>\n<p>* Autorizaci\u00f3n salidas Granollers y normativa\u2026\u2026\u2026\u2026\u2026\u2026\u2026.\u2026\u2026..\u2026\u2026\u2026.\u2026\u2026.\u2026\u2026&#8230;&#8230;&#8230;.<a href=\"https:\/\/educemold.arrova.net\/wp-content\/uploads\/2023\/09\/Autoritzacio-sortides-per-Granollers-i-normativa.pdf\" target=\"_blank\" rel=\"noopener noreferrer\">DESCARGAR<\/a><\/p>\n<p>* Autorizaci\u00f3n intervenci\u00f3n DOT, Servicios externos y derivaci\u00f3n a la EAP\u2026\u2026\u2026\u2026\u2026..<a href=\"https:\/\/educemold.arrova.net\/wp-content\/uploads\/2023\/09\/Autoritzacio-intervencio-DOT-Serveis-externs-i-derivacio-a-lEAP.pdf\" target=\"_blank\" rel=\"noopener noreferrer\">DESCARGAR<\/a><\/p>\n<p>* Autorizaci\u00f3n volver a casa solo mediod\u00eda y tarde\u2026\u2026\u2026\u2026\u2026\u2026\u2026.\u2026\u2026..\u2026\u2026\u2026.\u2026\u2026.\u2026\u2026&#8230;.<a target=\"_blank\" rel=\"noopener noreferrer\">DESCARGAR <\/a><\/p>\n<p>* Autorizaci\u00f3n para recoger a los alumnos\u2026\u2026\u2026\u2026\u2026\u2026\u2026.\u2026\u2026..\u2026\u2026\u2026.\u2026\u2026.\u2026\u2026&#8230;&#8230;&#8230;&#8230;&#8230;..<a href=\"https:\/\/educemold.arrova.net\/wp-content\/uploads\/2023\/09\/autoritzacio-per-a-recollir-als-alumnes.pdf\" target=\"_blank\" rel=\"noopener noreferrer\">DESCARGAR <\/a><\/p>\n<\/div><div class=\"nav fusion-mobile-tab-nav\"><ul class=\"nav-tabs nav-justified\"><li><a class=\"tab-link\" data-toggle=\"tab\" id=\"mobile-fusion-tab-circulares\" href=\"#tab-7cb6adfc26ff7695629\"><h4 class=\"fusion-tab-heading\">CIRCULARES<\/h4><\/a><\/li><\/ul><\/div><div class=\"tab-pane fade fusion-clearfix\" id=\"tab-7cb6adfc26ff7695629\">* Circular informativa inicio de curso septiembre curso 2023-24\u2026\u2026\u2026\u2026\u2026\u2026\u2026\u2026\u2026<a href=\"https:\/\/educemold.arrova.net\/wp-content\/uploads\/2023\/09\/Informacio-General-pel-curs-2023-24.pdf\" target=\"_blank\" rel=\"noopener noreferrer\">DESCARGAR <\/a><\/p>\n<p>* Inscripci\u00f3n Acogida Educaci\u00f3n Infantil y Primaria\u2026\u2026\u2026\u2026\u2026\u2026\u2026\u2026\u2026&#8230;..\u2026\u2026&#8230;&#8230;&#8230;<a href=\"https:\/\/educemold.arrova.net\/wp-content\/uploads\/2023\/09\/Inscripcio-Acollida-Educacio-Infantil-i-Primaria-23-24.pdf\" target=\"_blank\" rel=\"noopener noreferrer\">DESCARGAR <\/a><\/p>\n<p>* Carta de compromiso educativo\u2026\u2026\u2026\u2026\u2026\u2026\u2026\u2026\u2026&#8230;..\u2026\u2026\u2026\u2026&#8230;.\u2026..\u2026&#8230;&#8230;&#8230;&#8230;&#8230;&#8230;&#8230;<a href=\"https:\/\/educemold.arrova.net\/wp-content\/uploads\/2023\/09\/Carta-de-compromis-educatiu.pdf\" target=\"_blank\" rel=\"noopener noreferrer\">DESCARGAR <\/a><\/div><div class=\"nav fusion-mobile-tab-nav\"><ul class=\"nav-tabs nav-justified\"><li><a class=\"tab-link\" data-toggle=\"tab\" id=\"mobile-fusion-tab-salidas\" href=\"#tab-15239ff088ab01fae99\"><h4 class=\"fusion-tab-heading\">SALIDAS<\/h4><\/a><\/li><\/ul><\/div><div class=\"tab-pane fade fusion-clearfix\" id=\"tab-15239ff088ab01fae99\">\n<p>* Circular excursi\u00f3n octubre Educaci\u00f3n Infantil 2022-23\u2026\u2026\u2026\u2026\u2026\u2026\u2026&#8230;&#8230;&#8230;&#8230;<a target=\"_blank\" rel=\"noopener noreferrer\">DESCARGAR <\/a><\/p>\n<p>* Circular colonias EI i CI curso 2022-23\u2026\u2026\u2026\u2026\u2026\u2026\u2026\u2026\u2026\u2026\u2026\u2026\u2026\u2026\u2026&#8230;\u2026\u2026&#8230;..<a target=\"_blank\" rel=\"noopener noreferrer\">DESCARGAR <\/a><\/p>\n<p>* Circular Excursi\u00f3n 2T Educaci\u00f3n Infantil curso 2022-23\u2026\u2026\u2026\u2026\u2026&#8230;&#8230;&#8230;&#8230;&#8230;.<a target=\"_blank\" rel=\"noopener noreferrer\">DESCARGAR <\/a><\/p>\n<\/div><div class=\"nav fusion-mobile-tab-nav\"><ul class=\"nav-tabs nav-justified\"><li><a class=\"tab-link\" data-toggle=\"tab\" id=\"mobile-fusion-tab-doc.m\u00c9dica\" href=\"#tab-c1f4bc5939daf938221\"><h4 class=\"fusion-tab-heading\">DOC. M\u00c9DICA<\/h4><\/a><\/li><\/ul><\/div><div class=\"tab-pane fade fusion-clearfix\" id=\"tab-c1f4bc5939daf938221\">* Ficha m\u00e9dica Infantil 2023-24\u2026\u2026\u2026\u2026\u2026\u2026\u2026\u2026\u2026&#8230;&#8230;\u2026..\u2026\u2026\u2026<a href=\"https:\/\/educemold.arrova.net\/wp-content\/uploads\/2023\/09\/Fitxa-medica-Infantil.pdf\" target=\"_blank\" rel=\"noopener noreferrer\">DESCARGAR<\/a><\/p>\n<p>* Autorizaci\u00f3n medicamentos\u2026\u2026\u2026\u2026\u2026\u2026\u2026\u2026\u2026\u2026\u2026\u2026\u2026\u2026\u2026\u2026\u2026<a href=\"https:\/\/educemold.arrova.net\/wp-content\/uploads\/2022\/07\/Autoritzacio-medicaments-22-23.pdf\" target=\"_blank\" rel=\"noopener noreferrer\">DESCARGAR <\/a><\/div><div class=\"nav fusion-mobile-tab-nav\"><ul class=\"nav-tabs nav-justified\"><li><a class=\"tab-link\" data-toggle=\"tab\" id=\"mobile-fusion-tab-horarios\" href=\"#tab-355b94f8d03db4ddec5\"><h4 class=\"fusion-tab-heading\">HORARIOS<\/h4><\/a><\/li><\/ul><\/div><div class=\"tab-pane fade fusion-clearfix\" id=\"tab-355b94f8d03db4ddec5\">\n<p>* Horario P-3\u2026\u2026\u2026\u2026\u2026\u2026\u2026\u2026\u2026&#8230;..\u2026\u2026\u2026\u2026&#8230;.\u2026..\u2026\u2026\u2026<a href=\"https:\/\/educemold.arrova.net\/wp-content\/uploads\/2023\/09\/Horaris-I3.pdf\" target=\"_blank\" rel=\"noopener noreferrer\">DESCARGAR <\/a><\/p>\n<p>* Horario P-4\u2026\u2026\u2026\u2026\u2026\u2026\u2026\u2026\u2026&#8230;..\u2026\u2026\u2026\u2026&#8230;.\u2026..\u2026\u2026\u2026<a href=\"https:\/\/educemold.arrova.net\/wp-content\/uploads\/2023\/09\/Horaris-I4.pdf\" target=\"_blank\" rel=\"noopener noreferrer\">DESCARGAR <\/a><\/p>\n<p>* Horario P-5\u2026\u2026\u2026\u2026\u2026\u2026\u2026\u2026\u2026&#8230;..\u2026\u2026\u2026\u2026&#8230;.\u2026..\u2026\u2026\u2026<a href=\"https:\/\/educemold.arrova.net\/wp-content\/uploads\/2023\/09\/Horaris-I5.pdf\" target=\"_blank\" rel=\"noopener noreferrer\">DESCARGAR <\/a><\/p>\n<\/div><div class=\"nav fusion-mobile-tab-nav\"><ul class=\"nav-tabs nav-justified\"><li><a class=\"tab-link\" data-toggle=\"tab\" id=\"mobile-fusion-tab-internet\/imag\u00c9nes\" href=\"#tab-919838c7cf28477ecd1\"><h4 class=\"fusion-tab-heading\">INTERNET\/IMAG\u00c9NES<\/h4><\/a><\/li><\/ul><\/div><div class=\"tab-pane fade fusion-clearfix\" id=\"tab-919838c7cf28477ecd1\">\n<p>* Autorizaci\u00f3n imagen menor de 14 a\u00f1os\u2026\u2026\u2026\u2026\u2026\u2026\u2026\u2026\u2026&#8230;..\u2026\u2026..\u2026\u2026\u2026&#8230;&#8230;&#8230;.<a href=\"https:\/\/educemold.arrova.net\/wp-content\/uploads\/2023\/09\/Autoritzacio-us-internet-menors-14-anys.pdf\" target=\"_blank\" rel=\"noopener noreferrer\">DESCARGAR <\/a><\/p>\n<p>* Autorizaci\u00f3n menores de 14 a\u00f1os uso internet\u2026\u2026\u2026\u2026\u2026\u2026\u2026\u2026\u2026&#8230;..\u2026\u2026..\u2026,,&#8230;<a href=\"https:\/\/educemold.arrova.net\/wp-content\/uploads\/2023\/09\/Autoritzacio-us-internet-majors-14-anys.pdf\" target=\"_blank\" rel=\"noopener noreferrer\">DESCARGAR <\/a><\/p>\n<\/div><div class=\"nav fusion-mobile-tab-nav\"><ul class=\"nav-tabs nav-justified\"><li><a class=\"tab-link\" data-toggle=\"tab\" id=\"mobile-fusion-tab-extraescolares\" href=\"#tab-ee22575e321cfd8bfe6\"><h4 class=\"fusion-tab-heading\">EXTRAESCOLARES<\/h4><\/a><\/li><\/ul><\/div><div class=\"tab-pane fade fusion-clearfix\" id=\"tab-ee22575e321cfd8bfe6\">\n<p>* Infantil Extraescolares curso 2023-24\u2026\u2026\u2026\u2026\u2026\u2026\u2026\u2026\u2026&#8230;..\u2026\u2026\u2026\u2026&#8230;.\u2026..\u2026\u2026\u2026<a href=\"https:\/\/educemold.arrova.net\/wp-content\/uploads\/2023\/09\/Extraescolars-infantil-2023-2024.pdf\" target=\"_blank\" rel=\"noopener noreferrer\">DESCARGAR <\/a><\/p>\n<p>* Inscripci\u00f3n extraescolar INFANTIL 2023-24\u2026\u2026\u2026\u2026\u2026\u2026\u2026\u2026\u2026\u2026\u2026\u2026&#8230;&#8230;&#8230;&#8230;&#8230;<a href=\"https:\/\/educemold.arrova.net\/wp-content\/uploads\/2023\/09\/Inscripcio-Extraescolar-infantil-23-24.pdf\" target=\"_blank\" rel=\"noopener noreferrer\">DESCARGAR <\/a><\/p>\n<\/div><div class=\"nav fusion-mobile-tab-nav\"><ul class=\"nav-tabs nav-justified\"><li><a class=\"tab-link\" data-toggle=\"tab\" id=\"mobile-fusion-tab-deberesverano\" href=\"#tab-61a77600ca86b7de124\"><h4 class=\"fusion-tab-heading\">DEBERES VERANO<\/h4><\/a><\/li><\/ul><\/div><div class=\"tab-pane fade fusion-clearfix\" id=\"tab-61a77600ca86b7de124\">\n<p>* Deberes de verano 2023 Ed.Infantil\u2026\u2026\u2026\u2026\u2026\u2026\u2026\u2026\u2026&#8230;..\u2026\u2026\u2026\u2026&#8230;.\u2026..\u2026\u2026\u2026<a target=\"_blank\" rel=\"noopener noreferrer\">DESCARGAR <\/a><\/p>\n<\/div><\/div><\/div><div class=\"fusion-clearfix\"><\/div><\/div><\/div><div  class=\"fusion-layout-column fusion_builder_column fusion_builder_column_1_1 fusion-builder-column-3 fusion-one-full fusion-column-first fusion-column-last 1_1\"  style='margin-top:0px;margin-bottom:20px;'><div class=\"fusion-column-wrapper\" style=\"padding: 0px 0px 0px 0px;background-position:left top;background-repeat:no-repeat;-webkit-background-size:cover;-moz-background-size:cover;-o-background-size:cover;background-size:cover;\"   data-bg-url=\"\"><div class=\"fusion-clearfix\"><\/div><\/div><\/div><\/div><\/div><\/p>\n","protected":false},"excerpt":{"rendered":"","protected":false},"author":8,"featured_media":0,"parent":0,"menu_order":0,"comment_status":"closed","ping_status":"closed","template":"","meta":[],"aioseo_notices":[],"_links":{"self":[{"href":"https:\/\/educemold.arrova.net\/es\/wp-json\/wp\/v2\/pages\/17260"}],"collection":[{"href":"https:\/\/educemold.arrova.net\/es\/wp-json\/wp\/v2\/pages"}],"about":[{"href":"https:\/\/educemold.arrova.net\/es\/wp-json\/wp\/v2\/types\/page"}],"author":[{"embeddable":true,"href":"https:\/\/educemold.arrova.net\/es\/wp-json\/wp\/v2\/users\/8"}],"replies":[{"embeddable":true,"href":"https:\/\/educemold.arrova.net\/es\/wp-json\/wp\/v2\/comments?post=17260"}],"version-history":[{"count":89,"href":"https:\/\/educemold.arrova.net\/es\/wp-json\/wp\/v2\/pages\/17260\/revisions"}],"predecessor-version":[{"id":23746,"href":"https:\/\/educemold.arrova.net\/es\/wp-json\/wp\/v2\/pages\/17260\/revisions\/23746"}],"wp:attachment":[{"href":"https:\/\/educemold.arrova.net\/es\/wp-json\/wp\/v2\/media?parent=17260"}],"curies":[{"name":"wp","href":"https:\/\/api.w.org\/{rel}","templated":true}]}}