{"id":17441,"date":"2018-05-14T14:55:02","date_gmt":"2018-05-14T12:55:02","guid":{"rendered":"https:\/\/educemold.arrova.net\/documentacio-ampa\/"},"modified":"2022-09-02T10:23:50","modified_gmt":"2022-09-02T08:23:50","slug":"documentacio-ampa","status":"publish","type":"page","link":"https:\/\/educemold.arrova.net\/es\/documentacio-ampa\/","title":{"rendered":"Documentaci\u00f3n- AMPA"},"content":{"rendered":"<p><div class=\"fusion-fullwidth fullwidth-box fusion-builder-row-1 nonhundred-percent-fullwidth non-hundred-percent-height-scrolling\"  style='background-color: rgba(255,255,255,0);background-position: center center;background-repeat: no-repeat;padding-top:0px;padding-right:0px;padding-bottom:0px;padding-left:0px;'><div class=\"fusion-builder-row fusion-row \"><div  class=\"fusion-layout-column fusion_builder_column fusion_builder_column_1_1 fusion-builder-column-0 fusion-one-full fusion-column-first fusion-column-last 1_1\"  style='margin-top:0px;margin-bottom:20px;'><div class=\"fusion-column-wrapper\" style=\"padding: 0px 0px 0px 0px;background-position:left top;background-repeat:no-repeat;-webkit-background-size:cover;-moz-background-size:cover;-o-background-size:cover;background-size:cover;\"   data-bg-url=\"\"><div class=\"imageframe-align-center\"><span class=\"fusion-imageframe imageframe-none imageframe-1 hover-type-none\"><img loading=\"lazy\" src=\"https:\/\/educemold.arrova.net\/wp-content\/uploads\/2018\/05\/logo-ampa-educem-300x102.jpg\" width=\"300\" height=\"102\" alt=\"\" title=\"logo-ampa-educem\" class=\"img-responsive wp-image-17145\" srcset=\"https:\/\/educemold.arrova.net\/wp-content\/uploads\/2018\/05\/logo-ampa-educem-200x68.jpg 200w, https:\/\/educemold.arrova.net\/wp-content\/uploads\/2018\/05\/logo-ampa-educem-400x136.jpg 400w, https:\/\/educemold.arrova.net\/wp-content\/uploads\/2018\/05\/logo-ampa-educem-600x204.jpg 600w, https:\/\/educemold.arrova.net\/wp-content\/uploads\/2018\/05\/logo-ampa-educem-800x272.jpg 800w, https:\/\/educemold.arrova.net\/wp-content\/uploads\/2018\/05\/logo-ampa-educem.jpg 1034w\" sizes=\"(max-width: 800px) 100vw, 300px\" \/><\/span><\/div><div class=\"fusion-clearfix\"><\/div><\/div><\/div><\/div><\/div><div class=\"fusion-fullwidth fullwidth-box fusion-builder-row-2 nonhundred-percent-fullwidth non-hundred-percent-height-scrolling\"  style='background-color: rgba(255,255,255,0);background-position: center center;background-repeat: no-repeat;padding-top:20px;padding-right:0px;padding-bottom:20px;padding-left:0px;'><div class=\"fusion-builder-row fusion-row \"><div  class=\"fusion-layout-column fusion_builder_column fusion_builder_column_1_4 fusion-builder-column-1 fusion-one-fourth fusion-column-first 1_4\"  style='margin-top:0px;margin-bottom:20px;width:25%;width:calc(25% - ( ( 4% ) * 0.25 ) );margin-right: 4%;'><div class=\"fusion-column-wrapper\" style=\"padding: 0px 0px 0px 0px;background-position:left top;background-repeat:no-repeat;-webkit-background-size:cover;-moz-background-size:cover;-o-background-size:cover;background-size:cover;\"   data-bg-url=\"\"><div class=\"fusion-text\"><h3>DOCUMENTACI\u00d3N AMPA 2022 &#8211; 23<\/h3>\n<p>Aqu\u00ed encontrar\u00e9is toda la documentaci\u00f3n en lo referente a esta etapa educativa.<\/p>\n<p>En caso de necesitar alguna informaci\u00f3n adicional , contact\u00e1is con el centro de educaci\u00f3n primaria (pesta\u00f1a &#8220;DONDE SOMOS&#8221; del men\u00fa principal).<\/p>\n<\/div><div class=\"fusion-clearfix\"><\/div><\/div><\/div><div  class=\"fusion-layout-column fusion_builder_column fusion_builder_column_3_4 fusion-builder-column-2 fusion-three-fourth fusion-column-last 3_4\"  style='margin-top:0px;margin-bottom:20px;width:75%;width:calc(75% - ( ( 4% ) * 0.75 ) );'><div class=\"fusion-column-wrapper\" style=\"padding: 0px 0px 0px 0px;background-position:left top;background-repeat:no-repeat;-webkit-background-size:cover;-moz-background-size:cover;-o-background-size:cover;background-size:cover;\"   data-bg-url=\"\"><div class=\"fusion-tabs fusion-tabs-1 classic horizontal-tabs icon-position-left\"><style type=\"text\/css\">.fusion-tabs.fusion-tabs-1 .nav-tabs li a.tab-link{border-top-color:#ffffff;background-color:#ffffff;}.fusion-tabs.fusion-tabs-1 .nav-tabs{background-color:#fde7d1;}.fusion-tabs.fusion-tabs-1 .nav-tabs li.active a.tab-link,.fusion-tabs.fusion-tabs-1 .nav-tabs li.active a.tab-link:hover,.fusion-tabs.fusion-tabs-1 .nav-tabs li.active a.tab-link:focus{border-right-color:#fde7d1;}.fusion-tabs.fusion-tabs-1 .nav-tabs li.active a.tab-link,.fusion-tabs.fusion-tabs-1 .nav-tabs li.active a.tab-link:hover,.fusion-tabs.fusion-tabs-1 .nav-tabs li.active a.tab-link:focus{background-color:#fde7d1;}.fusion-tabs.fusion-tabs-1 .nav-tabs li a:hover{background-color:#fde7d1;border-top-color:#fde7d1;}.fusion-tabs.fusion-tabs-1 .tab-pane{background-color:#fde7d1;}.fusion-tabs.fusion-tabs-1 .nav,.fusion-tabs.fusion-tabs-1 .nav-tabs,.fusion-tabs.fusion-tabs-1 .tab-content .tab-pane{border-color:#fde7d1;}<\/style><div class=\"nav\"><ul class=\"nav-tabs nav-justified\"><li class=\"active\"><a class=\"tab-link\" data-toggle=\"tab\" id=\"fusion-tab-presentaci\u00f3n\" href=\"#tab-48bdc16d49e1f5767f5\"><h4 class=\"fusion-tab-heading\">Presentaci\u00f3n<\/h4><\/a><\/li><li><a class=\"tab-link\" data-toggle=\"tab\" id=\"fusion-tab-circulares\" href=\"#tab-395cec3b68684905f1e\"><h4 class=\"fusion-tab-heading\">Circulares<\/h4><\/a><\/li><li><a class=\"tab-link\" data-toggle=\"tab\" id=\"fusion-tab-talleres\/charlas\" href=\"#tab-1cbac9613b2fc2c65e5\"><h4 class=\"fusion-tab-heading\"> Talleres \/ charlas<\/h4><\/a><\/li><li><a class=\"tab-link\" data-toggle=\"tab\" id=\"fusion-tab-noticias\" href=\"#tab-ab363699d6f9f2143a0\"><h4 class=\"fusion-tab-heading\"> Noticias<\/h4><\/a><\/li><li><a class=\"tab-link\" data-toggle=\"tab\" id=\"fusion-tab-contacto\" href=\"#tab-769b8e6e259b123cb4f\"><h4 class=\"fusion-tab-heading\"> Contacto<\/h4><\/a><\/li><\/ul><\/div><div class=\"tab-content\"><div class=\"nav fusion-mobile-tab-nav\"><ul class=\"nav-tabs nav-justified\"><li class=\"active\"><a class=\"tab-link\" data-toggle=\"tab\" id=\"mobile-fusion-tab-presentaci\u00f3n\" href=\"#tab-48bdc16d49e1f5767f5\"><h4 class=\"fusion-tab-heading\">Presentaci\u00f3n<\/h4><\/a><\/li><\/ul><\/div><div class=\"tab-pane fade fusion-clearfix in active\" id=\"tab-48bdc16d49e1f5767f5\">\n<p>* Presentaci\u00f3n AMPA\u2026\u2026\u2026\u2026\u2026\u2026\u2026\u2026\u2026&#8230;..\u2026\u2026\u2026\u2026&#8230;.\u2026..\u2026\u2026\u2026<a href=\"https:\/\/educemold.arrova.net\/wp-content\/uploads\/2022\/09\/Presentacio-AMPA.pdf\" target=\"_blank\" rel=\"noopener noreferrer\">DESCARGAR<\/a><\/p>\n<\/div><div class=\"nav fusion-mobile-tab-nav\"><ul class=\"nav-tabs nav-justified\"><li><a class=\"tab-link\" data-toggle=\"tab\" id=\"mobile-fusion-tab-circulares\" href=\"#tab-395cec3b68684905f1e\"><h4 class=\"fusion-tab-heading\">Circulares<\/h4><\/a><\/li><\/ul><\/div><div class=\"tab-pane fade fusion-clearfix\" id=\"tab-395cec3b68684905f1e\">\n<p>* Link pago cuota y extraescolares\u2026\u2026\u2026\u2026\u2026\u2026\u2026\u2026\u2026&#8230;&#8230;..\u2026\u2026\u2026<a href=\"https:\/\/educemold.arrova.net\/wp-content\/uploads\/2022\/09\/Link-pagament-quota-AMPA-i-extraescolars.pdf\" target=\"_blank\" rel=\"noopener noreferrer\">DESCARGAR<\/a><\/p>\n<p>* Funcionamiento TPV\u2026\u2026\u2026\u2026\u2026\u2026\u2026\u2026\u2026&#8230;..\u2026\u2026\u2026\u2026&#8230;.\u2026..\u2026\u2026\u2026<a href=\"https:\/\/educemold.arrova.net\/wp-content\/uploads\/2022\/09\/Funcionament-de-la-TPV-Escola.pdf\" target=\"_blank\" rel=\"noopener noreferrer\">DESCARGAR<\/a><\/p>\n<\/div><div class=\"nav fusion-mobile-tab-nav\"><ul class=\"nav-tabs nav-justified\"><li><a class=\"tab-link\" data-toggle=\"tab\" id=\"mobile-fusion-tab-talleres\/charlas\" href=\"#tab-1cbac9613b2fc2c65e5\"><h4 class=\"fusion-tab-heading\"> Talleres \/ charlas<\/h4><\/a><\/li><\/ul><\/div><div class=\"tab-pane fade fusion-clearfix\" id=\"tab-1cbac9613b2fc2c65e5\"><\/div><div class=\"nav fusion-mobile-tab-nav\"><ul class=\"nav-tabs nav-justified\"><li><a class=\"tab-link\" data-toggle=\"tab\" id=\"mobile-fusion-tab-noticias\" href=\"#tab-ab363699d6f9f2143a0\"><h4 class=\"fusion-tab-heading\"> Noticias<\/h4><\/a><\/li><\/ul><\/div><div class=\"tab-pane fade fusion-clearfix\" id=\"tab-ab363699d6f9f2143a0\"><\/div><div class=\"nav fusion-mobile-tab-nav\"><ul class=\"nav-tabs nav-justified\"><li><a class=\"tab-link\" data-toggle=\"tab\" id=\"mobile-fusion-tab-contacto\" href=\"#tab-769b8e6e259b123cb4f\"><h4 class=\"fusion-tab-heading\"> Contacto<\/h4><\/a><\/li><\/ul><\/div><div class=\"tab-pane fade fusion-clearfix\" id=\"tab-769b8e6e259b123cb4f\">\n<h1>Correo: ampa@educem.com<\/h1>\n<\/div><\/div><\/div><div class=\"fusion-clearfix\"><\/div><\/div><\/div><\/div><\/div><\/p>\n","protected":false},"excerpt":{"rendered":"","protected":false},"author":8,"featured_media":0,"parent":0,"menu_order":0,"comment_status":"closed","ping_status":"closed","template":"","meta":[],"aioseo_notices":[],"_links":{"self":[{"href":"https:\/\/educemold.arrova.net\/es\/wp-json\/wp\/v2\/pages\/17441"}],"collection":[{"href":"https:\/\/educemold.arrova.net\/es\/wp-json\/wp\/v2\/pages"}],"about":[{"href":"https:\/\/educemold.arrova.net\/es\/wp-json\/wp\/v2\/types\/page"}],"author":[{"embeddable":true,"href":"https:\/\/educemold.arrova.net\/es\/wp-json\/wp\/v2\/users\/8"}],"replies":[{"embeddable":true,"href":"https:\/\/educemold.arrova.net\/es\/wp-json\/wp\/v2\/comments?post=17441"}],"version-history":[{"count":13,"href":"https:\/\/educemold.arrova.net\/es\/wp-json\/wp\/v2\/pages\/17441\/revisions"}],"predecessor-version":[{"id":22948,"href":"https:\/\/educemold.arrova.net\/es\/wp-json\/wp\/v2\/pages\/17441\/revisions\/22948"}],"wp:attachment":[{"href":"https:\/\/educemold.arrova.net\/es\/wp-json\/wp\/v2\/media?parent=17441"}],"curies":[{"name":"wp","href":"https:\/\/api.w.org\/{rel}","templated":true}]}}