{"id":20820,"date":"2021-04-10T21:00:57","date_gmt":"2021-04-10T19:00:57","guid":{"rendered":"https:\/\/educemold.arrova.net\/prova-dacces-a-grau-superior-pacgfs-ensenyaments-esportius\/"},"modified":"2023-05-05T20:48:13","modified_gmt":"2023-05-05T18:48:13","slug":"prova-dacces-a-grau-superior-pacgfs-ensenyaments-esportius","status":"publish","type":"page","link":"https:\/\/educemold.arrova.net\/es\/prova-dacces-a-grau-superior-pacgfs-ensenyaments-esportius\/","title":{"rendered":"Prova d&#8217;acc\u00e9s a Grau Superior (PACGFS) &#8211; Ensenyaments Esportius"},"content":{"rendered":"<p><div class=\"fusion-fullwidth fullwidth-box fusion-builder-row-1 nonhundred-percent-fullwidth non-hundred-percent-height-scrolling\"  style='background-color: rgba(255,255,255,0);background-position: left top;background-repeat: no-repeat;padding-top:20px;padding-right:0px;padding-bottom:0px;padding-left:0px;border-top-width:0px;border-bottom-width:0px;border-color:#eae9e9;border-top-style:solid;border-bottom-style:solid;'><div class=\"fusion-builder-row fusion-row \"><div  class=\"fusion-layout-column fusion_builder_column fusion_builder_column_1_2 fusion-builder-column-0 fusion-one-half fusion-column-first 1_2\"  style='margin-top:0px;margin-bottom:20px;width:48%; margin-right: 4%;'><div class=\"fusion-column-wrapper\" style=\"padding: 0px 0px 0px 0px;background-position:left top;background-repeat:no-repeat;-webkit-background-size:cover;-moz-background-size:cover;-o-background-size:cover;background-size:cover;\"   data-bg-url=\"\"><div class=\"fusion-video fusion-youtube fusion-aligncenter\" style=\"max-width:600px;max-height:360px; width:100%\"><div class=\"video-shortcode\"><iframe title=\"YouTube video player\" src=\"https:\/\/www.youtube.com\/embed\/OMyrg-0zbrw?wmode=transparent&autoplay=0\" width=\"600\" height=\"360\" allowfullscreen allow=\"autoplay; fullscreen\"><\/iframe><\/div><\/div><div class=\"fusion-clearfix\"><\/div><\/div><\/div><div  class=\"fusion-layout-column fusion_builder_column fusion_builder_column_1_2 fusion-builder-column-1 fusion-one-half fusion-column-last 1_2\"  style='margin-top:0px;margin-bottom:20px;width:48%'><div class=\"fusion-column-wrapper\" style=\"padding: 0px 0px 0px 0px;background-position:left top;background-repeat:no-repeat;-webkit-background-size:cover;-moz-background-size:cover;-o-background-size:cover;background-size:cover;\"   data-bg-url=\"\"><div class=\"fusion-text\"><p style=\"text-align: justify;\">En EDUCEM el Curso de preparaci\u00f3n a la prueba de acceso de car\u00e1cter general de grado superior de ense\u00f1anzas deportivas tiene un enfoque te\u00f3rico y pr\u00e1ctico, con el fin de <strong>preparar al alumnado<\/strong> con una s\u00f3lida base para a la <strong>Prueba de Acceso a Ciclos Formativos de Grado Superior<\/strong>, que da acceso a un Ciclo Formativo de Grado Superior de Ense\u00f1anzas Deportivas y la exenci\u00f3n de la parte com\u00fan para acceder a un Ciclo Formativo de Grado Superior de Formaci\u00f3n Profesional.<\/p>\n<\/div><div class=\"fusion-sep-clear\"><\/div><div class=\"fusion-separator fusion-full-width-sep sep-none\" style=\"margin-left: auto;margin-right: auto;margin-top:20px;\"><\/div><div class=\"fusion-text\"><h2 style=\"text-align: center;\"><strong>DOCUMENTACI\u00d3N<br \/>\n<\/strong><\/h2>\n<\/div><div class=\"fusion-sep-clear\"><\/div><div class=\"fusion-separator fusion-full-width-sep sep-single sep-solid\" style=\"border-color:#ef7c00;border-top-width:1px;margin-left: auto;margin-right: auto;margin-top:0px;margin-bottom:20px;\"><\/div><div class=\"fusion-button-wrapper fusion-aligncenter\"><style type=\"text\/css\">.fusion-button.button-1 .fusion-button-text, .fusion-button.button-1 i {color:#fff;}.fusion-button.button-1 .fusion-button-icon-divider{border-color:#fff;}.fusion-button.button-1:hover .fusion-button-text, .fusion-button.button-1:hover i,.fusion-button.button-1:focus .fusion-button-text, .fusion-button.button-1:focus i,.fusion-button.button-1:active .fusion-button-text, .fusion-button.button-1:active{color:#fff;}.fusion-button.button-1:hover .fusion-button-icon-divider, .fusion-button.button-1:hover .fusion-button-icon-divider, .fusion-button.button-1:active .fusion-button-icon-divider{border-color:#fff;}.fusion-button.button-1:hover, .fusion-button.button-1:focus, .fusion-button.button-1:active{border-color:#fff;border-width:1px;}.fusion-button.button-1 {border-color:#fff;border-width:1px;border-radius:2px;}.fusion-button.button-1{background: #e65a0c;\n\t\t\t\t\t\t\tbackground-image: -webkit-gradient( linear, left bottom, left top, from( #f2a643 ), to( #e65a0c ) );\n\t\t\t\t\t\t\tbackground-image: -webkit-linear-gradient( bottom, #f2a643, #e65a0c );\n\t\t\t\t\t\t\tbackground-image:   -moz-linear-gradient( bottom, #f2a643, #e65a0c );\n\t\t\t\t\t\t\tbackground-image:     -o-linear-gradient( bottom, #f2a643, #e65a0c );\n\t\t\t\t\t\t\tbackground-image: linear-gradient( to top, #f2a643, #e65a0c );}.fusion-button.button-1:hover,.button-1:focus,.fusion-button.button-1:active{background: #fcae5f;\n\t\t\t\t\t\t\tbackground-image: -webkit-gradient( linear, left bottom, left top, from( #fde7d1 ), to( #fcae5f ) );\n\t\t\t\t\t\t\tbackground-image: -webkit-linear-gradient( bottom, #fde7d1, #fcae5f );\n\t\t\t\t\t\t\tbackground-image:   -moz-linear-gradient( bottom, #fde7d1, #fcae5f );\n\t\t\t\t\t\t\tbackground-image:     -o-linear-gradient( bottom, #fde7d1, #fcae5f );\n\t\t\t\t\t\t\tbackground-image: linear-gradient( to top, #fde7d1, #fcae5f );}<\/style><a class=\"fusion-button button-flat button-large button-custom button-1 fusion-button-default-span \" target=\"_blank\" rel=\"noopener noreferrer\" href=\"https:\/\/educemold.arrova.net\/wp-content\/uploads\/2023\/05\/PPAS_Esp_23_24_CAT.pdf\"><i class=\"fa-file-alt far button-icon-left\"><\/i><span class=\"fusion-button-text\">Descargar el Dossier PPAS DEPORTIVAS 2023-24<\/span><\/a><\/div><div class=\"fusion-sep-clear\"><\/div><div class=\"fusion-separator fusion-full-width-sep sep-none\" style=\"margin-left: auto;margin-right: auto;margin-top:20px;\"><\/div><div class=\"fusion-clearfix\"><\/div><\/div><\/div><\/div><\/div><div class=\"fusion-fullwidth fullwidth-box fusion-builder-row-2 nonhundred-percent-fullwidth non-hundred-percent-height-scrolling\"  style='background-color: #f4f4f4;background-position: left top;background-repeat: no-repeat;padding-top:20px;padding-right:0px;padding-bottom:20px;padding-left:0px;border-top-width:0px;border-bottom-width:0px;border-color:#eae9e9;border-top-style:solid;border-bottom-style:solid;'><div class=\"fusion-builder-row fusion-row \"><div  class=\"fusion-layout-column fusion_builder_column fusion_builder_column_1_3 fusion-builder-column-2 fusion-one-third fusion-column-first 1_3\"  style='margin-top:0px;margin-bottom:20px;width:30.6666%; margin-right: 4%;'><div class=\"fusion-column-wrapper\" style=\"padding: 0px 0px 0px 0px;background-position:left top;background-repeat:no-repeat;-webkit-background-size:cover;-moz-background-size:cover;-o-background-size:cover;background-size:cover;\"   data-bg-url=\"\"><div class=\"fusion-sep-clear\"><\/div><div class=\"fusion-separator fusion-full-width-sep sep-single sep-solid\" style=\"border-color:#ef7c00;border-top-width:1px;margin-left: auto;margin-right: auto;margin-top:20px;margin-bottom:0px;\"><\/div><div class=\"fusion-text\"><h3 style=\"text-align: center;\"><strong>REQUISITOS Y ACCESO A LA PRUEBA<br \/>\n<\/strong><\/h3>\n<\/div><div class=\"fusion-sep-clear\"><\/div><div class=\"fusion-separator fusion-full-width-sep sep-single sep-solid\" style=\"border-color:#ef7c00;border-top-width:1px;margin-left: auto;margin-right: auto;margin-top:0px;margin-bottom:20px;\"><\/div><div class=\"fusion-text\"><p style=\"text-align: justify;\">Este Curso va dirigido a personas que quieran prepararse para superar la Prueba de acceso de car\u00e1cter general de grado superior de ense\u00f1anzas deportivas.<\/p>\n<p style=\"text-align: justify;\">Para realizar las pruebas de acceso a los ciclos formativos de grado superior de ense\u00f1anzas deportivas hay que encontrarse en una de las situaciones siguientes:<\/p>\n<\/div><ul class=\"fusion-checklist fusion-checklist-1\" style=\"font-size:13px;line-height:22.1px;\"><li class=\"fusion-li-item\"><span style=\"height:22.1px;width:22.1px;margin-right:9.1px;\" class=\"icon-wrapper circle-no\"><i class=\"fusion-li-icon fa-asterisk fas\" style=\"color:#ea5a0b;\"><\/i><\/span><div class=\"fusion-li-item-content\" style=\"margin-left:31.2px;\">\n<p style=\"text-align: justify;\">Tener cumplidos <strong>19 a\u00f1os<\/strong> (o cumplirlos durante el a\u00f1o de realizaci\u00f3n de la prueba) y disponer del <strong>t\u00edtulo de t\u00e9cnico deportivo en la modalidad o especialidad deportiva correspondiente.<\/strong><\/p>\n<\/div><\/li><li class=\"fusion-li-item\"><span style=\"height:22.1px;width:22.1px;margin-right:9.1px;\" class=\"icon-wrapper circle-no\"><i class=\"fusion-li-icon fa-asterisk fas\" style=\"color:#ea5a0b;\"><\/i><\/span><div class=\"fusion-li-item-content\" style=\"margin-left:31.2px;\">\n<p style=\"text-align: justify;\">Tener <strong>19 a\u00f1os<\/strong> o bien cumplirlos durante el a\u00f1o de la realizaci\u00f3n de la prueba y disponer del <strong>certificado oficial de superaci\u00f3n de la formaci\u00f3n deportiva de nivel 2 de periodo transitorio<\/strong> en la modalidad o especialidad correspondiente.<\/p>\n<\/div><\/li><\/ul><div class=\"fusion-clearfix\"><\/div><\/div><\/div><div  class=\"fusion-layout-column fusion_builder_column fusion_builder_column_1_3 fusion-builder-column-3 fusion-one-third 1_3\"  style='margin-top:0px;margin-bottom:20px;width:30.6666%; margin-right: 4%;'><div class=\"fusion-column-wrapper\" style=\"padding: 0px 0px 0px 0px;background-position:left top;background-repeat:no-repeat;-webkit-background-size:cover;-moz-background-size:cover;-o-background-size:cover;background-size:cover;\"   data-bg-url=\"\"><div class=\"fusion-sep-clear\"><\/div><div class=\"fusion-separator fusion-full-width-sep sep-single sep-solid\" style=\"border-color:#ef7c00;border-top-width:1px;margin-left: auto;margin-right: auto;margin-top:20px;margin-bottom:0px;\"><\/div><div class=\"fusion-text\"><h3 style=\"text-align: center;\"><strong>HORARIO Y FECHAS<br \/>\n<\/strong><\/h3>\n<\/div><div class=\"fusion-sep-clear\"><\/div><div class=\"fusion-separator fusion-full-width-sep sep-single sep-solid\" style=\"border-color:#ef7c00;border-top-width:1px;margin-left: auto;margin-right: auto;margin-top:0px;margin-bottom:20px;\"><\/div><div class=\"fusion-text\"><p style=\"text-align: justify;\">Inicio y fin: de <strong>septiembre a mayo<\/strong> (finalizaci\u00f3n aproximada).<\/p>\n<p style=\"text-align: justify;\">Horario de ma\u00f1anas: de lunes a viernes de<strong> 9.00 h a 13.30 h<\/strong> (comunes y espec\u00edficas).<\/p>\n<\/div><div class=\"fusion-sep-clear\"><\/div><div class=\"fusion-separator fusion-full-width-sep sep-none\" style=\"margin-left: auto;margin-right: auto;margin-top:20px;\"><\/div><div class=\"fusion-sep-clear\"><\/div><div class=\"fusion-separator fusion-full-width-sep sep-single sep-solid\" style=\"border-color:#ef7c00;border-top-width:1px;margin-left: auto;margin-right: auto;margin-top:20px;margin-bottom:0px;\"><\/div><div class=\"fusion-text\"><h3 style=\"text-align: center;\"><strong>SALIDAS ACAD\u00c9MICAS<\/strong><\/h3>\n<\/div><div class=\"fusion-sep-clear\"><\/div><div class=\"fusion-separator fusion-full-width-sep sep-single sep-solid\" style=\"border-color:#ef7c00;border-top-width:1px;margin-left: auto;margin-right: auto;margin-top:0px;margin-bottom:20px;\"><\/div><div class=\"fusion-text\"><p style=\"text-align: justify;\">Ciclos formativos de grado superior de actividades f\u00edsicas y deportivas.<\/p>\n<p style=\"text-align: justify;\">Ciclos de grado superior de formaci\u00f3n profesional, siempre que se supere la parte espec\u00edfica.<\/p>\n<\/div><div class=\"fusion-clearfix\"><\/div><\/div><\/div><div  class=\"fusion-layout-column fusion_builder_column fusion_builder_column_1_3 fusion-builder-column-4 fusion-one-third fusion-column-last 1_3\"  style='margin-top:0px;margin-bottom:20px;width:30.6666%'><div class=\"fusion-column-wrapper\" style=\"padding: 0px 0px 0px 0px;background-position:left top;background-repeat:no-repeat;-webkit-background-size:cover;-moz-background-size:cover;-o-background-size:cover;background-size:cover;\"   data-bg-url=\"\"><div class=\"fusion-sep-clear\"><\/div><div class=\"fusion-separator fusion-full-width-sep sep-single sep-solid\" style=\"border-color:#ef7c00;border-top-width:1px;margin-left: auto;margin-right: auto;margin-top:20px;margin-bottom:0px;\"><\/div><div class=\"fusion-text\"><h3 style=\"text-align: center;\"><strong><span lang=\"ca-ES\">CARACTER\u00cdSTICAS DEL CURSO EN EDUCEM<br \/>\n<\/span><\/strong><\/h3>\n<\/div><div class=\"fusion-sep-clear\"><\/div><div class=\"fusion-separator fusion-full-width-sep sep-single sep-solid\" style=\"border-color:#ef7c00;border-top-width:1px;margin-left: auto;margin-right: auto;margin-top:0px;margin-bottom:20px;\"><\/div><div class=\"fusion-text\"><p style=\"text-align: justify;\">El alumno podr\u00e1 optar a<strong> 0,75 o 1,5 puntos extras<\/strong> sobre la nota que obtenga en la Prueba de acceso de car\u00e1cter general a los ciclos de grado superior de ense\u00f1anzas deportivas, si la asistencia al Curso es del 80%, y se superan todas las asignaturas.<\/p>\n<p><strong>Tutor\u00eda <\/strong>individual, grupal y seguimiento individualizado.<\/p>\n<p><strong>Orientaci\u00f3n<\/strong> sobre los ciclos de grado superior:<\/p>\n<\/div><ul class=\"fusion-checklist fusion-checklist-2\" style=\"font-size:13px;line-height:22.1px;\"><li class=\"fusion-li-item\"><span style=\"height:22.1px;width:22.1px;margin-right:9.1px;\" class=\"icon-wrapper circle-no\"><i class=\"fusion-li-icon fa fa-check\" style=\"color:#f2f2f2;\"><\/i><\/span><div class=\"fusion-li-item-content\" style=\"margin-left:31.2px;\">\n<p style=\"padding-left: 40px;\">&gt; Administraci\u00f3n y Finanzas. Especializaci\u00f3n en Comercio Internacional (AIF)<\/p>\n<\/div><\/li><li class=\"fusion-li-item\"><span style=\"height:22.1px;width:22.1px;margin-right:9.1px;\" class=\"icon-wrapper circle-no\"><i class=\"fusion-li-icon fa fa-check\" style=\"color:#f2f2f2;\"><\/i><\/span><div class=\"fusion-li-item-content\" style=\"margin-left:31.2px;\">\n<p style=\"padding-left: 40px;\">&gt; Administraci\u00f3n de Sistemas Inform\u00e1ticos y Redes (ASIR)<\/p>\n<\/div><\/li><li class=\"fusion-li-item\"><span style=\"height:22.1px;width:22.1px;margin-right:9.1px;\" class=\"icon-wrapper circle-no\"><i class=\"fusion-li-icon fa fa-check\" style=\"color:#f2f2f2;\"><\/i><\/span><div class=\"fusion-li-item-content\" style=\"margin-left:31.2px;\">\n<p style=\"padding-left: 40px;\">&gt; Desarrollo de Aplicaciones Multiplataforma (DAM)<\/p>\n<\/div><\/li><li class=\"fusion-li-item\"><span style=\"height:22.1px;width:22.1px;margin-right:9.1px;\" class=\"icon-wrapper circle-no\"><i class=\"fusion-li-icon fa fa-check\" style=\"color:#f2f2f2;\"><\/i><\/span><div class=\"fusion-li-item-content\" style=\"margin-left:31.2px;\">\n<p style=\"padding-left: 40px;\">&gt; Educaci\u00f3n Infantil (TEI)<\/p>\n<\/div><\/li><\/ul><div class=\"fusion-clearfix\"><\/div><\/div><\/div><\/div><\/div><div class=\"fusion-fullwidth fullwidth-box fusion-builder-row-3 nonhundred-percent-fullwidth non-hundred-percent-height-scrolling\"  style='background-color: rgba(255,255,255,0);background-position: left top;background-repeat: no-repeat;padding-top:20px;padding-right:0px;padding-bottom:0px;padding-left:0px;border-top-width:0px;border-bottom-width:0px;border-color:#eae9e9;border-top-style:solid;border-bottom-style:solid;'><div class=\"fusion-builder-row fusion-row \"><div  class=\"fusion-layout-column fusion_builder_column fusion_builder_column_1_1 fusion-builder-column-5 fusion-one-full fusion-column-first fusion-column-last fusion-column-no-min-height 1_1\"  style='margin-top:0px;margin-bottom:0px;'><div class=\"fusion-column-wrapper\" style=\"padding: 0px 0px 0px 0px;background-position:left top;background-repeat:no-repeat;-webkit-background-size:cover;-moz-background-size:cover;-o-background-size:cover;background-size:cover;\"   data-bg-url=\"\"><div class=\"fusion-sep-clear\"><\/div><div class=\"fusion-separator fusion-full-width-sep sep-single sep-solid\" style=\"border-color:#ef7c00;border-top-width:1px;margin-left: auto;margin-right: auto;margin-top:0px;margin-bottom:20px;\"><\/div><div class=\"fusion-text\"><h2 style=\"text-align: center;\"><strong><span lang=\"ca-ES\">DESCRIPCI\u00d3N DE LA PRUEBA<br \/>\n<\/span><\/strong><\/h2>\n<\/div><div class=\"fusion-sep-clear\"><\/div><div class=\"fusion-separator fusion-full-width-sep sep-single sep-solid\" style=\"border-color:#ef7c00;border-top-width:1px;margin-left: auto;margin-right: auto;margin-top:0px;margin-bottom:20px;\"><\/div><div class=\"fusion-clearfix\"><\/div><\/div><\/div><div  class=\"fusion-layout-column fusion_builder_column fusion_builder_column_1_2 fusion-builder-column-6 fusion-one-half fusion-column-first 1_2\"  style='margin-top:0px;margin-bottom:20px;width:50%;width:calc(50% - ( ( 4% ) * 0.5 ) );margin-right: 4%;'><div class=\"fusion-column-wrapper\" style=\"padding: 0px 0px 0px 0px;background-position:left top;background-repeat:no-repeat;-webkit-background-size:cover;-moz-background-size:cover;-o-background-size:cover;background-size:cover;\"   data-bg-url=\"\"><div class=\"fusion-text\"><p>La prueba comprende las <strong>materias<\/strong> siguientes:<\/p>\n<\/div><ul class=\"fusion-checklist fusion-checklist-3\" style=\"font-size:13px;line-height:22.1px;\"><li class=\"fusion-li-item\"><span style=\"height:22.1px;width:22.1px;margin-right:9.1px;\" class=\"icon-wrapper circle-no\"><i class=\"fusion-li-icon fa-asterisk fas\" style=\"color:#ea5a0b;\"><\/i><\/span><div class=\"fusion-li-item-content\" style=\"margin-left:31.2px;\">\n<p>Lengua catalana<\/p>\n<\/div><\/li><li class=\"fusion-li-item\"><span style=\"height:22.1px;width:22.1px;margin-right:9.1px;\" class=\"icon-wrapper circle-no\"><i class=\"fusion-li-icon fa-asterisk fas\" style=\"color:#ea5a0b;\"><\/i><\/span><div class=\"fusion-li-item-content\" style=\"margin-left:31.2px;\">\n<p>Lengua castellana<\/p>\n<\/div><\/li><li class=\"fusion-li-item\"><span style=\"height:22.1px;width:22.1px;margin-right:9.1px;\" class=\"icon-wrapper circle-no\"><i class=\"fusion-li-icon fa-asterisk fas\" style=\"color:#ea5a0b;\"><\/i><\/span><div class=\"fusion-li-item-content\" style=\"margin-left:31.2px;\">Lengua inglesa<\/div><\/li><li class=\"fusion-li-item\"><span style=\"height:22.1px;width:22.1px;margin-right:9.1px;\" class=\"icon-wrapper circle-no\"><i class=\"fusion-li-icon fa-asterisk fas\" style=\"color:#ea5a0b;\"><\/i><\/span><div class=\"fusion-li-item-content\" style=\"margin-left:31.2px;\">\n<p>Escoger 1 asignatura: <strong>Matem\u00e1ticas *<\/strong> o <strong>Historia **<\/strong><\/p>\n<\/div><\/li><\/ul><div class=\"fusion-sep-clear\"><\/div><div class=\"fusion-separator fusion-full-width-sep sep-none\" style=\"margin-left: auto;margin-right: auto;margin-top:20px;\"><\/div><div class=\"fusion-text\"><p style=\"text-align: justify;\"><strong>* Matem\u00e1ticas<\/strong> permite acceder a ciclos formativos de grado superior de formaci\u00f3n profesional y tambi\u00e9n a los ciclos formativos de grado superior de ense\u00f1anzas deportivas.<\/p>\n<\/div><div class=\"fusion-clearfix\"><\/div><\/div><\/div><div  class=\"fusion-layout-column fusion_builder_column fusion_builder_column_1_2 fusion-builder-column-7 fusion-one-half fusion-column-last 1_2\"  style='margin-top:0px;margin-bottom:20px;width:50%;width:calc(50% - ( ( 4% ) * 0.5 ) );'><div class=\"fusion-column-wrapper\" style=\"padding: 0px 0px 0px 0px;background-position:left top;background-repeat:no-repeat;-webkit-background-size:cover;-moz-background-size:cover;-o-background-size:cover;background-size:cover;\"   data-bg-url=\"\"><div class=\"fusion-text\"><p style=\"text-align: justify;\"><strong>** Historia <\/strong>permite acceder a ciclos formativos de grado superior de ense\u00f1anzas deportivas.<\/p>\n<p style=\"text-align: justify;\">Se requiere un grupo <strong>m\u00ednimo de 5 personas<\/strong> para que salga grupo de la asignatura de <strong>Historia.<\/strong><\/p>\n<p style=\"text-align: justify;\">La <strong>calificaci\u00f3n final<\/strong> de la prueba ser\u00e1 la media aritm\u00e9tica de la nota de la prueba de acceso y la nota final de las ense\u00f1anzas de t\u00e9cnico deportivo, siempre que las dos sean superiores o igual a 4.<\/p>\n<\/div><div class=\"fusion-clearfix\"><\/div><\/div><\/div><\/div><\/div><div class=\"fusion-fullwidth fullwidth-box fusion-builder-row-4 nonhundred-percent-fullwidth non-hundred-percent-height-scrolling\"  style='background-color: #f4f4f4;background-position: left top;background-repeat: no-repeat;padding-top:20px;padding-right:0px;padding-bottom:20px;padding-left:0px;border-top-width:0px;border-bottom-width:0px;border-color:#eae9e9;border-top-style:solid;border-bottom-style:solid;'><div class=\"fusion-builder-row fusion-row \"><div  class=\"fusion-layout-column fusion_builder_column fusion_builder_column_1_1 fusion-builder-column-8 fusion-one-full fusion-column-first fusion-column-last fusion-column-no-min-height 1_1\"  style='margin-top:0px;margin-bottom:0px;'><div class=\"fusion-column-wrapper\" style=\"padding: 0px 0px 0px 0px;background-position:left top;background-repeat:no-repeat;-webkit-background-size:cover;-moz-background-size:cover;-o-background-size:cover;background-size:cover;\"   data-bg-url=\"\"><div class=\"fusion-sep-clear\"><\/div><div class=\"fusion-separator fusion-full-width-sep sep-single sep-solid\" style=\"border-color:#ef7c00;border-top-width:1px;margin-left: auto;margin-right: auto;margin-top:0px;margin-bottom:20px;\"><\/div><div class=\"fusion-text\"><h2 style=\"text-align: center;\"><strong><span lang=\"ca-ES\">ESTAD\u00cdSTICAS DE APROBADOS<br \/>\n<\/span><\/strong><\/h2>\n<\/div><div class=\"fusion-sep-clear\"><\/div><div class=\"fusion-separator fusion-full-width-sep sep-single sep-solid\" style=\"border-color:#ef7c00;border-top-width:1px;margin-left: auto;margin-right: auto;margin-top:0px;margin-bottom:20px;\"><\/div><div class=\"fusion-clearfix\"><\/div><\/div><\/div><div  class=\"fusion-layout-column fusion_builder_column fusion_builder_column_1_1 fusion-builder-column-9 fusion-one-full fusion-column-first fusion-column-last 1_1\"  style='margin-top:0px;margin-bottom:20px;'><div class=\"fusion-column-wrapper\" style=\"padding: 0px 0px 0px 0px;background-position:left top;background-repeat:no-repeat;-webkit-background-size:cover;-moz-background-size:cover;-o-background-size:cover;background-size:cover;\"   data-bg-url=\"\"><div class=\"fusion-text\"><p>Excelente rendimiento acad\u00e9mico de nuestro alumnado a las Pruebas de Acceso a Grado Superior.<\/p>\n<\/div><div class=\"fusion-text\"><p><a href=\"https:\/\/educemold.arrova.net\/wp-content\/uploads\/2023\/05\/2022_ESTADISTIQUES_ADULTS.png\"><img loading=\"lazy\" class=\" wp-image-20439 aligncenter\" src=\"https:\/\/educemold.arrova.net\/wp-content\/uploads\/2023\/05\/2022_ESTADISTIQUES_ADULTS.png\" alt=\"\" width=\"1047\" height=\"474\" \/><\/a><\/p>\n<\/div><div class=\"fusion-clearfix\"><\/div><\/div><\/div><\/div><\/div><\/p>\n","protected":false},"excerpt":{"rendered":"","protected":false},"author":5,"featured_media":0,"parent":0,"menu_order":0,"comment_status":"closed","ping_status":"closed","template":"100-width.php","meta":[],"aioseo_notices":[],"_links":{"self":[{"href":"https:\/\/educemold.arrova.net\/es\/wp-json\/wp\/v2\/pages\/20820"}],"collection":[{"href":"https:\/\/educemold.arrova.net\/es\/wp-json\/wp\/v2\/pages"}],"about":[{"href":"https:\/\/educemold.arrova.net\/es\/wp-json\/wp\/v2\/types\/page"}],"author":[{"embeddable":true,"href":"https:\/\/educemold.arrova.net\/es\/wp-json\/wp\/v2\/users\/5"}],"replies":[{"embeddable":true,"href":"https:\/\/educemold.arrova.net\/es\/wp-json\/wp\/v2\/comments?post=20820"}],"version-history":[{"count":17,"href":"https:\/\/educemold.arrova.net\/es\/wp-json\/wp\/v2\/pages\/20820\/revisions"}],"predecessor-version":[{"id":23413,"href":"https:\/\/educemold.arrova.net\/es\/wp-json\/wp\/v2\/pages\/20820\/revisions\/23413"}],"wp:attachment":[{"href":"https:\/\/educemold.arrova.net\/es\/wp-json\/wp\/v2\/media?parent=20820"}],"curies":[{"name":"wp","href":"https:\/\/api.w.org\/{rel}","templated":true}]}}